{"id":227892,"date":"2026-01-09T13:53:43","date_gmt":"2026-01-09T12:53:43","guid":{"rendered":"https:\/\/zauner.at\/produkt\/winter-variete-zauner-toertchen-einzeln-in-schachtel\/"},"modified":"2026-04-02T13:11:23","modified_gmt":"2026-04-02T11:11:23","slug":"winter-variete-zauner-toertchen-einzeln-in-schachtel","status":"publish","type":"product","link":"https:\/\/zauner.at\/en\/produkt\/winter-variete-zauner-toertchen-einzeln-in-schachtel\/","title":{"rendered":"Winter Variet\u00e9 Zauner T\u00f6rtchen, einzeln in Schachtel"},"content":{"rendered":"<p>Das exklusive T\u00f6rtchen anl\u00e4sslich des Winter Variet\u00e9s 2026:<\/p>\n<p>Vom <strong>05. bis 08. Februar 2026<\/strong> l\u00e4dt das Winter Variet\u00e9 wieder ein, in eine Welt voller Staunen und Inspiration einzutauchen.<\/p>\n<p>Die <strong>neue Show \u201eMagische Momente\u201c<\/strong> ist eine Komposition von atemberaubender Artistik, internationaler Magie, verbl\u00fcffenden Mental-Shows, akrobatischen Highlights, charmanter Comedy und mitrei\u00dfenden Showacts. Wir werden mit dieser neuen und einzigartigen Show<\/p>\n<p>Tickets sind unter www.wintervariete.at erh\u00e4ltlich.<\/p>\n<p>Harmonious nougat grillage mass with wafers, hazelnuts and chocolate.<\/p>\n<p>Bis 3 Monate haltbar.<\/p>\n<p>Allergens: Gluten (A), Soy (F), Milk (G), Nuts (H)<\/p>","protected":false},"excerpt":{"rendered":"<p>Nougat-Grillagemasse, im exklusiven Winter Variet\u00e9 Design, ca. 50g <\/p>","protected":false},"featured_media":227894,"comment_status":"open","ping_status":"closed","template":"","meta":{"_acf_changed":false},"product_brand":[],"product_cat":[103,100,102],"product_tag":[],"class_list":{"0":"post-227892","1":"product","2":"type-product","3":"status-publish","4":"has-post-thumbnail","6":"product_cat-stueckdesserts","7":"product_cat-pralinen-confiserie","8":"product_cat-pralinen-konfekt","10":"first","11":"instock","12":"taxable","13":"shipping-taxable","14":"purchasable","15":"product-type-simple"},"acf":[],"yoast_head":"<!-- This site is optimized with the Yoast SEO plugin v27.3 - https:\/\/yoast.com\/product\/yoast-seo-wordpress\/ -->\n<title>Winter Variet\u00e9 Zauner T\u00f6rtchen, einzeln in Schachtel - Zauner<\/title>\n<meta name=\"robots\" content=\"index, follow, max-snippet:-1, max-image-preview:large, max-video-preview:-1\" \/>\n<link rel=\"canonical\" href=\"https:\/\/zauner.at\/en\/product-5\/winter-variete-zauner-toertchen-einzeln-in-schachtel\/\" \/>\n<meta property=\"og:locale\" content=\"en_GB\" \/>\n<meta property=\"og:type\" content=\"article\" \/>\n<meta property=\"og:title\" content=\"Winter Variet\u00e9 Zauner T\u00f6rtchen, einzeln in Schachtel - Zauner\" \/>\n<meta property=\"og:url\" content=\"https:\/\/zauner.at\/en\/product-5\/winter-variete-zauner-toertchen-einzeln-in-schachtel\/\" \/>\n<meta property=\"og:site_name\" content=\"Zauner\" \/>\n<meta property=\"article:publisher\" content=\"https:\/\/www.facebook.com\/p\/Konditorei-Kaffee-Zauner-Bad-Ischl-100057212599739\/\" \/>\n<meta property=\"article:modified_time\" content=\"2026-04-02T11:11:23+00:00\" \/>\n<meta property=\"og:image\" content=\"https:\/\/zauner.at\/wp-content\/uploads\/2026\/01\/Zaunertoertchen-Wintervariete-1er.jpeg\" \/>\n\t<meta property=\"og:image:width\" content=\"2048\" \/>\n\t<meta property=\"og:image:height\" content=\"2048\" \/>\n\t<meta property=\"og:image:type\" content=\"image\/jpeg\" \/>\n<meta name=\"twitter:card\" content=\"summary_large_image\" \/>\n<script type=\"application\/ld+json\" class=\"yoast-schema-graph\">{\"@context\":\"https:\\\/\\\/schema.org\",\"@graph\":[{\"@type\":\"WebPage\",\"@id\":\"https:\\\/\\\/zauner.at\\\/produkt\\\/winter-variete-zauner-toertchen-einzeln-in-schachtel\\\/\",\"url\":\"https:\\\/\\\/zauner.at\\\/produkt\\\/winter-variete-zauner-toertchen-einzeln-in-schachtel\\\/\",\"name\":\"Winter Variet\u00e9 Zauner T\u00f6rtchen, einzeln in Schachtel - Zauner\",\"isPartOf\":{\"@id\":\"https:\\\/\\\/zauner.at\\\/#website\"},\"primaryImageOfPage\":{\"@id\":\"https:\\\/\\\/zauner.at\\\/produkt\\\/winter-variete-zauner-toertchen-einzeln-in-schachtel\\\/#primaryimage\"},\"image\":{\"@id\":\"https:\\\/\\\/zauner.at\\\/produkt\\\/winter-variete-zauner-toertchen-einzeln-in-schachtel\\\/#primaryimage\"},\"thumbnailUrl\":\"https:\\\/\\\/zauner.at\\\/wp-content\\\/uploads\\\/2026\\\/01\\\/Zaunertoertchen-Wintervariete-1er.jpeg\",\"datePublished\":\"2026-01-09T12:53:43+00:00\",\"dateModified\":\"2026-04-02T11:11:23+00:00\",\"breadcrumb\":{\"@id\":\"https:\\\/\\\/zauner.at\\\/produkt\\\/winter-variete-zauner-toertchen-einzeln-in-schachtel\\\/#breadcrumb\"},\"inLanguage\":\"en-GB\",\"potentialAction\":[{\"@type\":\"ReadAction\",\"target\":[\"https:\\\/\\\/zauner.at\\\/produkt\\\/winter-variete-zauner-toertchen-einzeln-in-schachtel\\\/\"]}]},{\"@type\":\"ImageObject\",\"inLanguage\":\"en-GB\",\"@id\":\"https:\\\/\\\/zauner.at\\\/produkt\\\/winter-variete-zauner-toertchen-einzeln-in-schachtel\\\/#primaryimage\",\"url\":\"https:\\\/\\\/zauner.at\\\/wp-content\\\/uploads\\\/2026\\\/01\\\/Zaunertoertchen-Wintervariete-1er.jpeg\",\"contentUrl\":\"https:\\\/\\\/zauner.at\\\/wp-content\\\/uploads\\\/2026\\\/01\\\/Zaunertoertchen-Wintervariete-1er.jpeg\",\"width\":2048,\"height\":2048},{\"@type\":\"BreadcrumbList\",\"@id\":\"https:\\\/\\\/zauner.at\\\/produkt\\\/winter-variete-zauner-toertchen-einzeln-in-schachtel\\\/#breadcrumb\",\"itemListElement\":[{\"@type\":\"ListItem\",\"position\":1,\"name\":\"Startseite\",\"item\":\"https:\\\/\\\/zauner.at\\\/\"},{\"@type\":\"ListItem\",\"position\":2,\"name\":\"Unser Onlineshop\",\"item\":\"https:\\\/\\\/zauner.at\\\/shop\\\/\"},{\"@type\":\"ListItem\",\"position\":3,\"name\":\"Winter Variet\u00e9 Zauner T\u00f6rtchen, einzeln in Schachtel\"}]},{\"@type\":\"WebSite\",\"@id\":\"https:\\\/\\\/zauner.at\\\/#website\",\"url\":\"https:\\\/\\\/zauner.at\\\/\",\"name\":\"Konditorei Zauner\",\"description\":\"Konditorei\",\"publisher\":{\"@id\":\"https:\\\/\\\/zauner.at\\\/#organization\"},\"potentialAction\":[{\"@type\":\"SearchAction\",\"target\":{\"@type\":\"EntryPoint\",\"urlTemplate\":\"https:\\\/\\\/zauner.at\\\/?s={search_term_string}\"},\"query-input\":{\"@type\":\"PropertyValueSpecification\",\"valueRequired\":true,\"valueName\":\"search_term_string\"}}],\"inLanguage\":\"en-GB\"},{\"@type\":\"Organization\",\"@id\":\"https:\\\/\\\/zauner.at\\\/#organization\",\"name\":\"Konditorei Zauner\",\"url\":\"https:\\\/\\\/zauner.at\\\/\",\"logo\":{\"@type\":\"ImageObject\",\"inLanguage\":\"en-GB\",\"@id\":\"https:\\\/\\\/zauner.at\\\/#\\\/schema\\\/logo\\\/image\\\/\",\"url\":\"https:\\\/\\\/zauner.at\\\/wp-content\\\/uploads\\\/2025\\\/02\\\/zauner-logo.png\",\"contentUrl\":\"https:\\\/\\\/zauner.at\\\/wp-content\\\/uploads\\\/2025\\\/02\\\/zauner-logo.png\",\"width\":160,\"height\":142,\"caption\":\"Konditorei Zauner\"},\"image\":{\"@id\":\"https:\\\/\\\/zauner.at\\\/#\\\/schema\\\/logo\\\/image\\\/\"},\"sameAs\":[\"https:\\\/\\\/www.facebook.com\\\/p\\\/Konditorei-Kaffee-Zauner-Bad-Ischl-100057212599739\\\/\",\"https:\\\/\\\/www.instagram.com\\\/zaunerkaffeekonditorei\\\/\",\"https:\\\/\\\/at.linkedin.com\\\/company\\\/konditorei-kaffee-zauner?trk=public_profile_experience-group-header\"]}]}<\/script>\n<!-- \/ Yoast SEO plugin. -->","yoast_head_json":{"title":"Winter Variet\u00e9 Zauner T\u00f6rtchen, einzeln in Schachtel - Zauner","robots":{"index":"index","follow":"follow","max-snippet":"max-snippet:-1","max-image-preview":"max-image-preview:large","max-video-preview":"max-video-preview:-1"},"canonical":"https:\/\/zauner.at\/en\/product-5\/winter-variete-zauner-toertchen-einzeln-in-schachtel\/","og_locale":"en_GB","og_type":"article","og_title":"Winter Variet\u00e9 Zauner T\u00f6rtchen, einzeln in Schachtel - Zauner","og_url":"https:\/\/zauner.at\/en\/product-5\/winter-variete-zauner-toertchen-einzeln-in-schachtel\/","og_site_name":"Zauner","article_publisher":"https:\/\/www.facebook.com\/p\/Konditorei-Kaffee-Zauner-Bad-Ischl-100057212599739\/","article_modified_time":"2026-04-02T11:11:23+00:00","og_image":[{"width":2048,"height":2048,"url":"https:\/\/zauner.at\/wp-content\/uploads\/2026\/01\/Zaunertoertchen-Wintervariete-1er.jpeg","type":"image\/jpeg"}],"twitter_card":"summary_large_image","schema":{"@context":"https:\/\/schema.org","@graph":[{"@type":"WebPage","@id":"https:\/\/zauner.at\/produkt\/winter-variete-zauner-toertchen-einzeln-in-schachtel\/","url":"https:\/\/zauner.at\/produkt\/winter-variete-zauner-toertchen-einzeln-in-schachtel\/","name":"Winter Variet\u00e9 Zauner T\u00f6rtchen, einzeln in Schachtel - Zauner","isPartOf":{"@id":"https:\/\/zauner.at\/#website"},"primaryImageOfPage":{"@id":"https:\/\/zauner.at\/produkt\/winter-variete-zauner-toertchen-einzeln-in-schachtel\/#primaryimage"},"image":{"@id":"https:\/\/zauner.at\/produkt\/winter-variete-zauner-toertchen-einzeln-in-schachtel\/#primaryimage"},"thumbnailUrl":"https:\/\/zauner.at\/wp-content\/uploads\/2026\/01\/Zaunertoertchen-Wintervariete-1er.jpeg","datePublished":"2026-01-09T12:53:43+00:00","dateModified":"2026-04-02T11:11:23+00:00","breadcrumb":{"@id":"https:\/\/zauner.at\/produkt\/winter-variete-zauner-toertchen-einzeln-in-schachtel\/#breadcrumb"},"inLanguage":"en-GB","potentialAction":[{"@type":"ReadAction","target":["https:\/\/zauner.at\/produkt\/winter-variete-zauner-toertchen-einzeln-in-schachtel\/"]}]},{"@type":"ImageObject","inLanguage":"en-GB","@id":"https:\/\/zauner.at\/produkt\/winter-variete-zauner-toertchen-einzeln-in-schachtel\/#primaryimage","url":"https:\/\/zauner.at\/wp-content\/uploads\/2026\/01\/Zaunertoertchen-Wintervariete-1er.jpeg","contentUrl":"https:\/\/zauner.at\/wp-content\/uploads\/2026\/01\/Zaunertoertchen-Wintervariete-1er.jpeg","width":2048,"height":2048},{"@type":"BreadcrumbList","@id":"https:\/\/zauner.at\/produkt\/winter-variete-zauner-toertchen-einzeln-in-schachtel\/#breadcrumb","itemListElement":[{"@type":"ListItem","position":1,"name":"Startseite","item":"https:\/\/zauner.at\/"},{"@type":"ListItem","position":2,"name":"Unser Onlineshop","item":"https:\/\/zauner.at\/shop\/"},{"@type":"ListItem","position":3,"name":"Winter Variet\u00e9 Zauner T\u00f6rtchen, einzeln in Schachtel"}]},{"@type":"WebSite","@id":"https:\/\/zauner.at\/#website","url":"https:\/\/zauner.at\/","name":"Konditorei Zauner","description":"pastry shop","publisher":{"@id":"https:\/\/zauner.at\/#organization"},"potentialAction":[{"@type":"SearchAction","target":{"@type":"EntryPoint","urlTemplate":"https:\/\/zauner.at\/?s={search_term_string}"},"query-input":{"@type":"PropertyValueSpecification","valueRequired":true,"valueName":"search_term_string"}}],"inLanguage":"en-GB"},{"@type":"Organization","@id":"https:\/\/zauner.at\/#organization","name":"Konditorei Zauner","url":"https:\/\/zauner.at\/","logo":{"@type":"ImageObject","inLanguage":"en-GB","@id":"https:\/\/zauner.at\/#\/schema\/logo\/image\/","url":"https:\/\/zauner.at\/wp-content\/uploads\/2025\/02\/zauner-logo.png","contentUrl":"https:\/\/zauner.at\/wp-content\/uploads\/2025\/02\/zauner-logo.png","width":160,"height":142,"caption":"Konditorei Zauner"},"image":{"@id":"https:\/\/zauner.at\/#\/schema\/logo\/image\/"},"sameAs":["https:\/\/www.facebook.com\/p\/Konditorei-Kaffee-Zauner-Bad-Ischl-100057212599739\/","https:\/\/www.instagram.com\/zaunerkaffeekonditorei\/","https:\/\/at.linkedin.com\/company\/konditorei-kaffee-zauner?trk=public_profile_experience-group-header"]}]}},"_links":{"self":[{"href":"https:\/\/zauner.at\/en\/wp-json\/wp\/v2\/product\/227892","targetHints":{"allow":["GET"]}}],"collection":[{"href":"https:\/\/zauner.at\/en\/wp-json\/wp\/v2\/product"}],"about":[{"href":"https:\/\/zauner.at\/en\/wp-json\/wp\/v2\/types\/product"}],"replies":[{"embeddable":true,"href":"https:\/\/zauner.at\/en\/wp-json\/wp\/v2\/comments?post=227892"}],"wp:featuredmedia":[{"embeddable":true,"href":"https:\/\/zauner.at\/en\/wp-json\/wp\/v2\/media\/227894"}],"wp:attachment":[{"href":"https:\/\/zauner.at\/en\/wp-json\/wp\/v2\/media?parent=227892"}],"wp:term":[{"taxonomy":"product_brand","embeddable":true,"href":"https:\/\/zauner.at\/en\/wp-json\/wp\/v2\/product_brand?post=227892"},{"taxonomy":"product_cat","embeddable":true,"href":"https:\/\/zauner.at\/en\/wp-json\/wp\/v2\/product_cat?post=227892"},{"taxonomy":"product_tag","embeddable":true,"href":"https:\/\/zauner.at\/en\/wp-json\/wp\/v2\/product_tag?post=227892"}],"curies":[{"name":"wp","href":"https:\/\/api.w.org\/{rel}","templated":true}]}}