{"id":227752,"date":"2025-12-30T12:42:27","date_gmt":"2025-12-30T11:42:27","guid":{"rendered":"https:\/\/zauner.at\/produkt\/konditorei-zauner-der-zuckerbaecker-der-kaiserin\/"},"modified":"2026-04-20T08:16:25","modified_gmt":"2026-04-20T06:16:25","slug":"konditorei-zauner-der-zuckerbaecker-der-kaiserin","status":"publish","type":"product","link":"https:\/\/zauner.at\/en\/produkt\/konditorei-zauner-der-zuckerbaecker-der-kaiserin\/","title":{"rendered":"Konditorei Zauner, Der Zuckerb\u00e4cker der Kaiserin"},"content":{"rendered":"<p>Salzkammergut, 1837: W\u00e4hrend der Kaiser nach Ischl reist, um die Sommerfrische zu genie\u00dfen, will sich B\u00e4ckerstochter Lisa in der Kurstadt ihren Traum erf\u00fcllen: In der Hofkonditorei Zauner m\u00f6chte sie die edle Kunst der Zuckerb\u00e4cker erlernen, doch Frauen bleibt der Beruf verwehrt. Stattdessen bietet ihr Johann Zauner an, als &#8220;Zaunerin&#8221; im Verkauf zu arbeiten. Nur heimlich ist Lisa an der Herstellung k\u00f6stlicher Kreationen beteiligt, die sogar die junge Kaiserin Elisabeth begeistern. Unterst\u00fctzung bekommt sie von dem jungen Konditor August, f\u00fcr den sie bald zarte Gef\u00fchle hegt. Doch als dieser pl\u00f6tzlich Ischl verlassen muss und ein tragisches Ereignis die Zukunft der Konditorei in Gefahr bringt, droht Lisa alles zu verlieren, f\u00fcr das sie so lange gek\u00e4mpft hat.<\/p>","protected":false},"excerpt":{"rendered":"<p>Roman \u2013 Konditorei-Zauner-Saga 1 | Der Aufstieg einer Zuckerb\u00e4cker-Familie zur Zeit von Kaiserin Sisi<\/p>","protected":false},"featured_media":227773,"comment_status":"open","ping_status":"closed","template":"","meta":{"_acf_changed":false},"product_brand":[],"product_cat":[108],"product_tag":[],"class_list":{"0":"post-227752","1":"product","2":"type-product","3":"status-publish","4":"has-post-thumbnail","6":"product_cat-buecher","8":"first","9":"instock","10":"taxable","11":"shipping-taxable","12":"purchasable","13":"product-type-simple"},"acf":[],"yoast_head":"<!-- This site is optimized with the Yoast SEO plugin v27.4 - https:\/\/yoast.com\/product\/yoast-seo-wordpress\/ -->\n<title>Konditorei Zauner, Der Zuckerb\u00e4cker der Kaiserin - Zauner<\/title>\n<meta name=\"robots\" content=\"index, follow, max-snippet:-1, max-image-preview:large, max-video-preview:-1\" \/>\n<link rel=\"canonical\" href=\"https:\/\/zauner.at\/en\/product-5\/konditorei-zauner-der-zuckerbaecker-der-kaiserin\/\" \/>\n<meta property=\"og:locale\" content=\"en_GB\" \/>\n<meta property=\"og:type\" content=\"article\" \/>\n<meta property=\"og:title\" content=\"Konditorei Zauner, Der Zuckerb\u00e4cker der Kaiserin - Zauner\" \/>\n<meta property=\"og:url\" content=\"https:\/\/zauner.at\/en\/product-5\/konditorei-zauner-der-zuckerbaecker-der-kaiserin\/\" \/>\n<meta property=\"og:site_name\" content=\"Zauner\" \/>\n<meta property=\"article:publisher\" content=\"https:\/\/www.facebook.com\/p\/Konditorei-Kaffee-Zauner-Bad-Ischl-100057212599739\/\" \/>\n<meta property=\"article:modified_time\" content=\"2026-04-20T06:16:25+00:00\" \/>\n<meta property=\"og:image\" content=\"https:\/\/zauner.at\/wp-content\/uploads\/2025\/12\/Der-Zuckerbaecker-der-Kaiserin.jpg\" \/>\n\t<meta property=\"og:image:width\" content=\"1023\" \/>\n\t<meta property=\"og:image:height\" content=\"1023\" \/>\n\t<meta property=\"og:image:type\" content=\"image\/jpeg\" \/>\n<meta name=\"twitter:card\" content=\"summary_large_image\" \/>\n<meta name=\"twitter:label1\" content=\"Estimated reading time\" \/>\n\t<meta name=\"twitter:data1\" content=\"1 minute\" \/>\n<script type=\"application\/ld+json\" class=\"yoast-schema-graph\">{\"@context\":\"https:\\\/\\\/schema.org\",\"@graph\":[{\"@type\":\"WebPage\",\"@id\":\"https:\\\/\\\/zauner.at\\\/produkt\\\/konditorei-zauner-der-zuckerbaecker-der-kaiserin\\\/\",\"url\":\"https:\\\/\\\/zauner.at\\\/produkt\\\/konditorei-zauner-der-zuckerbaecker-der-kaiserin\\\/\",\"name\":\"Konditorei Zauner, Der Zuckerb\u00e4cker der Kaiserin - Zauner\",\"isPartOf\":{\"@id\":\"https:\\\/\\\/zauner.at\\\/#website\"},\"primaryImageOfPage\":{\"@id\":\"https:\\\/\\\/zauner.at\\\/produkt\\\/konditorei-zauner-der-zuckerbaecker-der-kaiserin\\\/#primaryimage\"},\"image\":{\"@id\":\"https:\\\/\\\/zauner.at\\\/produkt\\\/konditorei-zauner-der-zuckerbaecker-der-kaiserin\\\/#primaryimage\"},\"thumbnailUrl\":\"https:\\\/\\\/zauner.at\\\/wp-content\\\/uploads\\\/2025\\\/12\\\/Der-Zuckerbaecker-der-Kaiserin.jpg\",\"datePublished\":\"2025-12-30T11:42:27+00:00\",\"dateModified\":\"2026-04-20T06:16:25+00:00\",\"breadcrumb\":{\"@id\":\"https:\\\/\\\/zauner.at\\\/produkt\\\/konditorei-zauner-der-zuckerbaecker-der-kaiserin\\\/#breadcrumb\"},\"inLanguage\":\"en-GB\",\"potentialAction\":[{\"@type\":\"ReadAction\",\"target\":[\"https:\\\/\\\/zauner.at\\\/produkt\\\/konditorei-zauner-der-zuckerbaecker-der-kaiserin\\\/\"]}]},{\"@type\":\"ImageObject\",\"inLanguage\":\"en-GB\",\"@id\":\"https:\\\/\\\/zauner.at\\\/produkt\\\/konditorei-zauner-der-zuckerbaecker-der-kaiserin\\\/#primaryimage\",\"url\":\"https:\\\/\\\/zauner.at\\\/wp-content\\\/uploads\\\/2025\\\/12\\\/Der-Zuckerbaecker-der-Kaiserin.jpg\",\"contentUrl\":\"https:\\\/\\\/zauner.at\\\/wp-content\\\/uploads\\\/2025\\\/12\\\/Der-Zuckerbaecker-der-Kaiserin.jpg\",\"width\":1023,\"height\":1023},{\"@type\":\"BreadcrumbList\",\"@id\":\"https:\\\/\\\/zauner.at\\\/produkt\\\/konditorei-zauner-der-zuckerbaecker-der-kaiserin\\\/#breadcrumb\",\"itemListElement\":[{\"@type\":\"ListItem\",\"position\":1,\"name\":\"Startseite\",\"item\":\"https:\\\/\\\/zauner.at\\\/\"},{\"@type\":\"ListItem\",\"position\":2,\"name\":\"Unser Onlineshop\",\"item\":\"https:\\\/\\\/zauner.at\\\/shop\\\/\"},{\"@type\":\"ListItem\",\"position\":3,\"name\":\"Konditorei Zauner, Der Zuckerb\u00e4cker der Kaiserin\"}]},{\"@type\":\"WebSite\",\"@id\":\"https:\\\/\\\/zauner.at\\\/#website\",\"url\":\"https:\\\/\\\/zauner.at\\\/\",\"name\":\"Konditorei Zauner\",\"description\":\"Konditorei\",\"publisher\":{\"@id\":\"https:\\\/\\\/zauner.at\\\/#organization\"},\"potentialAction\":[{\"@type\":\"SearchAction\",\"target\":{\"@type\":\"EntryPoint\",\"urlTemplate\":\"https:\\\/\\\/zauner.at\\\/?s={search_term_string}\"},\"query-input\":{\"@type\":\"PropertyValueSpecification\",\"valueRequired\":true,\"valueName\":\"search_term_string\"}}],\"inLanguage\":\"en-GB\"},{\"@type\":\"Organization\",\"@id\":\"https:\\\/\\\/zauner.at\\\/#organization\",\"name\":\"Konditorei Zauner\",\"url\":\"https:\\\/\\\/zauner.at\\\/\",\"logo\":{\"@type\":\"ImageObject\",\"inLanguage\":\"en-GB\",\"@id\":\"https:\\\/\\\/zauner.at\\\/#\\\/schema\\\/logo\\\/image\\\/\",\"url\":\"https:\\\/\\\/zauner.at\\\/wp-content\\\/uploads\\\/2025\\\/02\\\/zauner-logo.png\",\"contentUrl\":\"https:\\\/\\\/zauner.at\\\/wp-content\\\/uploads\\\/2025\\\/02\\\/zauner-logo.png\",\"width\":160,\"height\":142,\"caption\":\"Konditorei Zauner\"},\"image\":{\"@id\":\"https:\\\/\\\/zauner.at\\\/#\\\/schema\\\/logo\\\/image\\\/\"},\"sameAs\":[\"https:\\\/\\\/www.facebook.com\\\/p\\\/Konditorei-Kaffee-Zauner-Bad-Ischl-100057212599739\\\/\",\"https:\\\/\\\/www.instagram.com\\\/zaunerkaffeekonditorei\\\/\",\"https:\\\/\\\/at.linkedin.com\\\/company\\\/konditorei-kaffee-zauner?trk=public_profile_experience-group-header\"]}]}<\/script>\n<!-- \/ Yoast SEO plugin. -->","yoast_head_json":{"title":"Konditorei Zauner, Der Zuckerb\u00e4cker der Kaiserin - Zauner","robots":{"index":"index","follow":"follow","max-snippet":"max-snippet:-1","max-image-preview":"max-image-preview:large","max-video-preview":"max-video-preview:-1"},"canonical":"https:\/\/zauner.at\/en\/product-5\/konditorei-zauner-der-zuckerbaecker-der-kaiserin\/","og_locale":"en_GB","og_type":"article","og_title":"Konditorei Zauner, Der Zuckerb\u00e4cker der Kaiserin - Zauner","og_url":"https:\/\/zauner.at\/en\/product-5\/konditorei-zauner-der-zuckerbaecker-der-kaiserin\/","og_site_name":"Zauner","article_publisher":"https:\/\/www.facebook.com\/p\/Konditorei-Kaffee-Zauner-Bad-Ischl-100057212599739\/","article_modified_time":"2026-04-20T06:16:25+00:00","og_image":[{"width":1023,"height":1023,"url":"https:\/\/zauner.at\/wp-content\/uploads\/2025\/12\/Der-Zuckerbaecker-der-Kaiserin.jpg","type":"image\/jpeg"}],"twitter_card":"summary_large_image","twitter_misc":{"Estimated reading time":"1 minute"},"schema":{"@context":"https:\/\/schema.org","@graph":[{"@type":"WebPage","@id":"https:\/\/zauner.at\/produkt\/konditorei-zauner-der-zuckerbaecker-der-kaiserin\/","url":"https:\/\/zauner.at\/produkt\/konditorei-zauner-der-zuckerbaecker-der-kaiserin\/","name":"Konditorei Zauner, Der Zuckerb\u00e4cker der Kaiserin - Zauner","isPartOf":{"@id":"https:\/\/zauner.at\/#website"},"primaryImageOfPage":{"@id":"https:\/\/zauner.at\/produkt\/konditorei-zauner-der-zuckerbaecker-der-kaiserin\/#primaryimage"},"image":{"@id":"https:\/\/zauner.at\/produkt\/konditorei-zauner-der-zuckerbaecker-der-kaiserin\/#primaryimage"},"thumbnailUrl":"https:\/\/zauner.at\/wp-content\/uploads\/2025\/12\/Der-Zuckerbaecker-der-Kaiserin.jpg","datePublished":"2025-12-30T11:42:27+00:00","dateModified":"2026-04-20T06:16:25+00:00","breadcrumb":{"@id":"https:\/\/zauner.at\/produkt\/konditorei-zauner-der-zuckerbaecker-der-kaiserin\/#breadcrumb"},"inLanguage":"en-GB","potentialAction":[{"@type":"ReadAction","target":["https:\/\/zauner.at\/produkt\/konditorei-zauner-der-zuckerbaecker-der-kaiserin\/"]}]},{"@type":"ImageObject","inLanguage":"en-GB","@id":"https:\/\/zauner.at\/produkt\/konditorei-zauner-der-zuckerbaecker-der-kaiserin\/#primaryimage","url":"https:\/\/zauner.at\/wp-content\/uploads\/2025\/12\/Der-Zuckerbaecker-der-Kaiserin.jpg","contentUrl":"https:\/\/zauner.at\/wp-content\/uploads\/2025\/12\/Der-Zuckerbaecker-der-Kaiserin.jpg","width":1023,"height":1023},{"@type":"BreadcrumbList","@id":"https:\/\/zauner.at\/produkt\/konditorei-zauner-der-zuckerbaecker-der-kaiserin\/#breadcrumb","itemListElement":[{"@type":"ListItem","position":1,"name":"Startseite","item":"https:\/\/zauner.at\/"},{"@type":"ListItem","position":2,"name":"Unser Onlineshop","item":"https:\/\/zauner.at\/shop\/"},{"@type":"ListItem","position":3,"name":"Konditorei Zauner, Der Zuckerb\u00e4cker der Kaiserin"}]},{"@type":"WebSite","@id":"https:\/\/zauner.at\/#website","url":"https:\/\/zauner.at\/","name":"Konditorei Zauner","description":"pastry shop","publisher":{"@id":"https:\/\/zauner.at\/#organization"},"potentialAction":[{"@type":"SearchAction","target":{"@type":"EntryPoint","urlTemplate":"https:\/\/zauner.at\/?s={search_term_string}"},"query-input":{"@type":"PropertyValueSpecification","valueRequired":true,"valueName":"search_term_string"}}],"inLanguage":"en-GB"},{"@type":"Organization","@id":"https:\/\/zauner.at\/#organization","name":"Konditorei Zauner","url":"https:\/\/zauner.at\/","logo":{"@type":"ImageObject","inLanguage":"en-GB","@id":"https:\/\/zauner.at\/#\/schema\/logo\/image\/","url":"https:\/\/zauner.at\/wp-content\/uploads\/2025\/02\/zauner-logo.png","contentUrl":"https:\/\/zauner.at\/wp-content\/uploads\/2025\/02\/zauner-logo.png","width":160,"height":142,"caption":"Konditorei Zauner"},"image":{"@id":"https:\/\/zauner.at\/#\/schema\/logo\/image\/"},"sameAs":["https:\/\/www.facebook.com\/p\/Konditorei-Kaffee-Zauner-Bad-Ischl-100057212599739\/","https:\/\/www.instagram.com\/zaunerkaffeekonditorei\/","https:\/\/at.linkedin.com\/company\/konditorei-kaffee-zauner?trk=public_profile_experience-group-header"]}]}},"_links":{"self":[{"href":"https:\/\/zauner.at\/en\/wp-json\/wp\/v2\/product\/227752","targetHints":{"allow":["GET"]}}],"collection":[{"href":"https:\/\/zauner.at\/en\/wp-json\/wp\/v2\/product"}],"about":[{"href":"https:\/\/zauner.at\/en\/wp-json\/wp\/v2\/types\/product"}],"replies":[{"embeddable":true,"href":"https:\/\/zauner.at\/en\/wp-json\/wp\/v2\/comments?post=227752"}],"wp:featuredmedia":[{"embeddable":true,"href":"https:\/\/zauner.at\/en\/wp-json\/wp\/v2\/media\/227773"}],"wp:attachment":[{"href":"https:\/\/zauner.at\/en\/wp-json\/wp\/v2\/media?parent=227752"}],"wp:term":[{"taxonomy":"product_brand","embeddable":true,"href":"https:\/\/zauner.at\/en\/wp-json\/wp\/v2\/product_brand?post=227752"},{"taxonomy":"product_cat","embeddable":true,"href":"https:\/\/zauner.at\/en\/wp-json\/wp\/v2\/product_cat?post=227752"},{"taxonomy":"product_tag","embeddable":true,"href":"https:\/\/zauner.at\/en\/wp-json\/wp\/v2\/product_tag?post=227752"}],"curies":[{"name":"wp","href":"https:\/\/api.w.org\/{rel}","templated":true}]}}