{"id":220201,"date":"2025-05-13T08:37:38","date_gmt":"2025-05-13T06:37:38","guid":{"rendered":"https:\/\/zauner.at\/produkt\/koechert-sisi-stern\/"},"modified":"2026-04-07T08:11:23","modified_gmt":"2026-04-07T06:11:23","slug":"koechert-sisi-stern","status":"publish","type":"product","link":"https:\/\/zauner.at\/en\/produkt\/koechert-sisi-stern\/","title":{"rendered":"K\u00f6chert Sisi Stern 1-St\u00fcck-Packung im Karton"},"content":{"rendered":"<p>Zu den ber\u00fchmtesten Schmuckst\u00fccken der Kaiserin Sisi z\u00e4hlen die Diamantsterne, die der k.u.k. Hof- und Kammerjuwelier Alexander K\u00f6chert 1874 f\u00fcr die Kaiserin entworfen hat.<\/p>\n<p>Die Idee zu diesen Schmuckst\u00fccken stammt wie man sagt von Mozart\u2019s ber\u00fchmter Zauberfl\u00f6te in der die K\u00f6nigin der Nacht ein mit Sternen \u00fcbers\u00e4tes Kleid trug. Sisi h\u00e4tte derart vom Sternenschmuck der K\u00f6nigin der Nacht geschw\u00e4rmt, dass der sonst so sparsame Franz Josef bei K\u00f6chert eine nicht kleine Anzahl gro\u00dfer und kleiner Diamantsterne in Auftrag gab, die er seiner bezaubernden Frau zum Geschenk machte.<\/p>\n<p>Die K\u00f6chert Sisi Kollektion sowie weitere Kollektionen sind unter\u00a0<a href=\"https:\/\/koechert.com\/kollektionen\/\">https:\/\/koechert.com\/kollektionen\/<\/a> available.<\/p>\n<p>Das Haus A. E. K\u00f6chert<a href=\"https:\/\/koechert.com\/kollektionen\/\">\u00a0<\/a>steht ebenso wie die Konditorei Zauner als k.u.k. Hoflieferant f\u00fcr meisterhafte Handwerkstradition, edelste Produkte und individuelles Design, das Klassik und Moderne unverkennbar zu einzigartigen (Schmuck-)Kreationen verschmelzen l\u00e4sst.<\/p>\n<p>Das exklusive T\u00f6rtchen der beiden Hoflieferanten beinhaltet eine harmonische Nougat-Grillagemasse mit Oblaten, Haseln\u00fcssen und Schokolade und darf sich in einer limitierten Edition mit Sisis Sternen schm\u00fccken.<\/p>\n<p>Lasts up to three months.<\/p>\n<p>Allergens: Gluten (A), Soy (F), Milk (G), Nuts (H)<\/p>","protected":false},"excerpt":{"rendered":"<p>Sisis ber\u00fchmte Diamantsterne schm\u00fccken jetzt auch ein Zaunert\u00f6rtchen, ca. 50 g<\/p>","protected":false},"featured_media":221997,"comment_status":"open","ping_status":"closed","template":"","meta":{"_acf_changed":false},"product_brand":[],"product_cat":[100,102,103],"product_tag":[124,126,127,129,141,143,294,118,330,119,335,120,385,122],"class_list":{"0":"post-220201","1":"product","2":"type-product","3":"status-publish","4":"has-post-thumbnail","6":"product_cat-pralinen-confiserie","7":"product_cat-pralinen-konfekt","8":"product_cat-stueckdesserts","9":"product_tag-original-zaunerstollen","10":"product_tag-pralinen","11":"product_tag-schokolade","12":"product_tag-tradition","13":"product_tag-nougat","14":"product_tag-zauner-bad-ischl","15":"product_tag-confiserie","16":"product_tag-bad-ischl","17":"product_tag-hofzuckerbaeckerei","18":"product_tag-dessert","19":"product_tag-salzkammergut","20":"product_tag-geschenk","21":"product_tag-suesswaren","22":"product_tag-konditorei-zauner","24":"first","25":"instock","26":"taxable","27":"shipping-taxable","28":"purchasable","29":"product-type-simple"},"acf":[],"yoast_head":"<!-- This site is optimized with the Yoast SEO plugin v27.3 - https:\/\/yoast.com\/product\/yoast-seo-wordpress\/ -->\n<title>K\u00f6chert Sisi Stern 1-St\u00fcck-Packung im Karton - Zauner<\/title>\n<meta name=\"robots\" content=\"index, follow, max-snippet:-1, max-image-preview:large, max-video-preview:-1\" \/>\n<link rel=\"canonical\" href=\"https:\/\/zauner.at\/en\/product-5\/koechert-sisi-stern\/\" \/>\n<meta property=\"og:locale\" content=\"en_GB\" \/>\n<meta property=\"og:type\" content=\"article\" \/>\n<meta property=\"og:title\" content=\"K\u00f6chert Sisi Stern 1-St\u00fcck-Packung im Karton - Zauner\" \/>\n<meta property=\"og:url\" content=\"https:\/\/zauner.at\/en\/product-5\/koechert-sisi-stern\/\" \/>\n<meta property=\"og:site_name\" content=\"Zauner\" \/>\n<meta property=\"article:publisher\" content=\"https:\/\/www.facebook.com\/p\/Konditorei-Kaffee-Zauner-Bad-Ischl-100057212599739\/\" \/>\n<meta property=\"article:modified_time\" content=\"2026-04-07T06:11:23+00:00\" \/>\n<meta property=\"og:image\" content=\"https:\/\/zauner.at\/wp-content\/uploads\/2025\/05\/Koechert-Sisi-Stern-5-scaled.jpg\" \/>\n\t<meta property=\"og:image:width\" content=\"2560\" \/>\n\t<meta property=\"og:image:height\" content=\"2560\" \/>\n\t<meta property=\"og:image:type\" content=\"image\/jpeg\" \/>\n<meta name=\"twitter:card\" content=\"summary_large_image\" \/>\n<meta name=\"twitter:label1\" content=\"Estimated reading time\" \/>\n\t<meta name=\"twitter:data1\" content=\"1 minute\" \/>\n<script type=\"application\/ld+json\" class=\"yoast-schema-graph\">{\"@context\":\"https:\\\/\\\/schema.org\",\"@graph\":[{\"@type\":\"WebPage\",\"@id\":\"https:\\\/\\\/zauner.at\\\/produkt\\\/koechert-sisi-stern\\\/\",\"url\":\"https:\\\/\\\/zauner.at\\\/produkt\\\/koechert-sisi-stern\\\/\",\"name\":\"K\u00f6chert Sisi Stern 1-St\u00fcck-Packung im Karton - Zauner\",\"isPartOf\":{\"@id\":\"https:\\\/\\\/zauner.at\\\/#website\"},\"primaryImageOfPage\":{\"@id\":\"https:\\\/\\\/zauner.at\\\/produkt\\\/koechert-sisi-stern\\\/#primaryimage\"},\"image\":{\"@id\":\"https:\\\/\\\/zauner.at\\\/produkt\\\/koechert-sisi-stern\\\/#primaryimage\"},\"thumbnailUrl\":\"https:\\\/\\\/zauner.at\\\/wp-content\\\/uploads\\\/2025\\\/05\\\/Koechert-Sisi-Stern-5-scaled.jpg\",\"datePublished\":\"2025-05-13T06:37:38+00:00\",\"dateModified\":\"2026-04-07T06:11:23+00:00\",\"breadcrumb\":{\"@id\":\"https:\\\/\\\/zauner.at\\\/produkt\\\/koechert-sisi-stern\\\/#breadcrumb\"},\"inLanguage\":\"en-GB\",\"potentialAction\":[{\"@type\":\"ReadAction\",\"target\":[\"https:\\\/\\\/zauner.at\\\/produkt\\\/koechert-sisi-stern\\\/\"]}]},{\"@type\":\"ImageObject\",\"inLanguage\":\"en-GB\",\"@id\":\"https:\\\/\\\/zauner.at\\\/produkt\\\/koechert-sisi-stern\\\/#primaryimage\",\"url\":\"https:\\\/\\\/zauner.at\\\/wp-content\\\/uploads\\\/2025\\\/05\\\/Koechert-Sisi-Stern-5-scaled.jpg\",\"contentUrl\":\"https:\\\/\\\/zauner.at\\\/wp-content\\\/uploads\\\/2025\\\/05\\\/Koechert-Sisi-Stern-5-scaled.jpg\",\"width\":2560,\"height\":2560},{\"@type\":\"BreadcrumbList\",\"@id\":\"https:\\\/\\\/zauner.at\\\/produkt\\\/koechert-sisi-stern\\\/#breadcrumb\",\"itemListElement\":[{\"@type\":\"ListItem\",\"position\":1,\"name\":\"Startseite\",\"item\":\"https:\\\/\\\/zauner.at\\\/\"},{\"@type\":\"ListItem\",\"position\":2,\"name\":\"Unser Onlineshop\",\"item\":\"https:\\\/\\\/zauner.at\\\/shop\\\/\"},{\"@type\":\"ListItem\",\"position\":3,\"name\":\"K\u00f6chert Sisi Stern 1-St\u00fcck-Packung im Karton\"}]},{\"@type\":\"WebSite\",\"@id\":\"https:\\\/\\\/zauner.at\\\/#website\",\"url\":\"https:\\\/\\\/zauner.at\\\/\",\"name\":\"Konditorei Zauner\",\"description\":\"Konditorei\",\"publisher\":{\"@id\":\"https:\\\/\\\/zauner.at\\\/#organization\"},\"potentialAction\":[{\"@type\":\"SearchAction\",\"target\":{\"@type\":\"EntryPoint\",\"urlTemplate\":\"https:\\\/\\\/zauner.at\\\/?s={search_term_string}\"},\"query-input\":{\"@type\":\"PropertyValueSpecification\",\"valueRequired\":true,\"valueName\":\"search_term_string\"}}],\"inLanguage\":\"en-GB\"},{\"@type\":\"Organization\",\"@id\":\"https:\\\/\\\/zauner.at\\\/#organization\",\"name\":\"Konditorei Zauner\",\"url\":\"https:\\\/\\\/zauner.at\\\/\",\"logo\":{\"@type\":\"ImageObject\",\"inLanguage\":\"en-GB\",\"@id\":\"https:\\\/\\\/zauner.at\\\/#\\\/schema\\\/logo\\\/image\\\/\",\"url\":\"https:\\\/\\\/zauner.at\\\/wp-content\\\/uploads\\\/2025\\\/02\\\/zauner-logo.png\",\"contentUrl\":\"https:\\\/\\\/zauner.at\\\/wp-content\\\/uploads\\\/2025\\\/02\\\/zauner-logo.png\",\"width\":160,\"height\":142,\"caption\":\"Konditorei Zauner\"},\"image\":{\"@id\":\"https:\\\/\\\/zauner.at\\\/#\\\/schema\\\/logo\\\/image\\\/\"},\"sameAs\":[\"https:\\\/\\\/www.facebook.com\\\/p\\\/Konditorei-Kaffee-Zauner-Bad-Ischl-100057212599739\\\/\",\"https:\\\/\\\/www.instagram.com\\\/zaunerkaffeekonditorei\\\/\",\"https:\\\/\\\/at.linkedin.com\\\/company\\\/konditorei-kaffee-zauner?trk=public_profile_experience-group-header\"]}]}<\/script>\n<!-- \/ Yoast SEO plugin. -->","yoast_head_json":{"title":"K\u00f6chert Sisi Stern 1-St\u00fcck-Packung im Karton - Zauner","robots":{"index":"index","follow":"follow","max-snippet":"max-snippet:-1","max-image-preview":"max-image-preview:large","max-video-preview":"max-video-preview:-1"},"canonical":"https:\/\/zauner.at\/en\/product-5\/koechert-sisi-stern\/","og_locale":"en_GB","og_type":"article","og_title":"K\u00f6chert Sisi Stern 1-St\u00fcck-Packung im Karton - Zauner","og_url":"https:\/\/zauner.at\/en\/product-5\/koechert-sisi-stern\/","og_site_name":"Zauner","article_publisher":"https:\/\/www.facebook.com\/p\/Konditorei-Kaffee-Zauner-Bad-Ischl-100057212599739\/","article_modified_time":"2026-04-07T06:11:23+00:00","og_image":[{"width":2560,"height":2560,"url":"https:\/\/zauner.at\/wp-content\/uploads\/2025\/05\/Koechert-Sisi-Stern-5-scaled.jpg","type":"image\/jpeg"}],"twitter_card":"summary_large_image","twitter_misc":{"Estimated reading time":"1 minute"},"schema":{"@context":"https:\/\/schema.org","@graph":[{"@type":"WebPage","@id":"https:\/\/zauner.at\/produkt\/koechert-sisi-stern\/","url":"https:\/\/zauner.at\/produkt\/koechert-sisi-stern\/","name":"K\u00f6chert Sisi Stern 1-St\u00fcck-Packung im Karton - Zauner","isPartOf":{"@id":"https:\/\/zauner.at\/#website"},"primaryImageOfPage":{"@id":"https:\/\/zauner.at\/produkt\/koechert-sisi-stern\/#primaryimage"},"image":{"@id":"https:\/\/zauner.at\/produkt\/koechert-sisi-stern\/#primaryimage"},"thumbnailUrl":"https:\/\/zauner.at\/wp-content\/uploads\/2025\/05\/Koechert-Sisi-Stern-5-scaled.jpg","datePublished":"2025-05-13T06:37:38+00:00","dateModified":"2026-04-07T06:11:23+00:00","breadcrumb":{"@id":"https:\/\/zauner.at\/produkt\/koechert-sisi-stern\/#breadcrumb"},"inLanguage":"en-GB","potentialAction":[{"@type":"ReadAction","target":["https:\/\/zauner.at\/produkt\/koechert-sisi-stern\/"]}]},{"@type":"ImageObject","inLanguage":"en-GB","@id":"https:\/\/zauner.at\/produkt\/koechert-sisi-stern\/#primaryimage","url":"https:\/\/zauner.at\/wp-content\/uploads\/2025\/05\/Koechert-Sisi-Stern-5-scaled.jpg","contentUrl":"https:\/\/zauner.at\/wp-content\/uploads\/2025\/05\/Koechert-Sisi-Stern-5-scaled.jpg","width":2560,"height":2560},{"@type":"BreadcrumbList","@id":"https:\/\/zauner.at\/produkt\/koechert-sisi-stern\/#breadcrumb","itemListElement":[{"@type":"ListItem","position":1,"name":"Startseite","item":"https:\/\/zauner.at\/"},{"@type":"ListItem","position":2,"name":"Unser Onlineshop","item":"https:\/\/zauner.at\/shop\/"},{"@type":"ListItem","position":3,"name":"K\u00f6chert Sisi Stern 1-St\u00fcck-Packung im Karton"}]},{"@type":"WebSite","@id":"https:\/\/zauner.at\/#website","url":"https:\/\/zauner.at\/","name":"Konditorei Zauner","description":"pastry shop","publisher":{"@id":"https:\/\/zauner.at\/#organization"},"potentialAction":[{"@type":"SearchAction","target":{"@type":"EntryPoint","urlTemplate":"https:\/\/zauner.at\/?s={search_term_string}"},"query-input":{"@type":"PropertyValueSpecification","valueRequired":true,"valueName":"search_term_string"}}],"inLanguage":"en-GB"},{"@type":"Organization","@id":"https:\/\/zauner.at\/#organization","name":"Konditorei Zauner","url":"https:\/\/zauner.at\/","logo":{"@type":"ImageObject","inLanguage":"en-GB","@id":"https:\/\/zauner.at\/#\/schema\/logo\/image\/","url":"https:\/\/zauner.at\/wp-content\/uploads\/2025\/02\/zauner-logo.png","contentUrl":"https:\/\/zauner.at\/wp-content\/uploads\/2025\/02\/zauner-logo.png","width":160,"height":142,"caption":"Konditorei Zauner"},"image":{"@id":"https:\/\/zauner.at\/#\/schema\/logo\/image\/"},"sameAs":["https:\/\/www.facebook.com\/p\/Konditorei-Kaffee-Zauner-Bad-Ischl-100057212599739\/","https:\/\/www.instagram.com\/zaunerkaffeekonditorei\/","https:\/\/at.linkedin.com\/company\/konditorei-kaffee-zauner?trk=public_profile_experience-group-header"]}]}},"_links":{"self":[{"href":"https:\/\/zauner.at\/en\/wp-json\/wp\/v2\/product\/220201","targetHints":{"allow":["GET"]}}],"collection":[{"href":"https:\/\/zauner.at\/en\/wp-json\/wp\/v2\/product"}],"about":[{"href":"https:\/\/zauner.at\/en\/wp-json\/wp\/v2\/types\/product"}],"replies":[{"embeddable":true,"href":"https:\/\/zauner.at\/en\/wp-json\/wp\/v2\/comments?post=220201"}],"wp:featuredmedia":[{"embeddable":true,"href":"https:\/\/zauner.at\/en\/wp-json\/wp\/v2\/media\/221997"}],"wp:attachment":[{"href":"https:\/\/zauner.at\/en\/wp-json\/wp\/v2\/media?parent=220201"}],"wp:term":[{"taxonomy":"product_brand","embeddable":true,"href":"https:\/\/zauner.at\/en\/wp-json\/wp\/v2\/product_brand?post=220201"},{"taxonomy":"product_cat","embeddable":true,"href":"https:\/\/zauner.at\/en\/wp-json\/wp\/v2\/product_cat?post=220201"},{"taxonomy":"product_tag","embeddable":true,"href":"https:\/\/zauner.at\/en\/wp-json\/wp\/v2\/product_tag?post=220201"}],"curies":[{"name":"wp","href":"https:\/\/api.w.org\/{rel}","templated":true}]}}