{"id":217218,"date":"2025-02-01T01:08:21","date_gmt":"2025-02-01T00:08:21","guid":{"rendered":"https:\/\/zauner.at\/produkt\/herzbonboniere-pink\/"},"modified":"2026-02-23T10:10:33","modified_gmt":"2026-02-23T09:10:33","slug":"heart-candy-dish-pink","status":"publish","type":"product","link":"https:\/\/zauner.at\/en\/produkt\/herzbonboniere-pink\/","title":{"rendered":"Herzbonboniere bunt"},"content":{"rendered":"<p>Exclusive heart-shaped candy box filled with fine Zauner confectionery.<\/p>\n<p><a href=\"https:\/\/zauner.at\/en\/truffles-and-pralines-from-zauner\/\">Convince yourself of our confectionery range here!<\/a><\/p>\n<p>Available in different sizes.<\/p>\n<p>Lasts up to two months.<\/p>\n<p>Allergens: Gluten (A), Egg (C), Soy (F), Milk (G), Nuts (H)<\/p>","protected":false},"excerpt":{"rendered":"<p>Exclusive Zauner heart candy box filled with homemade chocolates<\/p>","protected":false},"featured_media":228124,"comment_status":"open","ping_status":"closed","template":"","meta":{"_acf_changed":false},"product_brand":[],"product_cat":[257,113],"product_tag":[127,2601,143,294,385,118,120,2598,122,2599,126,2600],"class_list":{"0":"post-217218","1":"product","2":"type-product","3":"status-publish","4":"has-post-thumbnail","6":"product_cat-valentinstag","7":"product_cat-spezielle-anlaesse","8":"product_tag-schokolade","9":"product_tag-valentinstag","10":"product_tag-zauner-bad-ischl","11":"product_tag-confiserie","12":"product_tag-suesswaren","13":"product_tag-bad-ischl","14":"product_tag-geschenk","15":"product_tag-herz","16":"product_tag-konditorei-zauner","17":"product_tag-herzen","18":"product_tag-pralinen","19":"product_tag-schokoladeherz","21":"first","22":"outofstock","23":"taxable","24":"shipping-taxable","25":"purchasable","26":"product-type-variable"},"acf":[],"yoast_head":"<!-- This site is optimized with the Yoast SEO plugin v27.3 - https:\/\/yoast.com\/product\/yoast-seo-wordpress\/ -->\n<title>Herzbonboniere bunt - Zauner<\/title>\n<meta name=\"description\" content=\"Die Herzbonbonniere Pink von Zauner \u2013 gef\u00fcllt mit edlen Pralinen. Perfekt als Geschenk f\u00fcr besondere Anl\u00e4sse! Jetzt bestellen.\" \/>\n<meta name=\"robots\" content=\"index, follow, max-snippet:-1, max-image-preview:large, max-video-preview:-1\" \/>\n<link rel=\"canonical\" href=\"https:\/\/zauner.at\/en\/product-5\/heart-candy-dish-pink\/\" \/>\n<meta property=\"og:locale\" content=\"en_GB\" \/>\n<meta property=\"og:type\" content=\"article\" \/>\n<meta property=\"og:title\" content=\"Herzbonboniere bunt - Zauner\" \/>\n<meta property=\"og:description\" content=\"Die Herzbonbonniere Pink von Zauner \u2013 gef\u00fcllt mit edlen Pralinen. Perfekt als Geschenk f\u00fcr besondere Anl\u00e4sse! Jetzt bestellen.\" \/>\n<meta property=\"og:url\" content=\"https:\/\/zauner.at\/en\/product-5\/heart-candy-dish-pink\/\" \/>\n<meta property=\"og:site_name\" content=\"Zauner\" \/>\n<meta property=\"article:publisher\" content=\"https:\/\/www.facebook.com\/p\/Konditorei-Kaffee-Zauner-Bad-Ischl-100057212599739\/\" \/>\n<meta property=\"article:modified_time\" content=\"2026-02-23T09:10:33+00:00\" \/>\n<meta property=\"og:image\" content=\"https:\/\/zauner.at\/wp-content\/uploads\/2025\/02\/Pralinen-Herz-bunt-scaled.jpg\" \/>\n\t<meta property=\"og:image:width\" content=\"2560\" \/>\n\t<meta property=\"og:image:height\" content=\"2560\" \/>\n\t<meta property=\"og:image:type\" content=\"image\/jpeg\" \/>\n<meta name=\"twitter:card\" content=\"summary_large_image\" \/>\n<script type=\"application\/ld+json\" class=\"yoast-schema-graph\">{\"@context\":\"https:\\\/\\\/schema.org\",\"@graph\":[{\"@type\":\"WebPage\",\"@id\":\"https:\\\/\\\/zauner.at\\\/produkt\\\/herzbonboniere-pink\\\/\",\"url\":\"https:\\\/\\\/zauner.at\\\/produkt\\\/herzbonboniere-pink\\\/\",\"name\":\"Herzbonboniere bunt - Zauner\",\"isPartOf\":{\"@id\":\"https:\\\/\\\/zauner.at\\\/#website\"},\"primaryImageOfPage\":{\"@id\":\"https:\\\/\\\/zauner.at\\\/produkt\\\/herzbonboniere-pink\\\/#primaryimage\"},\"image\":{\"@id\":\"https:\\\/\\\/zauner.at\\\/produkt\\\/herzbonboniere-pink\\\/#primaryimage\"},\"thumbnailUrl\":\"https:\\\/\\\/zauner.at\\\/wp-content\\\/uploads\\\/2025\\\/02\\\/Pralinen-Herz-bunt-scaled.jpg\",\"datePublished\":\"2025-02-01T00:08:21+00:00\",\"dateModified\":\"2026-02-23T09:10:33+00:00\",\"description\":\"Die Herzbonbonniere Pink von Zauner \u2013 gef\u00fcllt mit edlen Pralinen. Perfekt als Geschenk f\u00fcr besondere Anl\u00e4sse! Jetzt bestellen.\",\"breadcrumb\":{\"@id\":\"https:\\\/\\\/zauner.at\\\/produkt\\\/herzbonboniere-pink\\\/#breadcrumb\"},\"inLanguage\":\"en-GB\",\"potentialAction\":[{\"@type\":\"ReadAction\",\"target\":[\"https:\\\/\\\/zauner.at\\\/produkt\\\/herzbonboniere-pink\\\/\"]}]},{\"@type\":\"ImageObject\",\"inLanguage\":\"en-GB\",\"@id\":\"https:\\\/\\\/zauner.at\\\/produkt\\\/herzbonboniere-pink\\\/#primaryimage\",\"url\":\"https:\\\/\\\/zauner.at\\\/wp-content\\\/uploads\\\/2025\\\/02\\\/Pralinen-Herz-bunt-scaled.jpg\",\"contentUrl\":\"https:\\\/\\\/zauner.at\\\/wp-content\\\/uploads\\\/2025\\\/02\\\/Pralinen-Herz-bunt-scaled.jpg\",\"width\":2560,\"height\":2560},{\"@type\":\"BreadcrumbList\",\"@id\":\"https:\\\/\\\/zauner.at\\\/produkt\\\/herzbonboniere-pink\\\/#breadcrumb\",\"itemListElement\":[{\"@type\":\"ListItem\",\"position\":1,\"name\":\"Startseite\",\"item\":\"https:\\\/\\\/zauner.at\\\/\"},{\"@type\":\"ListItem\",\"position\":2,\"name\":\"Unser Onlineshop\",\"item\":\"https:\\\/\\\/zauner.at\\\/shop\\\/\"},{\"@type\":\"ListItem\",\"position\":3,\"name\":\"Herzbonboniere bunt\"}]},{\"@type\":\"WebSite\",\"@id\":\"https:\\\/\\\/zauner.at\\\/#website\",\"url\":\"https:\\\/\\\/zauner.at\\\/\",\"name\":\"Konditorei Zauner\",\"description\":\"Konditorei\",\"publisher\":{\"@id\":\"https:\\\/\\\/zauner.at\\\/#organization\"},\"potentialAction\":[{\"@type\":\"SearchAction\",\"target\":{\"@type\":\"EntryPoint\",\"urlTemplate\":\"https:\\\/\\\/zauner.at\\\/?s={search_term_string}\"},\"query-input\":{\"@type\":\"PropertyValueSpecification\",\"valueRequired\":true,\"valueName\":\"search_term_string\"}}],\"inLanguage\":\"en-GB\"},{\"@type\":\"Organization\",\"@id\":\"https:\\\/\\\/zauner.at\\\/#organization\",\"name\":\"Konditorei Zauner\",\"url\":\"https:\\\/\\\/zauner.at\\\/\",\"logo\":{\"@type\":\"ImageObject\",\"inLanguage\":\"en-GB\",\"@id\":\"https:\\\/\\\/zauner.at\\\/#\\\/schema\\\/logo\\\/image\\\/\",\"url\":\"https:\\\/\\\/zauner.at\\\/wp-content\\\/uploads\\\/2025\\\/02\\\/zauner-logo.png\",\"contentUrl\":\"https:\\\/\\\/zauner.at\\\/wp-content\\\/uploads\\\/2025\\\/02\\\/zauner-logo.png\",\"width\":160,\"height\":142,\"caption\":\"Konditorei Zauner\"},\"image\":{\"@id\":\"https:\\\/\\\/zauner.at\\\/#\\\/schema\\\/logo\\\/image\\\/\"},\"sameAs\":[\"https:\\\/\\\/www.facebook.com\\\/p\\\/Konditorei-Kaffee-Zauner-Bad-Ischl-100057212599739\\\/\",\"https:\\\/\\\/www.instagram.com\\\/zaunerkaffeekonditorei\\\/\",\"https:\\\/\\\/at.linkedin.com\\\/company\\\/konditorei-kaffee-zauner?trk=public_profile_experience-group-header\"]}]}<\/script>\n<!-- \/ Yoast SEO plugin. -->","yoast_head_json":{"title":"Herzbonboniere bunt - Zauner","description":"The pink heart candy box from Zauner \u2013 filled with fine chocolates. Perfect as a gift for special occasions! Order now.","robots":{"index":"index","follow":"follow","max-snippet":"max-snippet:-1","max-image-preview":"max-image-preview:large","max-video-preview":"max-video-preview:-1"},"canonical":"https:\/\/zauner.at\/en\/product-5\/heart-candy-dish-pink\/","og_locale":"en_GB","og_type":"article","og_title":"Herzbonboniere bunt - Zauner","og_description":"Die Herzbonbonniere Pink von Zauner \u2013 gef\u00fcllt mit edlen Pralinen. Perfekt als Geschenk f\u00fcr besondere Anl\u00e4sse! Jetzt bestellen.","og_url":"https:\/\/zauner.at\/en\/product-5\/heart-candy-dish-pink\/","og_site_name":"Zauner","article_publisher":"https:\/\/www.facebook.com\/p\/Konditorei-Kaffee-Zauner-Bad-Ischl-100057212599739\/","article_modified_time":"2026-02-23T09:10:33+00:00","og_image":[{"width":2560,"height":2560,"url":"https:\/\/zauner.at\/wp-content\/uploads\/2025\/02\/Pralinen-Herz-bunt-scaled.jpg","type":"image\/jpeg"}],"twitter_card":"summary_large_image","schema":{"@context":"https:\/\/schema.org","@graph":[{"@type":"WebPage","@id":"https:\/\/zauner.at\/produkt\/herzbonboniere-pink\/","url":"https:\/\/zauner.at\/produkt\/herzbonboniere-pink\/","name":"Herzbonboniere bunt - Zauner","isPartOf":{"@id":"https:\/\/zauner.at\/#website"},"primaryImageOfPage":{"@id":"https:\/\/zauner.at\/produkt\/herzbonboniere-pink\/#primaryimage"},"image":{"@id":"https:\/\/zauner.at\/produkt\/herzbonboniere-pink\/#primaryimage"},"thumbnailUrl":"https:\/\/zauner.at\/wp-content\/uploads\/2025\/02\/Pralinen-Herz-bunt-scaled.jpg","datePublished":"2025-02-01T00:08:21+00:00","dateModified":"2026-02-23T09:10:33+00:00","description":"The pink heart candy box from Zauner \u2013 filled with fine chocolates. Perfect as a gift for special occasions! Order now.","breadcrumb":{"@id":"https:\/\/zauner.at\/produkt\/herzbonboniere-pink\/#breadcrumb"},"inLanguage":"en-GB","potentialAction":[{"@type":"ReadAction","target":["https:\/\/zauner.at\/produkt\/herzbonboniere-pink\/"]}]},{"@type":"ImageObject","inLanguage":"en-GB","@id":"https:\/\/zauner.at\/produkt\/herzbonboniere-pink\/#primaryimage","url":"https:\/\/zauner.at\/wp-content\/uploads\/2025\/02\/Pralinen-Herz-bunt-scaled.jpg","contentUrl":"https:\/\/zauner.at\/wp-content\/uploads\/2025\/02\/Pralinen-Herz-bunt-scaled.jpg","width":2560,"height":2560},{"@type":"BreadcrumbList","@id":"https:\/\/zauner.at\/produkt\/herzbonboniere-pink\/#breadcrumb","itemListElement":[{"@type":"ListItem","position":1,"name":"Startseite","item":"https:\/\/zauner.at\/"},{"@type":"ListItem","position":2,"name":"Unser Onlineshop","item":"https:\/\/zauner.at\/shop\/"},{"@type":"ListItem","position":3,"name":"Herzbonboniere bunt"}]},{"@type":"WebSite","@id":"https:\/\/zauner.at\/#website","url":"https:\/\/zauner.at\/","name":"Konditorei Zauner","description":"pastry shop","publisher":{"@id":"https:\/\/zauner.at\/#organization"},"potentialAction":[{"@type":"SearchAction","target":{"@type":"EntryPoint","urlTemplate":"https:\/\/zauner.at\/?s={search_term_string}"},"query-input":{"@type":"PropertyValueSpecification","valueRequired":true,"valueName":"search_term_string"}}],"inLanguage":"en-GB"},{"@type":"Organization","@id":"https:\/\/zauner.at\/#organization","name":"Konditorei Zauner","url":"https:\/\/zauner.at\/","logo":{"@type":"ImageObject","inLanguage":"en-GB","@id":"https:\/\/zauner.at\/#\/schema\/logo\/image\/","url":"https:\/\/zauner.at\/wp-content\/uploads\/2025\/02\/zauner-logo.png","contentUrl":"https:\/\/zauner.at\/wp-content\/uploads\/2025\/02\/zauner-logo.png","width":160,"height":142,"caption":"Konditorei Zauner"},"image":{"@id":"https:\/\/zauner.at\/#\/schema\/logo\/image\/"},"sameAs":["https:\/\/www.facebook.com\/p\/Konditorei-Kaffee-Zauner-Bad-Ischl-100057212599739\/","https:\/\/www.instagram.com\/zaunerkaffeekonditorei\/","https:\/\/at.linkedin.com\/company\/konditorei-kaffee-zauner?trk=public_profile_experience-group-header"]}]}},"_links":{"self":[{"href":"https:\/\/zauner.at\/en\/wp-json\/wp\/v2\/product\/217218","targetHints":{"allow":["GET"]}}],"collection":[{"href":"https:\/\/zauner.at\/en\/wp-json\/wp\/v2\/product"}],"about":[{"href":"https:\/\/zauner.at\/en\/wp-json\/wp\/v2\/types\/product"}],"replies":[{"embeddable":true,"href":"https:\/\/zauner.at\/en\/wp-json\/wp\/v2\/comments?post=217218"}],"wp:featuredmedia":[{"embeddable":true,"href":"https:\/\/zauner.at\/en\/wp-json\/wp\/v2\/media\/228124"}],"wp:attachment":[{"href":"https:\/\/zauner.at\/en\/wp-json\/wp\/v2\/media?parent=217218"}],"wp:term":[{"taxonomy":"product_brand","embeddable":true,"href":"https:\/\/zauner.at\/en\/wp-json\/wp\/v2\/product_brand?post=217218"},{"taxonomy":"product_cat","embeddable":true,"href":"https:\/\/zauner.at\/en\/wp-json\/wp\/v2\/product_cat?post=217218"},{"taxonomy":"product_tag","embeddable":true,"href":"https:\/\/zauner.at\/en\/wp-json\/wp\/v2\/product_tag?post=217218"}],"curies":[{"name":"wp","href":"https:\/\/api.w.org\/{rel}","templated":true}]}}