{"id":217060,"date":"2025-01-29T15:50:32","date_gmt":"2025-01-29T14:50:32","guid":{"rendered":"https:\/\/zauner.at\/produkt\/geschenkpackung-marzipanschweinchen-2025\/"},"modified":"2026-02-02T08:15:08","modified_gmt":"2026-02-02T07:15:08","slug":"gift-pack-marzipan-pig-2025","status":"publish","type":"product","link":"https:\/\/zauner.at\/en\/produkt\/geschenkpackung-marzipanschweinchen-2025\/","title":{"rendered":"Geschenkpackung Marzipanschweinchen 2026"},"content":{"rendered":"<p>Gl\u00fccksschwein \u201c2026\u201d aus Marzipan, in Zartbitterschokolade getunkt<\/p>\n<p>Allergens: Soy (F), Milk (G), Nuts (H)<\/p>","protected":false},"excerpt":{"rendered":"<div class=\"woocommerce-product-details__short-description\">\n<p>Gift box filled with a marzipan lucky pig, approx. 60g<\/p>\n<\/div>","protected":false},"featured_media":224695,"comment_status":"open","ping_status":"closed","template":"","meta":{"_acf_changed":false},"product_brand":[],"product_cat":[116],"product_tag":[120,122,129,143,385,479,480,482,118],"class_list":{"0":"post-217060","1":"product","2":"type-product","3":"status-publish","4":"has-post-thumbnail","6":"product_cat-silvester","7":"product_tag-geschenk","8":"product_tag-konditorei-zauner","9":"product_tag-tradition","10":"product_tag-zauner-bad-ischl","11":"product_tag-suesswaren","12":"product_tag-gluecksbringer","13":"product_tag-neujahr","14":"product_tag-silvester","15":"product_tag-bad-ischl","17":"first","18":"instock","19":"taxable","20":"shipping-taxable","21":"purchasable","22":"product-type-simple"},"acf":[],"yoast_head":"<!-- This site is optimized with the Yoast SEO plugin v27.3 - https:\/\/yoast.com\/product\/yoast-seo-wordpress\/ -->\n<title>Geschenkpackung Marzipanschweinchen 2026 - Zauner<\/title>\n<meta name=\"description\" content=\"S\u00fc\u00dfes Gl\u00fcck f\u00fcrs neue Jahr! Die Zauner Geschenkpackung mit edlen Marzipanschweinchen 2025 jetzt online bestellen &amp; Freude bereiten.\" \/>\n<meta name=\"robots\" content=\"index, follow, max-snippet:-1, max-image-preview:large, max-video-preview:-1\" \/>\n<link rel=\"canonical\" href=\"https:\/\/zauner.at\/en\/product-5\/gift-pack-marzipan-pig-2025\/\" \/>\n<meta property=\"og:locale\" content=\"en_GB\" \/>\n<meta property=\"og:type\" content=\"article\" \/>\n<meta property=\"og:title\" content=\"Geschenkpackung Marzipanschweinchen 2026 - Zauner\" \/>\n<meta property=\"og:description\" content=\"S\u00fc\u00dfes Gl\u00fcck f\u00fcrs neue Jahr! Die Zauner Geschenkpackung mit edlen Marzipanschweinchen 2025 jetzt online bestellen &amp; Freude bereiten.\" \/>\n<meta property=\"og:url\" content=\"https:\/\/zauner.at\/en\/product-5\/gift-pack-marzipan-pig-2025\/\" \/>\n<meta property=\"og:site_name\" content=\"Zauner\" \/>\n<meta property=\"article:publisher\" content=\"https:\/\/www.facebook.com\/p\/Konditorei-Kaffee-Zauner-Bad-Ischl-100057212599739\/\" \/>\n<meta property=\"article:modified_time\" content=\"2026-02-02T07:15:08+00:00\" \/>\n<meta property=\"og:image\" content=\"https:\/\/zauner.at\/wp-content\/uploads\/2025\/01\/Marzipanschweinchen-scaled.jpg\" \/>\n\t<meta property=\"og:image:width\" content=\"2560\" \/>\n\t<meta property=\"og:image:height\" content=\"2560\" \/>\n\t<meta property=\"og:image:type\" content=\"image\/jpeg\" \/>\n<meta name=\"twitter:card\" content=\"summary_large_image\" \/>\n<script type=\"application\/ld+json\" class=\"yoast-schema-graph\">{\"@context\":\"https:\\\/\\\/schema.org\",\"@graph\":[{\"@type\":\"WebPage\",\"@id\":\"https:\\\/\\\/zauner.at\\\/produkt\\\/geschenkpackung-marzipanschweinchen-2025\\\/\",\"url\":\"https:\\\/\\\/zauner.at\\\/produkt\\\/geschenkpackung-marzipanschweinchen-2025\\\/\",\"name\":\"Geschenkpackung Marzipanschweinchen 2026 - Zauner\",\"isPartOf\":{\"@id\":\"https:\\\/\\\/zauner.at\\\/#website\"},\"primaryImageOfPage\":{\"@id\":\"https:\\\/\\\/zauner.at\\\/produkt\\\/geschenkpackung-marzipanschweinchen-2025\\\/#primaryimage\"},\"image\":{\"@id\":\"https:\\\/\\\/zauner.at\\\/produkt\\\/geschenkpackung-marzipanschweinchen-2025\\\/#primaryimage\"},\"thumbnailUrl\":\"https:\\\/\\\/zauner.at\\\/wp-content\\\/uploads\\\/2025\\\/01\\\/Marzipanschweinchen-scaled.jpg\",\"datePublished\":\"2025-01-29T14:50:32+00:00\",\"dateModified\":\"2026-02-02T07:15:08+00:00\",\"description\":\"S\u00fc\u00dfes Gl\u00fcck f\u00fcrs neue Jahr! Die Zauner Geschenkpackung mit edlen Marzipanschweinchen 2025 jetzt online bestellen & Freude bereiten.\",\"breadcrumb\":{\"@id\":\"https:\\\/\\\/zauner.at\\\/produkt\\\/geschenkpackung-marzipanschweinchen-2025\\\/#breadcrumb\"},\"inLanguage\":\"en-GB\",\"potentialAction\":[{\"@type\":\"ReadAction\",\"target\":[\"https:\\\/\\\/zauner.at\\\/produkt\\\/geschenkpackung-marzipanschweinchen-2025\\\/\"]}]},{\"@type\":\"ImageObject\",\"inLanguage\":\"en-GB\",\"@id\":\"https:\\\/\\\/zauner.at\\\/produkt\\\/geschenkpackung-marzipanschweinchen-2025\\\/#primaryimage\",\"url\":\"https:\\\/\\\/zauner.at\\\/wp-content\\\/uploads\\\/2025\\\/01\\\/Marzipanschweinchen-scaled.jpg\",\"contentUrl\":\"https:\\\/\\\/zauner.at\\\/wp-content\\\/uploads\\\/2025\\\/01\\\/Marzipanschweinchen-scaled.jpg\",\"width\":2560,\"height\":2560,\"caption\":\"Mazipanschweinchen in braunem Geschenkskarton\"},{\"@type\":\"BreadcrumbList\",\"@id\":\"https:\\\/\\\/zauner.at\\\/produkt\\\/geschenkpackung-marzipanschweinchen-2025\\\/#breadcrumb\",\"itemListElement\":[{\"@type\":\"ListItem\",\"position\":1,\"name\":\"Startseite\",\"item\":\"https:\\\/\\\/zauner.at\\\/\"},{\"@type\":\"ListItem\",\"position\":2,\"name\":\"Unser Onlineshop\",\"item\":\"https:\\\/\\\/zauner.at\\\/shop\\\/\"},{\"@type\":\"ListItem\",\"position\":3,\"name\":\"Geschenkpackung Marzipanschweinchen 2026\"}]},{\"@type\":\"WebSite\",\"@id\":\"https:\\\/\\\/zauner.at\\\/#website\",\"url\":\"https:\\\/\\\/zauner.at\\\/\",\"name\":\"Konditorei Zauner\",\"description\":\"Konditorei\",\"publisher\":{\"@id\":\"https:\\\/\\\/zauner.at\\\/#organization\"},\"potentialAction\":[{\"@type\":\"SearchAction\",\"target\":{\"@type\":\"EntryPoint\",\"urlTemplate\":\"https:\\\/\\\/zauner.at\\\/?s={search_term_string}\"},\"query-input\":{\"@type\":\"PropertyValueSpecification\",\"valueRequired\":true,\"valueName\":\"search_term_string\"}}],\"inLanguage\":\"en-GB\"},{\"@type\":\"Organization\",\"@id\":\"https:\\\/\\\/zauner.at\\\/#organization\",\"name\":\"Konditorei Zauner\",\"url\":\"https:\\\/\\\/zauner.at\\\/\",\"logo\":{\"@type\":\"ImageObject\",\"inLanguage\":\"en-GB\",\"@id\":\"https:\\\/\\\/zauner.at\\\/#\\\/schema\\\/logo\\\/image\\\/\",\"url\":\"https:\\\/\\\/zauner.at\\\/wp-content\\\/uploads\\\/2025\\\/02\\\/zauner-logo.png\",\"contentUrl\":\"https:\\\/\\\/zauner.at\\\/wp-content\\\/uploads\\\/2025\\\/02\\\/zauner-logo.png\",\"width\":160,\"height\":142,\"caption\":\"Konditorei Zauner\"},\"image\":{\"@id\":\"https:\\\/\\\/zauner.at\\\/#\\\/schema\\\/logo\\\/image\\\/\"},\"sameAs\":[\"https:\\\/\\\/www.facebook.com\\\/p\\\/Konditorei-Kaffee-Zauner-Bad-Ischl-100057212599739\\\/\",\"https:\\\/\\\/www.instagram.com\\\/zaunerkaffeekonditorei\\\/\",\"https:\\\/\\\/at.linkedin.com\\\/company\\\/konditorei-kaffee-zauner?trk=public_profile_experience-group-header\"]}]}<\/script>\n<!-- \/ Yoast SEO plugin. -->","yoast_head_json":{"title":"Geschenkpackung Marzipanschweinchen 2026 - Zauner","description":"Sweet luck for the new year! Order the Zauner gift pack with fine marzipan pigs 2025 online now and spread joy.","robots":{"index":"index","follow":"follow","max-snippet":"max-snippet:-1","max-image-preview":"max-image-preview:large","max-video-preview":"max-video-preview:-1"},"canonical":"https:\/\/zauner.at\/en\/product-5\/gift-pack-marzipan-pig-2025\/","og_locale":"en_GB","og_type":"article","og_title":"Geschenkpackung Marzipanschweinchen 2026 - Zauner","og_description":"S\u00fc\u00dfes Gl\u00fcck f\u00fcrs neue Jahr! Die Zauner Geschenkpackung mit edlen Marzipanschweinchen 2025 jetzt online bestellen & Freude bereiten.","og_url":"https:\/\/zauner.at\/en\/product-5\/gift-pack-marzipan-pig-2025\/","og_site_name":"Zauner","article_publisher":"https:\/\/www.facebook.com\/p\/Konditorei-Kaffee-Zauner-Bad-Ischl-100057212599739\/","article_modified_time":"2026-02-02T07:15:08+00:00","og_image":[{"width":2560,"height":2560,"url":"https:\/\/zauner.at\/wp-content\/uploads\/2025\/01\/Marzipanschweinchen-scaled.jpg","type":"image\/jpeg"}],"twitter_card":"summary_large_image","schema":{"@context":"https:\/\/schema.org","@graph":[{"@type":"WebPage","@id":"https:\/\/zauner.at\/produkt\/geschenkpackung-marzipanschweinchen-2025\/","url":"https:\/\/zauner.at\/produkt\/geschenkpackung-marzipanschweinchen-2025\/","name":"Geschenkpackung Marzipanschweinchen 2026 - Zauner","isPartOf":{"@id":"https:\/\/zauner.at\/#website"},"primaryImageOfPage":{"@id":"https:\/\/zauner.at\/produkt\/geschenkpackung-marzipanschweinchen-2025\/#primaryimage"},"image":{"@id":"https:\/\/zauner.at\/produkt\/geschenkpackung-marzipanschweinchen-2025\/#primaryimage"},"thumbnailUrl":"https:\/\/zauner.at\/wp-content\/uploads\/2025\/01\/Marzipanschweinchen-scaled.jpg","datePublished":"2025-01-29T14:50:32+00:00","dateModified":"2026-02-02T07:15:08+00:00","description":"Sweet luck for the new year! Order the Zauner gift pack with fine marzipan pigs 2025 online now and spread joy.","breadcrumb":{"@id":"https:\/\/zauner.at\/produkt\/geschenkpackung-marzipanschweinchen-2025\/#breadcrumb"},"inLanguage":"en-GB","potentialAction":[{"@type":"ReadAction","target":["https:\/\/zauner.at\/produkt\/geschenkpackung-marzipanschweinchen-2025\/"]}]},{"@type":"ImageObject","inLanguage":"en-GB","@id":"https:\/\/zauner.at\/produkt\/geschenkpackung-marzipanschweinchen-2025\/#primaryimage","url":"https:\/\/zauner.at\/wp-content\/uploads\/2025\/01\/Marzipanschweinchen-scaled.jpg","contentUrl":"https:\/\/zauner.at\/wp-content\/uploads\/2025\/01\/Marzipanschweinchen-scaled.jpg","width":2560,"height":2560,"caption":"Mazipanschweinchen in braunem Geschenkskarton"},{"@type":"BreadcrumbList","@id":"https:\/\/zauner.at\/produkt\/geschenkpackung-marzipanschweinchen-2025\/#breadcrumb","itemListElement":[{"@type":"ListItem","position":1,"name":"Startseite","item":"https:\/\/zauner.at\/"},{"@type":"ListItem","position":2,"name":"Unser Onlineshop","item":"https:\/\/zauner.at\/shop\/"},{"@type":"ListItem","position":3,"name":"Geschenkpackung Marzipanschweinchen 2026"}]},{"@type":"WebSite","@id":"https:\/\/zauner.at\/#website","url":"https:\/\/zauner.at\/","name":"Konditorei Zauner","description":"pastry shop","publisher":{"@id":"https:\/\/zauner.at\/#organization"},"potentialAction":[{"@type":"SearchAction","target":{"@type":"EntryPoint","urlTemplate":"https:\/\/zauner.at\/?s={search_term_string}"},"query-input":{"@type":"PropertyValueSpecification","valueRequired":true,"valueName":"search_term_string"}}],"inLanguage":"en-GB"},{"@type":"Organization","@id":"https:\/\/zauner.at\/#organization","name":"Konditorei Zauner","url":"https:\/\/zauner.at\/","logo":{"@type":"ImageObject","inLanguage":"en-GB","@id":"https:\/\/zauner.at\/#\/schema\/logo\/image\/","url":"https:\/\/zauner.at\/wp-content\/uploads\/2025\/02\/zauner-logo.png","contentUrl":"https:\/\/zauner.at\/wp-content\/uploads\/2025\/02\/zauner-logo.png","width":160,"height":142,"caption":"Konditorei Zauner"},"image":{"@id":"https:\/\/zauner.at\/#\/schema\/logo\/image\/"},"sameAs":["https:\/\/www.facebook.com\/p\/Konditorei-Kaffee-Zauner-Bad-Ischl-100057212599739\/","https:\/\/www.instagram.com\/zaunerkaffeekonditorei\/","https:\/\/at.linkedin.com\/company\/konditorei-kaffee-zauner?trk=public_profile_experience-group-header"]}]}},"_links":{"self":[{"href":"https:\/\/zauner.at\/en\/wp-json\/wp\/v2\/product\/217060","targetHints":{"allow":["GET"]}}],"collection":[{"href":"https:\/\/zauner.at\/en\/wp-json\/wp\/v2\/product"}],"about":[{"href":"https:\/\/zauner.at\/en\/wp-json\/wp\/v2\/types\/product"}],"replies":[{"embeddable":true,"href":"https:\/\/zauner.at\/en\/wp-json\/wp\/v2\/comments?post=217060"}],"wp:featuredmedia":[{"embeddable":true,"href":"https:\/\/zauner.at\/en\/wp-json\/wp\/v2\/media\/224695"}],"wp:attachment":[{"href":"https:\/\/zauner.at\/en\/wp-json\/wp\/v2\/media?parent=217060"}],"wp:term":[{"taxonomy":"product_brand","embeddable":true,"href":"https:\/\/zauner.at\/en\/wp-json\/wp\/v2\/product_brand?post=217060"},{"taxonomy":"product_cat","embeddable":true,"href":"https:\/\/zauner.at\/en\/wp-json\/wp\/v2\/product_cat?post=217060"},{"taxonomy":"product_tag","embeddable":true,"href":"https:\/\/zauner.at\/en\/wp-json\/wp\/v2\/product_tag?post=217060"}],"curies":[{"name":"wp","href":"https:\/\/api.w.org\/{rel}","templated":true}]}}