{"id":215869,"date":"2024-03-07T13:14:01","date_gmt":"2024-03-07T12:14:01","guid":{"rendered":"https:\/\/zauner.at\/produkt\/der-suesse-zauner\/"},"modified":"2026-04-13T11:08:56","modified_gmt":"2026-04-13T09:08:56","slug":"the-sweet-zauner","status":"publish","type":"product","link":"https:\/\/zauner.at\/en\/produkt\/der-suesse-zauner\/","title":{"rendered":"The sweet Zauner"},"content":{"rendered":"<p>In the countries of the monarchy and beyond, a summer without Bad Ischl was a waste of time, and a spa treatment without treatment at Zauner was even more so.<\/p>\n<p>While salt laid the foundation for Ischl&#039;s flourishing spa business, sugar, which was no less therapeutically valuable, sweetened the spa guests&#039; healthy life. There were more guests in those years than ever before: Ischl experienced the most glorious era in its history. Because with the emperor - Franz Joseph proposed to Sisi here -, spa and confectionery, well-known artists, writers and composers also moved in. Alfred Komarek brings this cultural and social golden age back to life, closely interwoven with the history of the Zauner confectionery.<\/p>\n<p>With texts and anecdotes about Ischl by Nikolaus Lenau, Karl Kraus, Adalbert Stifter and others \u2013 and 21 summer recipes by Josef Zauner for coffee and dessert, including the legendary Schratt Gugelhupf.<\/p>","protected":false},"excerpt":{"rendered":"<p>The latest baking book from Zauner is now available! Summer freshness couldn't be sweeter. (German Edition)<\/p>","protected":false},"featured_media":212123,"comment_status":"closed","ping_status":"closed","template":"","meta":{"_acf_changed":false},"product_brand":[],"product_cat":[107,108],"product_tag":[722,725,827,829,830,899,122,900,331,901,718,719,721],"class_list":{"0":"post-215869","1":"product","2":"type-product","3":"status-publish","4":"has-post-thumbnail","6":"product_cat-geschenke-gutscheine","7":"product_cat-buecher","8":"product_tag-mehlspeisen","9":"product_tag-rezepte","10":"product_tag-mehlspeisenbuch","11":"product_tag-oesterreichische-mehlspeisen","12":"product_tag-servustv","13":"product_tag-alfred-komarek","14":"product_tag-konditorei-zauner","15":"product_tag-backtradition","16":"product_tag-kuk","17":"product_tag-kochrezepte","18":"product_tag-backbuch","19":"product_tag-josef-zauner","20":"product_tag-kochbuch","22":"first","23":"instock","24":"taxable","25":"shipping-taxable","26":"purchasable","27":"product-type-simple"},"acf":[],"yoast_head":"<!-- This site is optimized with the Yoast SEO plugin v27.4 - https:\/\/yoast.com\/product\/yoast-seo-wordpress\/ -->\n<title>Der s\u00fc\u00dfe Zauner - Zauner<\/title>\n<meta name=\"description\" content=\"Der s\u00fc\u00dfe Zauner \u2013 Ein Buch voller Geschichten, Tradition &amp; s\u00fc\u00dfer K\u00f6stlichkeiten. Jetzt bestellen &amp; in die Welt der Konditorei eintauchen!\" \/>\n<meta name=\"robots\" content=\"index, follow, max-snippet:-1, max-image-preview:large, max-video-preview:-1\" \/>\n<link rel=\"canonical\" href=\"https:\/\/zauner.at\/en\/product-5\/the-sweet-zauner\/\" \/>\n<meta property=\"og:locale\" content=\"en_GB\" \/>\n<meta property=\"og:type\" content=\"article\" \/>\n<meta property=\"og:title\" content=\"Der s\u00fc\u00dfe Zauner - Zauner\" \/>\n<meta property=\"og:description\" content=\"Der s\u00fc\u00dfe Zauner \u2013 Ein Buch voller Geschichten, Tradition &amp; s\u00fc\u00dfer K\u00f6stlichkeiten. Jetzt bestellen &amp; in die Welt der Konditorei eintauchen!\" \/>\n<meta property=\"og:url\" content=\"https:\/\/zauner.at\/en\/product-5\/the-sweet-zauner\/\" \/>\n<meta property=\"og:site_name\" content=\"Zauner\" \/>\n<meta property=\"article:publisher\" content=\"https:\/\/www.facebook.com\/p\/Konditorei-Kaffee-Zauner-Bad-Ischl-100057212599739\/\" \/>\n<meta property=\"article:modified_time\" content=\"2026-04-13T09:08:56+00:00\" \/>\n<meta property=\"og:image\" content=\"https:\/\/zauner.at\/wp-content\/uploads\/2024\/09\/Der-suesse-Zauner.jpg\" \/>\n\t<meta property=\"og:image:width\" content=\"2499\" \/>\n\t<meta property=\"og:image:height\" content=\"2499\" \/>\n\t<meta property=\"og:image:type\" content=\"image\/jpeg\" \/>\n<meta name=\"twitter:card\" content=\"summary_large_image\" \/>\n<meta name=\"twitter:label1\" content=\"Estimated reading time\" \/>\n\t<meta name=\"twitter:data1\" content=\"1 minute\" \/>\n<script type=\"application\/ld+json\" class=\"yoast-schema-graph\">{\"@context\":\"https:\\\/\\\/schema.org\",\"@graph\":[{\"@type\":\"WebPage\",\"@id\":\"https:\\\/\\\/zauner.at\\\/produkt\\\/der-suesse-zauner\\\/\",\"url\":\"https:\\\/\\\/zauner.at\\\/produkt\\\/der-suesse-zauner\\\/\",\"name\":\"Der s\u00fc\u00dfe Zauner - Zauner\",\"isPartOf\":{\"@id\":\"https:\\\/\\\/zauner.at\\\/#website\"},\"primaryImageOfPage\":{\"@id\":\"https:\\\/\\\/zauner.at\\\/produkt\\\/der-suesse-zauner\\\/#primaryimage\"},\"image\":{\"@id\":\"https:\\\/\\\/zauner.at\\\/produkt\\\/der-suesse-zauner\\\/#primaryimage\"},\"thumbnailUrl\":\"https:\\\/\\\/zauner.at\\\/wp-content\\\/uploads\\\/2024\\\/09\\\/Der-suesse-Zauner.jpg\",\"datePublished\":\"2024-03-07T12:14:01+00:00\",\"dateModified\":\"2026-04-13T09:08:56+00:00\",\"description\":\"Der s\u00fc\u00dfe Zauner \u2013 Ein Buch voller Geschichten, Tradition &amp; s\u00fc\u00dfer K\u00f6stlichkeiten. Jetzt bestellen &amp; in die Welt der Konditorei eintauchen!\",\"breadcrumb\":{\"@id\":\"https:\\\/\\\/zauner.at\\\/produkt\\\/der-suesse-zauner\\\/#breadcrumb\"},\"inLanguage\":\"en-GB\",\"potentialAction\":[{\"@type\":\"ReadAction\",\"target\":[\"https:\\\/\\\/zauner.at\\\/produkt\\\/der-suesse-zauner\\\/\"]}]},{\"@type\":\"ImageObject\",\"inLanguage\":\"en-GB\",\"@id\":\"https:\\\/\\\/zauner.at\\\/produkt\\\/der-suesse-zauner\\\/#primaryimage\",\"url\":\"https:\\\/\\\/zauner.at\\\/wp-content\\\/uploads\\\/2024\\\/09\\\/Der-suesse-Zauner.jpg\",\"contentUrl\":\"https:\\\/\\\/zauner.at\\\/wp-content\\\/uploads\\\/2024\\\/09\\\/Der-suesse-Zauner.jpg\",\"width\":2499,\"height\":2499,\"caption\":\"Der s\u00fc\u00dfe Zauner\"},{\"@type\":\"BreadcrumbList\",\"@id\":\"https:\\\/\\\/zauner.at\\\/produkt\\\/der-suesse-zauner\\\/#breadcrumb\",\"itemListElement\":[{\"@type\":\"ListItem\",\"position\":1,\"name\":\"Startseite\",\"item\":\"https:\\\/\\\/zauner.at\\\/\"},{\"@type\":\"ListItem\",\"position\":2,\"name\":\"Unser Onlineshop\",\"item\":\"https:\\\/\\\/zauner.at\\\/shop\\\/\"},{\"@type\":\"ListItem\",\"position\":3,\"name\":\"Der s\u00fc\u00dfe Zauner\"}]},{\"@type\":\"WebSite\",\"@id\":\"https:\\\/\\\/zauner.at\\\/#website\",\"url\":\"https:\\\/\\\/zauner.at\\\/\",\"name\":\"Konditorei Zauner\",\"description\":\"Konditorei\",\"publisher\":{\"@id\":\"https:\\\/\\\/zauner.at\\\/#organization\"},\"potentialAction\":[{\"@type\":\"SearchAction\",\"target\":{\"@type\":\"EntryPoint\",\"urlTemplate\":\"https:\\\/\\\/zauner.at\\\/?s={search_term_string}\"},\"query-input\":{\"@type\":\"PropertyValueSpecification\",\"valueRequired\":true,\"valueName\":\"search_term_string\"}}],\"inLanguage\":\"en-GB\"},{\"@type\":\"Organization\",\"@id\":\"https:\\\/\\\/zauner.at\\\/#organization\",\"name\":\"Konditorei Zauner\",\"url\":\"https:\\\/\\\/zauner.at\\\/\",\"logo\":{\"@type\":\"ImageObject\",\"inLanguage\":\"en-GB\",\"@id\":\"https:\\\/\\\/zauner.at\\\/#\\\/schema\\\/logo\\\/image\\\/\",\"url\":\"https:\\\/\\\/zauner.at\\\/wp-content\\\/uploads\\\/2025\\\/02\\\/zauner-logo.png\",\"contentUrl\":\"https:\\\/\\\/zauner.at\\\/wp-content\\\/uploads\\\/2025\\\/02\\\/zauner-logo.png\",\"width\":160,\"height\":142,\"caption\":\"Konditorei Zauner\"},\"image\":{\"@id\":\"https:\\\/\\\/zauner.at\\\/#\\\/schema\\\/logo\\\/image\\\/\"},\"sameAs\":[\"https:\\\/\\\/www.facebook.com\\\/p\\\/Konditorei-Kaffee-Zauner-Bad-Ischl-100057212599739\\\/\",\"https:\\\/\\\/www.instagram.com\\\/zaunerkaffeekonditorei\\\/\",\"https:\\\/\\\/at.linkedin.com\\\/company\\\/konditorei-kaffee-zauner?trk=public_profile_experience-group-header\"]}]}<\/script>\n<!-- \/ Yoast SEO plugin. -->","yoast_head_json":{"title":"The sweet Zauner - Zauner","description":"The sweet Zauner \u2013 A book full of stories, tradition &amp; sweet delicacies. Order now &amp; immerse yourself in the world of confectionery!","robots":{"index":"index","follow":"follow","max-snippet":"max-snippet:-1","max-image-preview":"max-image-preview:large","max-video-preview":"max-video-preview:-1"},"canonical":"https:\/\/zauner.at\/en\/product-5\/the-sweet-zauner\/","og_locale":"en_GB","og_type":"article","og_title":"Der s\u00fc\u00dfe Zauner - Zauner","og_description":"Der s\u00fc\u00dfe Zauner \u2013 Ein Buch voller Geschichten, Tradition &amp; s\u00fc\u00dfer K\u00f6stlichkeiten. Jetzt bestellen &amp; in die Welt der Konditorei eintauchen!","og_url":"https:\/\/zauner.at\/en\/product-5\/the-sweet-zauner\/","og_site_name":"Zauner","article_publisher":"https:\/\/www.facebook.com\/p\/Konditorei-Kaffee-Zauner-Bad-Ischl-100057212599739\/","article_modified_time":"2026-04-13T09:08:56+00:00","og_image":[{"width":2499,"height":2499,"url":"https:\/\/zauner.at\/wp-content\/uploads\/2024\/09\/Der-suesse-Zauner.jpg","type":"image\/jpeg"}],"twitter_card":"summary_large_image","twitter_misc":{"Estimated reading time":"1 minute"},"schema":{"@context":"https:\/\/schema.org","@graph":[{"@type":"WebPage","@id":"https:\/\/zauner.at\/produkt\/der-suesse-zauner\/","url":"https:\/\/zauner.at\/produkt\/der-suesse-zauner\/","name":"The sweet Zauner - Zauner","isPartOf":{"@id":"https:\/\/zauner.at\/#website"},"primaryImageOfPage":{"@id":"https:\/\/zauner.at\/produkt\/der-suesse-zauner\/#primaryimage"},"image":{"@id":"https:\/\/zauner.at\/produkt\/der-suesse-zauner\/#primaryimage"},"thumbnailUrl":"https:\/\/zauner.at\/wp-content\/uploads\/2024\/09\/Der-suesse-Zauner.jpg","datePublished":"2024-03-07T12:14:01+00:00","dateModified":"2026-04-13T09:08:56+00:00","description":"The sweet Zauner \u2013 A book full of stories, tradition &amp; sweet delicacies. Order now &amp; immerse yourself in the world of confectionery!","breadcrumb":{"@id":"https:\/\/zauner.at\/produkt\/der-suesse-zauner\/#breadcrumb"},"inLanguage":"en-GB","potentialAction":[{"@type":"ReadAction","target":["https:\/\/zauner.at\/produkt\/der-suesse-zauner\/"]}]},{"@type":"ImageObject","inLanguage":"en-GB","@id":"https:\/\/zauner.at\/produkt\/der-suesse-zauner\/#primaryimage","url":"https:\/\/zauner.at\/wp-content\/uploads\/2024\/09\/Der-suesse-Zauner.jpg","contentUrl":"https:\/\/zauner.at\/wp-content\/uploads\/2024\/09\/Der-suesse-Zauner.jpg","width":2499,"height":2499,"caption":"Der s\u00fc\u00dfe Zauner"},{"@type":"BreadcrumbList","@id":"https:\/\/zauner.at\/produkt\/der-suesse-zauner\/#breadcrumb","itemListElement":[{"@type":"ListItem","position":1,"name":"Startseite","item":"https:\/\/zauner.at\/"},{"@type":"ListItem","position":2,"name":"Unser Onlineshop","item":"https:\/\/zauner.at\/shop\/"},{"@type":"ListItem","position":3,"name":"Der s\u00fc\u00dfe Zauner"}]},{"@type":"WebSite","@id":"https:\/\/zauner.at\/#website","url":"https:\/\/zauner.at\/","name":"Konditorei Zauner","description":"pastry shop","publisher":{"@id":"https:\/\/zauner.at\/#organization"},"potentialAction":[{"@type":"SearchAction","target":{"@type":"EntryPoint","urlTemplate":"https:\/\/zauner.at\/?s={search_term_string}"},"query-input":{"@type":"PropertyValueSpecification","valueRequired":true,"valueName":"search_term_string"}}],"inLanguage":"en-GB"},{"@type":"Organization","@id":"https:\/\/zauner.at\/#organization","name":"Konditorei Zauner","url":"https:\/\/zauner.at\/","logo":{"@type":"ImageObject","inLanguage":"en-GB","@id":"https:\/\/zauner.at\/#\/schema\/logo\/image\/","url":"https:\/\/zauner.at\/wp-content\/uploads\/2025\/02\/zauner-logo.png","contentUrl":"https:\/\/zauner.at\/wp-content\/uploads\/2025\/02\/zauner-logo.png","width":160,"height":142,"caption":"Konditorei Zauner"},"image":{"@id":"https:\/\/zauner.at\/#\/schema\/logo\/image\/"},"sameAs":["https:\/\/www.facebook.com\/p\/Konditorei-Kaffee-Zauner-Bad-Ischl-100057212599739\/","https:\/\/www.instagram.com\/zaunerkaffeekonditorei\/","https:\/\/at.linkedin.com\/company\/konditorei-kaffee-zauner?trk=public_profile_experience-group-header"]}]}},"_links":{"self":[{"href":"https:\/\/zauner.at\/en\/wp-json\/wp\/v2\/product\/215869","targetHints":{"allow":["GET"]}}],"collection":[{"href":"https:\/\/zauner.at\/en\/wp-json\/wp\/v2\/product"}],"about":[{"href":"https:\/\/zauner.at\/en\/wp-json\/wp\/v2\/types\/product"}],"replies":[{"embeddable":true,"href":"https:\/\/zauner.at\/en\/wp-json\/wp\/v2\/comments?post=215869"}],"wp:featuredmedia":[{"embeddable":true,"href":"https:\/\/zauner.at\/en\/wp-json\/wp\/v2\/media\/212123"}],"wp:attachment":[{"href":"https:\/\/zauner.at\/en\/wp-json\/wp\/v2\/media?parent=215869"}],"wp:term":[{"taxonomy":"product_brand","embeddable":true,"href":"https:\/\/zauner.at\/en\/wp-json\/wp\/v2\/product_brand?post=215869"},{"taxonomy":"product_cat","embeddable":true,"href":"https:\/\/zauner.at\/en\/wp-json\/wp\/v2\/product_cat?post=215869"},{"taxonomy":"product_tag","embeddable":true,"href":"https:\/\/zauner.at\/en\/wp-json\/wp\/v2\/product_tag?post=215869"}],"curies":[{"name":"wp","href":"https:\/\/api.w.org\/{rel}","templated":true}]}}