{"id":215840,"date":"2024-02-15T10:03:47","date_gmt":"2024-02-15T09:03:47","guid":{"rendered":"https:\/\/zauner.at\/produkt\/trueffelpackung-ostern-blau\/"},"modified":"2026-04-09T13:11:40","modified_gmt":"2026-04-09T11:11:40","slug":"trueffelpackung-ostern-blau","status":"publish","type":"product","link":"https:\/\/zauner.at\/en\/produkt\/trueffelpackung-ostern-blau\/","title":{"rendered":"Tr\u00fcffelpackung Ostern, blau"},"content":{"rendered":"<p>Hausgemachte Tr\u00fcffelkugeln mit verschiedenen F\u00fcllungen.<\/p>\n<p>Erh\u00e4ltlich in 3 Packungsgr\u00f6\u00dfen &#8211; 15 St\u00fcck, 9 St\u00fcck und 6 St\u00fcck.<\/p>\n<p>Each transparent package is tied with high-quality floral and mesh decoration.<\/p>\n<p><a href=\"https:\/\/zauner.at\/en\/truffles-and-pralines-from-zauner\/\">Convince yourself of our confectionery range here!<\/a><\/p>\n<p>Lasts up to two months.<\/p>\n<p>Allergens: Gluten (A), eggs (C), soy (F), lactose (G), nuts (H)<\/p>","protected":false},"excerpt":{"rendered":"<p>Hausgemachte Tr\u00fcffelkugeln mit verschiedenen F\u00fcllungen im Oster-Design<\/p>","protected":false},"featured_media":228554,"comment_status":"open","ping_status":"closed","template":"","meta":{"_acf_changed":false},"product_brand":[],"product_cat":[113,117],"product_tag":[860,127,861,129,294,385,409,410,118,412,119,434,120,443,122,767,126],"class_list":{"0":"post-215840","1":"product","2":"type-product","3":"status-publish","4":"has-post-thumbnail","6":"product_cat-spezielle-anlaesse","7":"product_cat-ostern","8":"product_tag-gelb","9":"product_tag-schokolade","10":"product_tag-verschiedene-fuellungen","11":"product_tag-tradition","12":"product_tag-confiserie","13":"product_tag-suesswaren","14":"product_tag-osterei","15":"product_tag-osterhase","16":"product_tag-bad-ischl","17":"product_tag-ostern","18":"product_tag-dessert","19":"product_tag-trueffelkugeln","20":"product_tag-geschenk","21":"product_tag-hausgemacht","22":"product_tag-konditorei-zauner","23":"product_tag-trueffelpackung","24":"product_tag-pralinen","26":"first","27":"outofstock","28":"taxable","29":"shipping-taxable","30":"purchasable","31":"product-type-variable"},"acf":[],"yoast_head":"<!-- This site is optimized with the Yoast SEO plugin v27.4 - https:\/\/yoast.com\/product\/yoast-seo-wordpress\/ -->\n<title>Tr\u00fcffelpackung Ostern, blau - Zauner<\/title>\n<meta name=\"robots\" content=\"index, follow, max-snippet:-1, max-image-preview:large, max-video-preview:-1\" \/>\n<link rel=\"canonical\" href=\"https:\/\/zauner.at\/en\/product-5\/trueffelpackung-ostern-blau\/\" \/>\n<meta property=\"og:locale\" content=\"en_GB\" \/>\n<meta property=\"og:type\" content=\"article\" \/>\n<meta property=\"og:title\" content=\"Tr\u00fcffelpackung Ostern, blau - Zauner\" \/>\n<meta property=\"og:url\" content=\"https:\/\/zauner.at\/en\/product-5\/trueffelpackung-ostern-blau\/\" \/>\n<meta property=\"og:site_name\" content=\"Zauner\" \/>\n<meta property=\"article:publisher\" content=\"https:\/\/www.facebook.com\/p\/Konditorei-Kaffee-Zauner-Bad-Ischl-100057212599739\/\" \/>\n<meta property=\"article:modified_time\" content=\"2026-04-09T11:11:40+00:00\" \/>\n<meta property=\"og:image\" content=\"https:\/\/zauner.at\/wp-content\/uploads\/2024\/02\/Trueffelkugeln-Uebersicht-blau.png\" \/>\n\t<meta property=\"og:image:width\" content=\"1024\" \/>\n\t<meta property=\"og:image:height\" content=\"1024\" \/>\n\t<meta property=\"og:image:type\" content=\"image\/png\" \/>\n<meta name=\"twitter:card\" content=\"summary_large_image\" \/>\n<script type=\"application\/ld+json\" class=\"yoast-schema-graph\">{\"@context\":\"https:\\\/\\\/schema.org\",\"@graph\":[{\"@type\":\"WebPage\",\"@id\":\"https:\\\/\\\/zauner.at\\\/produkt\\\/trueffelpackung-ostern-blau\\\/\",\"url\":\"https:\\\/\\\/zauner.at\\\/produkt\\\/trueffelpackung-ostern-blau\\\/\",\"name\":\"Tr\u00fcffelpackung Ostern, blau - Zauner\",\"isPartOf\":{\"@id\":\"https:\\\/\\\/zauner.at\\\/#website\"},\"primaryImageOfPage\":{\"@id\":\"https:\\\/\\\/zauner.at\\\/produkt\\\/trueffelpackung-ostern-blau\\\/#primaryimage\"},\"image\":{\"@id\":\"https:\\\/\\\/zauner.at\\\/produkt\\\/trueffelpackung-ostern-blau\\\/#primaryimage\"},\"thumbnailUrl\":\"https:\\\/\\\/zauner.at\\\/wp-content\\\/uploads\\\/2024\\\/02\\\/Trueffelkugeln-Uebersicht-blau.png\",\"datePublished\":\"2024-02-15T09:03:47+00:00\",\"dateModified\":\"2026-04-09T11:11:40+00:00\",\"breadcrumb\":{\"@id\":\"https:\\\/\\\/zauner.at\\\/produkt\\\/trueffelpackung-ostern-blau\\\/#breadcrumb\"},\"inLanguage\":\"en-GB\",\"potentialAction\":[{\"@type\":\"ReadAction\",\"target\":[\"https:\\\/\\\/zauner.at\\\/produkt\\\/trueffelpackung-ostern-blau\\\/\"]}]},{\"@type\":\"ImageObject\",\"inLanguage\":\"en-GB\",\"@id\":\"https:\\\/\\\/zauner.at\\\/produkt\\\/trueffelpackung-ostern-blau\\\/#primaryimage\",\"url\":\"https:\\\/\\\/zauner.at\\\/wp-content\\\/uploads\\\/2024\\\/02\\\/Trueffelkugeln-Uebersicht-blau.png\",\"contentUrl\":\"https:\\\/\\\/zauner.at\\\/wp-content\\\/uploads\\\/2024\\\/02\\\/Trueffelkugeln-Uebersicht-blau.png\",\"width\":1024,\"height\":1024},{\"@type\":\"BreadcrumbList\",\"@id\":\"https:\\\/\\\/zauner.at\\\/produkt\\\/trueffelpackung-ostern-blau\\\/#breadcrumb\",\"itemListElement\":[{\"@type\":\"ListItem\",\"position\":1,\"name\":\"Startseite\",\"item\":\"https:\\\/\\\/zauner.at\\\/\"},{\"@type\":\"ListItem\",\"position\":2,\"name\":\"Unser Onlineshop\",\"item\":\"https:\\\/\\\/zauner.at\\\/shop\\\/\"},{\"@type\":\"ListItem\",\"position\":3,\"name\":\"Tr\u00fcffelpackung Ostern, blau\"}]},{\"@type\":\"WebSite\",\"@id\":\"https:\\\/\\\/zauner.at\\\/#website\",\"url\":\"https:\\\/\\\/zauner.at\\\/\",\"name\":\"Konditorei Zauner\",\"description\":\"Konditorei\",\"publisher\":{\"@id\":\"https:\\\/\\\/zauner.at\\\/#organization\"},\"potentialAction\":[{\"@type\":\"SearchAction\",\"target\":{\"@type\":\"EntryPoint\",\"urlTemplate\":\"https:\\\/\\\/zauner.at\\\/?s={search_term_string}\"},\"query-input\":{\"@type\":\"PropertyValueSpecification\",\"valueRequired\":true,\"valueName\":\"search_term_string\"}}],\"inLanguage\":\"en-GB\"},{\"@type\":\"Organization\",\"@id\":\"https:\\\/\\\/zauner.at\\\/#organization\",\"name\":\"Konditorei Zauner\",\"url\":\"https:\\\/\\\/zauner.at\\\/\",\"logo\":{\"@type\":\"ImageObject\",\"inLanguage\":\"en-GB\",\"@id\":\"https:\\\/\\\/zauner.at\\\/#\\\/schema\\\/logo\\\/image\\\/\",\"url\":\"https:\\\/\\\/zauner.at\\\/wp-content\\\/uploads\\\/2025\\\/02\\\/zauner-logo.png\",\"contentUrl\":\"https:\\\/\\\/zauner.at\\\/wp-content\\\/uploads\\\/2025\\\/02\\\/zauner-logo.png\",\"width\":160,\"height\":142,\"caption\":\"Konditorei Zauner\"},\"image\":{\"@id\":\"https:\\\/\\\/zauner.at\\\/#\\\/schema\\\/logo\\\/image\\\/\"},\"sameAs\":[\"https:\\\/\\\/www.facebook.com\\\/p\\\/Konditorei-Kaffee-Zauner-Bad-Ischl-100057212599739\\\/\",\"https:\\\/\\\/www.instagram.com\\\/zaunerkaffeekonditorei\\\/\",\"https:\\\/\\\/at.linkedin.com\\\/company\\\/konditorei-kaffee-zauner?trk=public_profile_experience-group-header\"]}]}<\/script>\n<!-- \/ Yoast SEO plugin. -->","yoast_head_json":{"title":"Tr\u00fcffelpackung Ostern, blau - Zauner","robots":{"index":"index","follow":"follow","max-snippet":"max-snippet:-1","max-image-preview":"max-image-preview:large","max-video-preview":"max-video-preview:-1"},"canonical":"https:\/\/zauner.at\/en\/product-5\/trueffelpackung-ostern-blau\/","og_locale":"en_GB","og_type":"article","og_title":"Tr\u00fcffelpackung Ostern, blau - Zauner","og_url":"https:\/\/zauner.at\/en\/product-5\/trueffelpackung-ostern-blau\/","og_site_name":"Zauner","article_publisher":"https:\/\/www.facebook.com\/p\/Konditorei-Kaffee-Zauner-Bad-Ischl-100057212599739\/","article_modified_time":"2026-04-09T11:11:40+00:00","og_image":[{"width":1024,"height":1024,"url":"https:\/\/zauner.at\/wp-content\/uploads\/2024\/02\/Trueffelkugeln-Uebersicht-blau.png","type":"image\/png"}],"twitter_card":"summary_large_image","schema":{"@context":"https:\/\/schema.org","@graph":[{"@type":"WebPage","@id":"https:\/\/zauner.at\/produkt\/trueffelpackung-ostern-blau\/","url":"https:\/\/zauner.at\/produkt\/trueffelpackung-ostern-blau\/","name":"Tr\u00fcffelpackung Ostern, blau - Zauner","isPartOf":{"@id":"https:\/\/zauner.at\/#website"},"primaryImageOfPage":{"@id":"https:\/\/zauner.at\/produkt\/trueffelpackung-ostern-blau\/#primaryimage"},"image":{"@id":"https:\/\/zauner.at\/produkt\/trueffelpackung-ostern-blau\/#primaryimage"},"thumbnailUrl":"https:\/\/zauner.at\/wp-content\/uploads\/2024\/02\/Trueffelkugeln-Uebersicht-blau.png","datePublished":"2024-02-15T09:03:47+00:00","dateModified":"2026-04-09T11:11:40+00:00","breadcrumb":{"@id":"https:\/\/zauner.at\/produkt\/trueffelpackung-ostern-blau\/#breadcrumb"},"inLanguage":"en-GB","potentialAction":[{"@type":"ReadAction","target":["https:\/\/zauner.at\/produkt\/trueffelpackung-ostern-blau\/"]}]},{"@type":"ImageObject","inLanguage":"en-GB","@id":"https:\/\/zauner.at\/produkt\/trueffelpackung-ostern-blau\/#primaryimage","url":"https:\/\/zauner.at\/wp-content\/uploads\/2024\/02\/Trueffelkugeln-Uebersicht-blau.png","contentUrl":"https:\/\/zauner.at\/wp-content\/uploads\/2024\/02\/Trueffelkugeln-Uebersicht-blau.png","width":1024,"height":1024},{"@type":"BreadcrumbList","@id":"https:\/\/zauner.at\/produkt\/trueffelpackung-ostern-blau\/#breadcrumb","itemListElement":[{"@type":"ListItem","position":1,"name":"Startseite","item":"https:\/\/zauner.at\/"},{"@type":"ListItem","position":2,"name":"Unser Onlineshop","item":"https:\/\/zauner.at\/shop\/"},{"@type":"ListItem","position":3,"name":"Tr\u00fcffelpackung Ostern, blau"}]},{"@type":"WebSite","@id":"https:\/\/zauner.at\/#website","url":"https:\/\/zauner.at\/","name":"Konditorei Zauner","description":"pastry shop","publisher":{"@id":"https:\/\/zauner.at\/#organization"},"potentialAction":[{"@type":"SearchAction","target":{"@type":"EntryPoint","urlTemplate":"https:\/\/zauner.at\/?s={search_term_string}"},"query-input":{"@type":"PropertyValueSpecification","valueRequired":true,"valueName":"search_term_string"}}],"inLanguage":"en-GB"},{"@type":"Organization","@id":"https:\/\/zauner.at\/#organization","name":"Konditorei Zauner","url":"https:\/\/zauner.at\/","logo":{"@type":"ImageObject","inLanguage":"en-GB","@id":"https:\/\/zauner.at\/#\/schema\/logo\/image\/","url":"https:\/\/zauner.at\/wp-content\/uploads\/2025\/02\/zauner-logo.png","contentUrl":"https:\/\/zauner.at\/wp-content\/uploads\/2025\/02\/zauner-logo.png","width":160,"height":142,"caption":"Konditorei Zauner"},"image":{"@id":"https:\/\/zauner.at\/#\/schema\/logo\/image\/"},"sameAs":["https:\/\/www.facebook.com\/p\/Konditorei-Kaffee-Zauner-Bad-Ischl-100057212599739\/","https:\/\/www.instagram.com\/zaunerkaffeekonditorei\/","https:\/\/at.linkedin.com\/company\/konditorei-kaffee-zauner?trk=public_profile_experience-group-header"]}]}},"_links":{"self":[{"href":"https:\/\/zauner.at\/en\/wp-json\/wp\/v2\/product\/215840","targetHints":{"allow":["GET"]}}],"collection":[{"href":"https:\/\/zauner.at\/en\/wp-json\/wp\/v2\/product"}],"about":[{"href":"https:\/\/zauner.at\/en\/wp-json\/wp\/v2\/types\/product"}],"replies":[{"embeddable":true,"href":"https:\/\/zauner.at\/en\/wp-json\/wp\/v2\/comments?post=215840"}],"wp:featuredmedia":[{"embeddable":true,"href":"https:\/\/zauner.at\/en\/wp-json\/wp\/v2\/media\/228554"}],"wp:attachment":[{"href":"https:\/\/zauner.at\/en\/wp-json\/wp\/v2\/media?parent=215840"}],"wp:term":[{"taxonomy":"product_brand","embeddable":true,"href":"https:\/\/zauner.at\/en\/wp-json\/wp\/v2\/product_brand?post=215840"},{"taxonomy":"product_cat","embeddable":true,"href":"https:\/\/zauner.at\/en\/wp-json\/wp\/v2\/product_cat?post=215840"},{"taxonomy":"product_tag","embeddable":true,"href":"https:\/\/zauner.at\/en\/wp-json\/wp\/v2\/product_tag?post=215840"}],"curies":[{"name":"wp","href":"https:\/\/api.w.org\/{rel}","templated":true}]}}