{"id":215819,"date":"2024-01-27T10:38:05","date_gmt":"2024-01-27T09:38:05","guid":{"rendered":"https:\/\/zauner.at\/produkt\/zauner-geschenkkarton-confiserie\/"},"modified":"2026-04-10T10:08:59","modified_gmt":"2026-04-10T08:08:59","slug":"zauner-gift-box-confectionery","status":"publish","type":"product","link":"https:\/\/zauner.at\/en\/produkt\/zauner-geschenkkarton-confiserie\/","title":{"rendered":"gift box &quot;Confiserie&quot;"},"content":{"rendered":"<p>A noble mixture of the finest confectionery specialties from Zauner. Makes you want more.<\/p>\n<p>Original Zauner gift box with<br \/>\n1 Zaunerstollen, size 1, 145 g<br \/>\n1 Kaiser dessert<br \/>\n1 Zauner cake<br \/>\n1 Zauner Pralines, 180 g<br \/>\n1 Zauner truffle balls, 150 g<\/p>\n<p><a href=\"https:\/\/zauner.at\/en\/truffles-and-pralines-from-zauner\/\">Convince yourself of our confectionery range here!<\/a><\/p>\n<p>Allergens: Gluten (A), Egg (C), Peanut (E), Soy (F), Milk (G), Nuts (H)<\/p>","protected":false},"excerpt":{"rendered":"<p>The finest confectionery specialties from Zauner<\/p>","protected":false},"featured_media":217578,"comment_status":"open","ping_status":"closed","template":"","meta":{"_acf_changed":false},"product_brand":[],"product_cat":[107,109,100,102],"product_tag":[127,128,118,129,119,130,120,132,121,145,122,146,123,161,124,283,125,284,126,285],"class_list":{"0":"post-215819","1":"product","2":"type-product","3":"status-publish","4":"has-post-thumbnail","6":"product_cat-geschenke-gutscheine","7":"product_cat-geschenksets","8":"product_cat-pralinen-confiserie","9":"product_cat-pralinen-konfekt","10":"product_tag-schokolade","11":"product_tag-stueckdessert","12":"product_tag-bad-ischl","13":"product_tag-tradition","14":"product_tag-dessert","15":"product_tag-trueffel","16":"product_tag-geschenk","17":"product_tag-zaunerstollen","18":"product_tag-kaffeehaus","19":"product_tag-bad-ischler-oblate","20":"product_tag-konditorei-zauner","21":"product_tag-oblaten","22":"product_tag-monarchie","23":"product_tag-gebaeck","24":"product_tag-original-zaunerstollen","25":"product_tag-florentiner","26":"product_tag-pastry","27":"product_tag-kaffeegebaeck","28":"product_tag-pralinen","29":"product_tag-original-florentiner","31":"first","32":"instock","33":"taxable","34":"shipping-taxable","35":"purchasable","36":"product-type-simple"},"acf":[],"yoast_head":"<!-- This site is optimized with the Yoast SEO plugin v27.4 - https:\/\/yoast.com\/product\/yoast-seo-wordpress\/ -->\n<title>Geschenkkarton &quot;Confiserie&quot; - Zauner<\/title>\n<meta name=\"description\" content=\"Perfektes Geschenk f\u00fcr Genie\u00dfer! Der Zauner Geschenkkarton Confiserie ist gef\u00fcllt mit erlesenen Pralinen &amp; s\u00fc\u00dfen Spezialit\u00e4ten.\" \/>\n<meta name=\"robots\" content=\"index, follow, max-snippet:-1, max-image-preview:large, max-video-preview:-1\" \/>\n<link rel=\"canonical\" href=\"https:\/\/zauner.at\/en\/product-5\/zauner-gift-box-confectionery\/\" \/>\n<meta property=\"og:locale\" content=\"en_GB\" \/>\n<meta property=\"og:type\" content=\"article\" \/>\n<meta property=\"og:title\" content=\"Geschenkkarton &quot;Confiserie&quot; - Zauner\" \/>\n<meta property=\"og:description\" content=\"Perfektes Geschenk f\u00fcr Genie\u00dfer! Der Zauner Geschenkkarton Confiserie ist gef\u00fcllt mit erlesenen Pralinen &amp; s\u00fc\u00dfen Spezialit\u00e4ten.\" \/>\n<meta property=\"og:url\" content=\"https:\/\/zauner.at\/en\/product-5\/zauner-gift-box-confectionery\/\" \/>\n<meta property=\"og:site_name\" content=\"Zauner\" \/>\n<meta property=\"article:publisher\" content=\"https:\/\/www.facebook.com\/p\/Konditorei-Kaffee-Zauner-Bad-Ischl-100057212599739\/\" \/>\n<meta property=\"article:modified_time\" content=\"2026-04-10T08:08:59+00:00\" \/>\n<meta property=\"og:image\" content=\"https:\/\/zauner.at\/wp-content\/uploads\/2024\/01\/konditorei-zauner-produkt-geschenke-geschenkkarton-confiserie-1200x1200-1.jpg\" \/>\n\t<meta property=\"og:image:width\" content=\"1200\" \/>\n\t<meta property=\"og:image:height\" content=\"1200\" \/>\n\t<meta property=\"og:image:type\" content=\"image\/jpeg\" \/>\n<meta name=\"twitter:card\" content=\"summary_large_image\" \/>\n<meta name=\"twitter:label1\" content=\"Estimated reading time\" \/>\n\t<meta name=\"twitter:data1\" content=\"1 minute\" \/>\n<script type=\"application\/ld+json\" class=\"yoast-schema-graph\">{\"@context\":\"https:\\\/\\\/schema.org\",\"@graph\":[{\"@type\":\"WebPage\",\"@id\":\"https:\\\/\\\/zauner.at\\\/produkt\\\/zauner-geschenkkarton-confiserie\\\/\",\"url\":\"https:\\\/\\\/zauner.at\\\/produkt\\\/zauner-geschenkkarton-confiserie\\\/\",\"name\":\"Geschenkkarton \\\"Confiserie\\\" - Zauner\",\"isPartOf\":{\"@id\":\"https:\\\/\\\/zauner.at\\\/#website\"},\"primaryImageOfPage\":{\"@id\":\"https:\\\/\\\/zauner.at\\\/produkt\\\/zauner-geschenkkarton-confiserie\\\/#primaryimage\"},\"image\":{\"@id\":\"https:\\\/\\\/zauner.at\\\/produkt\\\/zauner-geschenkkarton-confiserie\\\/#primaryimage\"},\"thumbnailUrl\":\"https:\\\/\\\/zauner.at\\\/wp-content\\\/uploads\\\/2024\\\/01\\\/konditorei-zauner-produkt-geschenke-geschenkkarton-confiserie-1200x1200-1.jpg\",\"datePublished\":\"2024-01-27T09:38:05+00:00\",\"dateModified\":\"2026-04-10T08:08:59+00:00\",\"description\":\"Perfektes Geschenk f\u00fcr Genie\u00dfer! Der Zauner Geschenkkarton Confiserie ist gef\u00fcllt mit erlesenen Pralinen & s\u00fc\u00dfen Spezialit\u00e4ten.\",\"breadcrumb\":{\"@id\":\"https:\\\/\\\/zauner.at\\\/produkt\\\/zauner-geschenkkarton-confiserie\\\/#breadcrumb\"},\"inLanguage\":\"en-GB\",\"potentialAction\":[{\"@type\":\"ReadAction\",\"target\":[\"https:\\\/\\\/zauner.at\\\/produkt\\\/zauner-geschenkkarton-confiserie\\\/\"]}]},{\"@type\":\"ImageObject\",\"inLanguage\":\"en-GB\",\"@id\":\"https:\\\/\\\/zauner.at\\\/produkt\\\/zauner-geschenkkarton-confiserie\\\/#primaryimage\",\"url\":\"https:\\\/\\\/zauner.at\\\/wp-content\\\/uploads\\\/2024\\\/01\\\/konditorei-zauner-produkt-geschenke-geschenkkarton-confiserie-1200x1200-1.jpg\",\"contentUrl\":\"https:\\\/\\\/zauner.at\\\/wp-content\\\/uploads\\\/2024\\\/01\\\/konditorei-zauner-produkt-geschenke-geschenkkarton-confiserie-1200x1200-1.jpg\",\"width\":1200,\"height\":1200,\"caption\":\"Zauner Geschenkkarton \\\"Confiserie\\\" mit verschiedenen Pralinensorten\"},{\"@type\":\"BreadcrumbList\",\"@id\":\"https:\\\/\\\/zauner.at\\\/produkt\\\/zauner-geschenkkarton-confiserie\\\/#breadcrumb\",\"itemListElement\":[{\"@type\":\"ListItem\",\"position\":1,\"name\":\"Startseite\",\"item\":\"https:\\\/\\\/zauner.at\\\/\"},{\"@type\":\"ListItem\",\"position\":2,\"name\":\"Unser Onlineshop\",\"item\":\"https:\\\/\\\/zauner.at\\\/shop\\\/\"},{\"@type\":\"ListItem\",\"position\":3,\"name\":\"Geschenkkarton &#8220;Confiserie&#8221;\"}]},{\"@type\":\"WebSite\",\"@id\":\"https:\\\/\\\/zauner.at\\\/#website\",\"url\":\"https:\\\/\\\/zauner.at\\\/\",\"name\":\"Konditorei Zauner\",\"description\":\"Konditorei\",\"publisher\":{\"@id\":\"https:\\\/\\\/zauner.at\\\/#organization\"},\"potentialAction\":[{\"@type\":\"SearchAction\",\"target\":{\"@type\":\"EntryPoint\",\"urlTemplate\":\"https:\\\/\\\/zauner.at\\\/?s={search_term_string}\"},\"query-input\":{\"@type\":\"PropertyValueSpecification\",\"valueRequired\":true,\"valueName\":\"search_term_string\"}}],\"inLanguage\":\"en-GB\"},{\"@type\":\"Organization\",\"@id\":\"https:\\\/\\\/zauner.at\\\/#organization\",\"name\":\"Konditorei Zauner\",\"url\":\"https:\\\/\\\/zauner.at\\\/\",\"logo\":{\"@type\":\"ImageObject\",\"inLanguage\":\"en-GB\",\"@id\":\"https:\\\/\\\/zauner.at\\\/#\\\/schema\\\/logo\\\/image\\\/\",\"url\":\"https:\\\/\\\/zauner.at\\\/wp-content\\\/uploads\\\/2025\\\/02\\\/zauner-logo.png\",\"contentUrl\":\"https:\\\/\\\/zauner.at\\\/wp-content\\\/uploads\\\/2025\\\/02\\\/zauner-logo.png\",\"width\":160,\"height\":142,\"caption\":\"Konditorei Zauner\"},\"image\":{\"@id\":\"https:\\\/\\\/zauner.at\\\/#\\\/schema\\\/logo\\\/image\\\/\"},\"sameAs\":[\"https:\\\/\\\/www.facebook.com\\\/p\\\/Konditorei-Kaffee-Zauner-Bad-Ischl-100057212599739\\\/\",\"https:\\\/\\\/www.instagram.com\\\/zaunerkaffeekonditorei\\\/\",\"https:\\\/\\\/at.linkedin.com\\\/company\\\/konditorei-kaffee-zauner?trk=public_profile_experience-group-header\"]}]}<\/script>\n<!-- \/ Yoast SEO plugin. -->","yoast_head_json":{"title":"Gift box &quot;Confiserie&quot; - Zauner","description":"Perfect gift for connoisseurs! The Zauner Confiserie gift box is filled with exquisite chocolates and sweet specialties.","robots":{"index":"index","follow":"follow","max-snippet":"max-snippet:-1","max-image-preview":"max-image-preview:large","max-video-preview":"max-video-preview:-1"},"canonical":"https:\/\/zauner.at\/en\/product-5\/zauner-gift-box-confectionery\/","og_locale":"en_GB","og_type":"article","og_title":"Geschenkkarton \"Confiserie\" - Zauner","og_description":"Perfektes Geschenk f\u00fcr Genie\u00dfer! Der Zauner Geschenkkarton Confiserie ist gef\u00fcllt mit erlesenen Pralinen & s\u00fc\u00dfen Spezialit\u00e4ten.","og_url":"https:\/\/zauner.at\/en\/product-5\/zauner-gift-box-confectionery\/","og_site_name":"Zauner","article_publisher":"https:\/\/www.facebook.com\/p\/Konditorei-Kaffee-Zauner-Bad-Ischl-100057212599739\/","article_modified_time":"2026-04-10T08:08:59+00:00","og_image":[{"width":1200,"height":1200,"url":"https:\/\/zauner.at\/wp-content\/uploads\/2024\/01\/konditorei-zauner-produkt-geschenke-geschenkkarton-confiserie-1200x1200-1.jpg","type":"image\/jpeg"}],"twitter_card":"summary_large_image","twitter_misc":{"Estimated reading time":"1 minute"},"schema":{"@context":"https:\/\/schema.org","@graph":[{"@type":"WebPage","@id":"https:\/\/zauner.at\/produkt\/zauner-geschenkkarton-confiserie\/","url":"https:\/\/zauner.at\/produkt\/zauner-geschenkkarton-confiserie\/","name":"Gift box &quot;Confiserie&quot; - Zauner","isPartOf":{"@id":"https:\/\/zauner.at\/#website"},"primaryImageOfPage":{"@id":"https:\/\/zauner.at\/produkt\/zauner-geschenkkarton-confiserie\/#primaryimage"},"image":{"@id":"https:\/\/zauner.at\/produkt\/zauner-geschenkkarton-confiserie\/#primaryimage"},"thumbnailUrl":"https:\/\/zauner.at\/wp-content\/uploads\/2024\/01\/konditorei-zauner-produkt-geschenke-geschenkkarton-confiserie-1200x1200-1.jpg","datePublished":"2024-01-27T09:38:05+00:00","dateModified":"2026-04-10T08:08:59+00:00","description":"Perfect gift for connoisseurs! The Zauner Confiserie gift box is filled with exquisite chocolates and sweet specialties.","breadcrumb":{"@id":"https:\/\/zauner.at\/produkt\/zauner-geschenkkarton-confiserie\/#breadcrumb"},"inLanguage":"en-GB","potentialAction":[{"@type":"ReadAction","target":["https:\/\/zauner.at\/produkt\/zauner-geschenkkarton-confiserie\/"]}]},{"@type":"ImageObject","inLanguage":"en-GB","@id":"https:\/\/zauner.at\/produkt\/zauner-geschenkkarton-confiserie\/#primaryimage","url":"https:\/\/zauner.at\/wp-content\/uploads\/2024\/01\/konditorei-zauner-produkt-geschenke-geschenkkarton-confiserie-1200x1200-1.jpg","contentUrl":"https:\/\/zauner.at\/wp-content\/uploads\/2024\/01\/konditorei-zauner-produkt-geschenke-geschenkkarton-confiserie-1200x1200-1.jpg","width":1200,"height":1200,"caption":"Zauner Geschenkkarton \"Confiserie\" mit verschiedenen Pralinensorten"},{"@type":"BreadcrumbList","@id":"https:\/\/zauner.at\/produkt\/zauner-geschenkkarton-confiserie\/#breadcrumb","itemListElement":[{"@type":"ListItem","position":1,"name":"Startseite","item":"https:\/\/zauner.at\/"},{"@type":"ListItem","position":2,"name":"Unser Onlineshop","item":"https:\/\/zauner.at\/shop\/"},{"@type":"ListItem","position":3,"name":"Geschenkkarton &#8220;Confiserie&#8221;"}]},{"@type":"WebSite","@id":"https:\/\/zauner.at\/#website","url":"https:\/\/zauner.at\/","name":"Konditorei Zauner","description":"pastry shop","publisher":{"@id":"https:\/\/zauner.at\/#organization"},"potentialAction":[{"@type":"SearchAction","target":{"@type":"EntryPoint","urlTemplate":"https:\/\/zauner.at\/?s={search_term_string}"},"query-input":{"@type":"PropertyValueSpecification","valueRequired":true,"valueName":"search_term_string"}}],"inLanguage":"en-GB"},{"@type":"Organization","@id":"https:\/\/zauner.at\/#organization","name":"Konditorei Zauner","url":"https:\/\/zauner.at\/","logo":{"@type":"ImageObject","inLanguage":"en-GB","@id":"https:\/\/zauner.at\/#\/schema\/logo\/image\/","url":"https:\/\/zauner.at\/wp-content\/uploads\/2025\/02\/zauner-logo.png","contentUrl":"https:\/\/zauner.at\/wp-content\/uploads\/2025\/02\/zauner-logo.png","width":160,"height":142,"caption":"Konditorei Zauner"},"image":{"@id":"https:\/\/zauner.at\/#\/schema\/logo\/image\/"},"sameAs":["https:\/\/www.facebook.com\/p\/Konditorei-Kaffee-Zauner-Bad-Ischl-100057212599739\/","https:\/\/www.instagram.com\/zaunerkaffeekonditorei\/","https:\/\/at.linkedin.com\/company\/konditorei-kaffee-zauner?trk=public_profile_experience-group-header"]}]}},"_links":{"self":[{"href":"https:\/\/zauner.at\/en\/wp-json\/wp\/v2\/product\/215819","targetHints":{"allow":["GET"]}}],"collection":[{"href":"https:\/\/zauner.at\/en\/wp-json\/wp\/v2\/product"}],"about":[{"href":"https:\/\/zauner.at\/en\/wp-json\/wp\/v2\/types\/product"}],"replies":[{"embeddable":true,"href":"https:\/\/zauner.at\/en\/wp-json\/wp\/v2\/comments?post=215819"}],"wp:featuredmedia":[{"embeddable":true,"href":"https:\/\/zauner.at\/en\/wp-json\/wp\/v2\/media\/217578"}],"wp:attachment":[{"href":"https:\/\/zauner.at\/en\/wp-json\/wp\/v2\/media?parent=215819"}],"wp:term":[{"taxonomy":"product_brand","embeddable":true,"href":"https:\/\/zauner.at\/en\/wp-json\/wp\/v2\/product_brand?post=215819"},{"taxonomy":"product_cat","embeddable":true,"href":"https:\/\/zauner.at\/en\/wp-json\/wp\/v2\/product_cat?post=215819"},{"taxonomy":"product_tag","embeddable":true,"href":"https:\/\/zauner.at\/en\/wp-json\/wp\/v2\/product_tag?post=215819"}],"curies":[{"name":"wp","href":"https:\/\/api.w.org\/{rel}","templated":true}]}}