{"id":215756,"date":"2023-10-19T13:51:33","date_gmt":"2023-10-19T11:51:33","guid":{"rendered":"https:\/\/zauner.at\/produkt\/adventkalender-kinder\/"},"modified":"2026-02-02T08:10:05","modified_gmt":"2026-02-02T07:10:05","slug":"adventkalender-weiss","status":"publish","type":"product","link":"https:\/\/zauner.at\/en\/produkt\/adventkalender-weiss\/","title":{"rendered":"Adventkalender &#8220;Wei\u00df&#8221;"},"content":{"rendered":"<p>Der klassische Zauner-Adventkalender in Wei\u00df mit handgebundener Masche (alkoholfrei)<\/p>\n<p>Gef\u00fcllt mit 24 handverlesenen Confiserie-Spezialit\u00e4ten<\/p>\n<p><a href=\"https:\/\/zauner.at\/en\/?page_id=216591\">Convince yourself of our confectionery range here!<\/a><\/p>\n<p>Allergens: Gluten (A), Egg (C), Soy (F), Milk (G), Nuts (H)<\/p>\n<p>&nbsp;<\/p>","protected":false},"excerpt":{"rendered":"<div id=\"div_block-309-86\" class=\"ct-div-block\">\n<div id=\"-product-excerpt-310-86\" class=\"oxy-product-excerpt oxy-woo-element\">\n<div class=\"woocommerce-product-details__short-description\">\n<p>Gef\u00fcllt mit 24 k\u00f6stlichen, handgefertigten Zauner-Spezialit\u00e4ten<\/p>\n<\/div>\n<\/div>\n<\/div>","protected":false},"featured_media":222004,"comment_status":"closed","ping_status":"closed","template":"","meta":{"_acf_changed":false},"product_brand":[],"product_cat":[264,113,115],"product_tag":[127,129,294,385,430,431,463,118,120,122],"class_list":{"0":"post-215756","1":"product","2":"type-product","3":"status-publish","4":"has-post-thumbnail","6":"product_cat-weihnachtsconfiserie","7":"product_cat-spezielle-anlaesse","8":"product_cat-weihnachten","9":"product_tag-schokolade","10":"product_tag-tradition","11":"product_tag-confiserie","12":"product_tag-suesswaren","13":"product_tag-advent","14":"product_tag-weihnachten","15":"product_tag-adventkalender","16":"product_tag-bad-ischl","17":"product_tag-geschenk","18":"product_tag-konditorei-zauner","20":"first","21":"outofstock","22":"taxable","23":"shipping-taxable","24":"purchasable","25":"product-type-simple"},"acf":[],"yoast_head":"<!-- This site is optimized with the Yoast SEO plugin v27.4 - https:\/\/yoast.com\/product\/yoast-seo-wordpress\/ -->\n<title>Adventkalender &quot;Wei\u00df&quot; - Zauner<\/title>\n<meta name=\"description\" content=\"Der Zauner Adventkalender f\u00fcr Kinder \u2013 liebevoll gef\u00fcllt mit s\u00fc\u00dfen \u00dcberraschungen. Jetzt bestellen &amp; die Vorweihnachtszeit vers\u00fc\u00dfen!\" \/>\n<meta name=\"robots\" content=\"index, follow, max-snippet:-1, max-image-preview:large, max-video-preview:-1\" \/>\n<link rel=\"canonical\" href=\"https:\/\/zauner.at\/en\/product-5\/adventkalender-weiss\/\" \/>\n<meta property=\"og:locale\" content=\"en_GB\" \/>\n<meta property=\"og:type\" content=\"article\" \/>\n<meta property=\"og:title\" content=\"Adventkalender &quot;Wei\u00df&quot; - Zauner\" \/>\n<meta property=\"og:description\" content=\"Der Zauner Adventkalender f\u00fcr Kinder \u2013 liebevoll gef\u00fcllt mit s\u00fc\u00dfen \u00dcberraschungen. Jetzt bestellen &amp; die Vorweihnachtszeit vers\u00fc\u00dfen!\" \/>\n<meta property=\"og:url\" content=\"https:\/\/zauner.at\/en\/product-5\/adventkalender-weiss\/\" \/>\n<meta property=\"og:site_name\" content=\"Zauner\" \/>\n<meta property=\"article:publisher\" content=\"https:\/\/www.facebook.com\/p\/Konditorei-Kaffee-Zauner-Bad-Ischl-100057212599739\/\" \/>\n<meta property=\"article:modified_time\" content=\"2026-02-02T07:10:05+00:00\" \/>\n<meta property=\"og:image\" content=\"https:\/\/zauner.at\/wp-content\/uploads\/2025\/09\/Adventkalender-Weiss-01.jpg\" \/>\n\t<meta property=\"og:image:width\" content=\"1575\" \/>\n\t<meta property=\"og:image:height\" content=\"1575\" \/>\n\t<meta property=\"og:image:type\" content=\"image\/jpeg\" \/>\n<meta name=\"twitter:card\" content=\"summary_large_image\" \/>\n<meta name=\"twitter:label1\" content=\"Estimated reading time\" \/>\n\t<meta name=\"twitter:data1\" content=\"1 minute\" \/>\n<script type=\"application\/ld+json\" class=\"yoast-schema-graph\">{\"@context\":\"https:\\\/\\\/schema.org\",\"@graph\":[{\"@type\":\"WebPage\",\"@id\":\"https:\\\/\\\/zauner.at\\\/produkt\\\/adventkalender-weiss\\\/\",\"url\":\"https:\\\/\\\/zauner.at\\\/produkt\\\/adventkalender-weiss\\\/\",\"name\":\"Adventkalender \\\"Wei\u00df\\\" - Zauner\",\"isPartOf\":{\"@id\":\"https:\\\/\\\/zauner.at\\\/#website\"},\"primaryImageOfPage\":{\"@id\":\"https:\\\/\\\/zauner.at\\\/produkt\\\/adventkalender-weiss\\\/#primaryimage\"},\"image\":{\"@id\":\"https:\\\/\\\/zauner.at\\\/produkt\\\/adventkalender-weiss\\\/#primaryimage\"},\"thumbnailUrl\":\"https:\\\/\\\/zauner.at\\\/wp-content\\\/uploads\\\/2025\\\/09\\\/Adventkalender-Weiss-01.jpg\",\"datePublished\":\"2023-10-19T11:51:33+00:00\",\"dateModified\":\"2026-02-02T07:10:05+00:00\",\"description\":\"Der Zauner Adventkalender f\u00fcr Kinder \u2013 liebevoll gef\u00fcllt mit s\u00fc\u00dfen \u00dcberraschungen. Jetzt bestellen & die Vorweihnachtszeit vers\u00fc\u00dfen!\",\"breadcrumb\":{\"@id\":\"https:\\\/\\\/zauner.at\\\/produkt\\\/adventkalender-weiss\\\/#breadcrumb\"},\"inLanguage\":\"en-GB\",\"potentialAction\":[{\"@type\":\"ReadAction\",\"target\":[\"https:\\\/\\\/zauner.at\\\/produkt\\\/adventkalender-weiss\\\/\"]}]},{\"@type\":\"ImageObject\",\"inLanguage\":\"en-GB\",\"@id\":\"https:\\\/\\\/zauner.at\\\/produkt\\\/adventkalender-weiss\\\/#primaryimage\",\"url\":\"https:\\\/\\\/zauner.at\\\/wp-content\\\/uploads\\\/2025\\\/09\\\/Adventkalender-Weiss-01.jpg\",\"contentUrl\":\"https:\\\/\\\/zauner.at\\\/wp-content\\\/uploads\\\/2025\\\/09\\\/Adventkalender-Weiss-01.jpg\",\"width\":1575,\"height\":1575,\"caption\":\"Adventkalender Wei\u00df Produktbild\"},{\"@type\":\"BreadcrumbList\",\"@id\":\"https:\\\/\\\/zauner.at\\\/produkt\\\/adventkalender-weiss\\\/#breadcrumb\",\"itemListElement\":[{\"@type\":\"ListItem\",\"position\":1,\"name\":\"Startseite\",\"item\":\"https:\\\/\\\/zauner.at\\\/\"},{\"@type\":\"ListItem\",\"position\":2,\"name\":\"Unser Onlineshop\",\"item\":\"https:\\\/\\\/zauner.at\\\/shop\\\/\"},{\"@type\":\"ListItem\",\"position\":3,\"name\":\"Adventkalender &#8220;Wei\u00df&#8221;\"}]},{\"@type\":\"WebSite\",\"@id\":\"https:\\\/\\\/zauner.at\\\/#website\",\"url\":\"https:\\\/\\\/zauner.at\\\/\",\"name\":\"Konditorei Zauner\",\"description\":\"Konditorei\",\"publisher\":{\"@id\":\"https:\\\/\\\/zauner.at\\\/#organization\"},\"potentialAction\":[{\"@type\":\"SearchAction\",\"target\":{\"@type\":\"EntryPoint\",\"urlTemplate\":\"https:\\\/\\\/zauner.at\\\/?s={search_term_string}\"},\"query-input\":{\"@type\":\"PropertyValueSpecification\",\"valueRequired\":true,\"valueName\":\"search_term_string\"}}],\"inLanguage\":\"en-GB\"},{\"@type\":\"Organization\",\"@id\":\"https:\\\/\\\/zauner.at\\\/#organization\",\"name\":\"Konditorei Zauner\",\"url\":\"https:\\\/\\\/zauner.at\\\/\",\"logo\":{\"@type\":\"ImageObject\",\"inLanguage\":\"en-GB\",\"@id\":\"https:\\\/\\\/zauner.at\\\/#\\\/schema\\\/logo\\\/image\\\/\",\"url\":\"https:\\\/\\\/zauner.at\\\/wp-content\\\/uploads\\\/2025\\\/02\\\/zauner-logo.png\",\"contentUrl\":\"https:\\\/\\\/zauner.at\\\/wp-content\\\/uploads\\\/2025\\\/02\\\/zauner-logo.png\",\"width\":160,\"height\":142,\"caption\":\"Konditorei Zauner\"},\"image\":{\"@id\":\"https:\\\/\\\/zauner.at\\\/#\\\/schema\\\/logo\\\/image\\\/\"},\"sameAs\":[\"https:\\\/\\\/www.facebook.com\\\/p\\\/Konditorei-Kaffee-Zauner-Bad-Ischl-100057212599739\\\/\",\"https:\\\/\\\/www.instagram.com\\\/zaunerkaffeekonditorei\\\/\",\"https:\\\/\\\/at.linkedin.com\\\/company\\\/konditorei-kaffee-zauner?trk=public_profile_experience-group-header\"]}]}<\/script>\n<!-- \/ Yoast SEO plugin. -->","yoast_head_json":{"title":"Adventkalender \"Wei\u00df\" - Zauner","description":"The Zauner Advent calendar for children \u2013 lovingly filled with sweet surprises. Order now and sweeten the pre-Christmas period!","robots":{"index":"index","follow":"follow","max-snippet":"max-snippet:-1","max-image-preview":"max-image-preview:large","max-video-preview":"max-video-preview:-1"},"canonical":"https:\/\/zauner.at\/en\/product-5\/adventkalender-weiss\/","og_locale":"en_GB","og_type":"article","og_title":"Adventkalender \"Wei\u00df\" - Zauner","og_description":"Der Zauner Adventkalender f\u00fcr Kinder \u2013 liebevoll gef\u00fcllt mit s\u00fc\u00dfen \u00dcberraschungen. Jetzt bestellen & die Vorweihnachtszeit vers\u00fc\u00dfen!","og_url":"https:\/\/zauner.at\/en\/product-5\/adventkalender-weiss\/","og_site_name":"Zauner","article_publisher":"https:\/\/www.facebook.com\/p\/Konditorei-Kaffee-Zauner-Bad-Ischl-100057212599739\/","article_modified_time":"2026-02-02T07:10:05+00:00","og_image":[{"width":1575,"height":1575,"url":"https:\/\/zauner.at\/wp-content\/uploads\/2025\/09\/Adventkalender-Weiss-01.jpg","type":"image\/jpeg"}],"twitter_card":"summary_large_image","twitter_misc":{"Estimated reading time":"1 minute"},"schema":{"@context":"https:\/\/schema.org","@graph":[{"@type":"WebPage","@id":"https:\/\/zauner.at\/produkt\/adventkalender-weiss\/","url":"https:\/\/zauner.at\/produkt\/adventkalender-weiss\/","name":"Adventkalender \"Wei\u00df\" - Zauner","isPartOf":{"@id":"https:\/\/zauner.at\/#website"},"primaryImageOfPage":{"@id":"https:\/\/zauner.at\/produkt\/adventkalender-weiss\/#primaryimage"},"image":{"@id":"https:\/\/zauner.at\/produkt\/adventkalender-weiss\/#primaryimage"},"thumbnailUrl":"https:\/\/zauner.at\/wp-content\/uploads\/2025\/09\/Adventkalender-Weiss-01.jpg","datePublished":"2023-10-19T11:51:33+00:00","dateModified":"2026-02-02T07:10:05+00:00","description":"The Zauner Advent calendar for children \u2013 lovingly filled with sweet surprises. Order now and sweeten the pre-Christmas period!","breadcrumb":{"@id":"https:\/\/zauner.at\/produkt\/adventkalender-weiss\/#breadcrumb"},"inLanguage":"en-GB","potentialAction":[{"@type":"ReadAction","target":["https:\/\/zauner.at\/produkt\/adventkalender-weiss\/"]}]},{"@type":"ImageObject","inLanguage":"en-GB","@id":"https:\/\/zauner.at\/produkt\/adventkalender-weiss\/#primaryimage","url":"https:\/\/zauner.at\/wp-content\/uploads\/2025\/09\/Adventkalender-Weiss-01.jpg","contentUrl":"https:\/\/zauner.at\/wp-content\/uploads\/2025\/09\/Adventkalender-Weiss-01.jpg","width":1575,"height":1575,"caption":"Adventkalender Wei\u00df Produktbild"},{"@type":"BreadcrumbList","@id":"https:\/\/zauner.at\/produkt\/adventkalender-weiss\/#breadcrumb","itemListElement":[{"@type":"ListItem","position":1,"name":"Startseite","item":"https:\/\/zauner.at\/"},{"@type":"ListItem","position":2,"name":"Unser Onlineshop","item":"https:\/\/zauner.at\/shop\/"},{"@type":"ListItem","position":3,"name":"Adventkalender &#8220;Wei\u00df&#8221;"}]},{"@type":"WebSite","@id":"https:\/\/zauner.at\/#website","url":"https:\/\/zauner.at\/","name":"Konditorei Zauner","description":"pastry shop","publisher":{"@id":"https:\/\/zauner.at\/#organization"},"potentialAction":[{"@type":"SearchAction","target":{"@type":"EntryPoint","urlTemplate":"https:\/\/zauner.at\/?s={search_term_string}"},"query-input":{"@type":"PropertyValueSpecification","valueRequired":true,"valueName":"search_term_string"}}],"inLanguage":"en-GB"},{"@type":"Organization","@id":"https:\/\/zauner.at\/#organization","name":"Konditorei Zauner","url":"https:\/\/zauner.at\/","logo":{"@type":"ImageObject","inLanguage":"en-GB","@id":"https:\/\/zauner.at\/#\/schema\/logo\/image\/","url":"https:\/\/zauner.at\/wp-content\/uploads\/2025\/02\/zauner-logo.png","contentUrl":"https:\/\/zauner.at\/wp-content\/uploads\/2025\/02\/zauner-logo.png","width":160,"height":142,"caption":"Konditorei Zauner"},"image":{"@id":"https:\/\/zauner.at\/#\/schema\/logo\/image\/"},"sameAs":["https:\/\/www.facebook.com\/p\/Konditorei-Kaffee-Zauner-Bad-Ischl-100057212599739\/","https:\/\/www.instagram.com\/zaunerkaffeekonditorei\/","https:\/\/at.linkedin.com\/company\/konditorei-kaffee-zauner?trk=public_profile_experience-group-header"]}]}},"_links":{"self":[{"href":"https:\/\/zauner.at\/en\/wp-json\/wp\/v2\/product\/215756","targetHints":{"allow":["GET"]}}],"collection":[{"href":"https:\/\/zauner.at\/en\/wp-json\/wp\/v2\/product"}],"about":[{"href":"https:\/\/zauner.at\/en\/wp-json\/wp\/v2\/types\/product"}],"replies":[{"embeddable":true,"href":"https:\/\/zauner.at\/en\/wp-json\/wp\/v2\/comments?post=215756"}],"wp:featuredmedia":[{"embeddable":true,"href":"https:\/\/zauner.at\/en\/wp-json\/wp\/v2\/media\/222004"}],"wp:attachment":[{"href":"https:\/\/zauner.at\/en\/wp-json\/wp\/v2\/media?parent=215756"}],"wp:term":[{"taxonomy":"product_brand","embeddable":true,"href":"https:\/\/zauner.at\/en\/wp-json\/wp\/v2\/product_brand?post=215756"},{"taxonomy":"product_cat","embeddable":true,"href":"https:\/\/zauner.at\/en\/wp-json\/wp\/v2\/product_cat?post=215756"},{"taxonomy":"product_tag","embeddable":true,"href":"https:\/\/zauner.at\/en\/wp-json\/wp\/v2\/product_tag?post=215756"}],"curies":[{"name":"wp","href":"https:\/\/api.w.org\/{rel}","templated":true}]}}