{"id":215435,"date":"2022-06-09T08:54:00","date_gmt":"2022-06-09T06:54:00","guid":{"rendered":"https:\/\/zauner.at\/produkt\/zauner-geschenkkarton-marzipan\/"},"modified":"2026-03-30T10:09:38","modified_gmt":"2026-03-30T08:09:38","slug":"zauner-gift-box-marzipan","status":"publish","type":"product","link":"https:\/\/zauner.at\/en\/produkt\/zauner-geschenkkarton-marzipan\/","title":{"rendered":"gift box &quot;Marzipan&quot;"},"content":{"rendered":"<p>The elegant gift box from Zauner, especially suitable for marzipan lovers:<\/p>\n<p>1 x Zaunerstollen size I, 145 g<br \/>\n1 x Zauner cake<br \/>\n1 x Zauner Kaiserdessert<br \/>\n1 x Zauner Marzipan Bread Walnut Dark, 140 g<br \/>\n1 x Zauner Marzipan Bread white, 120 g<br \/>\n1 x Zauner Pralines, 110 g<br \/>\n1 x Zauner truffle balls, 140 g<br \/>\n1 x Zauner Galettes, 50 g<br \/>\n1 x Zauner Florentiner, 50 g<\/p>\n<p>Allergens: Gluten (A), Egg (C), Peanut (E), Soy (F), Lactose (M), Nuts (H)<\/p>","protected":false},"excerpt":{"rendered":"<p>A special gift filled with the most popular specialties from Zauner for marzipan lovers<\/p>","protected":false},"featured_media":217601,"comment_status":"closed","ping_status":"closed","template":"","meta":{"_acf_changed":false},"product_brand":[],"product_cat":[100,102,107,109],"product_tag":[118,330,119,334,120,337,122,338,127,790,132,143,154,161,283,329],"class_list":{"0":"post-215435","1":"product","2":"type-product","3":"status-publish","4":"has-post-thumbnail","6":"product_cat-pralinen-confiserie","7":"product_cat-pralinen-konfekt","8":"product_cat-geschenke-gutscheine","9":"product_cat-geschenksets","10":"product_tag-bad-ischl","11":"product_tag-hofzuckerbaeckerei","12":"product_tag-dessert","13":"product_tag-onlineshop","14":"product_tag-geschenk","15":"product_tag-schokoladentafel","16":"product_tag-konditorei-zauner","17":"product_tag-zarte-schokolade","18":"product_tag-schokolade","19":"product_tag-jubilaeum","20":"product_tag-zaunerstollen","21":"product_tag-zauner-bad-ischl","22":"product_tag-zauner","23":"product_tag-gebaeck","24":"product_tag-florentiner","25":"product_tag-feine-schokolade","27":"first","28":"instock","29":"taxable","30":"shipping-taxable","31":"purchasable","32":"product-type-simple"},"acf":[],"yoast_head":"<!-- This site is optimized with the Yoast SEO plugin v27.3 - https:\/\/yoast.com\/product\/yoast-seo-wordpress\/ -->\n<title>Edle Geschenkidee \u279d Zauner Marzipan-Kreationen genie\u00dfen<\/title>\n<meta name=\"description\" content=\"S\u00fc\u00df &amp; edel! Der Zauner Marzipan Geschenkkarton enth\u00e4lt feinste Marzipan-Spezialit\u00e4ten \u2013 ideal als Geschenk oder zum Selbstgenie\u00dfen.\" \/>\n<meta name=\"robots\" content=\"index, follow, max-snippet:-1, max-image-preview:large, max-video-preview:-1\" \/>\n<link rel=\"canonical\" href=\"https:\/\/zauner.at\/en\/product-5\/zauner-gift-box-marzipan\/\" \/>\n<meta property=\"og:locale\" content=\"en_GB\" \/>\n<meta property=\"og:type\" content=\"article\" \/>\n<meta property=\"og:title\" content=\"Edle Geschenkidee \u279d Zauner Marzipan-Kreationen genie\u00dfen\" \/>\n<meta property=\"og:description\" content=\"S\u00fc\u00df &amp; edel! Der Zauner Marzipan Geschenkkarton enth\u00e4lt feinste Marzipan-Spezialit\u00e4ten \u2013 ideal als Geschenk oder zum Selbstgenie\u00dfen.\" \/>\n<meta property=\"og:url\" content=\"https:\/\/zauner.at\/en\/product-5\/zauner-gift-box-marzipan\/\" \/>\n<meta property=\"og:site_name\" content=\"Zauner\" \/>\n<meta property=\"article:publisher\" content=\"https:\/\/www.facebook.com\/p\/Konditorei-Kaffee-Zauner-Bad-Ischl-100057212599739\/\" \/>\n<meta property=\"article:modified_time\" content=\"2026-03-30T08:09:38+00:00\" \/>\n<meta property=\"og:image\" content=\"https:\/\/zauner.at\/wp-content\/uploads\/2024\/01\/konditorei-zauner-produkt-geschenke-geschenkkarton-marzipan-1200x1200-1.jpg\" \/>\n\t<meta property=\"og:image:width\" content=\"1200\" \/>\n\t<meta property=\"og:image:height\" content=\"1200\" \/>\n\t<meta property=\"og:image:type\" content=\"image\/jpeg\" \/>\n<meta name=\"twitter:card\" content=\"summary_large_image\" \/>\n<script type=\"application\/ld+json\" class=\"yoast-schema-graph\">{\"@context\":\"https:\\\/\\\/schema.org\",\"@graph\":[{\"@type\":\"WebPage\",\"@id\":\"https:\\\/\\\/zauner.at\\\/produkt\\\/zauner-geschenkkarton-marzipan\\\/\",\"url\":\"https:\\\/\\\/zauner.at\\\/produkt\\\/zauner-geschenkkarton-marzipan\\\/\",\"name\":\"Edle Geschenkidee \u279d Zauner Marzipan-Kreationen genie\u00dfen\",\"isPartOf\":{\"@id\":\"https:\\\/\\\/zauner.at\\\/#website\"},\"primaryImageOfPage\":{\"@id\":\"https:\\\/\\\/zauner.at\\\/produkt\\\/zauner-geschenkkarton-marzipan\\\/#primaryimage\"},\"image\":{\"@id\":\"https:\\\/\\\/zauner.at\\\/produkt\\\/zauner-geschenkkarton-marzipan\\\/#primaryimage\"},\"thumbnailUrl\":\"https:\\\/\\\/zauner.at\\\/wp-content\\\/uploads\\\/2024\\\/01\\\/konditorei-zauner-produkt-geschenke-geschenkkarton-marzipan-1200x1200-1.jpg\",\"datePublished\":\"2022-06-09T06:54:00+00:00\",\"dateModified\":\"2026-03-30T08:09:38+00:00\",\"description\":\"S\u00fc\u00df & edel! Der Zauner Marzipan Geschenkkarton enth\u00e4lt feinste Marzipan-Spezialit\u00e4ten \u2013 ideal als Geschenk oder zum Selbstgenie\u00dfen.\",\"breadcrumb\":{\"@id\":\"https:\\\/\\\/zauner.at\\\/produkt\\\/zauner-geschenkkarton-marzipan\\\/#breadcrumb\"},\"inLanguage\":\"en-GB\",\"potentialAction\":[{\"@type\":\"ReadAction\",\"target\":[\"https:\\\/\\\/zauner.at\\\/produkt\\\/zauner-geschenkkarton-marzipan\\\/\"]}]},{\"@type\":\"ImageObject\",\"inLanguage\":\"en-GB\",\"@id\":\"https:\\\/\\\/zauner.at\\\/produkt\\\/zauner-geschenkkarton-marzipan\\\/#primaryimage\",\"url\":\"https:\\\/\\\/zauner.at\\\/wp-content\\\/uploads\\\/2024\\\/01\\\/konditorei-zauner-produkt-geschenke-geschenkkarton-marzipan-1200x1200-1.jpg\",\"contentUrl\":\"https:\\\/\\\/zauner.at\\\/wp-content\\\/uploads\\\/2024\\\/01\\\/konditorei-zauner-produkt-geschenke-geschenkkarton-marzipan-1200x1200-1.jpg\",\"width\":1200,\"height\":1200,\"caption\":\"Zauner Geschenkkarton \\\"Marzipan\\\" mit Zauner-Spezialit\u00e4ten f\u00fcr Marzipan-Liebhaber\"},{\"@type\":\"BreadcrumbList\",\"@id\":\"https:\\\/\\\/zauner.at\\\/produkt\\\/zauner-geschenkkarton-marzipan\\\/#breadcrumb\",\"itemListElement\":[{\"@type\":\"ListItem\",\"position\":1,\"name\":\"Startseite\",\"item\":\"https:\\\/\\\/zauner.at\\\/\"},{\"@type\":\"ListItem\",\"position\":2,\"name\":\"Unser Onlineshop\",\"item\":\"https:\\\/\\\/zauner.at\\\/shop\\\/\"},{\"@type\":\"ListItem\",\"position\":3,\"name\":\"Geschenkkarton &#8220;Marzipan&#8221;\"}]},{\"@type\":\"WebSite\",\"@id\":\"https:\\\/\\\/zauner.at\\\/#website\",\"url\":\"https:\\\/\\\/zauner.at\\\/\",\"name\":\"Konditorei Zauner\",\"description\":\"Konditorei\",\"publisher\":{\"@id\":\"https:\\\/\\\/zauner.at\\\/#organization\"},\"potentialAction\":[{\"@type\":\"SearchAction\",\"target\":{\"@type\":\"EntryPoint\",\"urlTemplate\":\"https:\\\/\\\/zauner.at\\\/?s={search_term_string}\"},\"query-input\":{\"@type\":\"PropertyValueSpecification\",\"valueRequired\":true,\"valueName\":\"search_term_string\"}}],\"inLanguage\":\"en-GB\"},{\"@type\":\"Organization\",\"@id\":\"https:\\\/\\\/zauner.at\\\/#organization\",\"name\":\"Konditorei Zauner\",\"url\":\"https:\\\/\\\/zauner.at\\\/\",\"logo\":{\"@type\":\"ImageObject\",\"inLanguage\":\"en-GB\",\"@id\":\"https:\\\/\\\/zauner.at\\\/#\\\/schema\\\/logo\\\/image\\\/\",\"url\":\"https:\\\/\\\/zauner.at\\\/wp-content\\\/uploads\\\/2025\\\/02\\\/zauner-logo.png\",\"contentUrl\":\"https:\\\/\\\/zauner.at\\\/wp-content\\\/uploads\\\/2025\\\/02\\\/zauner-logo.png\",\"width\":160,\"height\":142,\"caption\":\"Konditorei Zauner\"},\"image\":{\"@id\":\"https:\\\/\\\/zauner.at\\\/#\\\/schema\\\/logo\\\/image\\\/\"},\"sameAs\":[\"https:\\\/\\\/www.facebook.com\\\/p\\\/Konditorei-Kaffee-Zauner-Bad-Ischl-100057212599739\\\/\",\"https:\\\/\\\/www.instagram.com\\\/zaunerkaffeekonditorei\\\/\",\"https:\\\/\\\/at.linkedin.com\\\/company\\\/konditorei-kaffee-zauner?trk=public_profile_experience-group-header\"]}]}<\/script>\n<!-- \/ Yoast SEO plugin. -->","yoast_head_json":{"title":"Noble gift idea \u279d Enjoy Zauner marzipan creations","description":"Sweet &amp; classy! The Zauner Marzipan gift box contains the finest marzipan specialties \u2013 ideal as a gift or to enjoy yourself.","robots":{"index":"index","follow":"follow","max-snippet":"max-snippet:-1","max-image-preview":"max-image-preview:large","max-video-preview":"max-video-preview:-1"},"canonical":"https:\/\/zauner.at\/en\/product-5\/zauner-gift-box-marzipan\/","og_locale":"en_GB","og_type":"article","og_title":"Edle Geschenkidee \u279d Zauner Marzipan-Kreationen genie\u00dfen","og_description":"S\u00fc\u00df & edel! Der Zauner Marzipan Geschenkkarton enth\u00e4lt feinste Marzipan-Spezialit\u00e4ten \u2013 ideal als Geschenk oder zum Selbstgenie\u00dfen.","og_url":"https:\/\/zauner.at\/en\/product-5\/zauner-gift-box-marzipan\/","og_site_name":"Zauner","article_publisher":"https:\/\/www.facebook.com\/p\/Konditorei-Kaffee-Zauner-Bad-Ischl-100057212599739\/","article_modified_time":"2026-03-30T08:09:38+00:00","og_image":[{"width":1200,"height":1200,"url":"https:\/\/zauner.at\/wp-content\/uploads\/2024\/01\/konditorei-zauner-produkt-geschenke-geschenkkarton-marzipan-1200x1200-1.jpg","type":"image\/jpeg"}],"twitter_card":"summary_large_image","schema":{"@context":"https:\/\/schema.org","@graph":[{"@type":"WebPage","@id":"https:\/\/zauner.at\/produkt\/zauner-geschenkkarton-marzipan\/","url":"https:\/\/zauner.at\/produkt\/zauner-geschenkkarton-marzipan\/","name":"Noble gift idea \u279d Enjoy Zauner marzipan creations","isPartOf":{"@id":"https:\/\/zauner.at\/#website"},"primaryImageOfPage":{"@id":"https:\/\/zauner.at\/produkt\/zauner-geschenkkarton-marzipan\/#primaryimage"},"image":{"@id":"https:\/\/zauner.at\/produkt\/zauner-geschenkkarton-marzipan\/#primaryimage"},"thumbnailUrl":"https:\/\/zauner.at\/wp-content\/uploads\/2024\/01\/konditorei-zauner-produkt-geschenke-geschenkkarton-marzipan-1200x1200-1.jpg","datePublished":"2022-06-09T06:54:00+00:00","dateModified":"2026-03-30T08:09:38+00:00","description":"Sweet &amp; classy! The Zauner Marzipan gift box contains the finest marzipan specialties \u2013 ideal as a gift or to enjoy yourself.","breadcrumb":{"@id":"https:\/\/zauner.at\/produkt\/zauner-geschenkkarton-marzipan\/#breadcrumb"},"inLanguage":"en-GB","potentialAction":[{"@type":"ReadAction","target":["https:\/\/zauner.at\/produkt\/zauner-geschenkkarton-marzipan\/"]}]},{"@type":"ImageObject","inLanguage":"en-GB","@id":"https:\/\/zauner.at\/produkt\/zauner-geschenkkarton-marzipan\/#primaryimage","url":"https:\/\/zauner.at\/wp-content\/uploads\/2024\/01\/konditorei-zauner-produkt-geschenke-geschenkkarton-marzipan-1200x1200-1.jpg","contentUrl":"https:\/\/zauner.at\/wp-content\/uploads\/2024\/01\/konditorei-zauner-produkt-geschenke-geschenkkarton-marzipan-1200x1200-1.jpg","width":1200,"height":1200,"caption":"Zauner Geschenkkarton \"Marzipan\" mit Zauner-Spezialit\u00e4ten f\u00fcr Marzipan-Liebhaber"},{"@type":"BreadcrumbList","@id":"https:\/\/zauner.at\/produkt\/zauner-geschenkkarton-marzipan\/#breadcrumb","itemListElement":[{"@type":"ListItem","position":1,"name":"Startseite","item":"https:\/\/zauner.at\/"},{"@type":"ListItem","position":2,"name":"Unser Onlineshop","item":"https:\/\/zauner.at\/shop\/"},{"@type":"ListItem","position":3,"name":"Geschenkkarton &#8220;Marzipan&#8221;"}]},{"@type":"WebSite","@id":"https:\/\/zauner.at\/#website","url":"https:\/\/zauner.at\/","name":"Konditorei Zauner","description":"pastry shop","publisher":{"@id":"https:\/\/zauner.at\/#organization"},"potentialAction":[{"@type":"SearchAction","target":{"@type":"EntryPoint","urlTemplate":"https:\/\/zauner.at\/?s={search_term_string}"},"query-input":{"@type":"PropertyValueSpecification","valueRequired":true,"valueName":"search_term_string"}}],"inLanguage":"en-GB"},{"@type":"Organization","@id":"https:\/\/zauner.at\/#organization","name":"Konditorei Zauner","url":"https:\/\/zauner.at\/","logo":{"@type":"ImageObject","inLanguage":"en-GB","@id":"https:\/\/zauner.at\/#\/schema\/logo\/image\/","url":"https:\/\/zauner.at\/wp-content\/uploads\/2025\/02\/zauner-logo.png","contentUrl":"https:\/\/zauner.at\/wp-content\/uploads\/2025\/02\/zauner-logo.png","width":160,"height":142,"caption":"Konditorei Zauner"},"image":{"@id":"https:\/\/zauner.at\/#\/schema\/logo\/image\/"},"sameAs":["https:\/\/www.facebook.com\/p\/Konditorei-Kaffee-Zauner-Bad-Ischl-100057212599739\/","https:\/\/www.instagram.com\/zaunerkaffeekonditorei\/","https:\/\/at.linkedin.com\/company\/konditorei-kaffee-zauner?trk=public_profile_experience-group-header"]}]}},"_links":{"self":[{"href":"https:\/\/zauner.at\/en\/wp-json\/wp\/v2\/product\/215435","targetHints":{"allow":["GET"]}}],"collection":[{"href":"https:\/\/zauner.at\/en\/wp-json\/wp\/v2\/product"}],"about":[{"href":"https:\/\/zauner.at\/en\/wp-json\/wp\/v2\/types\/product"}],"replies":[{"embeddable":true,"href":"https:\/\/zauner.at\/en\/wp-json\/wp\/v2\/comments?post=215435"}],"wp:featuredmedia":[{"embeddable":true,"href":"https:\/\/zauner.at\/en\/wp-json\/wp\/v2\/media\/217601"}],"wp:attachment":[{"href":"https:\/\/zauner.at\/en\/wp-json\/wp\/v2\/media?parent=215435"}],"wp:term":[{"taxonomy":"product_brand","embeddable":true,"href":"https:\/\/zauner.at\/en\/wp-json\/wp\/v2\/product_brand?post=215435"},{"taxonomy":"product_cat","embeddable":true,"href":"https:\/\/zauner.at\/en\/wp-json\/wp\/v2\/product_cat?post=215435"},{"taxonomy":"product_tag","embeddable":true,"href":"https:\/\/zauner.at\/en\/wp-json\/wp\/v2\/product_tag?post=215435"}],"curies":[{"name":"wp","href":"https:\/\/api.w.org\/{rel}","templated":true}]}}