{"id":215197,"date":"2021-11-16T12:37:56","date_gmt":"2021-11-16T11:37:56","guid":{"rendered":"https:\/\/zauner.at\/produkt\/zaunerstollenlikoer\/"},"modified":"2026-03-02T09:09:33","modified_gmt":"2026-03-02T08:09:33","slug":"zaunerstollen-liquor","status":"publish","type":"product","link":"https:\/\/zauner.at\/en\/produkt\/zaunerstollenlikoer\/","title":{"rendered":"Zaunerstollen liqueur"},"content":{"rendered":"<p>Produced in collaboration with Matthias Gasteiger, Bad Ischl<\/p>\n<p><strong>Aus steuerrechtlichen Gr\u00fcnden nur f\u00fcr den Versand innerhalb \u00d6sterreichs bestimmt!<\/strong><\/p>","protected":false},"excerpt":{"rendered":"<p>A romance of hazelnut and chocolate \u2013 0.2l<\/p>","protected":false},"featured_media":217671,"comment_status":"open","ping_status":"closed","template":"","meta":{"_acf_changed":false},"product_brand":[],"product_cat":[264,106,113,115],"product_tag":[773,122,774,127,132,139,143,335,448,451,772,120],"class_list":{"0":"post-215197","1":"product","2":"type-product","3":"status-publish","4":"has-post-thumbnail","6":"product_cat-weihnachtsconfiserie","7":"product_cat-punsch-likoer","8":"product_cat-spezielle-anlaesse","9":"product_cat-weihnachten","10":"product_tag-matthias-gasteiger","11":"product_tag-konditorei-zauner","12":"product_tag-zaunerstollenlikoer","13":"product_tag-schokolade","14":"product_tag-zaunerstollen","15":"product_tag-haselnuss","16":"product_tag-zauner-bad-ischl","17":"product_tag-salzkammergut","18":"product_tag-alkohol","19":"product_tag-likoer","20":"product_tag-karamell","21":"product_tag-geschenk","23":"first","24":"instock","25":"taxable","26":"shipping-taxable","27":"purchasable","28":"product-type-simple"},"acf":[],"yoast_head":"<!-- This site is optimized with the Yoast SEO plugin v27.3 - https:\/\/yoast.com\/product\/yoast-seo-wordpress\/ -->\n<title>Zaunerstollenlik\u00f6r - Zauner<\/title>\n<meta name=\"description\" content=\"Der Zaunerstollenlik\u00f6r \u2013 eine exklusive Spezialit\u00e4t mit feiner Note. Perfekt f\u00fcr Genie\u00dfer &amp; als besonderes Geschenk!\" \/>\n<meta name=\"robots\" content=\"index, follow, max-snippet:-1, max-image-preview:large, max-video-preview:-1\" \/>\n<link rel=\"canonical\" href=\"https:\/\/zauner.at\/en\/product-5\/zaunerstollen-liquor\/\" \/>\n<meta property=\"og:locale\" content=\"en_GB\" \/>\n<meta property=\"og:type\" content=\"article\" \/>\n<meta property=\"og:title\" content=\"Zaunerstollenlik\u00f6r - Zauner\" \/>\n<meta property=\"og:description\" content=\"Der Zaunerstollenlik\u00f6r \u2013 eine exklusive Spezialit\u00e4t mit feiner Note. Perfekt f\u00fcr Genie\u00dfer &amp; als besonderes Geschenk!\" \/>\n<meta property=\"og:url\" content=\"https:\/\/zauner.at\/en\/product-5\/zaunerstollen-liquor\/\" \/>\n<meta property=\"og:site_name\" content=\"Zauner\" \/>\n<meta property=\"article:publisher\" content=\"https:\/\/www.facebook.com\/p\/Konditorei-Kaffee-Zauner-Bad-Ischl-100057212599739\/\" \/>\n<meta property=\"article:modified_time\" content=\"2026-03-02T08:09:33+00:00\" \/>\n<meta property=\"og:image\" content=\"https:\/\/zauner.at\/wp-content\/uploads\/2025\/02\/konditorei-zauner-produkt-punsch-likoer-zaunerstollenlikoer-1200x1200-1.jpg\" \/>\n\t<meta property=\"og:image:width\" content=\"1200\" \/>\n\t<meta property=\"og:image:height\" content=\"1200\" \/>\n\t<meta property=\"og:image:type\" content=\"image\/jpeg\" \/>\n<meta name=\"twitter:card\" content=\"summary_large_image\" \/>\n<script type=\"application\/ld+json\" class=\"yoast-schema-graph\">{\"@context\":\"https:\\\/\\\/schema.org\",\"@graph\":[{\"@type\":\"WebPage\",\"@id\":\"https:\\\/\\\/zauner.at\\\/produkt\\\/zaunerstollenlikoer\\\/\",\"url\":\"https:\\\/\\\/zauner.at\\\/produkt\\\/zaunerstollenlikoer\\\/\",\"name\":\"Zaunerstollenlik\u00f6r - Zauner\",\"isPartOf\":{\"@id\":\"https:\\\/\\\/zauner.at\\\/#website\"},\"primaryImageOfPage\":{\"@id\":\"https:\\\/\\\/zauner.at\\\/produkt\\\/zaunerstollenlikoer\\\/#primaryimage\"},\"image\":{\"@id\":\"https:\\\/\\\/zauner.at\\\/produkt\\\/zaunerstollenlikoer\\\/#primaryimage\"},\"thumbnailUrl\":\"https:\\\/\\\/zauner.at\\\/wp-content\\\/uploads\\\/2025\\\/02\\\/konditorei-zauner-produkt-punsch-likoer-zaunerstollenlikoer-1200x1200-1.jpg\",\"datePublished\":\"2021-11-16T11:37:56+00:00\",\"dateModified\":\"2026-03-02T08:09:33+00:00\",\"description\":\"Der Zaunerstollenlik\u00f6r \u2013 eine exklusive Spezialit\u00e4t mit feiner Note. Perfekt f\u00fcr Genie\u00dfer & als besonderes Geschenk!\",\"breadcrumb\":{\"@id\":\"https:\\\/\\\/zauner.at\\\/produkt\\\/zaunerstollenlikoer\\\/#breadcrumb\"},\"inLanguage\":\"en-GB\",\"potentialAction\":[{\"@type\":\"ReadAction\",\"target\":[\"https:\\\/\\\/zauner.at\\\/produkt\\\/zaunerstollenlikoer\\\/\"]}]},{\"@type\":\"ImageObject\",\"inLanguage\":\"en-GB\",\"@id\":\"https:\\\/\\\/zauner.at\\\/produkt\\\/zaunerstollenlikoer\\\/#primaryimage\",\"url\":\"https:\\\/\\\/zauner.at\\\/wp-content\\\/uploads\\\/2025\\\/02\\\/konditorei-zauner-produkt-punsch-likoer-zaunerstollenlikoer-1200x1200-1.jpg\",\"contentUrl\":\"https:\\\/\\\/zauner.at\\\/wp-content\\\/uploads\\\/2025\\\/02\\\/konditorei-zauner-produkt-punsch-likoer-zaunerstollenlikoer-1200x1200-1.jpg\",\"width\":1200,\"height\":1200,\"caption\":\"Zauner Zaunerstollenlik\u00f6r, 0,2 l, Haselnuss & Schokolade\"},{\"@type\":\"BreadcrumbList\",\"@id\":\"https:\\\/\\\/zauner.at\\\/produkt\\\/zaunerstollenlikoer\\\/#breadcrumb\",\"itemListElement\":[{\"@type\":\"ListItem\",\"position\":1,\"name\":\"Startseite\",\"item\":\"https:\\\/\\\/zauner.at\\\/\"},{\"@type\":\"ListItem\",\"position\":2,\"name\":\"Unser Onlineshop\",\"item\":\"https:\\\/\\\/zauner.at\\\/shop\\\/\"},{\"@type\":\"ListItem\",\"position\":3,\"name\":\"Zaunerstollenlik\u00f6r\"}]},{\"@type\":\"WebSite\",\"@id\":\"https:\\\/\\\/zauner.at\\\/#website\",\"url\":\"https:\\\/\\\/zauner.at\\\/\",\"name\":\"Konditorei Zauner\",\"description\":\"Konditorei\",\"publisher\":{\"@id\":\"https:\\\/\\\/zauner.at\\\/#organization\"},\"potentialAction\":[{\"@type\":\"SearchAction\",\"target\":{\"@type\":\"EntryPoint\",\"urlTemplate\":\"https:\\\/\\\/zauner.at\\\/?s={search_term_string}\"},\"query-input\":{\"@type\":\"PropertyValueSpecification\",\"valueRequired\":true,\"valueName\":\"search_term_string\"}}],\"inLanguage\":\"en-GB\"},{\"@type\":\"Organization\",\"@id\":\"https:\\\/\\\/zauner.at\\\/#organization\",\"name\":\"Konditorei Zauner\",\"url\":\"https:\\\/\\\/zauner.at\\\/\",\"logo\":{\"@type\":\"ImageObject\",\"inLanguage\":\"en-GB\",\"@id\":\"https:\\\/\\\/zauner.at\\\/#\\\/schema\\\/logo\\\/image\\\/\",\"url\":\"https:\\\/\\\/zauner.at\\\/wp-content\\\/uploads\\\/2025\\\/02\\\/zauner-logo.png\",\"contentUrl\":\"https:\\\/\\\/zauner.at\\\/wp-content\\\/uploads\\\/2025\\\/02\\\/zauner-logo.png\",\"width\":160,\"height\":142,\"caption\":\"Konditorei Zauner\"},\"image\":{\"@id\":\"https:\\\/\\\/zauner.at\\\/#\\\/schema\\\/logo\\\/image\\\/\"},\"sameAs\":[\"https:\\\/\\\/www.facebook.com\\\/p\\\/Konditorei-Kaffee-Zauner-Bad-Ischl-100057212599739\\\/\",\"https:\\\/\\\/www.instagram.com\\\/zaunerkaffeekonditorei\\\/\",\"https:\\\/\\\/at.linkedin.com\\\/company\\\/konditorei-kaffee-zauner?trk=public_profile_experience-group-header\"]}]}<\/script>\n<!-- \/ Yoast SEO plugin. -->","yoast_head_json":{"title":"Zaunerstollenlik\u00f6r - Zauner","description":"The Zaunerstollen liqueur \u2013 an exclusive speciality with a fine note. Perfect for connoisseurs and as a special gift!","robots":{"index":"index","follow":"follow","max-snippet":"max-snippet:-1","max-image-preview":"max-image-preview:large","max-video-preview":"max-video-preview:-1"},"canonical":"https:\/\/zauner.at\/en\/product-5\/zaunerstollen-liquor\/","og_locale":"en_GB","og_type":"article","og_title":"Zaunerstollenlik\u00f6r - Zauner","og_description":"Der Zaunerstollenlik\u00f6r \u2013 eine exklusive Spezialit\u00e4t mit feiner Note. Perfekt f\u00fcr Genie\u00dfer & als besonderes Geschenk!","og_url":"https:\/\/zauner.at\/en\/product-5\/zaunerstollen-liquor\/","og_site_name":"Zauner","article_publisher":"https:\/\/www.facebook.com\/p\/Konditorei-Kaffee-Zauner-Bad-Ischl-100057212599739\/","article_modified_time":"2026-03-02T08:09:33+00:00","og_image":[{"width":1200,"height":1200,"url":"https:\/\/zauner.at\/wp-content\/uploads\/2025\/02\/konditorei-zauner-produkt-punsch-likoer-zaunerstollenlikoer-1200x1200-1.jpg","type":"image\/jpeg"}],"twitter_card":"summary_large_image","schema":{"@context":"https:\/\/schema.org","@graph":[{"@type":"WebPage","@id":"https:\/\/zauner.at\/produkt\/zaunerstollenlikoer\/","url":"https:\/\/zauner.at\/produkt\/zaunerstollenlikoer\/","name":"Zaunerstollenlik\u00f6r - Zauner","isPartOf":{"@id":"https:\/\/zauner.at\/#website"},"primaryImageOfPage":{"@id":"https:\/\/zauner.at\/produkt\/zaunerstollenlikoer\/#primaryimage"},"image":{"@id":"https:\/\/zauner.at\/produkt\/zaunerstollenlikoer\/#primaryimage"},"thumbnailUrl":"https:\/\/zauner.at\/wp-content\/uploads\/2025\/02\/konditorei-zauner-produkt-punsch-likoer-zaunerstollenlikoer-1200x1200-1.jpg","datePublished":"2021-11-16T11:37:56+00:00","dateModified":"2026-03-02T08:09:33+00:00","description":"The Zaunerstollen liqueur \u2013 an exclusive speciality with a fine note. Perfect for connoisseurs and as a special gift!","breadcrumb":{"@id":"https:\/\/zauner.at\/produkt\/zaunerstollenlikoer\/#breadcrumb"},"inLanguage":"en-GB","potentialAction":[{"@type":"ReadAction","target":["https:\/\/zauner.at\/produkt\/zaunerstollenlikoer\/"]}]},{"@type":"ImageObject","inLanguage":"en-GB","@id":"https:\/\/zauner.at\/produkt\/zaunerstollenlikoer\/#primaryimage","url":"https:\/\/zauner.at\/wp-content\/uploads\/2025\/02\/konditorei-zauner-produkt-punsch-likoer-zaunerstollenlikoer-1200x1200-1.jpg","contentUrl":"https:\/\/zauner.at\/wp-content\/uploads\/2025\/02\/konditorei-zauner-produkt-punsch-likoer-zaunerstollenlikoer-1200x1200-1.jpg","width":1200,"height":1200,"caption":"Zauner Zaunerstollenlik\u00f6r, 0,2 l, Haselnuss & Schokolade"},{"@type":"BreadcrumbList","@id":"https:\/\/zauner.at\/produkt\/zaunerstollenlikoer\/#breadcrumb","itemListElement":[{"@type":"ListItem","position":1,"name":"Startseite","item":"https:\/\/zauner.at\/"},{"@type":"ListItem","position":2,"name":"Unser Onlineshop","item":"https:\/\/zauner.at\/shop\/"},{"@type":"ListItem","position":3,"name":"Zaunerstollenlik\u00f6r"}]},{"@type":"WebSite","@id":"https:\/\/zauner.at\/#website","url":"https:\/\/zauner.at\/","name":"Konditorei Zauner","description":"pastry shop","publisher":{"@id":"https:\/\/zauner.at\/#organization"},"potentialAction":[{"@type":"SearchAction","target":{"@type":"EntryPoint","urlTemplate":"https:\/\/zauner.at\/?s={search_term_string}"},"query-input":{"@type":"PropertyValueSpecification","valueRequired":true,"valueName":"search_term_string"}}],"inLanguage":"en-GB"},{"@type":"Organization","@id":"https:\/\/zauner.at\/#organization","name":"Konditorei Zauner","url":"https:\/\/zauner.at\/","logo":{"@type":"ImageObject","inLanguage":"en-GB","@id":"https:\/\/zauner.at\/#\/schema\/logo\/image\/","url":"https:\/\/zauner.at\/wp-content\/uploads\/2025\/02\/zauner-logo.png","contentUrl":"https:\/\/zauner.at\/wp-content\/uploads\/2025\/02\/zauner-logo.png","width":160,"height":142,"caption":"Konditorei Zauner"},"image":{"@id":"https:\/\/zauner.at\/#\/schema\/logo\/image\/"},"sameAs":["https:\/\/www.facebook.com\/p\/Konditorei-Kaffee-Zauner-Bad-Ischl-100057212599739\/","https:\/\/www.instagram.com\/zaunerkaffeekonditorei\/","https:\/\/at.linkedin.com\/company\/konditorei-kaffee-zauner?trk=public_profile_experience-group-header"]}]}},"_links":{"self":[{"href":"https:\/\/zauner.at\/en\/wp-json\/wp\/v2\/product\/215197","targetHints":{"allow":["GET"]}}],"collection":[{"href":"https:\/\/zauner.at\/en\/wp-json\/wp\/v2\/product"}],"about":[{"href":"https:\/\/zauner.at\/en\/wp-json\/wp\/v2\/types\/product"}],"replies":[{"embeddable":true,"href":"https:\/\/zauner.at\/en\/wp-json\/wp\/v2\/comments?post=215197"}],"wp:featuredmedia":[{"embeddable":true,"href":"https:\/\/zauner.at\/en\/wp-json\/wp\/v2\/media\/217671"}],"wp:attachment":[{"href":"https:\/\/zauner.at\/en\/wp-json\/wp\/v2\/media?parent=215197"}],"wp:term":[{"taxonomy":"product_brand","embeddable":true,"href":"https:\/\/zauner.at\/en\/wp-json\/wp\/v2\/product_brand?post=215197"},{"taxonomy":"product_cat","embeddable":true,"href":"https:\/\/zauner.at\/en\/wp-json\/wp\/v2\/product_cat?post=215197"},{"taxonomy":"product_tag","embeddable":true,"href":"https:\/\/zauner.at\/en\/wp-json\/wp\/v2\/product_tag?post=215197"}],"curies":[{"name":"wp","href":"https:\/\/api.w.org\/{rel}","templated":true}]}}