{"id":214616,"date":"2020-11-02T16:56:40","date_gmt":"2020-11-02T15:56:40","guid":{"rendered":"https:\/\/zauner.at\/produkt\/zauner-kaffeelikoer\/"},"modified":"2026-04-13T09:09:14","modified_gmt":"2026-04-13T07:09:14","slug":"zauner-coffee-liqueur","status":"publish","type":"product","link":"https:\/\/zauner.at\/en\/produkt\/zauner-kaffeelikoer\/","title":{"rendered":"coffee liqueur"},"content":{"rendered":"<p>The homemade coffee liqueur in the 0.35l bottle.<\/p>\n<p><strong>Aus steuerrechtlichen Gr\u00fcnden nur f\u00fcr den Versand innerhalb \u00d6sterreichs bestimmt!<\/strong><!--more--><\/p>","protected":false},"excerpt":{"rendered":"<p>Zauner&#039;s homemade coffee liqueur \u2013 0.35l<\/p>","protected":false},"featured_media":214617,"comment_status":"open","ping_status":"closed","template":"","meta":{"_acf_changed":false},"product_brand":[],"product_cat":[106,115],"product_tag":[450,451,452,120,122,143,154,163,341,448,449],"class_list":{"0":"post-214616","1":"product","2":"type-product","3":"status-publish","4":"has-post-thumbnail","6":"product_cat-punsch-likoer","7":"product_cat-weihnachten","8":"product_tag-kaffeelikoer","9":"product_tag-likoer","10":"product_tag-roesterei-nussbaumer","11":"product_tag-geschenk","12":"product_tag-konditorei-zauner","13":"product_tag-zauner-bad-ischl","14":"product_tag-zauner","15":"product_tag-kaffee","16":"product_tag-coffee","17":"product_tag-alkohol","18":"product_tag-hausgemachter-likoer","20":"first","21":"instock","22":"taxable","23":"shipping-taxable","24":"purchasable","25":"product-type-simple"},"acf":[],"yoast_head":"<!-- This site is optimized with the Yoast SEO plugin v27.4 - https:\/\/yoast.com\/product\/yoast-seo-wordpress\/ -->\n<title>Kaffeelik\u00f6r - Zauner<\/title>\n<meta name=\"description\" content=\"Der Zauner Kaffeelik\u00f6r \u2013 intensiv, aromatisch &amp; perfekt f\u00fcr Kaffeeliebhaber. Jetzt online bestellen &amp; edlen Genuss erleben!\" \/>\n<meta name=\"robots\" content=\"index, follow, max-snippet:-1, max-image-preview:large, max-video-preview:-1\" \/>\n<link rel=\"canonical\" href=\"https:\/\/zauner.at\/en\/product-5\/zauner-coffee-liqueur\/\" \/>\n<meta property=\"og:locale\" content=\"en_GB\" \/>\n<meta property=\"og:type\" content=\"article\" \/>\n<meta property=\"og:title\" content=\"Kaffeelik\u00f6r - Zauner\" \/>\n<meta property=\"og:description\" content=\"Der Zauner Kaffeelik\u00f6r \u2013 intensiv, aromatisch &amp; perfekt f\u00fcr Kaffeeliebhaber. Jetzt online bestellen &amp; edlen Genuss erleben!\" \/>\n<meta property=\"og:url\" content=\"https:\/\/zauner.at\/en\/product-5\/zauner-coffee-liqueur\/\" \/>\n<meta property=\"og:site_name\" content=\"Zauner\" \/>\n<meta property=\"article:publisher\" content=\"https:\/\/www.facebook.com\/p\/Konditorei-Kaffee-Zauner-Bad-Ischl-100057212599739\/\" \/>\n<meta property=\"article:modified_time\" content=\"2026-04-13T07:09:14+00:00\" \/>\n<meta property=\"og:image\" content=\"https:\/\/zauner.at\/wp-content\/uploads\/2024\/09\/Kaffeelioer-1-scaled-1.jpg\" \/>\n\t<meta property=\"og:image:width\" content=\"2560\" \/>\n\t<meta property=\"og:image:height\" content=\"2560\" \/>\n\t<meta property=\"og:image:type\" content=\"image\/jpeg\" \/>\n<meta name=\"twitter:card\" content=\"summary_large_image\" \/>\n<script type=\"application\/ld+json\" class=\"yoast-schema-graph\">{\"@context\":\"https:\\\/\\\/schema.org\",\"@graph\":[{\"@type\":\"WebPage\",\"@id\":\"https:\\\/\\\/zauner.at\\\/produkt\\\/zauner-kaffeelikoer\\\/\",\"url\":\"https:\\\/\\\/zauner.at\\\/produkt\\\/zauner-kaffeelikoer\\\/\",\"name\":\"Kaffeelik\u00f6r - Zauner\",\"isPartOf\":{\"@id\":\"https:\\\/\\\/zauner.at\\\/#website\"},\"primaryImageOfPage\":{\"@id\":\"https:\\\/\\\/zauner.at\\\/produkt\\\/zauner-kaffeelikoer\\\/#primaryimage\"},\"image\":{\"@id\":\"https:\\\/\\\/zauner.at\\\/produkt\\\/zauner-kaffeelikoer\\\/#primaryimage\"},\"thumbnailUrl\":\"https:\\\/\\\/zauner.at\\\/wp-content\\\/uploads\\\/2024\\\/09\\\/Kaffeelioer-1-scaled-1.jpg\",\"datePublished\":\"2020-11-02T15:56:40+00:00\",\"dateModified\":\"2026-04-13T07:09:14+00:00\",\"description\":\"Der Zauner Kaffeelik\u00f6r \u2013 intensiv, aromatisch & perfekt f\u00fcr Kaffeeliebhaber. Jetzt online bestellen & edlen Genuss erleben!\",\"breadcrumb\":{\"@id\":\"https:\\\/\\\/zauner.at\\\/produkt\\\/zauner-kaffeelikoer\\\/#breadcrumb\"},\"inLanguage\":\"en-GB\",\"potentialAction\":[{\"@type\":\"ReadAction\",\"target\":[\"https:\\\/\\\/zauner.at\\\/produkt\\\/zauner-kaffeelikoer\\\/\"]}]},{\"@type\":\"ImageObject\",\"inLanguage\":\"en-GB\",\"@id\":\"https:\\\/\\\/zauner.at\\\/produkt\\\/zauner-kaffeelikoer\\\/#primaryimage\",\"url\":\"https:\\\/\\\/zauner.at\\\/wp-content\\\/uploads\\\/2024\\\/09\\\/Kaffeelioer-1-scaled-1.jpg\",\"contentUrl\":\"https:\\\/\\\/zauner.at\\\/wp-content\\\/uploads\\\/2024\\\/09\\\/Kaffeelioer-1-scaled-1.jpg\",\"width\":2560,\"height\":2560},{\"@type\":\"BreadcrumbList\",\"@id\":\"https:\\\/\\\/zauner.at\\\/produkt\\\/zauner-kaffeelikoer\\\/#breadcrumb\",\"itemListElement\":[{\"@type\":\"ListItem\",\"position\":1,\"name\":\"Startseite\",\"item\":\"https:\\\/\\\/zauner.at\\\/\"},{\"@type\":\"ListItem\",\"position\":2,\"name\":\"Unser Onlineshop\",\"item\":\"https:\\\/\\\/zauner.at\\\/shop\\\/\"},{\"@type\":\"ListItem\",\"position\":3,\"name\":\"Kaffeelik\u00f6r\"}]},{\"@type\":\"WebSite\",\"@id\":\"https:\\\/\\\/zauner.at\\\/#website\",\"url\":\"https:\\\/\\\/zauner.at\\\/\",\"name\":\"Konditorei Zauner\",\"description\":\"Konditorei\",\"publisher\":{\"@id\":\"https:\\\/\\\/zauner.at\\\/#organization\"},\"potentialAction\":[{\"@type\":\"SearchAction\",\"target\":{\"@type\":\"EntryPoint\",\"urlTemplate\":\"https:\\\/\\\/zauner.at\\\/?s={search_term_string}\"},\"query-input\":{\"@type\":\"PropertyValueSpecification\",\"valueRequired\":true,\"valueName\":\"search_term_string\"}}],\"inLanguage\":\"en-GB\"},{\"@type\":\"Organization\",\"@id\":\"https:\\\/\\\/zauner.at\\\/#organization\",\"name\":\"Konditorei Zauner\",\"url\":\"https:\\\/\\\/zauner.at\\\/\",\"logo\":{\"@type\":\"ImageObject\",\"inLanguage\":\"en-GB\",\"@id\":\"https:\\\/\\\/zauner.at\\\/#\\\/schema\\\/logo\\\/image\\\/\",\"url\":\"https:\\\/\\\/zauner.at\\\/wp-content\\\/uploads\\\/2025\\\/02\\\/zauner-logo.png\",\"contentUrl\":\"https:\\\/\\\/zauner.at\\\/wp-content\\\/uploads\\\/2025\\\/02\\\/zauner-logo.png\",\"width\":160,\"height\":142,\"caption\":\"Konditorei Zauner\"},\"image\":{\"@id\":\"https:\\\/\\\/zauner.at\\\/#\\\/schema\\\/logo\\\/image\\\/\"},\"sameAs\":[\"https:\\\/\\\/www.facebook.com\\\/p\\\/Konditorei-Kaffee-Zauner-Bad-Ischl-100057212599739\\\/\",\"https:\\\/\\\/www.instagram.com\\\/zaunerkaffeekonditorei\\\/\",\"https:\\\/\\\/at.linkedin.com\\\/company\\\/konditorei-kaffee-zauner?trk=public_profile_experience-group-header\"]}]}<\/script>\n<!-- \/ Yoast SEO plugin. -->","yoast_head_json":{"title":"Kaffeelik\u00f6r - Zauner","description":"The Zauner coffee liqueur \u2013 intense, aromatic and perfect for coffee lovers. Order online now and experience fine enjoyment!","robots":{"index":"index","follow":"follow","max-snippet":"max-snippet:-1","max-image-preview":"max-image-preview:large","max-video-preview":"max-video-preview:-1"},"canonical":"https:\/\/zauner.at\/en\/product-5\/zauner-coffee-liqueur\/","og_locale":"en_GB","og_type":"article","og_title":"Kaffeelik\u00f6r - Zauner","og_description":"Der Zauner Kaffeelik\u00f6r \u2013 intensiv, aromatisch & perfekt f\u00fcr Kaffeeliebhaber. Jetzt online bestellen & edlen Genuss erleben!","og_url":"https:\/\/zauner.at\/en\/product-5\/zauner-coffee-liqueur\/","og_site_name":"Zauner","article_publisher":"https:\/\/www.facebook.com\/p\/Konditorei-Kaffee-Zauner-Bad-Ischl-100057212599739\/","article_modified_time":"2026-04-13T07:09:14+00:00","og_image":[{"width":2560,"height":2560,"url":"https:\/\/zauner.at\/wp-content\/uploads\/2024\/09\/Kaffeelioer-1-scaled-1.jpg","type":"image\/jpeg"}],"twitter_card":"summary_large_image","schema":{"@context":"https:\/\/schema.org","@graph":[{"@type":"WebPage","@id":"https:\/\/zauner.at\/produkt\/zauner-kaffeelikoer\/","url":"https:\/\/zauner.at\/produkt\/zauner-kaffeelikoer\/","name":"Kaffeelik\u00f6r - Zauner","isPartOf":{"@id":"https:\/\/zauner.at\/#website"},"primaryImageOfPage":{"@id":"https:\/\/zauner.at\/produkt\/zauner-kaffeelikoer\/#primaryimage"},"image":{"@id":"https:\/\/zauner.at\/produkt\/zauner-kaffeelikoer\/#primaryimage"},"thumbnailUrl":"https:\/\/zauner.at\/wp-content\/uploads\/2024\/09\/Kaffeelioer-1-scaled-1.jpg","datePublished":"2020-11-02T15:56:40+00:00","dateModified":"2026-04-13T07:09:14+00:00","description":"The Zauner coffee liqueur \u2013 intense, aromatic and perfect for coffee lovers. Order online now and experience fine enjoyment!","breadcrumb":{"@id":"https:\/\/zauner.at\/produkt\/zauner-kaffeelikoer\/#breadcrumb"},"inLanguage":"en-GB","potentialAction":[{"@type":"ReadAction","target":["https:\/\/zauner.at\/produkt\/zauner-kaffeelikoer\/"]}]},{"@type":"ImageObject","inLanguage":"en-GB","@id":"https:\/\/zauner.at\/produkt\/zauner-kaffeelikoer\/#primaryimage","url":"https:\/\/zauner.at\/wp-content\/uploads\/2024\/09\/Kaffeelioer-1-scaled-1.jpg","contentUrl":"https:\/\/zauner.at\/wp-content\/uploads\/2024\/09\/Kaffeelioer-1-scaled-1.jpg","width":2560,"height":2560},{"@type":"BreadcrumbList","@id":"https:\/\/zauner.at\/produkt\/zauner-kaffeelikoer\/#breadcrumb","itemListElement":[{"@type":"ListItem","position":1,"name":"Startseite","item":"https:\/\/zauner.at\/"},{"@type":"ListItem","position":2,"name":"Unser Onlineshop","item":"https:\/\/zauner.at\/shop\/"},{"@type":"ListItem","position":3,"name":"Kaffeelik\u00f6r"}]},{"@type":"WebSite","@id":"https:\/\/zauner.at\/#website","url":"https:\/\/zauner.at\/","name":"Konditorei Zauner","description":"pastry shop","publisher":{"@id":"https:\/\/zauner.at\/#organization"},"potentialAction":[{"@type":"SearchAction","target":{"@type":"EntryPoint","urlTemplate":"https:\/\/zauner.at\/?s={search_term_string}"},"query-input":{"@type":"PropertyValueSpecification","valueRequired":true,"valueName":"search_term_string"}}],"inLanguage":"en-GB"},{"@type":"Organization","@id":"https:\/\/zauner.at\/#organization","name":"Konditorei Zauner","url":"https:\/\/zauner.at\/","logo":{"@type":"ImageObject","inLanguage":"en-GB","@id":"https:\/\/zauner.at\/#\/schema\/logo\/image\/","url":"https:\/\/zauner.at\/wp-content\/uploads\/2025\/02\/zauner-logo.png","contentUrl":"https:\/\/zauner.at\/wp-content\/uploads\/2025\/02\/zauner-logo.png","width":160,"height":142,"caption":"Konditorei Zauner"},"image":{"@id":"https:\/\/zauner.at\/#\/schema\/logo\/image\/"},"sameAs":["https:\/\/www.facebook.com\/p\/Konditorei-Kaffee-Zauner-Bad-Ischl-100057212599739\/","https:\/\/www.instagram.com\/zaunerkaffeekonditorei\/","https:\/\/at.linkedin.com\/company\/konditorei-kaffee-zauner?trk=public_profile_experience-group-header"]}]}},"_links":{"self":[{"href":"https:\/\/zauner.at\/en\/wp-json\/wp\/v2\/product\/214616","targetHints":{"allow":["GET"]}}],"collection":[{"href":"https:\/\/zauner.at\/en\/wp-json\/wp\/v2\/product"}],"about":[{"href":"https:\/\/zauner.at\/en\/wp-json\/wp\/v2\/types\/product"}],"replies":[{"embeddable":true,"href":"https:\/\/zauner.at\/en\/wp-json\/wp\/v2\/comments?post=214616"}],"wp:featuredmedia":[{"embeddable":true,"href":"https:\/\/zauner.at\/en\/wp-json\/wp\/v2\/media\/214617"}],"wp:attachment":[{"href":"https:\/\/zauner.at\/en\/wp-json\/wp\/v2\/media?parent=214616"}],"wp:term":[{"taxonomy":"product_brand","embeddable":true,"href":"https:\/\/zauner.at\/en\/wp-json\/wp\/v2\/product_brand?post=214616"},{"taxonomy":"product_cat","embeddable":true,"href":"https:\/\/zauner.at\/en\/wp-json\/wp\/v2\/product_cat?post=214616"},{"taxonomy":"product_tag","embeddable":true,"href":"https:\/\/zauner.at\/en\/wp-json\/wp\/v2\/product_tag?post=214616"}],"curies":[{"name":"wp","href":"https:\/\/api.w.org\/{rel}","templated":true}]}}