{"id":214303,"date":"2019-09-11T13:37:16","date_gmt":"2019-09-11T11:37:16","guid":{"rendered":"https:\/\/zauner.at\/produkt\/zauner-oblatentorte\/"},"modified":"2026-04-08T12:11:33","modified_gmt":"2026-04-08T10:11:33","slug":"zauner-wafer-cake","status":"publish","type":"product","link":"https:\/\/zauner.at\/en\/produkt\/zauner-oblatentorte\/","title":{"rendered":"wafer cake"},"content":{"rendered":"<p>Das unvergesslich feine, liebensw\u00fcrdig altmodische Aroma der ber\u00fchmten Zauner Oblaten, verm\u00e4hlt mit dem zarten Schmelz der F\u00fclle, h\u00fcllt sich in noble Schokolade. K\u00f6nnen Sie \u201enein\u201c sagen?<\/p>\n<p>Available in different sizes.<\/p>\n<p>Lasts up to three months.<\/p>\n<p>Allergens: Gluten (A), Egg (C), Peanut (E), Soy (F), Milk (G), Nuts (H)<\/p>","protected":false},"excerpt":{"rendered":"<p>Wafer cake with a diameter of 15 cm or 23 cm<\/p>","protected":false},"featured_media":217645,"comment_status":"closed","ping_status":"closed","template":"","meta":{"_acf_changed":false},"product_brand":[],"product_cat":[94,95,96],"product_tag":[149,150,151,152,153,154,120,122,146,147,148],"class_list":{"0":"post-214303","1":"product","2":"type-product","3":"status-publish","4":"has-post-thumbnail","6":"product_cat-zauner-oblaten","7":"product_cat-kleintorten","8":"product_cat-torten-backwaren","9":"product_tag-oblatentorte","10":"product_tag-original-oblaten","11":"product_tag-praesent","12":"product_tag-torte","13":"product_tag-versandtorte","14":"product_tag-zauner","15":"product_tag-geschenk","16":"product_tag-konditorei-zauner","17":"product_tag-oblaten","18":"product_tag-bad-ischler-oblaten","19":"product_tag-geschenktorte","21":"first","22":"instock","23":"taxable","24":"shipping-taxable","25":"purchasable","26":"product-type-variable"},"acf":[],"yoast_head":"<!-- This site is optimized with the Yoast SEO plugin v27.3 - https:\/\/yoast.com\/product\/yoast-seo-wordpress\/ -->\n<title>Zauner Oblatentorte \u27a4 Knusprig &amp; unwiderstehlich!<\/title>\n<meta name=\"description\" content=\"Die original Zauner Oblatentorte \u2013 knusprige Oblaten &amp; feine F\u00fcllung nach Traditionsrezept. Jetzt online bestellen &amp; genie\u00dfen!\" \/>\n<meta name=\"robots\" content=\"index, follow, max-snippet:-1, max-image-preview:large, max-video-preview:-1\" \/>\n<link rel=\"canonical\" href=\"https:\/\/zauner.at\/en\/product-5\/zauner-wafer-cake\/\" \/>\n<meta property=\"og:locale\" content=\"en_GB\" \/>\n<meta property=\"og:type\" content=\"article\" \/>\n<meta property=\"og:title\" content=\"Zauner Oblatentorte \u27a4 Knusprig &amp; unwiderstehlich!\" \/>\n<meta property=\"og:description\" content=\"Die original Zauner Oblatentorte \u2013 knusprige Oblaten &amp; feine F\u00fcllung nach Traditionsrezept. Jetzt online bestellen &amp; genie\u00dfen!\" \/>\n<meta property=\"og:url\" content=\"https:\/\/zauner.at\/en\/product-5\/zauner-wafer-cake\/\" \/>\n<meta property=\"og:site_name\" content=\"Zauner\" \/>\n<meta property=\"article:publisher\" content=\"https:\/\/www.facebook.com\/p\/Konditorei-Kaffee-Zauner-Bad-Ischl-100057212599739\/\" \/>\n<meta property=\"article:modified_time\" content=\"2026-04-08T10:11:33+00:00\" \/>\n<meta property=\"og:image\" content=\"https:\/\/zauner.at\/wp-content\/uploads\/2025\/02\/konditorei-zauner-produkt-torten-backwaren-kleintorte-oblatentorte-karton-1200x1200-1.jpg\" \/>\n\t<meta property=\"og:image:width\" content=\"1200\" \/>\n\t<meta property=\"og:image:height\" content=\"1200\" \/>\n\t<meta property=\"og:image:type\" content=\"image\/jpeg\" \/>\n<meta name=\"twitter:card\" content=\"summary_large_image\" \/>\n<script type=\"application\/ld+json\" class=\"yoast-schema-graph\">{\"@context\":\"https:\\\/\\\/schema.org\",\"@graph\":[{\"@type\":\"WebPage\",\"@id\":\"https:\\\/\\\/zauner.at\\\/produkt\\\/zauner-oblatentorte\\\/\",\"url\":\"https:\\\/\\\/zauner.at\\\/produkt\\\/zauner-oblatentorte\\\/\",\"name\":\"Zauner Oblatentorte \u27a4 Knusprig & unwiderstehlich!\",\"isPartOf\":{\"@id\":\"https:\\\/\\\/zauner.at\\\/#website\"},\"primaryImageOfPage\":{\"@id\":\"https:\\\/\\\/zauner.at\\\/produkt\\\/zauner-oblatentorte\\\/#primaryimage\"},\"image\":{\"@id\":\"https:\\\/\\\/zauner.at\\\/produkt\\\/zauner-oblatentorte\\\/#primaryimage\"},\"thumbnailUrl\":\"https:\\\/\\\/zauner.at\\\/wp-content\\\/uploads\\\/2025\\\/02\\\/konditorei-zauner-produkt-torten-backwaren-kleintorte-oblatentorte-karton-1200x1200-1.jpg\",\"datePublished\":\"2019-09-11T11:37:16+00:00\",\"dateModified\":\"2026-04-08T10:11:33+00:00\",\"description\":\"Die original Zauner Oblatentorte \u2013 knusprige Oblaten & feine F\u00fcllung nach Traditionsrezept. Jetzt online bestellen & genie\u00dfen!\",\"breadcrumb\":{\"@id\":\"https:\\\/\\\/zauner.at\\\/produkt\\\/zauner-oblatentorte\\\/#breadcrumb\"},\"inLanguage\":\"en-GB\",\"potentialAction\":[{\"@type\":\"ReadAction\",\"target\":[\"https:\\\/\\\/zauner.at\\\/produkt\\\/zauner-oblatentorte\\\/\"]}]},{\"@type\":\"ImageObject\",\"inLanguage\":\"en-GB\",\"@id\":\"https:\\\/\\\/zauner.at\\\/produkt\\\/zauner-oblatentorte\\\/#primaryimage\",\"url\":\"https:\\\/\\\/zauner.at\\\/wp-content\\\/uploads\\\/2025\\\/02\\\/konditorei-zauner-produkt-torten-backwaren-kleintorte-oblatentorte-karton-1200x1200-1.jpg\",\"contentUrl\":\"https:\\\/\\\/zauner.at\\\/wp-content\\\/uploads\\\/2025\\\/02\\\/konditorei-zauner-produkt-torten-backwaren-kleintorte-oblatentorte-karton-1200x1200-1.jpg\",\"width\":1200,\"height\":1200,\"caption\":\"Zauner Oblatentorte mit Schokolade \u00fcberzogen im Geschenkkarton\"},{\"@type\":\"BreadcrumbList\",\"@id\":\"https:\\\/\\\/zauner.at\\\/produkt\\\/zauner-oblatentorte\\\/#breadcrumb\",\"itemListElement\":[{\"@type\":\"ListItem\",\"position\":1,\"name\":\"Startseite\",\"item\":\"https:\\\/\\\/zauner.at\\\/\"},{\"@type\":\"ListItem\",\"position\":2,\"name\":\"Unser Onlineshop\",\"item\":\"https:\\\/\\\/zauner.at\\\/shop\\\/\"},{\"@type\":\"ListItem\",\"position\":3,\"name\":\"Oblatentorte\"}]},{\"@type\":\"WebSite\",\"@id\":\"https:\\\/\\\/zauner.at\\\/#website\",\"url\":\"https:\\\/\\\/zauner.at\\\/\",\"name\":\"Konditorei Zauner\",\"description\":\"Konditorei\",\"publisher\":{\"@id\":\"https:\\\/\\\/zauner.at\\\/#organization\"},\"potentialAction\":[{\"@type\":\"SearchAction\",\"target\":{\"@type\":\"EntryPoint\",\"urlTemplate\":\"https:\\\/\\\/zauner.at\\\/?s={search_term_string}\"},\"query-input\":{\"@type\":\"PropertyValueSpecification\",\"valueRequired\":true,\"valueName\":\"search_term_string\"}}],\"inLanguage\":\"en-GB\"},{\"@type\":\"Organization\",\"@id\":\"https:\\\/\\\/zauner.at\\\/#organization\",\"name\":\"Konditorei Zauner\",\"url\":\"https:\\\/\\\/zauner.at\\\/\",\"logo\":{\"@type\":\"ImageObject\",\"inLanguage\":\"en-GB\",\"@id\":\"https:\\\/\\\/zauner.at\\\/#\\\/schema\\\/logo\\\/image\\\/\",\"url\":\"https:\\\/\\\/zauner.at\\\/wp-content\\\/uploads\\\/2025\\\/02\\\/zauner-logo.png\",\"contentUrl\":\"https:\\\/\\\/zauner.at\\\/wp-content\\\/uploads\\\/2025\\\/02\\\/zauner-logo.png\",\"width\":160,\"height\":142,\"caption\":\"Konditorei Zauner\"},\"image\":{\"@id\":\"https:\\\/\\\/zauner.at\\\/#\\\/schema\\\/logo\\\/image\\\/\"},\"sameAs\":[\"https:\\\/\\\/www.facebook.com\\\/p\\\/Konditorei-Kaffee-Zauner-Bad-Ischl-100057212599739\\\/\",\"https:\\\/\\\/www.instagram.com\\\/zaunerkaffeekonditorei\\\/\",\"https:\\\/\\\/at.linkedin.com\\\/company\\\/konditorei-kaffee-zauner?trk=public_profile_experience-group-header\"]}]}<\/script>\n<!-- \/ Yoast SEO plugin. -->","yoast_head_json":{"title":"Zauner wafer cake \u27a4 Crispy &amp; irresistible!","description":"The original Zauner wafer cake \u2013 crispy wafers and a fine filling made according to a traditional recipe. Order online now and enjoy!","robots":{"index":"index","follow":"follow","max-snippet":"max-snippet:-1","max-image-preview":"max-image-preview:large","max-video-preview":"max-video-preview:-1"},"canonical":"https:\/\/zauner.at\/en\/product-5\/zauner-wafer-cake\/","og_locale":"en_GB","og_type":"article","og_title":"Zauner Oblatentorte \u27a4 Knusprig & unwiderstehlich!","og_description":"Die original Zauner Oblatentorte \u2013 knusprige Oblaten & feine F\u00fcllung nach Traditionsrezept. Jetzt online bestellen & genie\u00dfen!","og_url":"https:\/\/zauner.at\/en\/product-5\/zauner-wafer-cake\/","og_site_name":"Zauner","article_publisher":"https:\/\/www.facebook.com\/p\/Konditorei-Kaffee-Zauner-Bad-Ischl-100057212599739\/","article_modified_time":"2026-04-08T10:11:33+00:00","og_image":[{"width":1200,"height":1200,"url":"https:\/\/zauner.at\/wp-content\/uploads\/2025\/02\/konditorei-zauner-produkt-torten-backwaren-kleintorte-oblatentorte-karton-1200x1200-1.jpg","type":"image\/jpeg"}],"twitter_card":"summary_large_image","schema":{"@context":"https:\/\/schema.org","@graph":[{"@type":"WebPage","@id":"https:\/\/zauner.at\/produkt\/zauner-oblatentorte\/","url":"https:\/\/zauner.at\/produkt\/zauner-oblatentorte\/","name":"Zauner wafer cake \u27a4 Crispy &amp; irresistible!","isPartOf":{"@id":"https:\/\/zauner.at\/#website"},"primaryImageOfPage":{"@id":"https:\/\/zauner.at\/produkt\/zauner-oblatentorte\/#primaryimage"},"image":{"@id":"https:\/\/zauner.at\/produkt\/zauner-oblatentorte\/#primaryimage"},"thumbnailUrl":"https:\/\/zauner.at\/wp-content\/uploads\/2025\/02\/konditorei-zauner-produkt-torten-backwaren-kleintorte-oblatentorte-karton-1200x1200-1.jpg","datePublished":"2019-09-11T11:37:16+00:00","dateModified":"2026-04-08T10:11:33+00:00","description":"The original Zauner wafer cake \u2013 crispy wafers and a fine filling made according to a traditional recipe. Order online now and enjoy!","breadcrumb":{"@id":"https:\/\/zauner.at\/produkt\/zauner-oblatentorte\/#breadcrumb"},"inLanguage":"en-GB","potentialAction":[{"@type":"ReadAction","target":["https:\/\/zauner.at\/produkt\/zauner-oblatentorte\/"]}]},{"@type":"ImageObject","inLanguage":"en-GB","@id":"https:\/\/zauner.at\/produkt\/zauner-oblatentorte\/#primaryimage","url":"https:\/\/zauner.at\/wp-content\/uploads\/2025\/02\/konditorei-zauner-produkt-torten-backwaren-kleintorte-oblatentorte-karton-1200x1200-1.jpg","contentUrl":"https:\/\/zauner.at\/wp-content\/uploads\/2025\/02\/konditorei-zauner-produkt-torten-backwaren-kleintorte-oblatentorte-karton-1200x1200-1.jpg","width":1200,"height":1200,"caption":"Zauner Oblatentorte mit Schokolade \u00fcberzogen im Geschenkkarton"},{"@type":"BreadcrumbList","@id":"https:\/\/zauner.at\/produkt\/zauner-oblatentorte\/#breadcrumb","itemListElement":[{"@type":"ListItem","position":1,"name":"Startseite","item":"https:\/\/zauner.at\/"},{"@type":"ListItem","position":2,"name":"Unser Onlineshop","item":"https:\/\/zauner.at\/shop\/"},{"@type":"ListItem","position":3,"name":"Oblatentorte"}]},{"@type":"WebSite","@id":"https:\/\/zauner.at\/#website","url":"https:\/\/zauner.at\/","name":"Konditorei Zauner","description":"pastry shop","publisher":{"@id":"https:\/\/zauner.at\/#organization"},"potentialAction":[{"@type":"SearchAction","target":{"@type":"EntryPoint","urlTemplate":"https:\/\/zauner.at\/?s={search_term_string}"},"query-input":{"@type":"PropertyValueSpecification","valueRequired":true,"valueName":"search_term_string"}}],"inLanguage":"en-GB"},{"@type":"Organization","@id":"https:\/\/zauner.at\/#organization","name":"Konditorei Zauner","url":"https:\/\/zauner.at\/","logo":{"@type":"ImageObject","inLanguage":"en-GB","@id":"https:\/\/zauner.at\/#\/schema\/logo\/image\/","url":"https:\/\/zauner.at\/wp-content\/uploads\/2025\/02\/zauner-logo.png","contentUrl":"https:\/\/zauner.at\/wp-content\/uploads\/2025\/02\/zauner-logo.png","width":160,"height":142,"caption":"Konditorei Zauner"},"image":{"@id":"https:\/\/zauner.at\/#\/schema\/logo\/image\/"},"sameAs":["https:\/\/www.facebook.com\/p\/Konditorei-Kaffee-Zauner-Bad-Ischl-100057212599739\/","https:\/\/www.instagram.com\/zaunerkaffeekonditorei\/","https:\/\/at.linkedin.com\/company\/konditorei-kaffee-zauner?trk=public_profile_experience-group-header"]}]}},"_links":{"self":[{"href":"https:\/\/zauner.at\/en\/wp-json\/wp\/v2\/product\/214303","targetHints":{"allow":["GET"]}}],"collection":[{"href":"https:\/\/zauner.at\/en\/wp-json\/wp\/v2\/product"}],"about":[{"href":"https:\/\/zauner.at\/en\/wp-json\/wp\/v2\/types\/product"}],"replies":[{"embeddable":true,"href":"https:\/\/zauner.at\/en\/wp-json\/wp\/v2\/comments?post=214303"}],"wp:featuredmedia":[{"embeddable":true,"href":"https:\/\/zauner.at\/en\/wp-json\/wp\/v2\/media\/217645"}],"wp:attachment":[{"href":"https:\/\/zauner.at\/en\/wp-json\/wp\/v2\/media?parent=214303"}],"wp:term":[{"taxonomy":"product_brand","embeddable":true,"href":"https:\/\/zauner.at\/en\/wp-json\/wp\/v2\/product_brand?post=214303"},{"taxonomy":"product_cat","embeddable":true,"href":"https:\/\/zauner.at\/en\/wp-json\/wp\/v2\/product_cat?post=214303"},{"taxonomy":"product_tag","embeddable":true,"href":"https:\/\/zauner.at\/en\/wp-json\/wp\/v2\/product_tag?post=214303"}],"curies":[{"name":"wp","href":"https:\/\/api.w.org\/{rel}","templated":true}]}}