{"id":214211,"date":"2015-02-27T10:47:13","date_gmt":"2015-02-27T09:47:13","guid":{"rendered":"https:\/\/zauner.at\/produkt\/schokoladeei-erdbeercreme-5\/"},"modified":"2026-03-31T16:12:47","modified_gmt":"2026-03-31T14:12:47","slug":"chocolate-egg-strawberry-cream-5","status":"publish","type":"product","link":"https:\/\/zauner.at\/en\/produkt\/schokoladeei-erdbeercreme-5\/","title":{"rendered":"Chocolate egg strawberry ganache"},"content":{"rendered":"<p>Filled with fruity strawberry ganache<\/p>\n<p>Available in 2 sizes:<\/p>\n<p>Chicken egg size: 55 g, 6 cm high<br \/>\nQuail egg size: 15 g<\/p>\n<p>Allergens: Soy (F), Lactose (G), Nuts (H)<\/p>","protected":false},"excerpt":{"rendered":"<p>chocolate egg made of red strawberry chocolate<\/p>","protected":false},"featured_media":218675,"comment_status":"open","ping_status":"closed","template":"","meta":{"_acf_changed":false},"product_brand":[],"product_cat":[113,117],"product_tag":[294,385,409,410,118,412,119,413,120,515,122,740,126,741,127,129],"class_list":{"0":"post-214211","1":"product","2":"type-product","3":"status-publish","4":"has-post-thumbnail","6":"product_cat-spezielle-anlaesse","7":"product_cat-ostern","8":"product_tag-confiserie","9":"product_tag-suesswaren","10":"product_tag-osterei","11":"product_tag-osterhase","12":"product_tag-bad-ischl","13":"product_tag-ostern","14":"product_tag-dessert","15":"product_tag-verzierung","16":"product_tag-geschenk","17":"product_tag-schokoladeei","18":"product_tag-konditorei-zauner","19":"product_tag-erdbeercanache","20":"product_tag-pralinen","21":"product_tag-fruchtig","22":"product_tag-schokolade","23":"product_tag-tradition","25":"first","26":"outofstock","27":"taxable","28":"shipping-taxable","29":"purchasable","30":"product-type-variable"},"acf":[],"yoast_head":"<!-- This site is optimized with the Yoast SEO plugin v27.3 - https:\/\/yoast.com\/product\/yoast-seo-wordpress\/ -->\n<title>Schokoladeei Erdbeercanache - Zauner<\/title>\n<meta name=\"description\" content=\"Zauner Schoko-Ei mit Erdbeercreme \u2013 zarte Schokolade trifft auf fruchtige F\u00fcllung! Jetzt online entdecken &amp; genie\u00dfen!\" \/>\n<meta name=\"robots\" content=\"index, follow, max-snippet:-1, max-image-preview:large, max-video-preview:-1\" \/>\n<link rel=\"canonical\" href=\"https:\/\/zauner.at\/en\/product-5\/chocolate-egg-strawberry-cream-5\/\" \/>\n<meta property=\"og:locale\" content=\"en_GB\" \/>\n<meta property=\"og:type\" content=\"article\" \/>\n<meta property=\"og:title\" content=\"Schokoladeei Erdbeercanache - Zauner\" \/>\n<meta property=\"og:description\" content=\"Zauner Schoko-Ei mit Erdbeercreme \u2013 zarte Schokolade trifft auf fruchtige F\u00fcllung! Jetzt online entdecken &amp; genie\u00dfen!\" \/>\n<meta property=\"og:url\" content=\"https:\/\/zauner.at\/en\/product-5\/chocolate-egg-strawberry-cream-5\/\" \/>\n<meta property=\"og:site_name\" content=\"Zauner\" \/>\n<meta property=\"article:publisher\" content=\"https:\/\/www.facebook.com\/p\/Konditorei-Kaffee-Zauner-Bad-Ischl-100057212599739\/\" \/>\n<meta property=\"article:modified_time\" content=\"2026-03-31T14:12:47+00:00\" \/>\n<meta property=\"og:image\" content=\"https:\/\/zauner.at\/wp-content\/uploads\/2025\/02\/Schokoladeei-Erbeere.jpg\" \/>\n\t<meta property=\"og:image:width\" content=\"2400\" \/>\n\t<meta property=\"og:image:height\" content=\"2400\" \/>\n\t<meta property=\"og:image:type\" content=\"image\/jpeg\" \/>\n<meta name=\"twitter:card\" content=\"summary_large_image\" \/>\n<script type=\"application\/ld+json\" class=\"yoast-schema-graph\">{\"@context\":\"https:\\\/\\\/schema.org\",\"@graph\":[{\"@type\":\"WebPage\",\"@id\":\"https:\\\/\\\/zauner.at\\\/produkt\\\/schokoladeei-erdbeercreme-5\\\/\",\"url\":\"https:\\\/\\\/zauner.at\\\/produkt\\\/schokoladeei-erdbeercreme-5\\\/\",\"name\":\"Schokoladeei Erdbeercanache - Zauner\",\"isPartOf\":{\"@id\":\"https:\\\/\\\/zauner.at\\\/#website\"},\"primaryImageOfPage\":{\"@id\":\"https:\\\/\\\/zauner.at\\\/produkt\\\/schokoladeei-erdbeercreme-5\\\/#primaryimage\"},\"image\":{\"@id\":\"https:\\\/\\\/zauner.at\\\/produkt\\\/schokoladeei-erdbeercreme-5\\\/#primaryimage\"},\"thumbnailUrl\":\"https:\\\/\\\/zauner.at\\\/wp-content\\\/uploads\\\/2025\\\/02\\\/Schokoladeei-Erbeere.jpg\",\"datePublished\":\"2015-02-27T09:47:13+00:00\",\"dateModified\":\"2026-03-31T14:12:47+00:00\",\"description\":\"Zauner Schoko-Ei mit Erdbeercreme \u2013 zarte Schokolade trifft auf fruchtige F\u00fcllung! Jetzt online entdecken & genie\u00dfen!\",\"breadcrumb\":{\"@id\":\"https:\\\/\\\/zauner.at\\\/produkt\\\/schokoladeei-erdbeercreme-5\\\/#breadcrumb\"},\"inLanguage\":\"en-GB\",\"potentialAction\":[{\"@type\":\"ReadAction\",\"target\":[\"https:\\\/\\\/zauner.at\\\/produkt\\\/schokoladeei-erdbeercreme-5\\\/\"]}]},{\"@type\":\"ImageObject\",\"inLanguage\":\"en-GB\",\"@id\":\"https:\\\/\\\/zauner.at\\\/produkt\\\/schokoladeei-erdbeercreme-5\\\/#primaryimage\",\"url\":\"https:\\\/\\\/zauner.at\\\/wp-content\\\/uploads\\\/2025\\\/02\\\/Schokoladeei-Erbeere.jpg\",\"contentUrl\":\"https:\\\/\\\/zauner.at\\\/wp-content\\\/uploads\\\/2025\\\/02\\\/Schokoladeei-Erbeere.jpg\",\"width\":2400,\"height\":2400,\"caption\":\"Osterei in H\u00fchnerei- und Wachtelei-Gr\u00f6\u00dfe mit Erdbeerschokolade\"},{\"@type\":\"BreadcrumbList\",\"@id\":\"https:\\\/\\\/zauner.at\\\/produkt\\\/schokoladeei-erdbeercreme-5\\\/#breadcrumb\",\"itemListElement\":[{\"@type\":\"ListItem\",\"position\":1,\"name\":\"Startseite\",\"item\":\"https:\\\/\\\/zauner.at\\\/\"},{\"@type\":\"ListItem\",\"position\":2,\"name\":\"Unser Onlineshop\",\"item\":\"https:\\\/\\\/zauner.at\\\/shop\\\/\"},{\"@type\":\"ListItem\",\"position\":3,\"name\":\"Schokoladeei Erdbeercanache\"}]},{\"@type\":\"WebSite\",\"@id\":\"https:\\\/\\\/zauner.at\\\/#website\",\"url\":\"https:\\\/\\\/zauner.at\\\/\",\"name\":\"Konditorei Zauner\",\"description\":\"Konditorei\",\"publisher\":{\"@id\":\"https:\\\/\\\/zauner.at\\\/#organization\"},\"potentialAction\":[{\"@type\":\"SearchAction\",\"target\":{\"@type\":\"EntryPoint\",\"urlTemplate\":\"https:\\\/\\\/zauner.at\\\/?s={search_term_string}\"},\"query-input\":{\"@type\":\"PropertyValueSpecification\",\"valueRequired\":true,\"valueName\":\"search_term_string\"}}],\"inLanguage\":\"en-GB\"},{\"@type\":\"Organization\",\"@id\":\"https:\\\/\\\/zauner.at\\\/#organization\",\"name\":\"Konditorei Zauner\",\"url\":\"https:\\\/\\\/zauner.at\\\/\",\"logo\":{\"@type\":\"ImageObject\",\"inLanguage\":\"en-GB\",\"@id\":\"https:\\\/\\\/zauner.at\\\/#\\\/schema\\\/logo\\\/image\\\/\",\"url\":\"https:\\\/\\\/zauner.at\\\/wp-content\\\/uploads\\\/2025\\\/02\\\/zauner-logo.png\",\"contentUrl\":\"https:\\\/\\\/zauner.at\\\/wp-content\\\/uploads\\\/2025\\\/02\\\/zauner-logo.png\",\"width\":160,\"height\":142,\"caption\":\"Konditorei Zauner\"},\"image\":{\"@id\":\"https:\\\/\\\/zauner.at\\\/#\\\/schema\\\/logo\\\/image\\\/\"},\"sameAs\":[\"https:\\\/\\\/www.facebook.com\\\/p\\\/Konditorei-Kaffee-Zauner-Bad-Ischl-100057212599739\\\/\",\"https:\\\/\\\/www.instagram.com\\\/zaunerkaffeekonditorei\\\/\",\"https:\\\/\\\/at.linkedin.com\\\/company\\\/konditorei-kaffee-zauner?trk=public_profile_experience-group-header\"]}]}<\/script>\n<!-- \/ Yoast SEO plugin. -->","yoast_head_json":{"title":"Chocolate Egg Strawberry Ganache - Zauner","description":"Zauner chocolate egg with strawberry cream \u2013 delicate chocolate meets fruity filling! Discover and enjoy online now!","robots":{"index":"index","follow":"follow","max-snippet":"max-snippet:-1","max-image-preview":"max-image-preview:large","max-video-preview":"max-video-preview:-1"},"canonical":"https:\/\/zauner.at\/en\/product-5\/chocolate-egg-strawberry-cream-5\/","og_locale":"en_GB","og_type":"article","og_title":"Schokoladeei Erdbeercanache - Zauner","og_description":"Zauner Schoko-Ei mit Erdbeercreme \u2013 zarte Schokolade trifft auf fruchtige F\u00fcllung! Jetzt online entdecken & genie\u00dfen!","og_url":"https:\/\/zauner.at\/en\/product-5\/chocolate-egg-strawberry-cream-5\/","og_site_name":"Zauner","article_publisher":"https:\/\/www.facebook.com\/p\/Konditorei-Kaffee-Zauner-Bad-Ischl-100057212599739\/","article_modified_time":"2026-03-31T14:12:47+00:00","og_image":[{"width":2400,"height":2400,"url":"https:\/\/zauner.at\/wp-content\/uploads\/2025\/02\/Schokoladeei-Erbeere.jpg","type":"image\/jpeg"}],"twitter_card":"summary_large_image","schema":{"@context":"https:\/\/schema.org","@graph":[{"@type":"WebPage","@id":"https:\/\/zauner.at\/produkt\/schokoladeei-erdbeercreme-5\/","url":"https:\/\/zauner.at\/produkt\/schokoladeei-erdbeercreme-5\/","name":"Chocolate Egg Strawberry Ganache - Zauner","isPartOf":{"@id":"https:\/\/zauner.at\/#website"},"primaryImageOfPage":{"@id":"https:\/\/zauner.at\/produkt\/schokoladeei-erdbeercreme-5\/#primaryimage"},"image":{"@id":"https:\/\/zauner.at\/produkt\/schokoladeei-erdbeercreme-5\/#primaryimage"},"thumbnailUrl":"https:\/\/zauner.at\/wp-content\/uploads\/2025\/02\/Schokoladeei-Erbeere.jpg","datePublished":"2015-02-27T09:47:13+00:00","dateModified":"2026-03-31T14:12:47+00:00","description":"Zauner chocolate egg with strawberry cream \u2013 delicate chocolate meets fruity filling! Discover and enjoy online now!","breadcrumb":{"@id":"https:\/\/zauner.at\/produkt\/schokoladeei-erdbeercreme-5\/#breadcrumb"},"inLanguage":"en-GB","potentialAction":[{"@type":"ReadAction","target":["https:\/\/zauner.at\/produkt\/schokoladeei-erdbeercreme-5\/"]}]},{"@type":"ImageObject","inLanguage":"en-GB","@id":"https:\/\/zauner.at\/produkt\/schokoladeei-erdbeercreme-5\/#primaryimage","url":"https:\/\/zauner.at\/wp-content\/uploads\/2025\/02\/Schokoladeei-Erbeere.jpg","contentUrl":"https:\/\/zauner.at\/wp-content\/uploads\/2025\/02\/Schokoladeei-Erbeere.jpg","width":2400,"height":2400,"caption":"Osterei in H\u00fchnerei- und Wachtelei-Gr\u00f6\u00dfe mit Erdbeerschokolade"},{"@type":"BreadcrumbList","@id":"https:\/\/zauner.at\/produkt\/schokoladeei-erdbeercreme-5\/#breadcrumb","itemListElement":[{"@type":"ListItem","position":1,"name":"Startseite","item":"https:\/\/zauner.at\/"},{"@type":"ListItem","position":2,"name":"Unser Onlineshop","item":"https:\/\/zauner.at\/shop\/"},{"@type":"ListItem","position":3,"name":"Schokoladeei Erdbeercanache"}]},{"@type":"WebSite","@id":"https:\/\/zauner.at\/#website","url":"https:\/\/zauner.at\/","name":"Konditorei Zauner","description":"pastry shop","publisher":{"@id":"https:\/\/zauner.at\/#organization"},"potentialAction":[{"@type":"SearchAction","target":{"@type":"EntryPoint","urlTemplate":"https:\/\/zauner.at\/?s={search_term_string}"},"query-input":{"@type":"PropertyValueSpecification","valueRequired":true,"valueName":"search_term_string"}}],"inLanguage":"en-GB"},{"@type":"Organization","@id":"https:\/\/zauner.at\/#organization","name":"Konditorei Zauner","url":"https:\/\/zauner.at\/","logo":{"@type":"ImageObject","inLanguage":"en-GB","@id":"https:\/\/zauner.at\/#\/schema\/logo\/image\/","url":"https:\/\/zauner.at\/wp-content\/uploads\/2025\/02\/zauner-logo.png","contentUrl":"https:\/\/zauner.at\/wp-content\/uploads\/2025\/02\/zauner-logo.png","width":160,"height":142,"caption":"Konditorei Zauner"},"image":{"@id":"https:\/\/zauner.at\/#\/schema\/logo\/image\/"},"sameAs":["https:\/\/www.facebook.com\/p\/Konditorei-Kaffee-Zauner-Bad-Ischl-100057212599739\/","https:\/\/www.instagram.com\/zaunerkaffeekonditorei\/","https:\/\/at.linkedin.com\/company\/konditorei-kaffee-zauner?trk=public_profile_experience-group-header"]}]}},"_links":{"self":[{"href":"https:\/\/zauner.at\/en\/wp-json\/wp\/v2\/product\/214211","targetHints":{"allow":["GET"]}}],"collection":[{"href":"https:\/\/zauner.at\/en\/wp-json\/wp\/v2\/product"}],"about":[{"href":"https:\/\/zauner.at\/en\/wp-json\/wp\/v2\/types\/product"}],"replies":[{"embeddable":true,"href":"https:\/\/zauner.at\/en\/wp-json\/wp\/v2\/comments?post=214211"}],"wp:featuredmedia":[{"embeddable":true,"href":"https:\/\/zauner.at\/en\/wp-json\/wp\/v2\/media\/218675"}],"wp:attachment":[{"href":"https:\/\/zauner.at\/en\/wp-json\/wp\/v2\/media?parent=214211"}],"wp:term":[{"taxonomy":"product_brand","embeddable":true,"href":"https:\/\/zauner.at\/en\/wp-json\/wp\/v2\/product_brand?post=214211"},{"taxonomy":"product_cat","embeddable":true,"href":"https:\/\/zauner.at\/en\/wp-json\/wp\/v2\/product_cat?post=214211"},{"taxonomy":"product_tag","embeddable":true,"href":"https:\/\/zauner.at\/en\/wp-json\/wp\/v2\/product_tag?post=214211"}],"curies":[{"name":"wp","href":"https:\/\/api.w.org\/{rel}","templated":true}]}}