{"id":214199,"date":"2014-09-26T09:37:52","date_gmt":"2014-09-26T07:37:52","guid":{"rendered":"https:\/\/zauner.at\/produkt\/zauner-hausmischung-250-g\/"},"modified":"2026-03-25T09:11:39","modified_gmt":"2026-03-25T08:11:39","slug":"zauner-house-mix-250-g","status":"publish","type":"product","link":"https:\/\/zauner.at\/en\/produkt\/zauner-hausmischung-250-g\/","title":{"rendered":"Zauner house mix 250g"},"content":{"rendered":"<p>The best highland Arabicas, hand-picked and slowly ripened on the fertile, moist soils of the Pacific coffee regions and in the breathtakingly beautiful high altitudes of Latin America.<\/p>\n<p>Characteristic, delicate taste.<\/p>\n<p>Roasted with love in the heart of the Salzkammergut!<\/p>\n<p><strong>Aus steuerrechtlichen Gr\u00fcnden nur f\u00fcr den Versand innerhalb \u00d6sterreichs bestimmt!<\/strong><!--more--><\/p>","protected":false},"excerpt":{"rendered":"<p>Zauner house mix, 250 g<\/p>","protected":false},"featured_media":217631,"comment_status":"open","ping_status":"closed","template":"","meta":{"_acf_changed":false},"product_brand":[],"product_cat":[105],"product_tag":[452,558,559,560,561,562,118,563,122,129,335,422],"class_list":{"0":"post-214199","1":"product","2":"type-product","3":"status-publish","4":"has-post-thumbnail","6":"product_cat-kaffee","7":"product_tag-roesterei-nussbaumer","8":"product_tag-bohnenkaffee","9":"product_tag-espressomischung","10":"product_tag-gmunden","11":"product_tag-hausmischung","12":"product_tag-kaffeemischung","13":"product_tag-bad-ischl","14":"product_tag-nussbaumer-kaffee","15":"product_tag-konditorei-zauner","16":"product_tag-tradition","17":"product_tag-salzkammergut","18":"product_tag-familienbetrieb","19":"pa_kaffee-ganze-bohne","20":"pa_kaffee-gemahlen","22":"first","23":"instock","24":"taxable","25":"shipping-taxable","26":"purchasable","27":"product-type-variable"},"acf":[],"yoast_head":"<!-- This site is optimized with the Yoast SEO plugin v27.3 - https:\/\/yoast.com\/product\/yoast-seo-wordpress\/ -->\n<title>Zauner Hausmischung 250g - Zauner<\/title>\n<meta name=\"description\" content=\"Die Zauner Hausmischung \u2013 250 g edler Kaffee mit harmonischem Aroma. Jetzt online bestellen &amp; exquisiten Genuss erleben!\" \/>\n<meta name=\"robots\" content=\"index, follow, max-snippet:-1, max-image-preview:large, max-video-preview:-1\" \/>\n<link rel=\"canonical\" href=\"https:\/\/zauner.at\/en\/product-5\/zauner-house-mix-250-g\/\" \/>\n<meta property=\"og:locale\" content=\"en_GB\" \/>\n<meta property=\"og:type\" content=\"article\" \/>\n<meta property=\"og:title\" content=\"Zauner Hausmischung 250g - Zauner\" \/>\n<meta property=\"og:description\" content=\"Die Zauner Hausmischung \u2013 250 g edler Kaffee mit harmonischem Aroma. Jetzt online bestellen &amp; exquisiten Genuss erleben!\" \/>\n<meta property=\"og:url\" content=\"https:\/\/zauner.at\/en\/product-5\/zauner-house-mix-250-g\/\" \/>\n<meta property=\"og:site_name\" content=\"Zauner\" \/>\n<meta property=\"article:publisher\" content=\"https:\/\/www.facebook.com\/p\/Konditorei-Kaffee-Zauner-Bad-Ischl-100057212599739\/\" \/>\n<meta property=\"article:modified_time\" content=\"2026-03-25T08:11:39+00:00\" \/>\n<meta property=\"og:image\" content=\"https:\/\/zauner.at\/wp-content\/uploads\/2021\/11\/konditorei-zauner-produkt-kaffee-zaun-hausmischung-250g-1200x1200-1.jpg\" \/>\n\t<meta property=\"og:image:width\" content=\"1200\" \/>\n\t<meta property=\"og:image:height\" content=\"1200\" \/>\n\t<meta property=\"og:image:type\" content=\"image\/jpeg\" \/>\n<meta name=\"twitter:card\" content=\"summary_large_image\" \/>\n<script type=\"application\/ld+json\" class=\"yoast-schema-graph\">{\"@context\":\"https:\\\/\\\/schema.org\",\"@graph\":[{\"@type\":\"WebPage\",\"@id\":\"https:\\\/\\\/zauner.at\\\/produkt\\\/zauner-hausmischung-250-g\\\/\",\"url\":\"https:\\\/\\\/zauner.at\\\/produkt\\\/zauner-hausmischung-250-g\\\/\",\"name\":\"Zauner Hausmischung 250g - Zauner\",\"isPartOf\":{\"@id\":\"https:\\\/\\\/zauner.at\\\/#website\"},\"primaryImageOfPage\":{\"@id\":\"https:\\\/\\\/zauner.at\\\/produkt\\\/zauner-hausmischung-250-g\\\/#primaryimage\"},\"image\":{\"@id\":\"https:\\\/\\\/zauner.at\\\/produkt\\\/zauner-hausmischung-250-g\\\/#primaryimage\"},\"thumbnailUrl\":\"https:\\\/\\\/zauner.at\\\/wp-content\\\/uploads\\\/2021\\\/11\\\/konditorei-zauner-produkt-kaffee-zaun-hausmischung-250g-1200x1200-1.jpg\",\"datePublished\":\"2014-09-26T07:37:52+00:00\",\"dateModified\":\"2026-03-25T08:11:39+00:00\",\"description\":\"Die Zauner Hausmischung \u2013 250 g edler Kaffee mit harmonischem Aroma. Jetzt online bestellen & exquisiten Genuss erleben!\",\"breadcrumb\":{\"@id\":\"https:\\\/\\\/zauner.at\\\/produkt\\\/zauner-hausmischung-250-g\\\/#breadcrumb\"},\"inLanguage\":\"en-GB\",\"potentialAction\":[{\"@type\":\"ReadAction\",\"target\":[\"https:\\\/\\\/zauner.at\\\/produkt\\\/zauner-hausmischung-250-g\\\/\"]}]},{\"@type\":\"ImageObject\",\"inLanguage\":\"en-GB\",\"@id\":\"https:\\\/\\\/zauner.at\\\/produkt\\\/zauner-hausmischung-250-g\\\/#primaryimage\",\"url\":\"https:\\\/\\\/zauner.at\\\/wp-content\\\/uploads\\\/2021\\\/11\\\/konditorei-zauner-produkt-kaffee-zaun-hausmischung-250g-1200x1200-1.jpg\",\"contentUrl\":\"https:\\\/\\\/zauner.at\\\/wp-content\\\/uploads\\\/2021\\\/11\\\/konditorei-zauner-produkt-kaffee-zaun-hausmischung-250g-1200x1200-1.jpg\",\"width\":1200,\"height\":1200,\"caption\":\"Zauner Kaffee, Hausmischung, Hochland-Arabicas ger\u00f6stet, 250 g, gemahlen\"},{\"@type\":\"BreadcrumbList\",\"@id\":\"https:\\\/\\\/zauner.at\\\/produkt\\\/zauner-hausmischung-250-g\\\/#breadcrumb\",\"itemListElement\":[{\"@type\":\"ListItem\",\"position\":1,\"name\":\"Startseite\",\"item\":\"https:\\\/\\\/zauner.at\\\/\"},{\"@type\":\"ListItem\",\"position\":2,\"name\":\"Unser Onlineshop\",\"item\":\"https:\\\/\\\/zauner.at\\\/shop\\\/\"},{\"@type\":\"ListItem\",\"position\":3,\"name\":\"Zauner Hausmischung 250g\"}]},{\"@type\":\"WebSite\",\"@id\":\"https:\\\/\\\/zauner.at\\\/#website\",\"url\":\"https:\\\/\\\/zauner.at\\\/\",\"name\":\"Konditorei Zauner\",\"description\":\"Konditorei\",\"publisher\":{\"@id\":\"https:\\\/\\\/zauner.at\\\/#organization\"},\"potentialAction\":[{\"@type\":\"SearchAction\",\"target\":{\"@type\":\"EntryPoint\",\"urlTemplate\":\"https:\\\/\\\/zauner.at\\\/?s={search_term_string}\"},\"query-input\":{\"@type\":\"PropertyValueSpecification\",\"valueRequired\":true,\"valueName\":\"search_term_string\"}}],\"inLanguage\":\"en-GB\"},{\"@type\":\"Organization\",\"@id\":\"https:\\\/\\\/zauner.at\\\/#organization\",\"name\":\"Konditorei Zauner\",\"url\":\"https:\\\/\\\/zauner.at\\\/\",\"logo\":{\"@type\":\"ImageObject\",\"inLanguage\":\"en-GB\",\"@id\":\"https:\\\/\\\/zauner.at\\\/#\\\/schema\\\/logo\\\/image\\\/\",\"url\":\"https:\\\/\\\/zauner.at\\\/wp-content\\\/uploads\\\/2025\\\/02\\\/zauner-logo.png\",\"contentUrl\":\"https:\\\/\\\/zauner.at\\\/wp-content\\\/uploads\\\/2025\\\/02\\\/zauner-logo.png\",\"width\":160,\"height\":142,\"caption\":\"Konditorei Zauner\"},\"image\":{\"@id\":\"https:\\\/\\\/zauner.at\\\/#\\\/schema\\\/logo\\\/image\\\/\"},\"sameAs\":[\"https:\\\/\\\/www.facebook.com\\\/p\\\/Konditorei-Kaffee-Zauner-Bad-Ischl-100057212599739\\\/\",\"https:\\\/\\\/www.instagram.com\\\/zaunerkaffeekonditorei\\\/\",\"https:\\\/\\\/at.linkedin.com\\\/company\\\/konditorei-kaffee-zauner?trk=public_profile_experience-group-header\"]}]}<\/script>\n<!-- \/ Yoast SEO plugin. -->","yoast_head_json":{"title":"Zauner House Mix 250g - Zauner","description":"The Zauner house blend \u2013 250 g of fine coffee with a harmonious aroma. Order online now and experience exquisite enjoyment!","robots":{"index":"index","follow":"follow","max-snippet":"max-snippet:-1","max-image-preview":"max-image-preview:large","max-video-preview":"max-video-preview:-1"},"canonical":"https:\/\/zauner.at\/en\/product-5\/zauner-house-mix-250-g\/","og_locale":"en_GB","og_type":"article","og_title":"Zauner Hausmischung 250g - Zauner","og_description":"Die Zauner Hausmischung \u2013 250 g edler Kaffee mit harmonischem Aroma. Jetzt online bestellen & exquisiten Genuss erleben!","og_url":"https:\/\/zauner.at\/en\/product-5\/zauner-house-mix-250-g\/","og_site_name":"Zauner","article_publisher":"https:\/\/www.facebook.com\/p\/Konditorei-Kaffee-Zauner-Bad-Ischl-100057212599739\/","article_modified_time":"2026-03-25T08:11:39+00:00","og_image":[{"width":1200,"height":1200,"url":"https:\/\/zauner.at\/wp-content\/uploads\/2021\/11\/konditorei-zauner-produkt-kaffee-zaun-hausmischung-250g-1200x1200-1.jpg","type":"image\/jpeg"}],"twitter_card":"summary_large_image","schema":{"@context":"https:\/\/schema.org","@graph":[{"@type":"WebPage","@id":"https:\/\/zauner.at\/produkt\/zauner-hausmischung-250-g\/","url":"https:\/\/zauner.at\/produkt\/zauner-hausmischung-250-g\/","name":"Zauner House Mix 250g - Zauner","isPartOf":{"@id":"https:\/\/zauner.at\/#website"},"primaryImageOfPage":{"@id":"https:\/\/zauner.at\/produkt\/zauner-hausmischung-250-g\/#primaryimage"},"image":{"@id":"https:\/\/zauner.at\/produkt\/zauner-hausmischung-250-g\/#primaryimage"},"thumbnailUrl":"https:\/\/zauner.at\/wp-content\/uploads\/2021\/11\/konditorei-zauner-produkt-kaffee-zaun-hausmischung-250g-1200x1200-1.jpg","datePublished":"2014-09-26T07:37:52+00:00","dateModified":"2026-03-25T08:11:39+00:00","description":"The Zauner house blend \u2013 250 g of fine coffee with a harmonious aroma. Order online now and experience exquisite enjoyment!","breadcrumb":{"@id":"https:\/\/zauner.at\/produkt\/zauner-hausmischung-250-g\/#breadcrumb"},"inLanguage":"en-GB","potentialAction":[{"@type":"ReadAction","target":["https:\/\/zauner.at\/produkt\/zauner-hausmischung-250-g\/"]}]},{"@type":"ImageObject","inLanguage":"en-GB","@id":"https:\/\/zauner.at\/produkt\/zauner-hausmischung-250-g\/#primaryimage","url":"https:\/\/zauner.at\/wp-content\/uploads\/2021\/11\/konditorei-zauner-produkt-kaffee-zaun-hausmischung-250g-1200x1200-1.jpg","contentUrl":"https:\/\/zauner.at\/wp-content\/uploads\/2021\/11\/konditorei-zauner-produkt-kaffee-zaun-hausmischung-250g-1200x1200-1.jpg","width":1200,"height":1200,"caption":"Zauner Kaffee, Hausmischung, Hochland-Arabicas ger\u00f6stet, 250 g, gemahlen"},{"@type":"BreadcrumbList","@id":"https:\/\/zauner.at\/produkt\/zauner-hausmischung-250-g\/#breadcrumb","itemListElement":[{"@type":"ListItem","position":1,"name":"Startseite","item":"https:\/\/zauner.at\/"},{"@type":"ListItem","position":2,"name":"Unser Onlineshop","item":"https:\/\/zauner.at\/shop\/"},{"@type":"ListItem","position":3,"name":"Zauner Hausmischung 250g"}]},{"@type":"WebSite","@id":"https:\/\/zauner.at\/#website","url":"https:\/\/zauner.at\/","name":"Konditorei Zauner","description":"pastry shop","publisher":{"@id":"https:\/\/zauner.at\/#organization"},"potentialAction":[{"@type":"SearchAction","target":{"@type":"EntryPoint","urlTemplate":"https:\/\/zauner.at\/?s={search_term_string}"},"query-input":{"@type":"PropertyValueSpecification","valueRequired":true,"valueName":"search_term_string"}}],"inLanguage":"en-GB"},{"@type":"Organization","@id":"https:\/\/zauner.at\/#organization","name":"Konditorei Zauner","url":"https:\/\/zauner.at\/","logo":{"@type":"ImageObject","inLanguage":"en-GB","@id":"https:\/\/zauner.at\/#\/schema\/logo\/image\/","url":"https:\/\/zauner.at\/wp-content\/uploads\/2025\/02\/zauner-logo.png","contentUrl":"https:\/\/zauner.at\/wp-content\/uploads\/2025\/02\/zauner-logo.png","width":160,"height":142,"caption":"Konditorei Zauner"},"image":{"@id":"https:\/\/zauner.at\/#\/schema\/logo\/image\/"},"sameAs":["https:\/\/www.facebook.com\/p\/Konditorei-Kaffee-Zauner-Bad-Ischl-100057212599739\/","https:\/\/www.instagram.com\/zaunerkaffeekonditorei\/","https:\/\/at.linkedin.com\/company\/konditorei-kaffee-zauner?trk=public_profile_experience-group-header"]}]}},"_links":{"self":[{"href":"https:\/\/zauner.at\/en\/wp-json\/wp\/v2\/product\/214199","targetHints":{"allow":["GET"]}}],"collection":[{"href":"https:\/\/zauner.at\/en\/wp-json\/wp\/v2\/product"}],"about":[{"href":"https:\/\/zauner.at\/en\/wp-json\/wp\/v2\/types\/product"}],"replies":[{"embeddable":true,"href":"https:\/\/zauner.at\/en\/wp-json\/wp\/v2\/comments?post=214199"}],"wp:featuredmedia":[{"embeddable":true,"href":"https:\/\/zauner.at\/en\/wp-json\/wp\/v2\/media\/217631"}],"wp:attachment":[{"href":"https:\/\/zauner.at\/en\/wp-json\/wp\/v2\/media?parent=214199"}],"wp:term":[{"taxonomy":"product_brand","embeddable":true,"href":"https:\/\/zauner.at\/en\/wp-json\/wp\/v2\/product_brand?post=214199"},{"taxonomy":"product_cat","embeddable":true,"href":"https:\/\/zauner.at\/en\/wp-json\/wp\/v2\/product_cat?post=214199"},{"taxonomy":"product_tag","embeddable":true,"href":"https:\/\/zauner.at\/en\/wp-json\/wp\/v2\/product_tag?post=214199"}],"curies":[{"name":"wp","href":"https:\/\/api.w.org\/{rel}","templated":true}]}}