{"id":214184,"date":"2012-11-17T08:24:05","date_gmt":"2012-11-17T07:24:05","guid":{"rendered":"https:\/\/zauner.at\/produkt\/spritzteig-aus-murbteig\/"},"modified":"2026-02-02T08:17:37","modified_gmt":"2026-02-02T07:17:37","slug":"spritz-dough-made-from-murb-dough","status":"publish","type":"product","link":"https:\/\/zauner.at\/en\/produkt\/spritzteig-aus-murbteig\/","title":{"rendered":"Shortbread croissants"},"content":{"rendered":"<p>Zartes Spritzgeb\u00e4ck aus hellem und dunklem M\u00fcrbteig. Hell mit Marillenmarmelade, dunkel mit Ribiselmarmelade gef\u00fcllt. Spitzen in Schokolade getunkt.<\/p>\n<p>Available in different sizes.<\/p>\n<p>Lasts up to two months.<\/p>\n<p>Allergens: Gluten (A), Egg (C), Soy (F), Milk (G)<\/p>","protected":false},"excerpt":{"rendered":"<p>Spritzgeb\u00e4ck made from light and dark shortcrust pastry<\/p>","protected":false},"featured_media":211751,"comment_status":"open","ping_status":"closed","template":"","meta":{"_acf_changed":false},"product_brand":[],"product_cat":[263,113,115],"product_tag":[122,730,127,731,129,732,143,165,398,430,431,118,661,120,678],"class_list":{"0":"post-214184","1":"product","2":"type-product","3":"status-publish","4":"has-post-thumbnail","6":"product_cat-weihnachtsbaeckerei","7":"product_cat-spezielle-anlaesse","8":"product_cat-weihnachten","9":"product_tag-konditorei-zauner","10":"product_tag-muerbe-sandkipferl","11":"product_tag-schokolade","12":"product_tag-sandkipferl","13":"product_tag-tradition","14":"product_tag-spitzgebaeck","15":"product_tag-zauner-bad-ischl","16":"product_tag-kekse","17":"product_tag-weihnachtskekse","18":"product_tag-advent","19":"product_tag-weihnachten","20":"product_tag-bad-ischl","21":"product_tag-kipferl","22":"product_tag-geschenk","23":"product_tag-marmelade","25":"first","26":"outofstock","27":"taxable","28":"shipping-taxable","29":"purchasable","30":"product-type-variable"},"acf":[],"yoast_head":"<!-- This site is optimized with the Yoast SEO plugin v27.3 - https:\/\/yoast.com\/product\/yoast-seo-wordpress\/ -->\n<title>M\u00fcrbe Sandkipferl - Zauner<\/title>\n<meta name=\"description\" content=\"Knuspriges Spritzgeb\u00e4ck aus feinem M\u00fcrbteig \u2013 traditionell hergestellt &amp; perfekt zum Genie\u00dfen! Jetzt online kaufen!\" \/>\n<meta name=\"robots\" content=\"index, follow, max-snippet:-1, max-image-preview:large, max-video-preview:-1\" \/>\n<link rel=\"canonical\" href=\"https:\/\/zauner.at\/en\/product-5\/spritz-dough-made-from-murb-dough\/\" \/>\n<meta property=\"og:locale\" content=\"en_GB\" \/>\n<meta property=\"og:type\" content=\"article\" \/>\n<meta property=\"og:title\" content=\"M\u00fcrbe Sandkipferl - Zauner\" \/>\n<meta property=\"og:description\" content=\"Knuspriges Spritzgeb\u00e4ck aus feinem M\u00fcrbteig \u2013 traditionell hergestellt &amp; perfekt zum Genie\u00dfen! Jetzt online kaufen!\" \/>\n<meta property=\"og:url\" content=\"https:\/\/zauner.at\/en\/product-5\/spritz-dough-made-from-murb-dough\/\" \/>\n<meta property=\"og:site_name\" content=\"Zauner\" \/>\n<meta property=\"article:publisher\" content=\"https:\/\/www.facebook.com\/p\/Konditorei-Kaffee-Zauner-Bad-Ischl-100057212599739\/\" \/>\n<meta property=\"article:modified_time\" content=\"2026-02-02T07:17:37+00:00\" \/>\n<meta property=\"og:image\" content=\"https:\/\/zauner.at\/wp-content\/uploads\/2024\/09\/Sandkipferl.jpg\" \/>\n\t<meta property=\"og:image:width\" content=\"1601\" \/>\n\t<meta property=\"og:image:height\" content=\"1601\" \/>\n\t<meta property=\"og:image:type\" content=\"image\/jpeg\" \/>\n<meta name=\"twitter:card\" content=\"summary_large_image\" \/>\n<script type=\"application\/ld+json\" class=\"yoast-schema-graph\">{\"@context\":\"https:\\\/\\\/schema.org\",\"@graph\":[{\"@type\":\"WebPage\",\"@id\":\"https:\\\/\\\/zauner.at\\\/produkt\\\/spritzteig-aus-murbteig\\\/\",\"url\":\"https:\\\/\\\/zauner.at\\\/produkt\\\/spritzteig-aus-murbteig\\\/\",\"name\":\"M\u00fcrbe Sandkipferl - Zauner\",\"isPartOf\":{\"@id\":\"https:\\\/\\\/zauner.at\\\/#website\"},\"primaryImageOfPage\":{\"@id\":\"https:\\\/\\\/zauner.at\\\/produkt\\\/spritzteig-aus-murbteig\\\/#primaryimage\"},\"image\":{\"@id\":\"https:\\\/\\\/zauner.at\\\/produkt\\\/spritzteig-aus-murbteig\\\/#primaryimage\"},\"thumbnailUrl\":\"https:\\\/\\\/zauner.at\\\/wp-content\\\/uploads\\\/2024\\\/09\\\/Sandkipferl.jpg\",\"datePublished\":\"2012-11-17T07:24:05+00:00\",\"dateModified\":\"2026-02-02T07:17:37+00:00\",\"description\":\"Knuspriges Spritzgeb\u00e4ck aus feinem M\u00fcrbteig \u2013 traditionell hergestellt & perfekt zum Genie\u00dfen! Jetzt online kaufen!\",\"breadcrumb\":{\"@id\":\"https:\\\/\\\/zauner.at\\\/produkt\\\/spritzteig-aus-murbteig\\\/#breadcrumb\"},\"inLanguage\":\"en-GB\",\"potentialAction\":[{\"@type\":\"ReadAction\",\"target\":[\"https:\\\/\\\/zauner.at\\\/produkt\\\/spritzteig-aus-murbteig\\\/\"]}]},{\"@type\":\"ImageObject\",\"inLanguage\":\"en-GB\",\"@id\":\"https:\\\/\\\/zauner.at\\\/produkt\\\/spritzteig-aus-murbteig\\\/#primaryimage\",\"url\":\"https:\\\/\\\/zauner.at\\\/wp-content\\\/uploads\\\/2024\\\/09\\\/Sandkipferl.jpg\",\"contentUrl\":\"https:\\\/\\\/zauner.at\\\/wp-content\\\/uploads\\\/2024\\\/09\\\/Sandkipferl.jpg\",\"width\":1601,\"height\":1601,\"caption\":\"Sandkipferl\"},{\"@type\":\"BreadcrumbList\",\"@id\":\"https:\\\/\\\/zauner.at\\\/produkt\\\/spritzteig-aus-murbteig\\\/#breadcrumb\",\"itemListElement\":[{\"@type\":\"ListItem\",\"position\":1,\"name\":\"Startseite\",\"item\":\"https:\\\/\\\/zauner.at\\\/\"},{\"@type\":\"ListItem\",\"position\":2,\"name\":\"Unser Onlineshop\",\"item\":\"https:\\\/\\\/zauner.at\\\/shop\\\/\"},{\"@type\":\"ListItem\",\"position\":3,\"name\":\"M\u00fcrbe Sandkipferl\"}]},{\"@type\":\"WebSite\",\"@id\":\"https:\\\/\\\/zauner.at\\\/#website\",\"url\":\"https:\\\/\\\/zauner.at\\\/\",\"name\":\"Konditorei Zauner\",\"description\":\"Konditorei\",\"publisher\":{\"@id\":\"https:\\\/\\\/zauner.at\\\/#organization\"},\"potentialAction\":[{\"@type\":\"SearchAction\",\"target\":{\"@type\":\"EntryPoint\",\"urlTemplate\":\"https:\\\/\\\/zauner.at\\\/?s={search_term_string}\"},\"query-input\":{\"@type\":\"PropertyValueSpecification\",\"valueRequired\":true,\"valueName\":\"search_term_string\"}}],\"inLanguage\":\"en-GB\"},{\"@type\":\"Organization\",\"@id\":\"https:\\\/\\\/zauner.at\\\/#organization\",\"name\":\"Konditorei Zauner\",\"url\":\"https:\\\/\\\/zauner.at\\\/\",\"logo\":{\"@type\":\"ImageObject\",\"inLanguage\":\"en-GB\",\"@id\":\"https:\\\/\\\/zauner.at\\\/#\\\/schema\\\/logo\\\/image\\\/\",\"url\":\"https:\\\/\\\/zauner.at\\\/wp-content\\\/uploads\\\/2025\\\/02\\\/zauner-logo.png\",\"contentUrl\":\"https:\\\/\\\/zauner.at\\\/wp-content\\\/uploads\\\/2025\\\/02\\\/zauner-logo.png\",\"width\":160,\"height\":142,\"caption\":\"Konditorei Zauner\"},\"image\":{\"@id\":\"https:\\\/\\\/zauner.at\\\/#\\\/schema\\\/logo\\\/image\\\/\"},\"sameAs\":[\"https:\\\/\\\/www.facebook.com\\\/p\\\/Konditorei-Kaffee-Zauner-Bad-Ischl-100057212599739\\\/\",\"https:\\\/\\\/www.instagram.com\\\/zaunerkaffeekonditorei\\\/\",\"https:\\\/\\\/at.linkedin.com\\\/company\\\/konditorei-kaffee-zauner?trk=public_profile_experience-group-header\"]}]}<\/script>\n<!-- \/ Yoast SEO plugin. -->","yoast_head_json":{"title":"M\u00fcrbe Sandkipferl - Zauner","description":"Crispy biscuits made from fine shortcrust pastry \u2013 traditionally made and perfect for enjoying! Buy online now!","robots":{"index":"index","follow":"follow","max-snippet":"max-snippet:-1","max-image-preview":"max-image-preview:large","max-video-preview":"max-video-preview:-1"},"canonical":"https:\/\/zauner.at\/en\/product-5\/spritz-dough-made-from-murb-dough\/","og_locale":"en_GB","og_type":"article","og_title":"M\u00fcrbe Sandkipferl - Zauner","og_description":"Knuspriges Spritzgeb\u00e4ck aus feinem M\u00fcrbteig \u2013 traditionell hergestellt & perfekt zum Genie\u00dfen! Jetzt online kaufen!","og_url":"https:\/\/zauner.at\/en\/product-5\/spritz-dough-made-from-murb-dough\/","og_site_name":"Zauner","article_publisher":"https:\/\/www.facebook.com\/p\/Konditorei-Kaffee-Zauner-Bad-Ischl-100057212599739\/","article_modified_time":"2026-02-02T07:17:37+00:00","og_image":[{"width":1601,"height":1601,"url":"https:\/\/zauner.at\/wp-content\/uploads\/2024\/09\/Sandkipferl.jpg","type":"image\/jpeg"}],"twitter_card":"summary_large_image","schema":{"@context":"https:\/\/schema.org","@graph":[{"@type":"WebPage","@id":"https:\/\/zauner.at\/produkt\/spritzteig-aus-murbteig\/","url":"https:\/\/zauner.at\/produkt\/spritzteig-aus-murbteig\/","name":"M\u00fcrbe Sandkipferl - Zauner","isPartOf":{"@id":"https:\/\/zauner.at\/#website"},"primaryImageOfPage":{"@id":"https:\/\/zauner.at\/produkt\/spritzteig-aus-murbteig\/#primaryimage"},"image":{"@id":"https:\/\/zauner.at\/produkt\/spritzteig-aus-murbteig\/#primaryimage"},"thumbnailUrl":"https:\/\/zauner.at\/wp-content\/uploads\/2024\/09\/Sandkipferl.jpg","datePublished":"2012-11-17T07:24:05+00:00","dateModified":"2026-02-02T07:17:37+00:00","description":"Crispy biscuits made from fine shortcrust pastry \u2013 traditionally made and perfect for enjoying! Buy online now!","breadcrumb":{"@id":"https:\/\/zauner.at\/produkt\/spritzteig-aus-murbteig\/#breadcrumb"},"inLanguage":"en-GB","potentialAction":[{"@type":"ReadAction","target":["https:\/\/zauner.at\/produkt\/spritzteig-aus-murbteig\/"]}]},{"@type":"ImageObject","inLanguage":"en-GB","@id":"https:\/\/zauner.at\/produkt\/spritzteig-aus-murbteig\/#primaryimage","url":"https:\/\/zauner.at\/wp-content\/uploads\/2024\/09\/Sandkipferl.jpg","contentUrl":"https:\/\/zauner.at\/wp-content\/uploads\/2024\/09\/Sandkipferl.jpg","width":1601,"height":1601,"caption":"Sandkipferl"},{"@type":"BreadcrumbList","@id":"https:\/\/zauner.at\/produkt\/spritzteig-aus-murbteig\/#breadcrumb","itemListElement":[{"@type":"ListItem","position":1,"name":"Startseite","item":"https:\/\/zauner.at\/"},{"@type":"ListItem","position":2,"name":"Unser Onlineshop","item":"https:\/\/zauner.at\/shop\/"},{"@type":"ListItem","position":3,"name":"M\u00fcrbe Sandkipferl"}]},{"@type":"WebSite","@id":"https:\/\/zauner.at\/#website","url":"https:\/\/zauner.at\/","name":"Konditorei Zauner","description":"pastry shop","publisher":{"@id":"https:\/\/zauner.at\/#organization"},"potentialAction":[{"@type":"SearchAction","target":{"@type":"EntryPoint","urlTemplate":"https:\/\/zauner.at\/?s={search_term_string}"},"query-input":{"@type":"PropertyValueSpecification","valueRequired":true,"valueName":"search_term_string"}}],"inLanguage":"en-GB"},{"@type":"Organization","@id":"https:\/\/zauner.at\/#organization","name":"Konditorei Zauner","url":"https:\/\/zauner.at\/","logo":{"@type":"ImageObject","inLanguage":"en-GB","@id":"https:\/\/zauner.at\/#\/schema\/logo\/image\/","url":"https:\/\/zauner.at\/wp-content\/uploads\/2025\/02\/zauner-logo.png","contentUrl":"https:\/\/zauner.at\/wp-content\/uploads\/2025\/02\/zauner-logo.png","width":160,"height":142,"caption":"Konditorei Zauner"},"image":{"@id":"https:\/\/zauner.at\/#\/schema\/logo\/image\/"},"sameAs":["https:\/\/www.facebook.com\/p\/Konditorei-Kaffee-Zauner-Bad-Ischl-100057212599739\/","https:\/\/www.instagram.com\/zaunerkaffeekonditorei\/","https:\/\/at.linkedin.com\/company\/konditorei-kaffee-zauner?trk=public_profile_experience-group-header"]}]}},"_links":{"self":[{"href":"https:\/\/zauner.at\/en\/wp-json\/wp\/v2\/product\/214184","targetHints":{"allow":["GET"]}}],"collection":[{"href":"https:\/\/zauner.at\/en\/wp-json\/wp\/v2\/product"}],"about":[{"href":"https:\/\/zauner.at\/en\/wp-json\/wp\/v2\/types\/product"}],"replies":[{"embeddable":true,"href":"https:\/\/zauner.at\/en\/wp-json\/wp\/v2\/comments?post=214184"}],"wp:featuredmedia":[{"embeddable":true,"href":"https:\/\/zauner.at\/en\/wp-json\/wp\/v2\/media\/211751"}],"wp:attachment":[{"href":"https:\/\/zauner.at\/en\/wp-json\/wp\/v2\/media?parent=214184"}],"wp:term":[{"taxonomy":"product_brand","embeddable":true,"href":"https:\/\/zauner.at\/en\/wp-json\/wp\/v2\/product_brand?post=214184"},{"taxonomy":"product_cat","embeddable":true,"href":"https:\/\/zauner.at\/en\/wp-json\/wp\/v2\/product_cat?post=214184"},{"taxonomy":"product_tag","embeddable":true,"href":"https:\/\/zauner.at\/en\/wp-json\/wp\/v2\/product_tag?post=214184"}],"curies":[{"name":"wp","href":"https:\/\/api.w.org\/{rel}","templated":true}]}}