{"id":214167,"date":"2012-02-27T14:38:39","date_gmt":"2012-02-27T13:38:39","guid":{"rendered":"https:\/\/zauner.at\/produkt\/osterpinze-in-2-grossen\/"},"modified":"2026-04-09T13:12:03","modified_gmt":"2026-04-09T11:12:03","slug":"easter-pinze-in-2-large","status":"publish","type":"product","link":"https:\/\/zauner.at\/en\/produkt\/osterpinze-in-2-grossen\/","title":{"rendered":"Easter pinze"},"content":{"rendered":"<p>Traditional Austrian pastry for the (pre-)Easter period made from yeast dough refined and seasoned with raisins, candied orange peel, almonds and anise.<\/p>\n<p>Sugared and decorated with small sugar eggs.<\/p>\n<p>Available in two sizes:<\/p>\n<p>Large: 480 g<br \/>\nSmall: 240 g<\/p>\n<p>For immediate consumption!<\/p>\n<p>Allergens: Gluten (A), eggs (C), lactose (G), nuts (H), sulphites (O)<\/p>","protected":false},"excerpt":{"rendered":"<p>Traditional Austrian pastries for the (pre-)Easter period made from yeast dough<\/p>","protected":false},"featured_media":211739,"comment_status":"open","ping_status":"closed","template":"","meta":{"_acf_changed":false},"product_brand":[],"product_cat":[113,117],"product_tag":[385,410,412,714,715,716,118,717,120,122,129,294],"class_list":{"0":"post-214167","1":"product","2":"type-product","3":"status-publish","4":"has-post-thumbnail","6":"product_cat-spezielle-anlaesse","7":"product_cat-ostern","8":"product_tag-suesswaren","9":"product_tag-osterhase","10":"product_tag-ostern","11":"product_tag-hefeteig","12":"product_tag-osterpinze","13":"product_tag-oesterreichisches-gebaeck","14":"product_tag-bad-ischl","15":"product_tag-osterzeit","16":"product_tag-geschenk","17":"product_tag-konditorei-zauner","18":"product_tag-tradition","19":"product_tag-confiserie","21":"first","22":"outofstock","23":"taxable","24":"shipping-taxable","25":"purchasable","26":"product-type-variable"},"acf":[],"yoast_head":"<!-- This site is optimized with the Yoast SEO plugin v27.4 - https:\/\/yoast.com\/product\/yoast-seo-wordpress\/ -->\n<title>Zauner Osterpinze \u2013 Frisch &amp; fluffig genie\u00dfen<\/title>\n<meta name=\"description\" content=\"Die traditionelle Osterpinze vom Zauner \u2013 luftig, aromatisch &amp; perfekt f\u00fcrs Osterfr\u00fchst\u00fcck. Jetzt bequem online bestellen!\" \/>\n<meta name=\"robots\" content=\"index, follow, max-snippet:-1, max-image-preview:large, max-video-preview:-1\" \/>\n<link rel=\"canonical\" href=\"https:\/\/zauner.at\/en\/product-5\/easter-pinze-in-2-large\/\" \/>\n<meta property=\"og:locale\" content=\"en_GB\" \/>\n<meta property=\"og:type\" content=\"article\" \/>\n<meta property=\"og:title\" content=\"Zauner Osterpinze \u2013 Frisch &amp; fluffig genie\u00dfen\" \/>\n<meta property=\"og:description\" content=\"Die traditionelle Osterpinze vom Zauner \u2013 luftig, aromatisch &amp; perfekt f\u00fcrs Osterfr\u00fchst\u00fcck. Jetzt bequem online bestellen!\" \/>\n<meta property=\"og:url\" content=\"https:\/\/zauner.at\/en\/product-5\/easter-pinze-in-2-large\/\" \/>\n<meta property=\"og:site_name\" content=\"Zauner\" \/>\n<meta property=\"article:publisher\" content=\"https:\/\/www.facebook.com\/p\/Konditorei-Kaffee-Zauner-Bad-Ischl-100057212599739\/\" \/>\n<meta property=\"article:modified_time\" content=\"2026-04-09T11:12:03+00:00\" \/>\n<meta property=\"og:image\" content=\"https:\/\/zauner.at\/wp-content\/uploads\/2024\/09\/Osterpinze.jpg\" \/>\n\t<meta property=\"og:image:width\" content=\"1601\" \/>\n\t<meta property=\"og:image:height\" content=\"1601\" \/>\n\t<meta property=\"og:image:type\" content=\"image\/jpeg\" \/>\n<meta name=\"twitter:card\" content=\"summary_large_image\" \/>\n<script type=\"application\/ld+json\" class=\"yoast-schema-graph\">{\"@context\":\"https:\\\/\\\/schema.org\",\"@graph\":[{\"@type\":\"WebPage\",\"@id\":\"https:\\\/\\\/zauner.at\\\/produkt\\\/osterpinze-in-2-grossen\\\/\",\"url\":\"https:\\\/\\\/zauner.at\\\/produkt\\\/osterpinze-in-2-grossen\\\/\",\"name\":\"Zauner Osterpinze \u2013 Frisch & fluffig genie\u00dfen\",\"isPartOf\":{\"@id\":\"https:\\\/\\\/zauner.at\\\/#website\"},\"primaryImageOfPage\":{\"@id\":\"https:\\\/\\\/zauner.at\\\/produkt\\\/osterpinze-in-2-grossen\\\/#primaryimage\"},\"image\":{\"@id\":\"https:\\\/\\\/zauner.at\\\/produkt\\\/osterpinze-in-2-grossen\\\/#primaryimage\"},\"thumbnailUrl\":\"https:\\\/\\\/zauner.at\\\/wp-content\\\/uploads\\\/2024\\\/09\\\/Osterpinze.jpg\",\"datePublished\":\"2012-02-27T13:38:39+00:00\",\"dateModified\":\"2026-04-09T11:12:03+00:00\",\"description\":\"Die traditionelle Osterpinze vom Zauner \u2013 luftig, aromatisch & perfekt f\u00fcrs Osterfr\u00fchst\u00fcck. Jetzt bequem online bestellen!\",\"breadcrumb\":{\"@id\":\"https:\\\/\\\/zauner.at\\\/produkt\\\/osterpinze-in-2-grossen\\\/#breadcrumb\"},\"inLanguage\":\"en-GB\",\"potentialAction\":[{\"@type\":\"ReadAction\",\"target\":[\"https:\\\/\\\/zauner.at\\\/produkt\\\/osterpinze-in-2-grossen\\\/\"]}]},{\"@type\":\"ImageObject\",\"inLanguage\":\"en-GB\",\"@id\":\"https:\\\/\\\/zauner.at\\\/produkt\\\/osterpinze-in-2-grossen\\\/#primaryimage\",\"url\":\"https:\\\/\\\/zauner.at\\\/wp-content\\\/uploads\\\/2024\\\/09\\\/Osterpinze.jpg\",\"contentUrl\":\"https:\\\/\\\/zauner.at\\\/wp-content\\\/uploads\\\/2024\\\/09\\\/Osterpinze.jpg\",\"width\":1601,\"height\":1601,\"caption\":\"Osterpinze\"},{\"@type\":\"BreadcrumbList\",\"@id\":\"https:\\\/\\\/zauner.at\\\/produkt\\\/osterpinze-in-2-grossen\\\/#breadcrumb\",\"itemListElement\":[{\"@type\":\"ListItem\",\"position\":1,\"name\":\"Startseite\",\"item\":\"https:\\\/\\\/zauner.at\\\/\"},{\"@type\":\"ListItem\",\"position\":2,\"name\":\"Unser Onlineshop\",\"item\":\"https:\\\/\\\/zauner.at\\\/shop\\\/\"},{\"@type\":\"ListItem\",\"position\":3,\"name\":\"Osterpinze\"}]},{\"@type\":\"WebSite\",\"@id\":\"https:\\\/\\\/zauner.at\\\/#website\",\"url\":\"https:\\\/\\\/zauner.at\\\/\",\"name\":\"Konditorei Zauner\",\"description\":\"Konditorei\",\"publisher\":{\"@id\":\"https:\\\/\\\/zauner.at\\\/#organization\"},\"potentialAction\":[{\"@type\":\"SearchAction\",\"target\":{\"@type\":\"EntryPoint\",\"urlTemplate\":\"https:\\\/\\\/zauner.at\\\/?s={search_term_string}\"},\"query-input\":{\"@type\":\"PropertyValueSpecification\",\"valueRequired\":true,\"valueName\":\"search_term_string\"}}],\"inLanguage\":\"en-GB\"},{\"@type\":\"Organization\",\"@id\":\"https:\\\/\\\/zauner.at\\\/#organization\",\"name\":\"Konditorei Zauner\",\"url\":\"https:\\\/\\\/zauner.at\\\/\",\"logo\":{\"@type\":\"ImageObject\",\"inLanguage\":\"en-GB\",\"@id\":\"https:\\\/\\\/zauner.at\\\/#\\\/schema\\\/logo\\\/image\\\/\",\"url\":\"https:\\\/\\\/zauner.at\\\/wp-content\\\/uploads\\\/2025\\\/02\\\/zauner-logo.png\",\"contentUrl\":\"https:\\\/\\\/zauner.at\\\/wp-content\\\/uploads\\\/2025\\\/02\\\/zauner-logo.png\",\"width\":160,\"height\":142,\"caption\":\"Konditorei Zauner\"},\"image\":{\"@id\":\"https:\\\/\\\/zauner.at\\\/#\\\/schema\\\/logo\\\/image\\\/\"},\"sameAs\":[\"https:\\\/\\\/www.facebook.com\\\/p\\\/Konditorei-Kaffee-Zauner-Bad-Ischl-100057212599739\\\/\",\"https:\\\/\\\/www.instagram.com\\\/zaunerkaffeekonditorei\\\/\",\"https:\\\/\\\/at.linkedin.com\\\/company\\\/konditorei-kaffee-zauner?trk=public_profile_experience-group-header\"]}]}<\/script>\n<!-- \/ Yoast SEO plugin. -->","yoast_head_json":{"title":"Zauner Easter Pinze \u2013 Enjoy fresh &amp; fluffy","description":"The traditional Easter pinze from Zauner \u2013 airy, aromatic and perfect for Easter breakfast. Order conveniently online now!","robots":{"index":"index","follow":"follow","max-snippet":"max-snippet:-1","max-image-preview":"max-image-preview:large","max-video-preview":"max-video-preview:-1"},"canonical":"https:\/\/zauner.at\/en\/product-5\/easter-pinze-in-2-large\/","og_locale":"en_GB","og_type":"article","og_title":"Zauner Osterpinze \u2013 Frisch & fluffig genie\u00dfen","og_description":"Die traditionelle Osterpinze vom Zauner \u2013 luftig, aromatisch & perfekt f\u00fcrs Osterfr\u00fchst\u00fcck. Jetzt bequem online bestellen!","og_url":"https:\/\/zauner.at\/en\/product-5\/easter-pinze-in-2-large\/","og_site_name":"Zauner","article_publisher":"https:\/\/www.facebook.com\/p\/Konditorei-Kaffee-Zauner-Bad-Ischl-100057212599739\/","article_modified_time":"2026-04-09T11:12:03+00:00","og_image":[{"width":1601,"height":1601,"url":"https:\/\/zauner.at\/wp-content\/uploads\/2024\/09\/Osterpinze.jpg","type":"image\/jpeg"}],"twitter_card":"summary_large_image","schema":{"@context":"https:\/\/schema.org","@graph":[{"@type":"WebPage","@id":"https:\/\/zauner.at\/produkt\/osterpinze-in-2-grossen\/","url":"https:\/\/zauner.at\/produkt\/osterpinze-in-2-grossen\/","name":"Zauner Easter Pinze \u2013 Enjoy fresh &amp; fluffy","isPartOf":{"@id":"https:\/\/zauner.at\/#website"},"primaryImageOfPage":{"@id":"https:\/\/zauner.at\/produkt\/osterpinze-in-2-grossen\/#primaryimage"},"image":{"@id":"https:\/\/zauner.at\/produkt\/osterpinze-in-2-grossen\/#primaryimage"},"thumbnailUrl":"https:\/\/zauner.at\/wp-content\/uploads\/2024\/09\/Osterpinze.jpg","datePublished":"2012-02-27T13:38:39+00:00","dateModified":"2026-04-09T11:12:03+00:00","description":"The traditional Easter pinze from Zauner \u2013 airy, aromatic and perfect for Easter breakfast. Order conveniently online now!","breadcrumb":{"@id":"https:\/\/zauner.at\/produkt\/osterpinze-in-2-grossen\/#breadcrumb"},"inLanguage":"en-GB","potentialAction":[{"@type":"ReadAction","target":["https:\/\/zauner.at\/produkt\/osterpinze-in-2-grossen\/"]}]},{"@type":"ImageObject","inLanguage":"en-GB","@id":"https:\/\/zauner.at\/produkt\/osterpinze-in-2-grossen\/#primaryimage","url":"https:\/\/zauner.at\/wp-content\/uploads\/2024\/09\/Osterpinze.jpg","contentUrl":"https:\/\/zauner.at\/wp-content\/uploads\/2024\/09\/Osterpinze.jpg","width":1601,"height":1601,"caption":"Osterpinze"},{"@type":"BreadcrumbList","@id":"https:\/\/zauner.at\/produkt\/osterpinze-in-2-grossen\/#breadcrumb","itemListElement":[{"@type":"ListItem","position":1,"name":"Startseite","item":"https:\/\/zauner.at\/"},{"@type":"ListItem","position":2,"name":"Unser Onlineshop","item":"https:\/\/zauner.at\/shop\/"},{"@type":"ListItem","position":3,"name":"Osterpinze"}]},{"@type":"WebSite","@id":"https:\/\/zauner.at\/#website","url":"https:\/\/zauner.at\/","name":"Konditorei Zauner","description":"pastry shop","publisher":{"@id":"https:\/\/zauner.at\/#organization"},"potentialAction":[{"@type":"SearchAction","target":{"@type":"EntryPoint","urlTemplate":"https:\/\/zauner.at\/?s={search_term_string}"},"query-input":{"@type":"PropertyValueSpecification","valueRequired":true,"valueName":"search_term_string"}}],"inLanguage":"en-GB"},{"@type":"Organization","@id":"https:\/\/zauner.at\/#organization","name":"Konditorei Zauner","url":"https:\/\/zauner.at\/","logo":{"@type":"ImageObject","inLanguage":"en-GB","@id":"https:\/\/zauner.at\/#\/schema\/logo\/image\/","url":"https:\/\/zauner.at\/wp-content\/uploads\/2025\/02\/zauner-logo.png","contentUrl":"https:\/\/zauner.at\/wp-content\/uploads\/2025\/02\/zauner-logo.png","width":160,"height":142,"caption":"Konditorei Zauner"},"image":{"@id":"https:\/\/zauner.at\/#\/schema\/logo\/image\/"},"sameAs":["https:\/\/www.facebook.com\/p\/Konditorei-Kaffee-Zauner-Bad-Ischl-100057212599739\/","https:\/\/www.instagram.com\/zaunerkaffeekonditorei\/","https:\/\/at.linkedin.com\/company\/konditorei-kaffee-zauner?trk=public_profile_experience-group-header"]}]}},"_links":{"self":[{"href":"https:\/\/zauner.at\/en\/wp-json\/wp\/v2\/product\/214167","targetHints":{"allow":["GET"]}}],"collection":[{"href":"https:\/\/zauner.at\/en\/wp-json\/wp\/v2\/product"}],"about":[{"href":"https:\/\/zauner.at\/en\/wp-json\/wp\/v2\/types\/product"}],"replies":[{"embeddable":true,"href":"https:\/\/zauner.at\/en\/wp-json\/wp\/v2\/comments?post=214167"}],"wp:featuredmedia":[{"embeddable":true,"href":"https:\/\/zauner.at\/en\/wp-json\/wp\/v2\/media\/211739"}],"wp:attachment":[{"href":"https:\/\/zauner.at\/en\/wp-json\/wp\/v2\/media?parent=214167"}],"wp:term":[{"taxonomy":"product_brand","embeddable":true,"href":"https:\/\/zauner.at\/en\/wp-json\/wp\/v2\/product_brand?post=214167"},{"taxonomy":"product_cat","embeddable":true,"href":"https:\/\/zauner.at\/en\/wp-json\/wp\/v2\/product_cat?post=214167"},{"taxonomy":"product_tag","embeddable":true,"href":"https:\/\/zauner.at\/en\/wp-json\/wp\/v2\/product_tag?post=214167"}],"curies":[{"name":"wp","href":"https:\/\/api.w.org\/{rel}","templated":true}]}}