{"id":214103,"date":"2012-02-17T14:24:35","date_gmt":"2012-02-17T13:24:35","guid":{"rendered":"https:\/\/zauner.at\/produkt\/schokoladeei-vollmilch\/"},"modified":"2026-04-02T16:11:39","modified_gmt":"2026-04-02T14:11:39","slug":"chocolate-egg-whole-milk","status":"publish","type":"product","link":"https:\/\/zauner.at\/en\/produkt\/schokoladeei-vollmilch\/","title":{"rendered":"chocolate egg, light"},"content":{"rendered":"<p>Handmade chocolate egg made from milk chocolate<\/p>\n<p>filled with homemade pralines and decorated with sugar glaze and chocolate<\/p>\n<p>Dimensions approx.:<\/p>\n<p>180 g: width 8 cm, height 12 cm<br \/>\n290 g: width 10 cm, height 14 cm<br \/>\n660 g: width 12 cm, height 17 cm<\/p>\n<p>Various motifs that can vary according to artistic freedom.<\/p>\n<p><a href=\"https:\/\/zauner.at\/en\/truffles-and-pralines-from-zauner\/\">Convince yourself of our confectionery range here!<\/a><\/p>\n<p>Allergens: Gluten (A), eggs (C), soy (F), lactose (G), nuts (H)<\/p>","protected":false},"excerpt":{"rendered":"<p>Handmade chocolate egg made of milk chocolate, filled with pralines<\/p>","protected":false},"featured_media":211687,"comment_status":"open","ping_status":"closed","template":"","meta":{"_acf_changed":false},"product_brand":[],"product_cat":[113,117],"product_tag":[120,516,122,699,129,143,294,329,385,409,410,118,412,119,515],"class_list":{"0":"post-214103","1":"product","2":"type-product","3":"status-publish","4":"has-post-thumbnail","6":"product_cat-spezielle-anlaesse","7":"product_cat-ostern","8":"product_tag-geschenk","9":"product_tag-verzierungen","10":"product_tag-konditorei-zauner","11":"product_tag-helle-schokolade","12":"product_tag-tradition","13":"product_tag-zauner-bad-ischl","14":"product_tag-confiserie","15":"product_tag-feine-schokolade","16":"product_tag-suesswaren","17":"product_tag-osterei","18":"product_tag-osterhase","19":"product_tag-bad-ischl","20":"product_tag-ostern","21":"product_tag-dessert","22":"product_tag-schokoladeei","24":"first","25":"outofstock","26":"taxable","27":"shipping-taxable","28":"purchasable","29":"product-type-variable"},"acf":[],"yoast_head":"<!-- This site is optimized with the Yoast SEO plugin v27.3 - https:\/\/yoast.com\/product\/yoast-seo-wordpress\/ -->\n<title>Schokoladeei, hell - Zauner<\/title>\n<meta name=\"description\" content=\"Zauner Schoko-Ei aus zarter Vollmilchschokolade \u2013 cremig, s\u00fc\u00df &amp; unwiderstehlich lecker! Jetzt online bestellen &amp; genie\u00dfen!\" \/>\n<meta name=\"robots\" content=\"index, follow, max-snippet:-1, max-image-preview:large, max-video-preview:-1\" \/>\n<link rel=\"canonical\" href=\"https:\/\/zauner.at\/en\/product-5\/chocolate-egg-whole-milk\/\" \/>\n<meta property=\"og:locale\" content=\"en_GB\" \/>\n<meta property=\"og:type\" content=\"article\" \/>\n<meta property=\"og:title\" content=\"Schokoladeei, hell - Zauner\" \/>\n<meta property=\"og:description\" content=\"Zauner Schoko-Ei aus zarter Vollmilchschokolade \u2013 cremig, s\u00fc\u00df &amp; unwiderstehlich lecker! Jetzt online bestellen &amp; genie\u00dfen!\" \/>\n<meta property=\"og:url\" content=\"https:\/\/zauner.at\/en\/product-5\/chocolate-egg-whole-milk\/\" \/>\n<meta property=\"og:site_name\" content=\"Zauner\" \/>\n<meta property=\"article:publisher\" content=\"https:\/\/www.facebook.com\/p\/Konditorei-Kaffee-Zauner-Bad-Ischl-100057212599739\/\" \/>\n<meta property=\"article:modified_time\" content=\"2026-04-02T14:11:39+00:00\" \/>\n<meta property=\"og:image\" content=\"https:\/\/zauner.at\/wp-content\/uploads\/2024\/09\/Schokoladeei-hell-gross.jpg\" \/>\n\t<meta property=\"og:image:width\" content=\"1600\" \/>\n\t<meta property=\"og:image:height\" content=\"1600\" \/>\n\t<meta property=\"og:image:type\" content=\"image\/jpeg\" \/>\n<meta name=\"twitter:card\" content=\"summary_large_image\" \/>\n<script type=\"application\/ld+json\" class=\"yoast-schema-graph\">{\"@context\":\"https:\\\/\\\/schema.org\",\"@graph\":[{\"@type\":\"WebPage\",\"@id\":\"https:\\\/\\\/zauner.at\\\/produkt\\\/schokoladeei-vollmilch\\\/\",\"url\":\"https:\\\/\\\/zauner.at\\\/produkt\\\/schokoladeei-vollmilch\\\/\",\"name\":\"Schokoladeei, hell - Zauner\",\"isPartOf\":{\"@id\":\"https:\\\/\\\/zauner.at\\\/#website\"},\"primaryImageOfPage\":{\"@id\":\"https:\\\/\\\/zauner.at\\\/produkt\\\/schokoladeei-vollmilch\\\/#primaryimage\"},\"image\":{\"@id\":\"https:\\\/\\\/zauner.at\\\/produkt\\\/schokoladeei-vollmilch\\\/#primaryimage\"},\"thumbnailUrl\":\"https:\\\/\\\/zauner.at\\\/wp-content\\\/uploads\\\/2024\\\/09\\\/Schokoladeei-hell-gross.jpg\",\"datePublished\":\"2012-02-17T13:24:35+00:00\",\"dateModified\":\"2026-04-02T14:11:39+00:00\",\"description\":\"Zauner Schoko-Ei aus zarter Vollmilchschokolade \u2013 cremig, s\u00fc\u00df & unwiderstehlich lecker! Jetzt online bestellen & genie\u00dfen!\",\"breadcrumb\":{\"@id\":\"https:\\\/\\\/zauner.at\\\/produkt\\\/schokoladeei-vollmilch\\\/#breadcrumb\"},\"inLanguage\":\"en-GB\",\"potentialAction\":[{\"@type\":\"ReadAction\",\"target\":[\"https:\\\/\\\/zauner.at\\\/produkt\\\/schokoladeei-vollmilch\\\/\"]}]},{\"@type\":\"ImageObject\",\"inLanguage\":\"en-GB\",\"@id\":\"https:\\\/\\\/zauner.at\\\/produkt\\\/schokoladeei-vollmilch\\\/#primaryimage\",\"url\":\"https:\\\/\\\/zauner.at\\\/wp-content\\\/uploads\\\/2024\\\/09\\\/Schokoladeei-hell-gross.jpg\",\"contentUrl\":\"https:\\\/\\\/zauner.at\\\/wp-content\\\/uploads\\\/2024\\\/09\\\/Schokoladeei-hell-gross.jpg\",\"width\":1600,\"height\":1600,\"caption\":\"Schokoladeei-hell\"},{\"@type\":\"BreadcrumbList\",\"@id\":\"https:\\\/\\\/zauner.at\\\/produkt\\\/schokoladeei-vollmilch\\\/#breadcrumb\",\"itemListElement\":[{\"@type\":\"ListItem\",\"position\":1,\"name\":\"Startseite\",\"item\":\"https:\\\/\\\/zauner.at\\\/\"},{\"@type\":\"ListItem\",\"position\":2,\"name\":\"Unser Onlineshop\",\"item\":\"https:\\\/\\\/zauner.at\\\/shop\\\/\"},{\"@type\":\"ListItem\",\"position\":3,\"name\":\"Schokoladeei, hell\"}]},{\"@type\":\"WebSite\",\"@id\":\"https:\\\/\\\/zauner.at\\\/#website\",\"url\":\"https:\\\/\\\/zauner.at\\\/\",\"name\":\"Konditorei Zauner\",\"description\":\"Konditorei\",\"publisher\":{\"@id\":\"https:\\\/\\\/zauner.at\\\/#organization\"},\"potentialAction\":[{\"@type\":\"SearchAction\",\"target\":{\"@type\":\"EntryPoint\",\"urlTemplate\":\"https:\\\/\\\/zauner.at\\\/?s={search_term_string}\"},\"query-input\":{\"@type\":\"PropertyValueSpecification\",\"valueRequired\":true,\"valueName\":\"search_term_string\"}}],\"inLanguage\":\"en-GB\"},{\"@type\":\"Organization\",\"@id\":\"https:\\\/\\\/zauner.at\\\/#organization\",\"name\":\"Konditorei Zauner\",\"url\":\"https:\\\/\\\/zauner.at\\\/\",\"logo\":{\"@type\":\"ImageObject\",\"inLanguage\":\"en-GB\",\"@id\":\"https:\\\/\\\/zauner.at\\\/#\\\/schema\\\/logo\\\/image\\\/\",\"url\":\"https:\\\/\\\/zauner.at\\\/wp-content\\\/uploads\\\/2025\\\/02\\\/zauner-logo.png\",\"contentUrl\":\"https:\\\/\\\/zauner.at\\\/wp-content\\\/uploads\\\/2025\\\/02\\\/zauner-logo.png\",\"width\":160,\"height\":142,\"caption\":\"Konditorei Zauner\"},\"image\":{\"@id\":\"https:\\\/\\\/zauner.at\\\/#\\\/schema\\\/logo\\\/image\\\/\"},\"sameAs\":[\"https:\\\/\\\/www.facebook.com\\\/p\\\/Konditorei-Kaffee-Zauner-Bad-Ischl-100057212599739\\\/\",\"https:\\\/\\\/www.instagram.com\\\/zaunerkaffeekonditorei\\\/\",\"https:\\\/\\\/at.linkedin.com\\\/company\\\/konditorei-kaffee-zauner?trk=public_profile_experience-group-header\"]}]}<\/script>\n<!-- \/ Yoast SEO plugin. -->","yoast_head_json":{"title":"Chocolate egg, light - Zauner","description":"Zauner chocolate egg made from delicate milk chocolate \u2013 creamy, sweet &amp; irresistibly delicious! Order online now &amp; enjoy!","robots":{"index":"index","follow":"follow","max-snippet":"max-snippet:-1","max-image-preview":"max-image-preview:large","max-video-preview":"max-video-preview:-1"},"canonical":"https:\/\/zauner.at\/en\/product-5\/chocolate-egg-whole-milk\/","og_locale":"en_GB","og_type":"article","og_title":"Schokoladeei, hell - Zauner","og_description":"Zauner Schoko-Ei aus zarter Vollmilchschokolade \u2013 cremig, s\u00fc\u00df & unwiderstehlich lecker! Jetzt online bestellen & genie\u00dfen!","og_url":"https:\/\/zauner.at\/en\/product-5\/chocolate-egg-whole-milk\/","og_site_name":"Zauner","article_publisher":"https:\/\/www.facebook.com\/p\/Konditorei-Kaffee-Zauner-Bad-Ischl-100057212599739\/","article_modified_time":"2026-04-02T14:11:39+00:00","og_image":[{"width":1600,"height":1600,"url":"https:\/\/zauner.at\/wp-content\/uploads\/2024\/09\/Schokoladeei-hell-gross.jpg","type":"image\/jpeg"}],"twitter_card":"summary_large_image","schema":{"@context":"https:\/\/schema.org","@graph":[{"@type":"WebPage","@id":"https:\/\/zauner.at\/produkt\/schokoladeei-vollmilch\/","url":"https:\/\/zauner.at\/produkt\/schokoladeei-vollmilch\/","name":"Chocolate egg, light - Zauner","isPartOf":{"@id":"https:\/\/zauner.at\/#website"},"primaryImageOfPage":{"@id":"https:\/\/zauner.at\/produkt\/schokoladeei-vollmilch\/#primaryimage"},"image":{"@id":"https:\/\/zauner.at\/produkt\/schokoladeei-vollmilch\/#primaryimage"},"thumbnailUrl":"https:\/\/zauner.at\/wp-content\/uploads\/2024\/09\/Schokoladeei-hell-gross.jpg","datePublished":"2012-02-17T13:24:35+00:00","dateModified":"2026-04-02T14:11:39+00:00","description":"Zauner chocolate egg made from delicate milk chocolate \u2013 creamy, sweet &amp; irresistibly delicious! Order online now &amp; enjoy!","breadcrumb":{"@id":"https:\/\/zauner.at\/produkt\/schokoladeei-vollmilch\/#breadcrumb"},"inLanguage":"en-GB","potentialAction":[{"@type":"ReadAction","target":["https:\/\/zauner.at\/produkt\/schokoladeei-vollmilch\/"]}]},{"@type":"ImageObject","inLanguage":"en-GB","@id":"https:\/\/zauner.at\/produkt\/schokoladeei-vollmilch\/#primaryimage","url":"https:\/\/zauner.at\/wp-content\/uploads\/2024\/09\/Schokoladeei-hell-gross.jpg","contentUrl":"https:\/\/zauner.at\/wp-content\/uploads\/2024\/09\/Schokoladeei-hell-gross.jpg","width":1600,"height":1600,"caption":"Schokoladeei-hell"},{"@type":"BreadcrumbList","@id":"https:\/\/zauner.at\/produkt\/schokoladeei-vollmilch\/#breadcrumb","itemListElement":[{"@type":"ListItem","position":1,"name":"Startseite","item":"https:\/\/zauner.at\/"},{"@type":"ListItem","position":2,"name":"Unser Onlineshop","item":"https:\/\/zauner.at\/shop\/"},{"@type":"ListItem","position":3,"name":"Schokoladeei, hell"}]},{"@type":"WebSite","@id":"https:\/\/zauner.at\/#website","url":"https:\/\/zauner.at\/","name":"Konditorei Zauner","description":"pastry shop","publisher":{"@id":"https:\/\/zauner.at\/#organization"},"potentialAction":[{"@type":"SearchAction","target":{"@type":"EntryPoint","urlTemplate":"https:\/\/zauner.at\/?s={search_term_string}"},"query-input":{"@type":"PropertyValueSpecification","valueRequired":true,"valueName":"search_term_string"}}],"inLanguage":"en-GB"},{"@type":"Organization","@id":"https:\/\/zauner.at\/#organization","name":"Konditorei Zauner","url":"https:\/\/zauner.at\/","logo":{"@type":"ImageObject","inLanguage":"en-GB","@id":"https:\/\/zauner.at\/#\/schema\/logo\/image\/","url":"https:\/\/zauner.at\/wp-content\/uploads\/2025\/02\/zauner-logo.png","contentUrl":"https:\/\/zauner.at\/wp-content\/uploads\/2025\/02\/zauner-logo.png","width":160,"height":142,"caption":"Konditorei Zauner"},"image":{"@id":"https:\/\/zauner.at\/#\/schema\/logo\/image\/"},"sameAs":["https:\/\/www.facebook.com\/p\/Konditorei-Kaffee-Zauner-Bad-Ischl-100057212599739\/","https:\/\/www.instagram.com\/zaunerkaffeekonditorei\/","https:\/\/at.linkedin.com\/company\/konditorei-kaffee-zauner?trk=public_profile_experience-group-header"]}]}},"_links":{"self":[{"href":"https:\/\/zauner.at\/en\/wp-json\/wp\/v2\/product\/214103","targetHints":{"allow":["GET"]}}],"collection":[{"href":"https:\/\/zauner.at\/en\/wp-json\/wp\/v2\/product"}],"about":[{"href":"https:\/\/zauner.at\/en\/wp-json\/wp\/v2\/types\/product"}],"replies":[{"embeddable":true,"href":"https:\/\/zauner.at\/en\/wp-json\/wp\/v2\/comments?post=214103"}],"wp:featuredmedia":[{"embeddable":true,"href":"https:\/\/zauner.at\/en\/wp-json\/wp\/v2\/media\/211687"}],"wp:attachment":[{"href":"https:\/\/zauner.at\/en\/wp-json\/wp\/v2\/media?parent=214103"}],"wp:term":[{"taxonomy":"product_brand","embeddable":true,"href":"https:\/\/zauner.at\/en\/wp-json\/wp\/v2\/product_brand?post=214103"},{"taxonomy":"product_cat","embeddable":true,"href":"https:\/\/zauner.at\/en\/wp-json\/wp\/v2\/product_cat?post=214103"},{"taxonomy":"product_tag","embeddable":true,"href":"https:\/\/zauner.at\/en\/wp-json\/wp\/v2\/product_tag?post=214103"}],"curies":[{"name":"wp","href":"https:\/\/api.w.org\/{rel}","templated":true}]}}