{"id":213715,"date":"2011-06-03T09:17:48","date_gmt":"2011-06-03T07:17:48","guid":{"rendered":"https:\/\/zauner.at\/produkt\/zauner-s-jubilaumspackung-minis-1-packung-6-stuck\/"},"modified":"2026-04-03T11:11:26","modified_gmt":"2026-04-03T09:11:26","slug":"zauner-s-anniversary-pack-minis-1-pack-of-6-pieces","status":"publish","type":"product","link":"https:\/\/zauner.at\/en\/produkt\/zauner-s-jubilaumspackung-minis-1-packung-6-stuck\/","title":{"rendered":"Zauner\u2019s anniversary pack \u201cMinis\u201d"},"content":{"rendered":"<p>The Zaunerstollen Minis<\/p>\n<p>A tenderly melting romance leads to a sweet affair of capricious sophistication.<\/p>\n<p>For everyone who wants a little more of the best. Consistently good quality since 1905.<\/p>\n<p>Harmonious nougat grillage mass with wafers, hazelnuts and chocolate.<\/p>\n<p>6 pieces<\/p>\n<p>Lasts up to three months.<\/p>\n<p>Allergens: Gluten (A), Soy (F), Milk (G), Nuts (H)<\/p>","protected":false},"excerpt":{"rendered":"<p>The classic from Zauner, in \u201cmini\u201d format, approx. 135 g<\/p>","protected":false},"featured_media":202255,"comment_status":"open","ping_status":"closed","template":"","meta":{"_acf_changed":false},"product_brand":[],"product_cat":[93],"product_tag":[129,119,130,120,132,121,122,123,124,125,126,127,128,118],"class_list":{"0":"post-213715","1":"product","2":"type-product","3":"status-publish","4":"has-post-thumbnail","6":"product_cat-zaunerstollen","7":"product_tag-tradition","8":"product_tag-dessert","9":"product_tag-trueffel","10":"product_tag-geschenk","11":"product_tag-zaunerstollen","12":"product_tag-kaffeehaus","13":"product_tag-konditorei-zauner","14":"product_tag-monarchie","15":"product_tag-original-zaunerstollen","16":"product_tag-pastry","17":"product_tag-pralinen","18":"product_tag-schokolade","19":"product_tag-stueckdessert","20":"product_tag-bad-ischl","22":"first","23":"instock","24":"taxable","25":"shipping-taxable","26":"purchasable","27":"product-type-simple"},"acf":[],"yoast_head":"<!-- This site is optimized with the Yoast SEO plugin v27.3 - https:\/\/yoast.com\/product\/yoast-seo-wordpress\/ -->\n<title>6x Mini-Zaunerstollen \u27a4 S\u00fc\u00dfe Jubil\u00e4umspackung<\/title>\n<meta name=\"description\" content=\"Die Zauner Jubil\u00e4umspackung mit 6 Mini-Zaunerstollen \u2013 perfekt zum Teilen oder selbst genie\u00dfen! Jetzt online bestellen &amp; probieren.\" \/>\n<meta name=\"robots\" content=\"index, follow, max-snippet:-1, max-image-preview:large, max-video-preview:-1\" \/>\n<link rel=\"canonical\" href=\"https:\/\/zauner.at\/en\/product-5\/zauner-s-anniversary-pack-minis-1-pack-of-6-pieces\/\" \/>\n<meta property=\"og:locale\" content=\"en_GB\" \/>\n<meta property=\"og:type\" content=\"article\" \/>\n<meta property=\"og:title\" content=\"6x Mini-Zaunerstollen \u27a4 S\u00fc\u00dfe Jubil\u00e4umspackung\" \/>\n<meta property=\"og:description\" content=\"Die Zauner Jubil\u00e4umspackung mit 6 Mini-Zaunerstollen \u2013 perfekt zum Teilen oder selbst genie\u00dfen! Jetzt online bestellen &amp; probieren.\" \/>\n<meta property=\"og:url\" content=\"https:\/\/zauner.at\/en\/product-5\/zauner-s-anniversary-pack-minis-1-pack-of-6-pieces\/\" \/>\n<meta property=\"og:site_name\" content=\"Zauner\" \/>\n<meta property=\"article:publisher\" content=\"https:\/\/www.facebook.com\/p\/Konditorei-Kaffee-Zauner-Bad-Ischl-100057212599739\/\" \/>\n<meta property=\"article:modified_time\" content=\"2026-04-03T09:11:26+00:00\" \/>\n<meta property=\"og:image\" content=\"https:\/\/zauner.at\/wp-content\/uploads\/2024\/08\/Zaunerstollen-Minis.jpg\" \/>\n\t<meta property=\"og:image:width\" content=\"1600\" \/>\n\t<meta property=\"og:image:height\" content=\"1600\" \/>\n\t<meta property=\"og:image:type\" content=\"image\/jpeg\" \/>\n<meta name=\"twitter:card\" content=\"summary_large_image\" \/>\n<script type=\"application\/ld+json\" class=\"yoast-schema-graph\">{\"@context\":\"https:\\\/\\\/schema.org\",\"@graph\":[{\"@type\":\"WebPage\",\"@id\":\"https:\\\/\\\/zauner.at\\\/produkt\\\/zauner-s-jubilaumspackung-minis-1-packung-6-stuck\\\/\",\"url\":\"https:\\\/\\\/zauner.at\\\/produkt\\\/zauner-s-jubilaumspackung-minis-1-packung-6-stuck\\\/\",\"name\":\"6x Mini-Zaunerstollen \u27a4 S\u00fc\u00dfe Jubil\u00e4umspackung\",\"isPartOf\":{\"@id\":\"https:\\\/\\\/zauner.at\\\/#website\"},\"primaryImageOfPage\":{\"@id\":\"https:\\\/\\\/zauner.at\\\/produkt\\\/zauner-s-jubilaumspackung-minis-1-packung-6-stuck\\\/#primaryimage\"},\"image\":{\"@id\":\"https:\\\/\\\/zauner.at\\\/produkt\\\/zauner-s-jubilaumspackung-minis-1-packung-6-stuck\\\/#primaryimage\"},\"thumbnailUrl\":\"https:\\\/\\\/zauner.at\\\/wp-content\\\/uploads\\\/2024\\\/08\\\/Zaunerstollen-Minis.jpg\",\"datePublished\":\"2011-06-03T07:17:48+00:00\",\"dateModified\":\"2026-04-03T09:11:26+00:00\",\"description\":\"Die Zauner Jubil\u00e4umspackung mit 6 Mini-Zaunerstollen \u2013 perfekt zum Teilen oder selbst genie\u00dfen! Jetzt online bestellen & probieren.\",\"breadcrumb\":{\"@id\":\"https:\\\/\\\/zauner.at\\\/produkt\\\/zauner-s-jubilaumspackung-minis-1-packung-6-stuck\\\/#breadcrumb\"},\"inLanguage\":\"en-GB\",\"potentialAction\":[{\"@type\":\"ReadAction\",\"target\":[\"https:\\\/\\\/zauner.at\\\/produkt\\\/zauner-s-jubilaumspackung-minis-1-packung-6-stuck\\\/\"]}]},{\"@type\":\"ImageObject\",\"inLanguage\":\"en-GB\",\"@id\":\"https:\\\/\\\/zauner.at\\\/produkt\\\/zauner-s-jubilaumspackung-minis-1-packung-6-stuck\\\/#primaryimage\",\"url\":\"https:\\\/\\\/zauner.at\\\/wp-content\\\/uploads\\\/2024\\\/08\\\/Zaunerstollen-Minis.jpg\",\"contentUrl\":\"https:\\\/\\\/zauner.at\\\/wp-content\\\/uploads\\\/2024\\\/08\\\/Zaunerstollen-Minis.jpg\",\"width\":1600,\"height\":1600,\"caption\":\"Original Zaunerstollen 6er Minis in Verpackung\"},{\"@type\":\"BreadcrumbList\",\"@id\":\"https:\\\/\\\/zauner.at\\\/produkt\\\/zauner-s-jubilaumspackung-minis-1-packung-6-stuck\\\/#breadcrumb\",\"itemListElement\":[{\"@type\":\"ListItem\",\"position\":1,\"name\":\"Startseite\",\"item\":\"https:\\\/\\\/zauner.at\\\/\"},{\"@type\":\"ListItem\",\"position\":2,\"name\":\"Unser Onlineshop\",\"item\":\"https:\\\/\\\/zauner.at\\\/shop\\\/\"},{\"@type\":\"ListItem\",\"position\":3,\"name\":\"Zauners Jubil\u00e4umspackung &#8220;Minis&#8221;\"}]},{\"@type\":\"WebSite\",\"@id\":\"https:\\\/\\\/zauner.at\\\/#website\",\"url\":\"https:\\\/\\\/zauner.at\\\/\",\"name\":\"Konditorei Zauner\",\"description\":\"Konditorei\",\"publisher\":{\"@id\":\"https:\\\/\\\/zauner.at\\\/#organization\"},\"potentialAction\":[{\"@type\":\"SearchAction\",\"target\":{\"@type\":\"EntryPoint\",\"urlTemplate\":\"https:\\\/\\\/zauner.at\\\/?s={search_term_string}\"},\"query-input\":{\"@type\":\"PropertyValueSpecification\",\"valueRequired\":true,\"valueName\":\"search_term_string\"}}],\"inLanguage\":\"en-GB\"},{\"@type\":\"Organization\",\"@id\":\"https:\\\/\\\/zauner.at\\\/#organization\",\"name\":\"Konditorei Zauner\",\"url\":\"https:\\\/\\\/zauner.at\\\/\",\"logo\":{\"@type\":\"ImageObject\",\"inLanguage\":\"en-GB\",\"@id\":\"https:\\\/\\\/zauner.at\\\/#\\\/schema\\\/logo\\\/image\\\/\",\"url\":\"https:\\\/\\\/zauner.at\\\/wp-content\\\/uploads\\\/2025\\\/02\\\/zauner-logo.png\",\"contentUrl\":\"https:\\\/\\\/zauner.at\\\/wp-content\\\/uploads\\\/2025\\\/02\\\/zauner-logo.png\",\"width\":160,\"height\":142,\"caption\":\"Konditorei Zauner\"},\"image\":{\"@id\":\"https:\\\/\\\/zauner.at\\\/#\\\/schema\\\/logo\\\/image\\\/\"},\"sameAs\":[\"https:\\\/\\\/www.facebook.com\\\/p\\\/Konditorei-Kaffee-Zauner-Bad-Ischl-100057212599739\\\/\",\"https:\\\/\\\/www.instagram.com\\\/zaunerkaffeekonditorei\\\/\",\"https:\\\/\\\/at.linkedin.com\\\/company\\\/konditorei-kaffee-zauner?trk=public_profile_experience-group-header\"]}]}<\/script>\n<!-- \/ Yoast SEO plugin. -->","yoast_head_json":{"title":"6x Mini-Zaunerstollen \u27a4 Sweet anniversary pack","description":"The Zauner anniversary pack with 6 mini Zaunerstollen \u2013 perfect for sharing or enjoying yourself! Order online now and try it.","robots":{"index":"index","follow":"follow","max-snippet":"max-snippet:-1","max-image-preview":"max-image-preview:large","max-video-preview":"max-video-preview:-1"},"canonical":"https:\/\/zauner.at\/en\/product-5\/zauner-s-anniversary-pack-minis-1-pack-of-6-pieces\/","og_locale":"en_GB","og_type":"article","og_title":"6x Mini-Zaunerstollen \u27a4 S\u00fc\u00dfe Jubil\u00e4umspackung","og_description":"Die Zauner Jubil\u00e4umspackung mit 6 Mini-Zaunerstollen \u2013 perfekt zum Teilen oder selbst genie\u00dfen! Jetzt online bestellen & probieren.","og_url":"https:\/\/zauner.at\/en\/product-5\/zauner-s-anniversary-pack-minis-1-pack-of-6-pieces\/","og_site_name":"Zauner","article_publisher":"https:\/\/www.facebook.com\/p\/Konditorei-Kaffee-Zauner-Bad-Ischl-100057212599739\/","article_modified_time":"2026-04-03T09:11:26+00:00","og_image":[{"width":1600,"height":1600,"url":"https:\/\/zauner.at\/wp-content\/uploads\/2024\/08\/Zaunerstollen-Minis.jpg","type":"image\/jpeg"}],"twitter_card":"summary_large_image","schema":{"@context":"https:\/\/schema.org","@graph":[{"@type":"WebPage","@id":"https:\/\/zauner.at\/produkt\/zauner-s-jubilaumspackung-minis-1-packung-6-stuck\/","url":"https:\/\/zauner.at\/produkt\/zauner-s-jubilaumspackung-minis-1-packung-6-stuck\/","name":"6x Mini-Zaunerstollen \u27a4 Sweet anniversary pack","isPartOf":{"@id":"https:\/\/zauner.at\/#website"},"primaryImageOfPage":{"@id":"https:\/\/zauner.at\/produkt\/zauner-s-jubilaumspackung-minis-1-packung-6-stuck\/#primaryimage"},"image":{"@id":"https:\/\/zauner.at\/produkt\/zauner-s-jubilaumspackung-minis-1-packung-6-stuck\/#primaryimage"},"thumbnailUrl":"https:\/\/zauner.at\/wp-content\/uploads\/2024\/08\/Zaunerstollen-Minis.jpg","datePublished":"2011-06-03T07:17:48+00:00","dateModified":"2026-04-03T09:11:26+00:00","description":"The Zauner anniversary pack with 6 mini Zaunerstollen \u2013 perfect for sharing or enjoying yourself! Order online now and try it.","breadcrumb":{"@id":"https:\/\/zauner.at\/produkt\/zauner-s-jubilaumspackung-minis-1-packung-6-stuck\/#breadcrumb"},"inLanguage":"en-GB","potentialAction":[{"@type":"ReadAction","target":["https:\/\/zauner.at\/produkt\/zauner-s-jubilaumspackung-minis-1-packung-6-stuck\/"]}]},{"@type":"ImageObject","inLanguage":"en-GB","@id":"https:\/\/zauner.at\/produkt\/zauner-s-jubilaumspackung-minis-1-packung-6-stuck\/#primaryimage","url":"https:\/\/zauner.at\/wp-content\/uploads\/2024\/08\/Zaunerstollen-Minis.jpg","contentUrl":"https:\/\/zauner.at\/wp-content\/uploads\/2024\/08\/Zaunerstollen-Minis.jpg","width":1600,"height":1600,"caption":"Original Zaunerstollen 6er Minis in Verpackung"},{"@type":"BreadcrumbList","@id":"https:\/\/zauner.at\/produkt\/zauner-s-jubilaumspackung-minis-1-packung-6-stuck\/#breadcrumb","itemListElement":[{"@type":"ListItem","position":1,"name":"Startseite","item":"https:\/\/zauner.at\/"},{"@type":"ListItem","position":2,"name":"Unser Onlineshop","item":"https:\/\/zauner.at\/shop\/"},{"@type":"ListItem","position":3,"name":"Zauners Jubil\u00e4umspackung &#8220;Minis&#8221;"}]},{"@type":"WebSite","@id":"https:\/\/zauner.at\/#website","url":"https:\/\/zauner.at\/","name":"Konditorei Zauner","description":"pastry shop","publisher":{"@id":"https:\/\/zauner.at\/#organization"},"potentialAction":[{"@type":"SearchAction","target":{"@type":"EntryPoint","urlTemplate":"https:\/\/zauner.at\/?s={search_term_string}"},"query-input":{"@type":"PropertyValueSpecification","valueRequired":true,"valueName":"search_term_string"}}],"inLanguage":"en-GB"},{"@type":"Organization","@id":"https:\/\/zauner.at\/#organization","name":"Konditorei Zauner","url":"https:\/\/zauner.at\/","logo":{"@type":"ImageObject","inLanguage":"en-GB","@id":"https:\/\/zauner.at\/#\/schema\/logo\/image\/","url":"https:\/\/zauner.at\/wp-content\/uploads\/2025\/02\/zauner-logo.png","contentUrl":"https:\/\/zauner.at\/wp-content\/uploads\/2025\/02\/zauner-logo.png","width":160,"height":142,"caption":"Konditorei Zauner"},"image":{"@id":"https:\/\/zauner.at\/#\/schema\/logo\/image\/"},"sameAs":["https:\/\/www.facebook.com\/p\/Konditorei-Kaffee-Zauner-Bad-Ischl-100057212599739\/","https:\/\/www.instagram.com\/zaunerkaffeekonditorei\/","https:\/\/at.linkedin.com\/company\/konditorei-kaffee-zauner?trk=public_profile_experience-group-header"]}]}},"_links":{"self":[{"href":"https:\/\/zauner.at\/en\/wp-json\/wp\/v2\/product\/213715","targetHints":{"allow":["GET"]}}],"collection":[{"href":"https:\/\/zauner.at\/en\/wp-json\/wp\/v2\/product"}],"about":[{"href":"https:\/\/zauner.at\/en\/wp-json\/wp\/v2\/types\/product"}],"replies":[{"embeddable":true,"href":"https:\/\/zauner.at\/en\/wp-json\/wp\/v2\/comments?post=213715"}],"wp:featuredmedia":[{"embeddable":true,"href":"https:\/\/zauner.at\/en\/wp-json\/wp\/v2\/media\/202255"}],"wp:attachment":[{"href":"https:\/\/zauner.at\/en\/wp-json\/wp\/v2\/media?parent=213715"}],"wp:term":[{"taxonomy":"product_brand","embeddable":true,"href":"https:\/\/zauner.at\/en\/wp-json\/wp\/v2\/product_brand?post=213715"},{"taxonomy":"product_cat","embeddable":true,"href":"https:\/\/zauner.at\/en\/wp-json\/wp\/v2\/product_cat?post=213715"},{"taxonomy":"product_tag","embeddable":true,"href":"https:\/\/zauner.at\/en\/wp-json\/wp\/v2\/product_tag?post=213715"}],"curies":[{"name":"wp","href":"https:\/\/api.w.org\/{rel}","templated":true}]}}