{"id":3,"date":"2024-06-11T14:42:54","date_gmt":"2024-06-11T12:42:54","guid":{"rendered":"https:\/\/zauner.at\/?page_id=3"},"modified":"2025-03-07T13:07:55","modified_gmt":"2025-03-07T12:07:55","slug":"privacy-policy","status":"publish","type":"page","link":"https:\/\/zauner.at\/en\/datenschutzerklaerung\/","title":{"rendered":"privacy policy"},"content":{"rendered":"<p><strong>Declaration on the obligation to provide information (privacy policy)<\/strong><\/p>\n<p>The protection of your personal data is of particular importance to us. We therefore process your data exclusively on the basis of the statutory provisions (GDPR, TKG). In this data protection information we inform you about the most important aspects of data processing on our website.<br \/>\n<br \/>\n<strong>Contact us<\/strong><\/p>\n<p>If you contact us using the form on the website or by email, the data you provide will be stored for 6 months for the purpose of processing your request and in case of follow-up questions. We do not pass this data on to anyone else.<br \/>\n<br \/>\n<strong>data storage<\/strong><\/p>\n<p>We would like to point out that for the purpose of simplifying the purchasing process and for later contract processing, the web shop operator, MIKAS ISP Werbe GmbH, Stettnerstrasse 20, 5301 Eugendorf - Austria, stores the IP address of the website visitor as well as technical information as part of log data - this data is only analyzed if misuse is suspected. The technical support of the online shop is provided by Adprico GmbH, Fischachstrasse 36, AT-5101 Bergheim near Salzburg.<\/p>\n<p>The data you provide is necessary to fulfill the contract and to execute the orders you have requested. Without this data, we cannot conclude the contract with you.<\/p>\n<p>Data will not be transferred to third parties, with the exception of the transfer of credit card details to the processing banks and PAYONE GmbH, Lyoner Stra\u00dfe 15, DE-60528 Frankfurt am Main, for the purpose of debiting the purchase price, address details to the transport company\/shipping company commissioned by us to deliver the goods, to our tax advisor to fulfil our tax obligations and to Google Inc. (1600 Amphitheatre Parkway, Mountain View, CA 94043, USA; \u201cGoogle\u201d) for the use of \u201cGoogle AdWords\u201d, \u201cGoogle Conversion Tracking\u201d and \u201cGoogle Analytics\u201d.<\/p>\n<p>Once the purchase process has been cancelled, the data stored by us will be deleted. If a contract is concluded, all data from the contractual relationship will be stored until the expiry of the tax retention period (7 years).<br \/>\nThe data name, address, purchased goods and purchase date are also stored until the product liability period expires (10 years). The data processing is carried out on the basis of the legal provisions of Section 96 Paragraph 3 of the Telecommunications Act (TKG) and Article 6 Paragraph 1 Letter a (consent) and\/or Letter b (necessary for contract performance) of the GDPR.<br \/>\n<br \/>\n<strong>cookies<\/strong><\/p>\n<p>Our website uses so-called cookies. These are small text files that are stored on your device with the help of the browser. They do not cause any damage. We use cookies to make our service user-friendly. Some cookies remain stored on your device until you delete them. They enable us to recognize your browser the next time you visit. If you do not want this, you can set up your browser so that it informs you about the setting of cookies and you only allow this in individual cases. If you deactivate cookies, the functionality of our website may be restricted.<br \/>\n<br \/>\n<strong>We use the online advertising program \u201cGoogle AdWords\u201d and conversion tracking as part of Google AdWords.<\/strong><\/p>\n<p>Google Conversion Tracking is an analysis service provided by Google Inc. (1600 Amphitheatre Parkway, Mountain View, CA 94043, USA; &quot;Google&quot;). When you click on an advert placed by Google, a cookie for conversion tracking is stored on your computer. These cookies expire after 30 days, do not contain any personal data and are therefore not used for personal identification. If you visit certain pages on our website and the cookie has not yet expired, Google and we can recognise that you clicked on the advert and were redirected to this page. Each Google AdWords customer receives a different cookie. This means that there is no way for cookies to be tracked across the websites of AdWords customers. The information obtained using the conversion cookie is used to create conversion statistics for AdWords customers who have opted for conversion tracking. Customers are informed of the total number of users who clicked on their ad and were redirected to a page with a conversion tracking tag. However, they do not receive any information that can be used to personally identify users. If you do not wish to participate in tracking, you can object to this use by preventing the installation of cookies through a corresponding setting in your browser software (deactivation option). You will then not be included in the conversion tracking statistics.<br \/>\n<br \/>\n<strong>Use of Google Analytics<\/strong><\/p>\n<p>This website uses Google Analytics, a web analysis service provided by Google Inc. (&quot;Google&quot;). The information on your use of this website generated through the Google cookie is usually transferred to a Google server in the USA and saved there. However, if IP anonymization is activated on this website, your IP address will be shortened beforehand by Google within member states of the European Union or in other contracting states to the Agreement on the European Economic Area. Only in exceptional cases will the full IP address be transmitted to a Google server in the USA and shortened there. On behalf of the operator of this website, Google will use this information to evaluate your use of the website, to compile reports on website activity and to provide the website operator with other services relating to website activity and internet usage. The IP address transmitted by your browser as part of Google Analytics will not be merged with other Google data. You can prevent cookies from being saved by setting your browser software accordingly; however, we would like to point out that in this case you may not be able to use all functions of this website to their full extent.<\/p>\n<p>You can also prevent Google from collecting the data generated by the cookie and relating to your use of the website (including your IP address) and from processing this data by downloading and installing the browser plug-in available under the following link: https:\/\/tools.google.com\/dlpage\/gaoptout?hl=de.<\/p>\n<p>For more information on terms of use and data protection, please see the\u00a0<a href=\"https:\/\/www.google.com\/analytics\/terms\/de.html\">Google Analytics Terms<\/a>\u00a0or under the\u00a0<a href=\"https:\/\/www.google.com\/intl\/de\/policies\/privacy\/index.html\">Google Analytics Overview<\/a>We would like to point out that Google Analytics has been extended on this website with the code \u201cgat._anonymizeIp();\u201d in order to ensure anonymous collection of IP addresses (so-called IP masking).<br \/>\n<br \/>\n<strong>your rights<\/strong><\/p>\n<p>You generally have the right to information, correction, deletion, restriction, data portability, revocation and objection. If you believe that the processing of your data violates data protection law or that your data protection rights have otherwise been violated in any way, you can complain to the supervisory authority. In Austria, this is the Data Protection Authority.<br \/>\n<br \/>\n<strong>You can reach us at the following contact details:<\/strong><br \/>\n<br \/>\nKonditorei-Kaffee Zauner GmbH<br \/>\nKonditorei-Kaffee Zauner GmbH &amp; Co KG,<br \/>\nAT-4820 Bad Ischl, Pfarrgasse 7<br \/>\n<br \/>\nTel.: +43 (0)6132-23310-0<br \/>\nE-Mail: info@zauner.at<br \/>\nwww.zauner.at<br \/>\n<br \/>\nStatus: September 2024<\/p>\n<p>&nbsp;<\/p>","protected":false},"excerpt":{"rendered":"<p>Erkl\u00e4rung zur Informationspflicht (Datenschutzerkl\u00e4rung) Der Schutz Ihrer pers\u00f6nlichen Daten ist uns ein besonderes Anliegen. Wir verarbeiten Ihre Daten daher ausschlie\u00dflich auf Grundlage der gesetzlichen Bestimmungen (DSGVO, TKG). In diesen Datenschutzinformationen informieren wir Sie \u00fcber die wichtigsten Aspekte der Datenverarbeitung im Rahmen unserer Website. Kontakt mit uns Wenn Sie per Formular auf der Website oder per [&hellip;]<\/p>\n","protected":false},"author":1,"featured_media":0,"parent":0,"menu_order":92,"comment_status":"closed","ping_status":"closed","template":"","meta":{"_acf_changed":false,"footnotes":""},"class_list":["post-3","page","type-page","status-publish","hentry"],"acf":[],"yoast_head":"<!-- This site is optimized with the Yoast SEO plugin v27.3 - https:\/\/yoast.com\/product\/yoast-seo-wordpress\/ -->\n<title>Datenschutzerkl\u00e4rung - Zauner<\/title>\n<meta name=\"description\" content=\"Zauner sch\u00fctzt Ihre pers\u00f6nlichen Daten gem\u00e4\u00df DSGVO. Erfahren Sie hier alles \u00fcber unsere Datenschutzrichtlinien!\" \/>\n<meta name=\"robots\" content=\"index, follow, max-snippet:-1, max-image-preview:large, max-video-preview:-1\" \/>\n<link rel=\"canonical\" href=\"https:\/\/zauner.at\/en\/privacy-policy\/\" \/>\n<meta property=\"og:locale\" content=\"en_GB\" \/>\n<meta property=\"og:type\" content=\"article\" \/>\n<meta property=\"og:title\" content=\"Datenschutzerkl\u00e4rung - Zauner\" \/>\n<meta property=\"og:description\" content=\"Zauner sch\u00fctzt Ihre pers\u00f6nlichen Daten gem\u00e4\u00df DSGVO. Erfahren Sie hier alles \u00fcber unsere Datenschutzrichtlinien!\" \/>\n<meta property=\"og:url\" content=\"https:\/\/zauner.at\/en\/privacy-policy\/\" \/>\n<meta property=\"og:site_name\" content=\"Zauner\" \/>\n<meta property=\"article:publisher\" content=\"https:\/\/www.facebook.com\/p\/Konditorei-Kaffee-Zauner-Bad-Ischl-100057212599739\/\" \/>\n<meta property=\"article:modified_time\" content=\"2025-03-07T12:07:55+00:00\" \/>\n<meta property=\"og:image\" content=\"https:\/\/zauner.at\/wp-content\/uploads\/2025\/01\/zauner-konditorei-cafe-hero-28424693_1591881217516353_6705677175667134588_o_web-890x590-1.jpg\" \/>\n\t<meta property=\"og:image:width\" content=\"890\" \/>\n\t<meta property=\"og:image:height\" content=\"591\" \/>\n\t<meta property=\"og:image:type\" content=\"image\/jpeg\" \/>\n<meta name=\"twitter:card\" content=\"summary_large_image\" \/>\n<meta name=\"twitter:label1\" content=\"Estimated reading time\" \/>\n\t<meta name=\"twitter:data1\" content=\"5 minutes\" \/>\n<script type=\"application\/ld+json\" class=\"yoast-schema-graph\">{\"@context\":\"https:\\\/\\\/schema.org\",\"@graph\":[{\"@type\":\"Article\",\"@id\":\"https:\\\/\\\/zauner.at\\\/datenschutzerklaerung\\\/#article\",\"isPartOf\":{\"@id\":\"https:\\\/\\\/zauner.at\\\/datenschutzerklaerung\\\/\"},\"author\":{\"name\":\"icke\",\"@id\":\"https:\\\/\\\/zauner.at\\\/#\\\/schema\\\/person\\\/abbd7252a835235acd956facea714425\"},\"headline\":\"Datenschutzerkl\u00e4rung\",\"datePublished\":\"2024-06-11T12:42:54+00:00\",\"dateModified\":\"2025-03-07T12:07:55+00:00\",\"mainEntityOfPage\":{\"@id\":\"https:\\\/\\\/zauner.at\\\/datenschutzerklaerung\\\/\"},\"wordCount\":1072,\"publisher\":{\"@id\":\"https:\\\/\\\/zauner.at\\\/#organization\"},\"inLanguage\":\"en-GB\"},{\"@type\":\"WebPage\",\"@id\":\"https:\\\/\\\/zauner.at\\\/datenschutzerklaerung\\\/\",\"url\":\"https:\\\/\\\/zauner.at\\\/datenschutzerklaerung\\\/\",\"name\":\"Datenschutzerkl\u00e4rung - Zauner\",\"isPartOf\":{\"@id\":\"https:\\\/\\\/zauner.at\\\/#website\"},\"datePublished\":\"2024-06-11T12:42:54+00:00\",\"dateModified\":\"2025-03-07T12:07:55+00:00\",\"description\":\"Zauner sch\u00fctzt Ihre pers\u00f6nlichen Daten gem\u00e4\u00df DSGVO. Erfahren Sie hier alles \u00fcber unsere Datenschutzrichtlinien!\",\"breadcrumb\":{\"@id\":\"https:\\\/\\\/zauner.at\\\/datenschutzerklaerung\\\/#breadcrumb\"},\"inLanguage\":\"en-GB\",\"potentialAction\":[{\"@type\":\"ReadAction\",\"target\":[\"https:\\\/\\\/zauner.at\\\/datenschutzerklaerung\\\/\"]}]},{\"@type\":\"BreadcrumbList\",\"@id\":\"https:\\\/\\\/zauner.at\\\/datenschutzerklaerung\\\/#breadcrumb\",\"itemListElement\":[{\"@type\":\"ListItem\",\"position\":1,\"name\":\"Startseite\",\"item\":\"https:\\\/\\\/zauner.at\\\/\"},{\"@type\":\"ListItem\",\"position\":2,\"name\":\"Datenschutzerkl\u00e4rung\"}]},{\"@type\":\"WebSite\",\"@id\":\"https:\\\/\\\/zauner.at\\\/#website\",\"url\":\"https:\\\/\\\/zauner.at\\\/\",\"name\":\"Konditorei Zauner\",\"description\":\"Konditorei\",\"publisher\":{\"@id\":\"https:\\\/\\\/zauner.at\\\/#organization\"},\"potentialAction\":[{\"@type\":\"SearchAction\",\"target\":{\"@type\":\"EntryPoint\",\"urlTemplate\":\"https:\\\/\\\/zauner.at\\\/?s={search_term_string}\"},\"query-input\":{\"@type\":\"PropertyValueSpecification\",\"valueRequired\":true,\"valueName\":\"search_term_string\"}}],\"inLanguage\":\"en-GB\"},{\"@type\":\"Organization\",\"@id\":\"https:\\\/\\\/zauner.at\\\/#organization\",\"name\":\"Konditorei Zauner\",\"url\":\"https:\\\/\\\/zauner.at\\\/\",\"logo\":{\"@type\":\"ImageObject\",\"inLanguage\":\"en-GB\",\"@id\":\"https:\\\/\\\/zauner.at\\\/#\\\/schema\\\/logo\\\/image\\\/\",\"url\":\"https:\\\/\\\/zauner.at\\\/wp-content\\\/uploads\\\/2025\\\/02\\\/zauner-logo.png\",\"contentUrl\":\"https:\\\/\\\/zauner.at\\\/wp-content\\\/uploads\\\/2025\\\/02\\\/zauner-logo.png\",\"width\":160,\"height\":142,\"caption\":\"Konditorei Zauner\"},\"image\":{\"@id\":\"https:\\\/\\\/zauner.at\\\/#\\\/schema\\\/logo\\\/image\\\/\"},\"sameAs\":[\"https:\\\/\\\/www.facebook.com\\\/p\\\/Konditorei-Kaffee-Zauner-Bad-Ischl-100057212599739\\\/\",\"https:\\\/\\\/www.instagram.com\\\/zaunerkaffeekonditorei\\\/\",\"https:\\\/\\\/at.linkedin.com\\\/company\\\/konditorei-kaffee-zauner?trk=public_profile_experience-group-header\"]},{\"@type\":\"Person\",\"@id\":\"https:\\\/\\\/zauner.at\\\/#\\\/schema\\\/person\\\/abbd7252a835235acd956facea714425\",\"name\":\"icke\",\"sameAs\":[\"https:\\\/\\\/example.com\"],\"url\":\"https:\\\/\\\/zauner.at\\\/en\\\/author\\\/johndoe\\\/\"}]}<\/script>\n<!-- \/ Yoast SEO plugin. -->","yoast_head_json":{"title":"Privacy Policy - Zauner","description":"Zauner protects your personal data in accordance with GDPR. Find out everything about our privacy policy here!","robots":{"index":"index","follow":"follow","max-snippet":"max-snippet:-1","max-image-preview":"max-image-preview:large","max-video-preview":"max-video-preview:-1"},"canonical":"https:\/\/zauner.at\/en\/privacy-policy\/","og_locale":"en_GB","og_type":"article","og_title":"Datenschutzerkl\u00e4rung - Zauner","og_description":"Zauner sch\u00fctzt Ihre pers\u00f6nlichen Daten gem\u00e4\u00df DSGVO. Erfahren Sie hier alles \u00fcber unsere Datenschutzrichtlinien!","og_url":"https:\/\/zauner.at\/en\/privacy-policy\/","og_site_name":"Zauner","article_publisher":"https:\/\/www.facebook.com\/p\/Konditorei-Kaffee-Zauner-Bad-Ischl-100057212599739\/","article_modified_time":"2025-03-07T12:07:55+00:00","og_image":[{"width":890,"height":591,"url":"https:\/\/zauner.at\/wp-content\/uploads\/2025\/01\/zauner-konditorei-cafe-hero-28424693_1591881217516353_6705677175667134588_o_web-890x590-1.jpg","type":"image\/jpeg"}],"twitter_card":"summary_large_image","twitter_misc":{"Estimated reading time":"5 minutes"},"schema":{"@context":"https:\/\/schema.org","@graph":[{"@type":"Article","@id":"https:\/\/zauner.at\/datenschutzerklaerung\/#article","isPartOf":{"@id":"https:\/\/zauner.at\/datenschutzerklaerung\/"},"author":{"name":"icke","@id":"https:\/\/zauner.at\/#\/schema\/person\/abbd7252a835235acd956facea714425"},"headline":"Datenschutzerkl\u00e4rung","datePublished":"2024-06-11T12:42:54+00:00","dateModified":"2025-03-07T12:07:55+00:00","mainEntityOfPage":{"@id":"https:\/\/zauner.at\/datenschutzerklaerung\/"},"wordCount":1072,"publisher":{"@id":"https:\/\/zauner.at\/#organization"},"inLanguage":"en-GB"},{"@type":"WebPage","@id":"https:\/\/zauner.at\/datenschutzerklaerung\/","url":"https:\/\/zauner.at\/datenschutzerklaerung\/","name":"Privacy Policy - Zauner","isPartOf":{"@id":"https:\/\/zauner.at\/#website"},"datePublished":"2024-06-11T12:42:54+00:00","dateModified":"2025-03-07T12:07:55+00:00","description":"Zauner protects your personal data in accordance with GDPR. Find out everything about our privacy policy here!","breadcrumb":{"@id":"https:\/\/zauner.at\/datenschutzerklaerung\/#breadcrumb"},"inLanguage":"en-GB","potentialAction":[{"@type":"ReadAction","target":["https:\/\/zauner.at\/datenschutzerklaerung\/"]}]},{"@type":"BreadcrumbList","@id":"https:\/\/zauner.at\/datenschutzerklaerung\/#breadcrumb","itemListElement":[{"@type":"ListItem","position":1,"name":"Startseite","item":"https:\/\/zauner.at\/"},{"@type":"ListItem","position":2,"name":"Datenschutzerkl\u00e4rung"}]},{"@type":"WebSite","@id":"https:\/\/zauner.at\/#website","url":"https:\/\/zauner.at\/","name":"Konditorei Zauner","description":"pastry shop","publisher":{"@id":"https:\/\/zauner.at\/#organization"},"potentialAction":[{"@type":"SearchAction","target":{"@type":"EntryPoint","urlTemplate":"https:\/\/zauner.at\/?s={search_term_string}"},"query-input":{"@type":"PropertyValueSpecification","valueRequired":true,"valueName":"search_term_string"}}],"inLanguage":"en-GB"},{"@type":"Organization","@id":"https:\/\/zauner.at\/#organization","name":"Konditorei Zauner","url":"https:\/\/zauner.at\/","logo":{"@type":"ImageObject","inLanguage":"en-GB","@id":"https:\/\/zauner.at\/#\/schema\/logo\/image\/","url":"https:\/\/zauner.at\/wp-content\/uploads\/2025\/02\/zauner-logo.png","contentUrl":"https:\/\/zauner.at\/wp-content\/uploads\/2025\/02\/zauner-logo.png","width":160,"height":142,"caption":"Konditorei Zauner"},"image":{"@id":"https:\/\/zauner.at\/#\/schema\/logo\/image\/"},"sameAs":["https:\/\/www.facebook.com\/p\/Konditorei-Kaffee-Zauner-Bad-Ischl-100057212599739\/","https:\/\/www.instagram.com\/zaunerkaffeekonditorei\/","https:\/\/at.linkedin.com\/company\/konditorei-kaffee-zauner?trk=public_profile_experience-group-header"]},{"@type":"Person","@id":"https:\/\/zauner.at\/#\/schema\/person\/abbd7252a835235acd956facea714425","name":"me","sameAs":["https:\/\/example.com"],"url":"https:\/\/zauner.at\/en\/author\/johndoe\/"}]}},"_links":{"self":[{"href":"https:\/\/zauner.at\/en\/wp-json\/wp\/v2\/pages\/3","targetHints":{"allow":["GET"]}}],"collection":[{"href":"https:\/\/zauner.at\/en\/wp-json\/wp\/v2\/pages"}],"about":[{"href":"https:\/\/zauner.at\/en\/wp-json\/wp\/v2\/types\/page"}],"author":[{"embeddable":true,"href":"https:\/\/zauner.at\/en\/wp-json\/wp\/v2\/users\/1"}],"replies":[{"embeddable":true,"href":"https:\/\/zauner.at\/en\/wp-json\/wp\/v2\/comments?post=3"}],"version-history":[{"count":7,"href":"https:\/\/zauner.at\/en\/wp-json\/wp\/v2\/pages\/3\/revisions"}],"predecessor-version":[{"id":218901,"href":"https:\/\/zauner.at\/en\/wp-json\/wp\/v2\/pages\/3\/revisions\/218901"}],"wp:attachment":[{"href":"https:\/\/zauner.at\/en\/wp-json\/wp\/v2\/media?parent=3"}],"curies":[{"name":"wp","href":"https:\/\/api.w.org\/{rel}","templated":true}]}}