{"id":156,"date":"2024-06-11T22:59:22","date_gmt":"2024-06-11T20:59:22","guid":{"rendered":"https:\/\/zauner.at\/?page_id=156"},"modified":"2025-02-14T11:57:59","modified_gmt":"2025-02-14T10:57:59","slug":"story","status":"publish","type":"page","link":"https:\/\/zauner.at\/en\/geschichte\/","title":{"rendered":"History"},"content":{"rendered":"","protected":false},"excerpt":{"rendered":"","protected":false},"author":1,"featured_media":361,"parent":0,"menu_order":3,"comment_status":"closed","ping_status":"closed","template":"","meta":{"_acf_changed":false,"footnotes":""},"class_list":["post-156","page","type-page","status-publish","has-post-thumbnail","hentry"],"acf":[],"yoast_head":"<!-- This site is optimized with the Yoast SEO plugin v27.3 - https:\/\/yoast.com\/product\/yoast-seo-wordpress\/ -->\n<title>Von 1832 bis heute \u279d Unsere Geschichte<\/title>\n<meta name=\"description\" content=\"Tradition trifft Genuss: Die Geschichte von Zauner in Bad Ischl erz\u00e4hlt von kaiserlichen G\u00e4sten, s\u00fc\u00dfen Meisterwerken &amp; echter Handwerkskunst.\" \/>\n<meta name=\"robots\" content=\"index, follow, max-snippet:-1, max-image-preview:large, max-video-preview:-1\" \/>\n<link rel=\"canonical\" href=\"https:\/\/zauner.at\/en\/story\/\" \/>\n<meta property=\"og:locale\" content=\"en_GB\" \/>\n<meta property=\"og:type\" content=\"article\" \/>\n<meta property=\"og:title\" content=\"Von 1832 bis heute \u279d Unsere Geschichte\" \/>\n<meta property=\"og:description\" content=\"Tradition trifft Genuss: Die Geschichte von Zauner in Bad Ischl erz\u00e4hlt von kaiserlichen G\u00e4sten, s\u00fc\u00dfen Meisterwerken &amp; echter Handwerkskunst.\" \/>\n<meta property=\"og:url\" content=\"https:\/\/zauner.at\/en\/story\/\" \/>\n<meta property=\"og:site_name\" content=\"Zauner\" \/>\n<meta property=\"article:publisher\" content=\"https:\/\/www.facebook.com\/p\/Konditorei-Kaffee-Zauner-Bad-Ischl-100057212599739\/\" \/>\n<meta property=\"article:modified_time\" content=\"2025-02-14T10:57:59+00:00\" \/>\n<meta property=\"og:image\" content=\"https:\/\/zauner.at\/wp-content\/uploads\/2024\/06\/zauner-geschichte-zauner-brigade-1950-cZauner-1130x.jpg\" \/>\n\t<meta property=\"og:image:width\" content=\"1131\" \/>\n\t<meta property=\"og:image:height\" content=\"601\" \/>\n\t<meta property=\"og:image:type\" content=\"image\/jpeg\" \/>\n<meta name=\"twitter:card\" content=\"summary_large_image\" \/>\n<script type=\"application\/ld+json\" class=\"yoast-schema-graph\">{\"@context\":\"https:\\\/\\\/schema.org\",\"@graph\":[{\"@type\":\"Article\",\"@id\":\"https:\\\/\\\/zauner.at\\\/geschichte\\\/#article\",\"isPartOf\":{\"@id\":\"https:\\\/\\\/zauner.at\\\/geschichte\\\/\"},\"author\":{\"name\":\"icke\",\"@id\":\"https:\\\/\\\/zauner.at\\\/#\\\/schema\\\/person\\\/abbd7252a835235acd956facea714425\"},\"headline\":\"Geschichte\",\"datePublished\":\"2024-06-11T20:59:22+00:00\",\"dateModified\":\"2025-02-14T10:57:59+00:00\",\"mainEntityOfPage\":{\"@id\":\"https:\\\/\\\/zauner.at\\\/geschichte\\\/\"},\"wordCount\":1,\"publisher\":{\"@id\":\"https:\\\/\\\/zauner.at\\\/#organization\"},\"image\":{\"@id\":\"https:\\\/\\\/zauner.at\\\/geschichte\\\/#primaryimage\"},\"thumbnailUrl\":\"https:\\\/\\\/zauner.at\\\/wp-content\\\/uploads\\\/2024\\\/06\\\/zauner-geschichte-zauner-brigade-1950-cZauner-1130x.jpg\",\"inLanguage\":\"en-GB\"},{\"@type\":\"WebPage\",\"@id\":\"https:\\\/\\\/zauner.at\\\/geschichte\\\/\",\"url\":\"https:\\\/\\\/zauner.at\\\/geschichte\\\/\",\"name\":\"Von 1832 bis heute \u279d Unsere Geschichte\",\"isPartOf\":{\"@id\":\"https:\\\/\\\/zauner.at\\\/#website\"},\"primaryImageOfPage\":{\"@id\":\"https:\\\/\\\/zauner.at\\\/geschichte\\\/#primaryimage\"},\"image\":{\"@id\":\"https:\\\/\\\/zauner.at\\\/geschichte\\\/#primaryimage\"},\"thumbnailUrl\":\"https:\\\/\\\/zauner.at\\\/wp-content\\\/uploads\\\/2024\\\/06\\\/zauner-geschichte-zauner-brigade-1950-cZauner-1130x.jpg\",\"datePublished\":\"2024-06-11T20:59:22+00:00\",\"dateModified\":\"2025-02-14T10:57:59+00:00\",\"description\":\"Tradition trifft Genuss: Die Geschichte von Zauner in Bad Ischl erz\u00e4hlt von kaiserlichen G\u00e4sten, s\u00fc\u00dfen Meisterwerken &amp; echter Handwerkskunst.\",\"breadcrumb\":{\"@id\":\"https:\\\/\\\/zauner.at\\\/geschichte\\\/#breadcrumb\"},\"inLanguage\":\"en-GB\",\"potentialAction\":[{\"@type\":\"ReadAction\",\"target\":[\"https:\\\/\\\/zauner.at\\\/geschichte\\\/\"]}]},{\"@type\":\"ImageObject\",\"inLanguage\":\"en-GB\",\"@id\":\"https:\\\/\\\/zauner.at\\\/geschichte\\\/#primaryimage\",\"url\":\"https:\\\/\\\/zauner.at\\\/wp-content\\\/uploads\\\/2024\\\/06\\\/zauner-geschichte-zauner-brigade-1950-cZauner-1130x.jpg\",\"contentUrl\":\"https:\\\/\\\/zauner.at\\\/wp-content\\\/uploads\\\/2024\\\/06\\\/zauner-geschichte-zauner-brigade-1950-cZauner-1130x.jpg\",\"width\":1131,\"height\":601,\"caption\":\"Schwarz-weiss Aufnahme der Zauner Brigade aus 1950\"},{\"@type\":\"BreadcrumbList\",\"@id\":\"https:\\\/\\\/zauner.at\\\/geschichte\\\/#breadcrumb\",\"itemListElement\":[{\"@type\":\"ListItem\",\"position\":1,\"name\":\"Startseite\",\"item\":\"https:\\\/\\\/zauner.at\\\/\"},{\"@type\":\"ListItem\",\"position\":2,\"name\":\"Geschichte\"}]},{\"@type\":\"WebSite\",\"@id\":\"https:\\\/\\\/zauner.at\\\/#website\",\"url\":\"https:\\\/\\\/zauner.at\\\/\",\"name\":\"Konditorei Zauner\",\"description\":\"Konditorei\",\"publisher\":{\"@id\":\"https:\\\/\\\/zauner.at\\\/#organization\"},\"potentialAction\":[{\"@type\":\"SearchAction\",\"target\":{\"@type\":\"EntryPoint\",\"urlTemplate\":\"https:\\\/\\\/zauner.at\\\/?s={search_term_string}\"},\"query-input\":{\"@type\":\"PropertyValueSpecification\",\"valueRequired\":true,\"valueName\":\"search_term_string\"}}],\"inLanguage\":\"en-GB\"},{\"@type\":\"Organization\",\"@id\":\"https:\\\/\\\/zauner.at\\\/#organization\",\"name\":\"Konditorei Zauner\",\"url\":\"https:\\\/\\\/zauner.at\\\/\",\"logo\":{\"@type\":\"ImageObject\",\"inLanguage\":\"en-GB\",\"@id\":\"https:\\\/\\\/zauner.at\\\/#\\\/schema\\\/logo\\\/image\\\/\",\"url\":\"https:\\\/\\\/zauner.at\\\/wp-content\\\/uploads\\\/2025\\\/02\\\/zauner-logo.png\",\"contentUrl\":\"https:\\\/\\\/zauner.at\\\/wp-content\\\/uploads\\\/2025\\\/02\\\/zauner-logo.png\",\"width\":160,\"height\":142,\"caption\":\"Konditorei Zauner\"},\"image\":{\"@id\":\"https:\\\/\\\/zauner.at\\\/#\\\/schema\\\/logo\\\/image\\\/\"},\"sameAs\":[\"https:\\\/\\\/www.facebook.com\\\/p\\\/Konditorei-Kaffee-Zauner-Bad-Ischl-100057212599739\\\/\",\"https:\\\/\\\/www.instagram.com\\\/zaunerkaffeekonditorei\\\/\",\"https:\\\/\\\/at.linkedin.com\\\/company\\\/konditorei-kaffee-zauner?trk=public_profile_experience-group-header\"]},{\"@type\":\"Person\",\"@id\":\"https:\\\/\\\/zauner.at\\\/#\\\/schema\\\/person\\\/abbd7252a835235acd956facea714425\",\"name\":\"icke\",\"sameAs\":[\"https:\\\/\\\/example.com\"],\"url\":\"https:\\\/\\\/zauner.at\\\/en\\\/author\\\/johndoe\\\/\"}]}<\/script>\n<!-- \/ Yoast SEO plugin. -->","yoast_head_json":{"title":"From 1832 to today \u279d Our history","description":"Tradition meets enjoyment: The story of Zauner in Bad Ischl tells of imperial guests, sweet masterpieces and genuine craftsmanship.","robots":{"index":"index","follow":"follow","max-snippet":"max-snippet:-1","max-image-preview":"max-image-preview:large","max-video-preview":"max-video-preview:-1"},"canonical":"https:\/\/zauner.at\/en\/story\/","og_locale":"en_GB","og_type":"article","og_title":"Von 1832 bis heute \u279d Unsere Geschichte","og_description":"Tradition trifft Genuss: Die Geschichte von Zauner in Bad Ischl erz\u00e4hlt von kaiserlichen G\u00e4sten, s\u00fc\u00dfen Meisterwerken &amp; echter Handwerkskunst.","og_url":"https:\/\/zauner.at\/en\/story\/","og_site_name":"Zauner","article_publisher":"https:\/\/www.facebook.com\/p\/Konditorei-Kaffee-Zauner-Bad-Ischl-100057212599739\/","article_modified_time":"2025-02-14T10:57:59+00:00","og_image":[{"width":1131,"height":601,"url":"https:\/\/zauner.at\/wp-content\/uploads\/2024\/06\/zauner-geschichte-zauner-brigade-1950-cZauner-1130x.jpg","type":"image\/jpeg"}],"twitter_card":"summary_large_image","schema":{"@context":"https:\/\/schema.org","@graph":[{"@type":"Article","@id":"https:\/\/zauner.at\/geschichte\/#article","isPartOf":{"@id":"https:\/\/zauner.at\/geschichte\/"},"author":{"name":"icke","@id":"https:\/\/zauner.at\/#\/schema\/person\/abbd7252a835235acd956facea714425"},"headline":"Geschichte","datePublished":"2024-06-11T20:59:22+00:00","dateModified":"2025-02-14T10:57:59+00:00","mainEntityOfPage":{"@id":"https:\/\/zauner.at\/geschichte\/"},"wordCount":1,"publisher":{"@id":"https:\/\/zauner.at\/#organization"},"image":{"@id":"https:\/\/zauner.at\/geschichte\/#primaryimage"},"thumbnailUrl":"https:\/\/zauner.at\/wp-content\/uploads\/2024\/06\/zauner-geschichte-zauner-brigade-1950-cZauner-1130x.jpg","inLanguage":"en-GB"},{"@type":"WebPage","@id":"https:\/\/zauner.at\/geschichte\/","url":"https:\/\/zauner.at\/geschichte\/","name":"From 1832 to today \u279d Our history","isPartOf":{"@id":"https:\/\/zauner.at\/#website"},"primaryImageOfPage":{"@id":"https:\/\/zauner.at\/geschichte\/#primaryimage"},"image":{"@id":"https:\/\/zauner.at\/geschichte\/#primaryimage"},"thumbnailUrl":"https:\/\/zauner.at\/wp-content\/uploads\/2024\/06\/zauner-geschichte-zauner-brigade-1950-cZauner-1130x.jpg","datePublished":"2024-06-11T20:59:22+00:00","dateModified":"2025-02-14T10:57:59+00:00","description":"Tradition meets enjoyment: The story of Zauner in Bad Ischl tells of imperial guests, sweet masterpieces and genuine craftsmanship.","breadcrumb":{"@id":"https:\/\/zauner.at\/geschichte\/#breadcrumb"},"inLanguage":"en-GB","potentialAction":[{"@type":"ReadAction","target":["https:\/\/zauner.at\/geschichte\/"]}]},{"@type":"ImageObject","inLanguage":"en-GB","@id":"https:\/\/zauner.at\/geschichte\/#primaryimage","url":"https:\/\/zauner.at\/wp-content\/uploads\/2024\/06\/zauner-geschichte-zauner-brigade-1950-cZauner-1130x.jpg","contentUrl":"https:\/\/zauner.at\/wp-content\/uploads\/2024\/06\/zauner-geschichte-zauner-brigade-1950-cZauner-1130x.jpg","width":1131,"height":601,"caption":"Schwarz-weiss Aufnahme der Zauner Brigade aus 1950"},{"@type":"BreadcrumbList","@id":"https:\/\/zauner.at\/geschichte\/#breadcrumb","itemListElement":[{"@type":"ListItem","position":1,"name":"Startseite","item":"https:\/\/zauner.at\/"},{"@type":"ListItem","position":2,"name":"Geschichte"}]},{"@type":"WebSite","@id":"https:\/\/zauner.at\/#website","url":"https:\/\/zauner.at\/","name":"Konditorei Zauner","description":"pastry shop","publisher":{"@id":"https:\/\/zauner.at\/#organization"},"potentialAction":[{"@type":"SearchAction","target":{"@type":"EntryPoint","urlTemplate":"https:\/\/zauner.at\/?s={search_term_string}"},"query-input":{"@type":"PropertyValueSpecification","valueRequired":true,"valueName":"search_term_string"}}],"inLanguage":"en-GB"},{"@type":"Organization","@id":"https:\/\/zauner.at\/#organization","name":"Konditorei Zauner","url":"https:\/\/zauner.at\/","logo":{"@type":"ImageObject","inLanguage":"en-GB","@id":"https:\/\/zauner.at\/#\/schema\/logo\/image\/","url":"https:\/\/zauner.at\/wp-content\/uploads\/2025\/02\/zauner-logo.png","contentUrl":"https:\/\/zauner.at\/wp-content\/uploads\/2025\/02\/zauner-logo.png","width":160,"height":142,"caption":"Konditorei Zauner"},"image":{"@id":"https:\/\/zauner.at\/#\/schema\/logo\/image\/"},"sameAs":["https:\/\/www.facebook.com\/p\/Konditorei-Kaffee-Zauner-Bad-Ischl-100057212599739\/","https:\/\/www.instagram.com\/zaunerkaffeekonditorei\/","https:\/\/at.linkedin.com\/company\/konditorei-kaffee-zauner?trk=public_profile_experience-group-header"]},{"@type":"Person","@id":"https:\/\/zauner.at\/#\/schema\/person\/abbd7252a835235acd956facea714425","name":"me","sameAs":["https:\/\/example.com"],"url":"https:\/\/zauner.at\/en\/author\/johndoe\/"}]}},"_links":{"self":[{"href":"https:\/\/zauner.at\/en\/wp-json\/wp\/v2\/pages\/156","targetHints":{"allow":["GET"]}}],"collection":[{"href":"https:\/\/zauner.at\/en\/wp-json\/wp\/v2\/pages"}],"about":[{"href":"https:\/\/zauner.at\/en\/wp-json\/wp\/v2\/types\/page"}],"author":[{"embeddable":true,"href":"https:\/\/zauner.at\/en\/wp-json\/wp\/v2\/users\/1"}],"replies":[{"embeddable":true,"href":"https:\/\/zauner.at\/en\/wp-json\/wp\/v2\/comments?post=156"}],"version-history":[{"count":1,"href":"https:\/\/zauner.at\/en\/wp-json\/wp\/v2\/pages\/156\/revisions"}],"predecessor-version":[{"id":216287,"href":"https:\/\/zauner.at\/en\/wp-json\/wp\/v2\/pages\/156\/revisions\/216287"}],"wp:featuredmedia":[{"embeddable":true,"href":"https:\/\/zauner.at\/en\/wp-json\/wp\/v2\/media\/361"}],"wp:attachment":[{"href":"https:\/\/zauner.at\/en\/wp-json\/wp\/v2\/media?parent=156"}],"curies":[{"name":"wp","href":"https:\/\/api.w.org\/{rel}","templated":true}]}}