{"id":230361,"date":"2026-05-11T11:43:08","date_gmt":"2026-05-11T09:43:08","guid":{"rendered":"https:\/\/zauner.at\/produkt\/oblatentorte-mit-blumendekor\/"},"modified":"2026-05-11T12:14:18","modified_gmt":"2026-05-11T10:14:18","slug":"oblatentorte-mit-blumendekor","status":"publish","type":"product","link":"https:\/\/zauner.at\/cz\/produkt\/oblatentorte-mit-blumendekor\/","title":{"rendered":"Oplatkov\u00fd dort s kv\u011btinovou v\u00fdzdobou"},"content":{"rendered":"<p>Das unvergesslich feine, liebensw\u00fcrdig altmodische Aroma der ber\u00fchmten Zauner Oblaten, verm\u00e4hlt mit dem zarten Schmelz der F\u00fclle, h\u00fcllt sich in noble Schokolade. K\u00f6nnen Sie \u201enein\u201c sagen?<\/p>\n<p>Jede Torte wird individuell mit handgepfl\u00fcckten, gepressten essbaren Blumen aus den Niederlanden verziert.<\/p>\n<p>Bis zu drei Monate haltbar.<\/p>\n<p>Allergene: Gluten (A), Ei (C), Erdnuss (E), Soja (F), Milch (G), N\u00fcsse (H)<\/p>","protected":false},"excerpt":{"rendered":"<p>Oblatentorte mit einem Durchmesser von 15 cm <\/p>","protected":false},"featured_media":230359,"comment_status":"open","ping_status":"closed","template":"","meta":{"_acf_changed":false},"product_brand":[],"product_cat":[95],"product_tag":[2926,143,2927,146,149,329,118,330,119,334,120,335,122,385,126,2921,127,2922,129],"class_list":{"0":"post-230361","1":"product","2":"type-product","3":"status-publish","4":"has-post-thumbnail","6":"product_cat-kleintorten","7":"product_tag-blumen-dekor","8":"product_tag-zauner-bad-ischl","9":"product_tag-blumentorte","10":"product_tag-oblaten","11":"product_tag-oblatentorte","12":"product_tag-feine-schokolade","13":"product_tag-bad-ischl","14":"product_tag-hofzuckerbaeckerei","15":"product_tag-dessert","16":"product_tag-onlineshop","17":"product_tag-geschenk","18":"product_tag-salzkammergut","19":"product_tag-konditorei-zauner","20":"product_tag-suesswaren","21":"product_tag-pralinen","22":"product_tag-essbare-blumen","23":"product_tag-schokolade","24":"product_tag-gepresste-blumen","25":"product_tag-tradition","27":"first","28":"instock","29":"taxable","30":"shipping-taxable","31":"purchasable","32":"product-type-simple"},"acf":[],"yoast_head":"<!-- This site is optimized with the Yoast SEO plugin v27.5 - https:\/\/yoast.com\/product\/yoast-seo-wordpress\/ -->\n<title>Oblatentorte mit Blumendekor - Zauner<\/title>\n<meta name=\"robots\" content=\"index, follow, max-snippet:-1, max-image-preview:large, max-video-preview:-1\" \/>\n<link rel=\"canonical\" href=\"https:\/\/zauner.at\/cz\/product-2\/oblatentorte-mit-blumendekor\/\" \/>\n<meta property=\"og:locale\" content=\"cs_CZ\" \/>\n<meta property=\"og:type\" content=\"article\" \/>\n<meta property=\"og:title\" content=\"Oblatentorte mit Blumendekor - Zauner\" \/>\n<meta property=\"og:url\" content=\"https:\/\/zauner.at\/cz\/product-2\/oblatentorte-mit-blumendekor\/\" \/>\n<meta property=\"og:site_name\" content=\"Zauner\" \/>\n<meta property=\"article:publisher\" content=\"https:\/\/www.facebook.com\/p\/Konditorei-Kaffee-Zauner-Bad-Ischl-100057212599739\/\" \/>\n<meta property=\"article:modified_time\" content=\"2026-05-11T10:14:18+00:00\" \/>\n<meta property=\"og:image\" content=\"https:\/\/zauner.at\/wp-content\/uploads\/2021\/01\/Trueffeltorte-Oblatentorte-floral.png\" \/>\n\t<meta property=\"og:image:width\" content=\"1254\" \/>\n\t<meta property=\"og:image:height\" content=\"1254\" \/>\n\t<meta property=\"og:image:type\" content=\"image\/png\" \/>\n<meta name=\"twitter:card\" content=\"summary_large_image\" \/>\n<script type=\"application\/ld+json\" class=\"yoast-schema-graph\">{\"@context\":\"https:\\\/\\\/schema.org\",\"@graph\":[{\"@type\":\"WebPage\",\"@id\":\"https:\\\/\\\/zauner.at\\\/produkt\\\/oblatentorte-mit-blumendekor\\\/\",\"url\":\"https:\\\/\\\/zauner.at\\\/produkt\\\/oblatentorte-mit-blumendekor\\\/\",\"name\":\"Oblatentorte mit Blumendekor - Zauner\",\"isPartOf\":{\"@id\":\"https:\\\/\\\/zauner.at\\\/#website\"},\"primaryImageOfPage\":{\"@id\":\"https:\\\/\\\/zauner.at\\\/produkt\\\/oblatentorte-mit-blumendekor\\\/#primaryimage\"},\"image\":{\"@id\":\"https:\\\/\\\/zauner.at\\\/produkt\\\/oblatentorte-mit-blumendekor\\\/#primaryimage\"},\"thumbnailUrl\":\"https:\\\/\\\/zauner.at\\\/wp-content\\\/uploads\\\/2021\\\/01\\\/Trueffeltorte-Oblatentorte-floral.png\",\"datePublished\":\"2026-05-11T09:43:08+00:00\",\"dateModified\":\"2026-05-11T10:14:18+00:00\",\"breadcrumb\":{\"@id\":\"https:\\\/\\\/zauner.at\\\/produkt\\\/oblatentorte-mit-blumendekor\\\/#breadcrumb\"},\"inLanguage\":\"cs\",\"potentialAction\":[{\"@type\":\"ReadAction\",\"target\":[\"https:\\\/\\\/zauner.at\\\/produkt\\\/oblatentorte-mit-blumendekor\\\/\"]}]},{\"@type\":\"ImageObject\",\"inLanguage\":\"cs\",\"@id\":\"https:\\\/\\\/zauner.at\\\/produkt\\\/oblatentorte-mit-blumendekor\\\/#primaryimage\",\"url\":\"https:\\\/\\\/zauner.at\\\/wp-content\\\/uploads\\\/2021\\\/01\\\/Trueffeltorte-Oblatentorte-floral.png\",\"contentUrl\":\"https:\\\/\\\/zauner.at\\\/wp-content\\\/uploads\\\/2021\\\/01\\\/Trueffeltorte-Oblatentorte-floral.png\",\"width\":1254,\"height\":1254},{\"@type\":\"BreadcrumbList\",\"@id\":\"https:\\\/\\\/zauner.at\\\/produkt\\\/oblatentorte-mit-blumendekor\\\/#breadcrumb\",\"itemListElement\":[{\"@type\":\"ListItem\",\"position\":1,\"name\":\"Startseite\",\"item\":\"https:\\\/\\\/zauner.at\\\/\"},{\"@type\":\"ListItem\",\"position\":2,\"name\":\"Unser Onlineshop\",\"item\":\"https:\\\/\\\/zauner.at\\\/shop\\\/\"},{\"@type\":\"ListItem\",\"position\":3,\"name\":\"Oblatentorte mit Blumendekor\"}]},{\"@type\":\"WebSite\",\"@id\":\"https:\\\/\\\/zauner.at\\\/#website\",\"url\":\"https:\\\/\\\/zauner.at\\\/\",\"name\":\"Konditorei Zauner\",\"description\":\"Konditorei\",\"publisher\":{\"@id\":\"https:\\\/\\\/zauner.at\\\/#organization\"},\"potentialAction\":[{\"@type\":\"SearchAction\",\"target\":{\"@type\":\"EntryPoint\",\"urlTemplate\":\"https:\\\/\\\/zauner.at\\\/?s={search_term_string}\"},\"query-input\":{\"@type\":\"PropertyValueSpecification\",\"valueRequired\":true,\"valueName\":\"search_term_string\"}}],\"inLanguage\":\"cs\"},{\"@type\":\"Organization\",\"@id\":\"https:\\\/\\\/zauner.at\\\/#organization\",\"name\":\"Konditorei Zauner\",\"url\":\"https:\\\/\\\/zauner.at\\\/\",\"logo\":{\"@type\":\"ImageObject\",\"inLanguage\":\"cs\",\"@id\":\"https:\\\/\\\/zauner.at\\\/#\\\/schema\\\/logo\\\/image\\\/\",\"url\":\"https:\\\/\\\/zauner.at\\\/wp-content\\\/uploads\\\/2025\\\/02\\\/zauner-logo.png\",\"contentUrl\":\"https:\\\/\\\/zauner.at\\\/wp-content\\\/uploads\\\/2025\\\/02\\\/zauner-logo.png\",\"width\":160,\"height\":142,\"caption\":\"Konditorei Zauner\"},\"image\":{\"@id\":\"https:\\\/\\\/zauner.at\\\/#\\\/schema\\\/logo\\\/image\\\/\"},\"sameAs\":[\"https:\\\/\\\/www.facebook.com\\\/p\\\/Konditorei-Kaffee-Zauner-Bad-Ischl-100057212599739\\\/\",\"https:\\\/\\\/www.instagram.com\\\/zaunerkaffeekonditorei\\\/\",\"https:\\\/\\\/at.linkedin.com\\\/company\\\/konditorei-kaffee-zauner?trk=public_profile_experience-group-header\"]}]}<\/script>\n<!-- \/ Yoast SEO plugin. -->","yoast_head_json":{"title":"Oblatentorte mit Blumendekor - Zauner","robots":{"index":"index","follow":"follow","max-snippet":"max-snippet:-1","max-image-preview":"max-image-preview:large","max-video-preview":"max-video-preview:-1"},"canonical":"https:\/\/zauner.at\/cz\/product-2\/oblatentorte-mit-blumendekor\/","og_locale":"cs_CZ","og_type":"article","og_title":"Oblatentorte mit Blumendekor - Zauner","og_url":"https:\/\/zauner.at\/cz\/product-2\/oblatentorte-mit-blumendekor\/","og_site_name":"Zauner","article_publisher":"https:\/\/www.facebook.com\/p\/Konditorei-Kaffee-Zauner-Bad-Ischl-100057212599739\/","article_modified_time":"2026-05-11T10:14:18+00:00","og_image":[{"width":1254,"height":1254,"url":"https:\/\/zauner.at\/wp-content\/uploads\/2021\/01\/Trueffeltorte-Oblatentorte-floral.png","type":"image\/png"}],"twitter_card":"summary_large_image","schema":{"@context":"https:\/\/schema.org","@graph":[{"@type":"WebPage","@id":"https:\/\/zauner.at\/produkt\/oblatentorte-mit-blumendekor\/","url":"https:\/\/zauner.at\/produkt\/oblatentorte-mit-blumendekor\/","name":"Oblatentorte mit Blumendekor - Zauner","isPartOf":{"@id":"https:\/\/zauner.at\/#website"},"primaryImageOfPage":{"@id":"https:\/\/zauner.at\/produkt\/oblatentorte-mit-blumendekor\/#primaryimage"},"image":{"@id":"https:\/\/zauner.at\/produkt\/oblatentorte-mit-blumendekor\/#primaryimage"},"thumbnailUrl":"https:\/\/zauner.at\/wp-content\/uploads\/2021\/01\/Trueffeltorte-Oblatentorte-floral.png","datePublished":"2026-05-11T09:43:08+00:00","dateModified":"2026-05-11T10:14:18+00:00","breadcrumb":{"@id":"https:\/\/zauner.at\/produkt\/oblatentorte-mit-blumendekor\/#breadcrumb"},"inLanguage":"cs","potentialAction":[{"@type":"ReadAction","target":["https:\/\/zauner.at\/produkt\/oblatentorte-mit-blumendekor\/"]}]},{"@type":"ImageObject","inLanguage":"cs","@id":"https:\/\/zauner.at\/produkt\/oblatentorte-mit-blumendekor\/#primaryimage","url":"https:\/\/zauner.at\/wp-content\/uploads\/2021\/01\/Trueffeltorte-Oblatentorte-floral.png","contentUrl":"https:\/\/zauner.at\/wp-content\/uploads\/2021\/01\/Trueffeltorte-Oblatentorte-floral.png","width":1254,"height":1254},{"@type":"BreadcrumbList","@id":"https:\/\/zauner.at\/produkt\/oblatentorte-mit-blumendekor\/#breadcrumb","itemListElement":[{"@type":"ListItem","position":1,"name":"Startseite","item":"https:\/\/zauner.at\/"},{"@type":"ListItem","position":2,"name":"Unser Onlineshop","item":"https:\/\/zauner.at\/shop\/"},{"@type":"ListItem","position":3,"name":"Oblatentorte mit Blumendekor"}]},{"@type":"WebSite","@id":"https:\/\/zauner.at\/#website","url":"https:\/\/zauner.at\/","name":"Cukr\u00e1rna Zauner","description":"Cukrovinky","publisher":{"@id":"https:\/\/zauner.at\/#organization"},"potentialAction":[{"@type":"SearchAction","target":{"@type":"EntryPoint","urlTemplate":"https:\/\/zauner.at\/?s={search_term_string}"},"query-input":{"@type":"PropertyValueSpecification","valueRequired":true,"valueName":"search_term_string"}}],"inLanguage":"cs"},{"@type":"Organization","@id":"https:\/\/zauner.at\/#organization","name":"Cukr\u00e1rna Zauner","url":"https:\/\/zauner.at\/","logo":{"@type":"ImageObject","inLanguage":"cs","@id":"https:\/\/zauner.at\/#\/schema\/logo\/image\/","url":"https:\/\/zauner.at\/wp-content\/uploads\/2025\/02\/zauner-logo.png","contentUrl":"https:\/\/zauner.at\/wp-content\/uploads\/2025\/02\/zauner-logo.png","width":160,"height":142,"caption":"Konditorei Zauner"},"image":{"@id":"https:\/\/zauner.at\/#\/schema\/logo\/image\/"},"sameAs":["https:\/\/www.facebook.com\/p\/Konditorei-Kaffee-Zauner-Bad-Ischl-100057212599739\/","https:\/\/www.instagram.com\/zaunerkaffeekonditorei\/","https:\/\/at.linkedin.com\/company\/konditorei-kaffee-zauner?trk=public_profile_experience-group-header"]}]}},"_links":{"self":[{"href":"https:\/\/zauner.at\/cz\/wp-json\/wp\/v2\/product\/230361","targetHints":{"allow":["GET"]}}],"collection":[{"href":"https:\/\/zauner.at\/cz\/wp-json\/wp\/v2\/product"}],"about":[{"href":"https:\/\/zauner.at\/cz\/wp-json\/wp\/v2\/types\/product"}],"replies":[{"embeddable":true,"href":"https:\/\/zauner.at\/cz\/wp-json\/wp\/v2\/comments?post=230361"}],"wp:featuredmedia":[{"embeddable":true,"href":"https:\/\/zauner.at\/cz\/wp-json\/wp\/v2\/media\/230359"}],"wp:attachment":[{"href":"https:\/\/zauner.at\/cz\/wp-json\/wp\/v2\/media?parent=230361"}],"wp:term":[{"taxonomy":"product_brand","embeddable":true,"href":"https:\/\/zauner.at\/cz\/wp-json\/wp\/v2\/product_brand?post=230361"},{"taxonomy":"product_cat","embeddable":true,"href":"https:\/\/zauner.at\/cz\/wp-json\/wp\/v2\/product_cat?post=230361"},{"taxonomy":"product_tag","embeddable":true,"href":"https:\/\/zauner.at\/cz\/wp-json\/wp\/v2\/product_tag?post=230361"}],"curies":[{"name":"wp","href":"https:\/\/api.w.org\/{rel}","templated":true}]}}