{"id":230325,"date":"2026-05-08T13:28:05","date_gmt":"2026-05-08T11:28:05","guid":{"rendered":"https:\/\/zauner.at\/produkt\/szaunerl\/"},"modified":"2026-05-13T12:52:08","modified_gmt":"2026-05-13T10:52:08","slug":"szaunerl","status":"publish","type":"product","link":"https:\/\/zauner.at\/cz\/produkt\/szaunerl\/","title":{"rendered":"s&#039;Zaunerl"},"content":{"rendered":"<p>Von Schokolade- und Nougattr\u00e4umen inspiriert steht es da, als w\u00e4re es immer schon hier gewesen und einfach einer Backform entstiegen. Formt mit seinen H\u00e4nden ein Herz und verschenkt sich gleich mit.<br \/>\nTraditionelles Handwerk und k\u00fcnstlerische Innovation in H\u00f6chstform erschaffen den Markenbotschafter aus dem Hause Zauner als kultiges Sammlerobjekt: s\u2019Zaunerl.<br \/>\nSchokolade und Kunst macht gl\u00fccklich \u2013 das vermittelt s&#8217;Zaunerl mit einer augenzwinkernden Geste.<\/p>\n<p>Die Skulpturen sind in unterschiedlichen Gr\u00f6\u00dfen und Ausf\u00fchrungen erh\u00e4ltlich. F\u00fcr n\u00e4here Informationen kontaktieren Sie gerne die Zentrale der Konditorei unter info@zauner.at oder die Galerie M. Ferner \u2013 Haus f\u00fcr Kunst unter www.michael-ferner.at. Da es sich um Einzelanfertigungen handelt, muss mit einer kurzen Wartezeit gerechnet werden.<br \/>\nEine grandiose Kooperation zwischen der Konditorei Zauner \/ Bad Ischl und dem Haus f\u00fcr Kunst \/ Salzburg. Grandios. Genial. Groovy.<\/p>","protected":false},"excerpt":{"rendered":"<p>Zum Jubil\u00e4um der Produktion des zehnmillionsten Zaunerstollen widmet das K\u00fcnstlerpaar Michael Ferner &amp; Martina Kreuzer dem Bad Ischler Original ein ganz besonders Kunstobjekt \u2013 sie stellen ihn sozusagen auf \u201eeigene Beine\u201c<\/p>","protected":false},"featured_media":230389,"comment_status":"open","ping_status":"closed","template":"","meta":{"_acf_changed":false},"product_brand":[],"product_cat":[110],"product_tag":[118,2915,120,2916,122,2917,143,2918,335,2919,2870,2920],"class_list":{"0":"post-230325","1":"product","2":"type-product","3":"status-publish","4":"has-post-thumbnail","6":"product_cat-souvenirs","7":"product_tag-bad-ischl","8":"product_tag-szaunerl","9":"product_tag-geschenk","10":"product_tag-kunst","11":"product_tag-konditorei-zauner","12":"product_tag-michael-ferner","13":"product_tag-zauner-bad-ischl","14":"product_tag-martina-kreuzer","15":"product_tag-salzkammergut","16":"product_tag-kunstobjekt","17":"product_tag-konditorei-kaffee-zauner","18":"product_tag-skulptur","20":"first","21":"instock","22":"taxable","23":"shipping-taxable","24":"purchasable","25":"product-type-variable"},"acf":[],"yoast_head":"<!-- This site is optimized with the Yoast SEO plugin v27.5 - https:\/\/yoast.com\/product\/yoast-seo-wordpress\/ -->\n<title>s\u00b4Zaunerl - Zauner<\/title>\n<meta name=\"robots\" content=\"index, follow, max-snippet:-1, max-image-preview:large, max-video-preview:-1\" \/>\n<link rel=\"canonical\" href=\"https:\/\/zauner.at\/cz\/product-2\/szaunerl\/\" \/>\n<meta property=\"og:locale\" content=\"cs_CZ\" \/>\n<meta property=\"og:type\" content=\"article\" \/>\n<meta property=\"og:title\" content=\"s\u00b4Zaunerl - Zauner\" \/>\n<meta property=\"og:url\" content=\"https:\/\/zauner.at\/cz\/product-2\/szaunerl\/\" \/>\n<meta property=\"og:site_name\" content=\"Zauner\" \/>\n<meta property=\"article:publisher\" content=\"https:\/\/www.facebook.com\/p\/Konditorei-Kaffee-Zauner-Bad-Ischl-100057212599739\/\" \/>\n<meta property=\"article:modified_time\" content=\"2026-05-13T10:52:08+00:00\" \/>\n<meta property=\"og:image\" content=\"https:\/\/zauner.at\/wp-content\/uploads\/2026\/05\/Produktbild-sZaunerl-Schokolade-dunkel-glaenzend-15cm-cAuer.jpg\" \/>\n\t<meta property=\"og:image:width\" content=\"1688\" \/>\n\t<meta property=\"og:image:height\" content=\"2250\" \/>\n\t<meta property=\"og:image:type\" content=\"image\/jpeg\" \/>\n<meta name=\"twitter:card\" content=\"summary_large_image\" \/>\n<meta name=\"twitter:label1\" content=\"Odhadovan\u00e1 doba \u010dten\u00ed\" \/>\n\t<meta name=\"twitter:data1\" content=\"1 minuta\" \/>\n<script type=\"application\/ld+json\" class=\"yoast-schema-graph\">{\"@context\":\"https:\\\/\\\/schema.org\",\"@graph\":[{\"@type\":\"WebPage\",\"@id\":\"https:\\\/\\\/zauner.at\\\/produkt\\\/szaunerl\\\/\",\"url\":\"https:\\\/\\\/zauner.at\\\/produkt\\\/szaunerl\\\/\",\"name\":\"s\u00b4Zaunerl - Zauner\",\"isPartOf\":{\"@id\":\"https:\\\/\\\/zauner.at\\\/#website\"},\"primaryImageOfPage\":{\"@id\":\"https:\\\/\\\/zauner.at\\\/produkt\\\/szaunerl\\\/#primaryimage\"},\"image\":{\"@id\":\"https:\\\/\\\/zauner.at\\\/produkt\\\/szaunerl\\\/#primaryimage\"},\"thumbnailUrl\":\"https:\\\/\\\/zauner.at\\\/wp-content\\\/uploads\\\/2026\\\/05\\\/Produktbild-sZaunerl-Schokolade-dunkel-glaenzend-15cm-cAuer.jpg\",\"datePublished\":\"2026-05-08T11:28:05+00:00\",\"dateModified\":\"2026-05-13T10:52:08+00:00\",\"breadcrumb\":{\"@id\":\"https:\\\/\\\/zauner.at\\\/produkt\\\/szaunerl\\\/#breadcrumb\"},\"inLanguage\":\"cs\",\"potentialAction\":[{\"@type\":\"ReadAction\",\"target\":[\"https:\\\/\\\/zauner.at\\\/produkt\\\/szaunerl\\\/\"]}]},{\"@type\":\"ImageObject\",\"inLanguage\":\"cs\",\"@id\":\"https:\\\/\\\/zauner.at\\\/produkt\\\/szaunerl\\\/#primaryimage\",\"url\":\"https:\\\/\\\/zauner.at\\\/wp-content\\\/uploads\\\/2026\\\/05\\\/Produktbild-sZaunerl-Schokolade-dunkel-glaenzend-15cm-cAuer.jpg\",\"contentUrl\":\"https:\\\/\\\/zauner.at\\\/wp-content\\\/uploads\\\/2026\\\/05\\\/Produktbild-sZaunerl-Schokolade-dunkel-glaenzend-15cm-cAuer.jpg\",\"width\":1688,\"height\":2250},{\"@type\":\"BreadcrumbList\",\"@id\":\"https:\\\/\\\/zauner.at\\\/produkt\\\/szaunerl\\\/#breadcrumb\",\"itemListElement\":[{\"@type\":\"ListItem\",\"position\":1,\"name\":\"Startseite\",\"item\":\"https:\\\/\\\/zauner.at\\\/\"},{\"@type\":\"ListItem\",\"position\":2,\"name\":\"Unser Onlineshop\",\"item\":\"https:\\\/\\\/zauner.at\\\/shop\\\/\"},{\"@type\":\"ListItem\",\"position\":3,\"name\":\"s\u00b4Zaunerl\"}]},{\"@type\":\"WebSite\",\"@id\":\"https:\\\/\\\/zauner.at\\\/#website\",\"url\":\"https:\\\/\\\/zauner.at\\\/\",\"name\":\"Konditorei Zauner\",\"description\":\"Konditorei\",\"publisher\":{\"@id\":\"https:\\\/\\\/zauner.at\\\/#organization\"},\"potentialAction\":[{\"@type\":\"SearchAction\",\"target\":{\"@type\":\"EntryPoint\",\"urlTemplate\":\"https:\\\/\\\/zauner.at\\\/?s={search_term_string}\"},\"query-input\":{\"@type\":\"PropertyValueSpecification\",\"valueRequired\":true,\"valueName\":\"search_term_string\"}}],\"inLanguage\":\"cs\"},{\"@type\":\"Organization\",\"@id\":\"https:\\\/\\\/zauner.at\\\/#organization\",\"name\":\"Konditorei Zauner\",\"url\":\"https:\\\/\\\/zauner.at\\\/\",\"logo\":{\"@type\":\"ImageObject\",\"inLanguage\":\"cs\",\"@id\":\"https:\\\/\\\/zauner.at\\\/#\\\/schema\\\/logo\\\/image\\\/\",\"url\":\"https:\\\/\\\/zauner.at\\\/wp-content\\\/uploads\\\/2025\\\/02\\\/zauner-logo.png\",\"contentUrl\":\"https:\\\/\\\/zauner.at\\\/wp-content\\\/uploads\\\/2025\\\/02\\\/zauner-logo.png\",\"width\":160,\"height\":142,\"caption\":\"Konditorei Zauner\"},\"image\":{\"@id\":\"https:\\\/\\\/zauner.at\\\/#\\\/schema\\\/logo\\\/image\\\/\"},\"sameAs\":[\"https:\\\/\\\/www.facebook.com\\\/p\\\/Konditorei-Kaffee-Zauner-Bad-Ischl-100057212599739\\\/\",\"https:\\\/\\\/www.instagram.com\\\/zaunerkaffeekonditorei\\\/\",\"https:\\\/\\\/at.linkedin.com\\\/company\\\/konditorei-kaffee-zauner?trk=public_profile_experience-group-header\"]}]}<\/script>\n<!-- \/ Yoast SEO plugin. -->","yoast_head_json":{"title":"s\u00b4Zaunerl - Zauner","robots":{"index":"index","follow":"follow","max-snippet":"max-snippet:-1","max-image-preview":"max-image-preview:large","max-video-preview":"max-video-preview:-1"},"canonical":"https:\/\/zauner.at\/cz\/product-2\/szaunerl\/","og_locale":"cs_CZ","og_type":"article","og_title":"s\u00b4Zaunerl - Zauner","og_url":"https:\/\/zauner.at\/cz\/product-2\/szaunerl\/","og_site_name":"Zauner","article_publisher":"https:\/\/www.facebook.com\/p\/Konditorei-Kaffee-Zauner-Bad-Ischl-100057212599739\/","article_modified_time":"2026-05-13T10:52:08+00:00","og_image":[{"width":1688,"height":2250,"url":"https:\/\/zauner.at\/wp-content\/uploads\/2026\/05\/Produktbild-sZaunerl-Schokolade-dunkel-glaenzend-15cm-cAuer.jpg","type":"image\/jpeg"}],"twitter_card":"summary_large_image","twitter_misc":{"Odhadovan\u00e1 doba \u010dten\u00ed":"1 minuta"},"schema":{"@context":"https:\/\/schema.org","@graph":[{"@type":"WebPage","@id":"https:\/\/zauner.at\/produkt\/szaunerl\/","url":"https:\/\/zauner.at\/produkt\/szaunerl\/","name":"s\u00b4Zaunerl - Zauner","isPartOf":{"@id":"https:\/\/zauner.at\/#website"},"primaryImageOfPage":{"@id":"https:\/\/zauner.at\/produkt\/szaunerl\/#primaryimage"},"image":{"@id":"https:\/\/zauner.at\/produkt\/szaunerl\/#primaryimage"},"thumbnailUrl":"https:\/\/zauner.at\/wp-content\/uploads\/2026\/05\/Produktbild-sZaunerl-Schokolade-dunkel-glaenzend-15cm-cAuer.jpg","datePublished":"2026-05-08T11:28:05+00:00","dateModified":"2026-05-13T10:52:08+00:00","breadcrumb":{"@id":"https:\/\/zauner.at\/produkt\/szaunerl\/#breadcrumb"},"inLanguage":"cs","potentialAction":[{"@type":"ReadAction","target":["https:\/\/zauner.at\/produkt\/szaunerl\/"]}]},{"@type":"ImageObject","inLanguage":"cs","@id":"https:\/\/zauner.at\/produkt\/szaunerl\/#primaryimage","url":"https:\/\/zauner.at\/wp-content\/uploads\/2026\/05\/Produktbild-sZaunerl-Schokolade-dunkel-glaenzend-15cm-cAuer.jpg","contentUrl":"https:\/\/zauner.at\/wp-content\/uploads\/2026\/05\/Produktbild-sZaunerl-Schokolade-dunkel-glaenzend-15cm-cAuer.jpg","width":1688,"height":2250},{"@type":"BreadcrumbList","@id":"https:\/\/zauner.at\/produkt\/szaunerl\/#breadcrumb","itemListElement":[{"@type":"ListItem","position":1,"name":"Startseite","item":"https:\/\/zauner.at\/"},{"@type":"ListItem","position":2,"name":"Unser Onlineshop","item":"https:\/\/zauner.at\/shop\/"},{"@type":"ListItem","position":3,"name":"s\u00b4Zaunerl"}]},{"@type":"WebSite","@id":"https:\/\/zauner.at\/#website","url":"https:\/\/zauner.at\/","name":"Cukr\u00e1rna Zauner","description":"Cukrovinky","publisher":{"@id":"https:\/\/zauner.at\/#organization"},"potentialAction":[{"@type":"SearchAction","target":{"@type":"EntryPoint","urlTemplate":"https:\/\/zauner.at\/?s={search_term_string}"},"query-input":{"@type":"PropertyValueSpecification","valueRequired":true,"valueName":"search_term_string"}}],"inLanguage":"cs"},{"@type":"Organization","@id":"https:\/\/zauner.at\/#organization","name":"Cukr\u00e1rna Zauner","url":"https:\/\/zauner.at\/","logo":{"@type":"ImageObject","inLanguage":"cs","@id":"https:\/\/zauner.at\/#\/schema\/logo\/image\/","url":"https:\/\/zauner.at\/wp-content\/uploads\/2025\/02\/zauner-logo.png","contentUrl":"https:\/\/zauner.at\/wp-content\/uploads\/2025\/02\/zauner-logo.png","width":160,"height":142,"caption":"Konditorei Zauner"},"image":{"@id":"https:\/\/zauner.at\/#\/schema\/logo\/image\/"},"sameAs":["https:\/\/www.facebook.com\/p\/Konditorei-Kaffee-Zauner-Bad-Ischl-100057212599739\/","https:\/\/www.instagram.com\/zaunerkaffeekonditorei\/","https:\/\/at.linkedin.com\/company\/konditorei-kaffee-zauner?trk=public_profile_experience-group-header"]}]}},"_links":{"self":[{"href":"https:\/\/zauner.at\/cz\/wp-json\/wp\/v2\/product\/230325","targetHints":{"allow":["GET"]}}],"collection":[{"href":"https:\/\/zauner.at\/cz\/wp-json\/wp\/v2\/product"}],"about":[{"href":"https:\/\/zauner.at\/cz\/wp-json\/wp\/v2\/types\/product"}],"replies":[{"embeddable":true,"href":"https:\/\/zauner.at\/cz\/wp-json\/wp\/v2\/comments?post=230325"}],"wp:featuredmedia":[{"embeddable":true,"href":"https:\/\/zauner.at\/cz\/wp-json\/wp\/v2\/media\/230389"}],"wp:attachment":[{"href":"https:\/\/zauner.at\/cz\/wp-json\/wp\/v2\/media?parent=230325"}],"wp:term":[{"taxonomy":"product_brand","embeddable":true,"href":"https:\/\/zauner.at\/cz\/wp-json\/wp\/v2\/product_brand?post=230325"},{"taxonomy":"product_cat","embeddable":true,"href":"https:\/\/zauner.at\/cz\/wp-json\/wp\/v2\/product_cat?post=230325"},{"taxonomy":"product_tag","embeddable":true,"href":"https:\/\/zauner.at\/cz\/wp-json\/wp\/v2\/product_tag?post=230325"}],"curies":[{"name":"wp","href":"https:\/\/api.w.org\/{rel}","templated":true}]}}