{"id":217058,"date":"2025-01-29T15:50:30","date_gmt":"2025-01-29T14:50:30","guid":{"rendered":"https:\/\/zauner.at\/produkt\/sisis-finest-kollagen-schokoladentafel\/"},"modified":"2026-05-04T08:10:53","modified_gmt":"2026-05-04T06:10:53","slug":"sis-finest-kolagenova-cokoladova-tycinka","status":"publish","type":"product","link":"https:\/\/zauner.at\/cz\/produkt\/sisis-finest-kollagen-schokoladentafel\/","title":{"rendered":"Sisis Finest \u2013 Kolagenov\u00e1 \u010dokol\u00e1dov\u00e1 ty\u010dinka"},"content":{"rendered":"<p>Chv\u00edle radosti ka\u017ed\u00fd den \u2013 polovina \u017eebra pokryje denn\u00ed pot\u0159ebu kolagenu.<\/p>\n<p>Ru\u010dn\u011b nal\u00e9v\u00e1no a baleno.<\/p>\n<p>Trvanlivost a\u017e \u0161est m\u011bs\u00edc\u016f.<\/p>\n<p>Alergeny: S\u00f3ja (F) | Ho\u0159k\u00e1 \u010dokol\u00e1da s alespo\u0148 20% kolagenem od Verisolu<\/p>","protected":false},"excerpt":{"rendered":"<p>Ho\u0159k\u00e1 \u010dokol\u00e1da s denn\u00ed d\u00e1vkou kolagenu, cca 100 g<\/p>","protected":false},"featured_media":217523,"comment_status":"open","ping_status":"closed","template":"","meta":{"_acf_changed":false},"product_brand":[],"product_cat":[104],"product_tag":[298,337,749,753,2588,2589,2590,2591],"class_list":{"0":"post-217058","1":"product","2":"type-product","3":"status-publish","4":"has-post-thumbnail","6":"product_cat-schokolade","7":"product_tag-sisi","8":"product_tag-schokoladentafel","9":"product_tag-handgeschoepfte-schokolade","10":"product_tag-zauner-schokolade","11":"product_tag-kollagen","12":"product_tag-kollagenschokolade","13":"product_tag-schokolade-mit-kollagen","14":"product_tag-sisis-finest","16":"first","17":"instock","18":"taxable","19":"shipping-taxable","20":"purchasable","21":"product-type-simple"},"acf":[],"yoast_head":"<!-- This site is optimized with the Yoast SEO plugin v27.5 - https:\/\/yoast.com\/product\/yoast-seo-wordpress\/ -->\n<title>Sisi\u2019s Finest \u279d Kollagen-Schokolade von Zauner<\/title>\n<meta name=\"description\" content=\"Einzigartig &amp; edel: Die Kollagen-Schokoladentafel Sisi\u2019s Finest von Zauner verbindet Genuss mit Beauty \u2013 perfekt f\u00fcr Verw\u00f6hnmomente!\" \/>\n<meta name=\"robots\" content=\"index, follow, max-snippet:-1, max-image-preview:large, max-video-preview:-1\" \/>\n<link rel=\"canonical\" href=\"https:\/\/zauner.at\/cz\/product-2\/sis-finest-kolagenova-cokoladova-tycinka\/\" \/>\n<meta property=\"og:locale\" content=\"cs_CZ\" \/>\n<meta property=\"og:type\" content=\"article\" \/>\n<meta property=\"og:title\" content=\"Sisi\u2019s Finest \u279d Kollagen-Schokolade von Zauner\" \/>\n<meta property=\"og:description\" content=\"Einzigartig &amp; edel: Die Kollagen-Schokoladentafel Sisi\u2019s Finest von Zauner verbindet Genuss mit Beauty \u2013 perfekt f\u00fcr Verw\u00f6hnmomente!\" \/>\n<meta property=\"og:url\" content=\"https:\/\/zauner.at\/cz\/product-2\/sis-finest-kolagenova-cokoladova-tycinka\/\" \/>\n<meta property=\"og:site_name\" content=\"Zauner\" \/>\n<meta property=\"article:publisher\" content=\"https:\/\/www.facebook.com\/p\/Konditorei-Kaffee-Zauner-Bad-Ischl-100057212599739\/\" \/>\n<meta property=\"article:modified_time\" content=\"2026-05-04T06:10:53+00:00\" \/>\n<meta property=\"og:image\" content=\"https:\/\/zauner.at\/wp-content\/uploads\/2025\/01\/zauner-konditorei-sweet-and-beauty-SisisFinest_Tafel_Front_web.jpg\" \/>\n\t<meta property=\"og:image:width\" content=\"1324\" \/>\n\t<meta property=\"og:image:height\" content=\"1324\" \/>\n\t<meta property=\"og:image:type\" content=\"image\/jpeg\" \/>\n<meta name=\"twitter:card\" content=\"summary_large_image\" \/>\n<script type=\"application\/ld+json\" class=\"yoast-schema-graph\">{\"@context\":\"https:\\\/\\\/schema.org\",\"@graph\":[{\"@type\":\"WebPage\",\"@id\":\"https:\\\/\\\/zauner.at\\\/produkt\\\/sisis-finest-kollagen-schokoladentafel\\\/\",\"url\":\"https:\\\/\\\/zauner.at\\\/produkt\\\/sisis-finest-kollagen-schokoladentafel\\\/\",\"name\":\"Sisi\u2019s Finest \u279d Kollagen-Schokolade von Zauner\",\"isPartOf\":{\"@id\":\"https:\\\/\\\/zauner.at\\\/#website\"},\"primaryImageOfPage\":{\"@id\":\"https:\\\/\\\/zauner.at\\\/produkt\\\/sisis-finest-kollagen-schokoladentafel\\\/#primaryimage\"},\"image\":{\"@id\":\"https:\\\/\\\/zauner.at\\\/produkt\\\/sisis-finest-kollagen-schokoladentafel\\\/#primaryimage\"},\"thumbnailUrl\":\"https:\\\/\\\/zauner.at\\\/wp-content\\\/uploads\\\/2025\\\/01\\\/zauner-konditorei-sweet-and-beauty-SisisFinest_Tafel_Front_web.jpg\",\"datePublished\":\"2025-01-29T14:50:30+00:00\",\"dateModified\":\"2026-05-04T06:10:53+00:00\",\"description\":\"Einzigartig &amp; edel: Die Kollagen-Schokoladentafel Sisi\u2019s Finest von Zauner verbindet Genuss mit Beauty \u2013 perfekt f\u00fcr Verw\u00f6hnmomente!\",\"breadcrumb\":{\"@id\":\"https:\\\/\\\/zauner.at\\\/produkt\\\/sisis-finest-kollagen-schokoladentafel\\\/#breadcrumb\"},\"inLanguage\":\"cs\",\"potentialAction\":[{\"@type\":\"ReadAction\",\"target\":[\"https:\\\/\\\/zauner.at\\\/produkt\\\/sisis-finest-kollagen-schokoladentafel\\\/\"]}]},{\"@type\":\"ImageObject\",\"inLanguage\":\"cs\",\"@id\":\"https:\\\/\\\/zauner.at\\\/produkt\\\/sisis-finest-kollagen-schokoladentafel\\\/#primaryimage\",\"url\":\"https:\\\/\\\/zauner.at\\\/wp-content\\\/uploads\\\/2025\\\/01\\\/zauner-konditorei-sweet-and-beauty-SisisFinest_Tafel_Front_web.jpg\",\"contentUrl\":\"https:\\\/\\\/zauner.at\\\/wp-content\\\/uploads\\\/2025\\\/01\\\/zauner-konditorei-sweet-and-beauty-SisisFinest_Tafel_Front_web.jpg\",\"width\":1324,\"height\":1324,\"caption\":\"Produktbild von einer Tafel Kollagenschokolade \\\"Sisis Finest\\\"\"},{\"@type\":\"BreadcrumbList\",\"@id\":\"https:\\\/\\\/zauner.at\\\/produkt\\\/sisis-finest-kollagen-schokoladentafel\\\/#breadcrumb\",\"itemListElement\":[{\"@type\":\"ListItem\",\"position\":1,\"name\":\"Startseite\",\"item\":\"https:\\\/\\\/zauner.at\\\/\"},{\"@type\":\"ListItem\",\"position\":2,\"name\":\"Unser Onlineshop\",\"item\":\"https:\\\/\\\/zauner.at\\\/shop\\\/\"},{\"@type\":\"ListItem\",\"position\":3,\"name\":\"Sisis Finest &#8211; Kollagen-Schokoladentafel\"}]},{\"@type\":\"WebSite\",\"@id\":\"https:\\\/\\\/zauner.at\\\/#website\",\"url\":\"https:\\\/\\\/zauner.at\\\/\",\"name\":\"Konditorei Zauner\",\"description\":\"Konditorei\",\"publisher\":{\"@id\":\"https:\\\/\\\/zauner.at\\\/#organization\"},\"potentialAction\":[{\"@type\":\"SearchAction\",\"target\":{\"@type\":\"EntryPoint\",\"urlTemplate\":\"https:\\\/\\\/zauner.at\\\/?s={search_term_string}\"},\"query-input\":{\"@type\":\"PropertyValueSpecification\",\"valueRequired\":true,\"valueName\":\"search_term_string\"}}],\"inLanguage\":\"cs\"},{\"@type\":\"Organization\",\"@id\":\"https:\\\/\\\/zauner.at\\\/#organization\",\"name\":\"Konditorei Zauner\",\"url\":\"https:\\\/\\\/zauner.at\\\/\",\"logo\":{\"@type\":\"ImageObject\",\"inLanguage\":\"cs\",\"@id\":\"https:\\\/\\\/zauner.at\\\/#\\\/schema\\\/logo\\\/image\\\/\",\"url\":\"https:\\\/\\\/zauner.at\\\/wp-content\\\/uploads\\\/2025\\\/02\\\/zauner-logo.png\",\"contentUrl\":\"https:\\\/\\\/zauner.at\\\/wp-content\\\/uploads\\\/2025\\\/02\\\/zauner-logo.png\",\"width\":160,\"height\":142,\"caption\":\"Konditorei Zauner\"},\"image\":{\"@id\":\"https:\\\/\\\/zauner.at\\\/#\\\/schema\\\/logo\\\/image\\\/\"},\"sameAs\":[\"https:\\\/\\\/www.facebook.com\\\/p\\\/Konditorei-Kaffee-Zauner-Bad-Ischl-100057212599739\\\/\",\"https:\\\/\\\/www.instagram.com\\\/zaunerkaffeekonditorei\\\/\",\"https:\\\/\\\/at.linkedin.com\\\/company\\\/konditorei-kaffee-zauner?trk=public_profile_experience-group-header\"]}]}<\/script>\n<!-- \/ Yoast SEO plugin. -->","yoast_head_json":{"title":"Sisi&#039;s Finest \u279d Kolagenov\u00e1 \u010dokol\u00e1da od Zauner","description":"Jedine\u010dn\u00e1 a elegantn\u00ed: Kolagenov\u00e1 \u010dokol\u00e1dov\u00e1 ty\u010dinka Zauner&#039;s Sisi&#039;s Finest spojuje po\u017eitek s kr\u00e1sou \u2013 ide\u00e1ln\u00ed pro chv\u00edle rozmazlov\u00e1n\u00ed!","robots":{"index":"index","follow":"follow","max-snippet":"max-snippet:-1","max-image-preview":"max-image-preview:large","max-video-preview":"max-video-preview:-1"},"canonical":"https:\/\/zauner.at\/cz\/product-2\/sis-finest-kolagenova-cokoladova-tycinka\/","og_locale":"cs_CZ","og_type":"article","og_title":"Sisi\u2019s Finest \u279d Kollagen-Schokolade von Zauner","og_description":"Einzigartig &amp; edel: Die Kollagen-Schokoladentafel Sisi\u2019s Finest von Zauner verbindet Genuss mit Beauty \u2013 perfekt f\u00fcr Verw\u00f6hnmomente!","og_url":"https:\/\/zauner.at\/cz\/product-2\/sis-finest-kolagenova-cokoladova-tycinka\/","og_site_name":"Zauner","article_publisher":"https:\/\/www.facebook.com\/p\/Konditorei-Kaffee-Zauner-Bad-Ischl-100057212599739\/","article_modified_time":"2026-05-04T06:10:53+00:00","og_image":[{"width":1324,"height":1324,"url":"https:\/\/zauner.at\/wp-content\/uploads\/2025\/01\/zauner-konditorei-sweet-and-beauty-SisisFinest_Tafel_Front_web.jpg","type":"image\/jpeg"}],"twitter_card":"summary_large_image","schema":{"@context":"https:\/\/schema.org","@graph":[{"@type":"WebPage","@id":"https:\/\/zauner.at\/produkt\/sisis-finest-kollagen-schokoladentafel\/","url":"https:\/\/zauner.at\/produkt\/sisis-finest-kollagen-schokoladentafel\/","name":"Sisi&#039;s Finest \u279d Kolagenov\u00e1 \u010dokol\u00e1da od Zauner","isPartOf":{"@id":"https:\/\/zauner.at\/#website"},"primaryImageOfPage":{"@id":"https:\/\/zauner.at\/produkt\/sisis-finest-kollagen-schokoladentafel\/#primaryimage"},"image":{"@id":"https:\/\/zauner.at\/produkt\/sisis-finest-kollagen-schokoladentafel\/#primaryimage"},"thumbnailUrl":"https:\/\/zauner.at\/wp-content\/uploads\/2025\/01\/zauner-konditorei-sweet-and-beauty-SisisFinest_Tafel_Front_web.jpg","datePublished":"2025-01-29T14:50:30+00:00","dateModified":"2026-05-04T06:10:53+00:00","description":"Jedine\u010dn\u00e1 a elegantn\u00ed: Kolagenov\u00e1 \u010dokol\u00e1dov\u00e1 ty\u010dinka Zauner&#039;s Sisi&#039;s Finest spojuje po\u017eitek s kr\u00e1sou \u2013 ide\u00e1ln\u00ed pro chv\u00edle rozmazlov\u00e1n\u00ed!","breadcrumb":{"@id":"https:\/\/zauner.at\/produkt\/sisis-finest-kollagen-schokoladentafel\/#breadcrumb"},"inLanguage":"cs","potentialAction":[{"@type":"ReadAction","target":["https:\/\/zauner.at\/produkt\/sisis-finest-kollagen-schokoladentafel\/"]}]},{"@type":"ImageObject","inLanguage":"cs","@id":"https:\/\/zauner.at\/produkt\/sisis-finest-kollagen-schokoladentafel\/#primaryimage","url":"https:\/\/zauner.at\/wp-content\/uploads\/2025\/01\/zauner-konditorei-sweet-and-beauty-SisisFinest_Tafel_Front_web.jpg","contentUrl":"https:\/\/zauner.at\/wp-content\/uploads\/2025\/01\/zauner-konditorei-sweet-and-beauty-SisisFinest_Tafel_Front_web.jpg","width":1324,"height":1324,"caption":"Produktbild von einer Tafel Kollagenschokolade \"Sisis Finest\""},{"@type":"BreadcrumbList","@id":"https:\/\/zauner.at\/produkt\/sisis-finest-kollagen-schokoladentafel\/#breadcrumb","itemListElement":[{"@type":"ListItem","position":1,"name":"Startseite","item":"https:\/\/zauner.at\/"},{"@type":"ListItem","position":2,"name":"Unser Onlineshop","item":"https:\/\/zauner.at\/shop\/"},{"@type":"ListItem","position":3,"name":"Sisis Finest &#8211; Kollagen-Schokoladentafel"}]},{"@type":"WebSite","@id":"https:\/\/zauner.at\/#website","url":"https:\/\/zauner.at\/","name":"Cukr\u00e1rna Zauner","description":"Cukrovinky","publisher":{"@id":"https:\/\/zauner.at\/#organization"},"potentialAction":[{"@type":"SearchAction","target":{"@type":"EntryPoint","urlTemplate":"https:\/\/zauner.at\/?s={search_term_string}"},"query-input":{"@type":"PropertyValueSpecification","valueRequired":true,"valueName":"search_term_string"}}],"inLanguage":"cs"},{"@type":"Organization","@id":"https:\/\/zauner.at\/#organization","name":"Cukr\u00e1rna Zauner","url":"https:\/\/zauner.at\/","logo":{"@type":"ImageObject","inLanguage":"cs","@id":"https:\/\/zauner.at\/#\/schema\/logo\/image\/","url":"https:\/\/zauner.at\/wp-content\/uploads\/2025\/02\/zauner-logo.png","contentUrl":"https:\/\/zauner.at\/wp-content\/uploads\/2025\/02\/zauner-logo.png","width":160,"height":142,"caption":"Konditorei Zauner"},"image":{"@id":"https:\/\/zauner.at\/#\/schema\/logo\/image\/"},"sameAs":["https:\/\/www.facebook.com\/p\/Konditorei-Kaffee-Zauner-Bad-Ischl-100057212599739\/","https:\/\/www.instagram.com\/zaunerkaffeekonditorei\/","https:\/\/at.linkedin.com\/company\/konditorei-kaffee-zauner?trk=public_profile_experience-group-header"]}]}},"_links":{"self":[{"href":"https:\/\/zauner.at\/cz\/wp-json\/wp\/v2\/product\/217058","targetHints":{"allow":["GET"]}}],"collection":[{"href":"https:\/\/zauner.at\/cz\/wp-json\/wp\/v2\/product"}],"about":[{"href":"https:\/\/zauner.at\/cz\/wp-json\/wp\/v2\/types\/product"}],"replies":[{"embeddable":true,"href":"https:\/\/zauner.at\/cz\/wp-json\/wp\/v2\/comments?post=217058"}],"wp:featuredmedia":[{"embeddable":true,"href":"https:\/\/zauner.at\/cz\/wp-json\/wp\/v2\/media\/217523"}],"wp:attachment":[{"href":"https:\/\/zauner.at\/cz\/wp-json\/wp\/v2\/media?parent=217058"}],"wp:term":[{"taxonomy":"product_brand","embeddable":true,"href":"https:\/\/zauner.at\/cz\/wp-json\/wp\/v2\/product_brand?post=217058"},{"taxonomy":"product_cat","embeddable":true,"href":"https:\/\/zauner.at\/cz\/wp-json\/wp\/v2\/product_cat?post=217058"},{"taxonomy":"product_tag","embeddable":true,"href":"https:\/\/zauner.at\/cz\/wp-json\/wp\/v2\/product_tag?post=217058"}],"curies":[{"name":"wp","href":"https:\/\/api.w.org\/{rel}","templated":true}]}}