{"id":217057,"date":"2025-01-29T15:50:29","date_gmt":"2025-01-29T14:50:29","guid":{"rendered":"https:\/\/zauner.at\/produkt\/buch-herrschaftszeiten\/"},"modified":"2026-02-02T08:12:45","modified_gmt":"2026-02-02T07:12:45","slug":"buch-herrschaftszeiten","status":"publish","type":"product","link":"https:\/\/zauner.at\/cz\/produkt\/buch-herrschaftszeiten\/","title":{"rendered":"Herrschaftszeiten"},"content":{"rendered":"<p>Ein Quotenerfolg jagte den n\u00e4chsten, und so ist es Moderator Johann-Philipp Spiegelfeld sowie Erfinder und Regisseur Martin S. Pusch ein Herzensanliegen, nun auch die Spitze der Bestsellerlisten zu erklimmen.<\/p>\n<p>Als Nachlese der ersten drei Staffeln darf dieses k\u00fcnftige Standardwerk der \u00f6sterreichischen Schl\u00f6sserkunde in keiner Schloss- oder Privatbibliothek fehlen.<\/p>\n<p>Von Tratzberg \u00fcber Neudau und Altenhof, die Riegersburg und Burg Bernstein bis hin zu Schloss Schenna erfahren Sie Wissenswertes \u00fcber 17 Schl\u00f6sser und deren Bewohner:innen, lustige Anekdoten, Hoppalas vom Dreh sowie die besten Sager und Spr\u00fcche aus der Sendung. Wenn schon keinen Golden Globe, dann gibt\u2019s zumindest das Goldene Buch.<\/p>","protected":false},"excerpt":{"rendered":"<p>Die TV-Serie \u00bbHerrschaftszeiten \u2013 Johann-Philipps Schlossbesuche\u00ab hat sich 2020 schlagartig in den Olymp der \u00f6sterreichischen Fernsehlandschaft katapultiert.<\/p>","protected":false},"featured_media":217355,"comment_status":"open","ping_status":"closed","template":"","meta":{"_acf_changed":false},"product_brand":[],"product_cat":[108],"product_tag":[331,2557,2558,2559,2560,118,122],"class_list":{"0":"post-217057","1":"product","2":"type-product","3":"status-publish","4":"has-post-thumbnail","6":"product_cat-buecher","7":"product_tag-kuk","8":"product_tag-johann-philipp-spiegelfeldt","9":"product_tag-kaiservilla","10":"product_tag-orf","11":"product_tag-schloesser-oesterreichs","12":"product_tag-bad-ischl","13":"product_tag-konditorei-zauner","15":"first","16":"instock","17":"taxable","18":"shipping-taxable","19":"purchasable","20":"product-type-simple"},"acf":[],"yoast_head":"<!-- This site is optimized with the Yoast SEO plugin v27.5 - https:\/\/yoast.com\/product\/yoast-seo-wordpress\/ -->\n<title>Herrschaftszeiten - Zauner<\/title>\n<meta name=\"description\" content=\"Ein Buch voller Geschichte &amp; s\u00fc\u00dfer Kultur: \u201eHerrschaftszeiten\u201c von Zauner nimmt Sie mit auf eine kulinarische Zeitreise. Jetzt bestellen!\" \/>\n<meta name=\"robots\" content=\"index, follow, max-snippet:-1, max-image-preview:large, max-video-preview:-1\" \/>\n<link rel=\"canonical\" href=\"https:\/\/zauner.at\/cz\/product-2\/buch-herrschaftszeiten\/\" \/>\n<meta property=\"og:locale\" content=\"cs_CZ\" \/>\n<meta property=\"og:type\" content=\"article\" \/>\n<meta property=\"og:title\" content=\"Herrschaftszeiten - Zauner\" \/>\n<meta property=\"og:description\" content=\"Ein Buch voller Geschichte &amp; s\u00fc\u00dfer Kultur: \u201eHerrschaftszeiten\u201c von Zauner nimmt Sie mit auf eine kulinarische Zeitreise. Jetzt bestellen!\" \/>\n<meta property=\"og:url\" content=\"https:\/\/zauner.at\/cz\/product-2\/buch-herrschaftszeiten\/\" \/>\n<meta property=\"og:site_name\" content=\"Zauner\" \/>\n<meta property=\"article:publisher\" content=\"https:\/\/www.facebook.com\/p\/Konditorei-Kaffee-Zauner-Bad-Ischl-100057212599739\/\" \/>\n<meta property=\"article:modified_time\" content=\"2026-02-02T07:12:45+00:00\" \/>\n<meta property=\"og:image\" content=\"https:\/\/zauner.at\/wp-content\/uploads\/2025\/01\/konditorei-zauner-produktbild_Herrschaftszeiten_2024.png\" \/>\n\t<meta property=\"og:image:width\" content=\"1080\" \/>\n\t<meta property=\"og:image:height\" content=\"1080\" \/>\n\t<meta property=\"og:image:type\" content=\"image\/png\" \/>\n<meta name=\"twitter:card\" content=\"summary_large_image\" \/>\n<meta name=\"twitter:label1\" content=\"Odhadovan\u00e1 doba \u010dten\u00ed\" \/>\n\t<meta name=\"twitter:data1\" content=\"1 minuta\" \/>\n<script type=\"application\/ld+json\" class=\"yoast-schema-graph\">{\"@context\":\"https:\\\/\\\/schema.org\",\"@graph\":[{\"@type\":\"WebPage\",\"@id\":\"https:\\\/\\\/zauner.at\\\/produkt\\\/buch-herrschaftszeiten\\\/\",\"url\":\"https:\\\/\\\/zauner.at\\\/produkt\\\/buch-herrschaftszeiten\\\/\",\"name\":\"Herrschaftszeiten - Zauner\",\"isPartOf\":{\"@id\":\"https:\\\/\\\/zauner.at\\\/#website\"},\"primaryImageOfPage\":{\"@id\":\"https:\\\/\\\/zauner.at\\\/produkt\\\/buch-herrschaftszeiten\\\/#primaryimage\"},\"image\":{\"@id\":\"https:\\\/\\\/zauner.at\\\/produkt\\\/buch-herrschaftszeiten\\\/#primaryimage\"},\"thumbnailUrl\":\"https:\\\/\\\/zauner.at\\\/wp-content\\\/uploads\\\/2025\\\/01\\\/konditorei-zauner-produktbild_Herrschaftszeiten_2024.png\",\"datePublished\":\"2025-01-29T14:50:29+00:00\",\"dateModified\":\"2026-02-02T07:12:45+00:00\",\"description\":\"Ein Buch voller Geschichte &amp; s\u00fc\u00dfer Kultur: \u201eHerrschaftszeiten\u201c von Zauner nimmt Sie mit auf eine kulinarische Zeitreise. Jetzt bestellen!\",\"breadcrumb\":{\"@id\":\"https:\\\/\\\/zauner.at\\\/produkt\\\/buch-herrschaftszeiten\\\/#breadcrumb\"},\"inLanguage\":\"cs\",\"potentialAction\":[{\"@type\":\"ReadAction\",\"target\":[\"https:\\\/\\\/zauner.at\\\/produkt\\\/buch-herrschaftszeiten\\\/\"]}]},{\"@type\":\"ImageObject\",\"inLanguage\":\"cs\",\"@id\":\"https:\\\/\\\/zauner.at\\\/produkt\\\/buch-herrschaftszeiten\\\/#primaryimage\",\"url\":\"https:\\\/\\\/zauner.at\\\/wp-content\\\/uploads\\\/2025\\\/01\\\/konditorei-zauner-produktbild_Herrschaftszeiten_2024.png\",\"contentUrl\":\"https:\\\/\\\/zauner.at\\\/wp-content\\\/uploads\\\/2025\\\/01\\\/konditorei-zauner-produktbild_Herrschaftszeiten_2024.png\",\"width\":1080,\"height\":1080,\"caption\":\"Produktbild von \\\"Herrschaftszeiten\\\".\"},{\"@type\":\"BreadcrumbList\",\"@id\":\"https:\\\/\\\/zauner.at\\\/produkt\\\/buch-herrschaftszeiten\\\/#breadcrumb\",\"itemListElement\":[{\"@type\":\"ListItem\",\"position\":1,\"name\":\"Startseite\",\"item\":\"https:\\\/\\\/zauner.at\\\/\"},{\"@type\":\"ListItem\",\"position\":2,\"name\":\"Unser Onlineshop\",\"item\":\"https:\\\/\\\/zauner.at\\\/shop\\\/\"},{\"@type\":\"ListItem\",\"position\":3,\"name\":\"Herrschaftszeiten\"}]},{\"@type\":\"WebSite\",\"@id\":\"https:\\\/\\\/zauner.at\\\/#website\",\"url\":\"https:\\\/\\\/zauner.at\\\/\",\"name\":\"Konditorei Zauner\",\"description\":\"Konditorei\",\"publisher\":{\"@id\":\"https:\\\/\\\/zauner.at\\\/#organization\"},\"potentialAction\":[{\"@type\":\"SearchAction\",\"target\":{\"@type\":\"EntryPoint\",\"urlTemplate\":\"https:\\\/\\\/zauner.at\\\/?s={search_term_string}\"},\"query-input\":{\"@type\":\"PropertyValueSpecification\",\"valueRequired\":true,\"valueName\":\"search_term_string\"}}],\"inLanguage\":\"cs\"},{\"@type\":\"Organization\",\"@id\":\"https:\\\/\\\/zauner.at\\\/#organization\",\"name\":\"Konditorei Zauner\",\"url\":\"https:\\\/\\\/zauner.at\\\/\",\"logo\":{\"@type\":\"ImageObject\",\"inLanguage\":\"cs\",\"@id\":\"https:\\\/\\\/zauner.at\\\/#\\\/schema\\\/logo\\\/image\\\/\",\"url\":\"https:\\\/\\\/zauner.at\\\/wp-content\\\/uploads\\\/2025\\\/02\\\/zauner-logo.png\",\"contentUrl\":\"https:\\\/\\\/zauner.at\\\/wp-content\\\/uploads\\\/2025\\\/02\\\/zauner-logo.png\",\"width\":160,\"height\":142,\"caption\":\"Konditorei Zauner\"},\"image\":{\"@id\":\"https:\\\/\\\/zauner.at\\\/#\\\/schema\\\/logo\\\/image\\\/\"},\"sameAs\":[\"https:\\\/\\\/www.facebook.com\\\/p\\\/Konditorei-Kaffee-Zauner-Bad-Ischl-100057212599739\\\/\",\"https:\\\/\\\/www.instagram.com\\\/zaunerkaffeekonditorei\\\/\",\"https:\\\/\\\/at.linkedin.com\\\/company\\\/konditorei-kaffee-zauner?trk=public_profile_experience-group-header\"]}]}<\/script>\n<!-- \/ Yoast SEO plugin. -->","yoast_head_json":{"title":"Herrschaftszeiten - Zauner","description":"Ein Buch voller Geschichte &amp; s\u00fc\u00dfer Kultur: \u201eHerrschaftszeiten\u201c von Zauner nimmt Sie mit auf eine kulinarische Zeitreise. Jetzt bestellen!","robots":{"index":"index","follow":"follow","max-snippet":"max-snippet:-1","max-image-preview":"max-image-preview:large","max-video-preview":"max-video-preview:-1"},"canonical":"https:\/\/zauner.at\/cz\/product-2\/buch-herrschaftszeiten\/","og_locale":"cs_CZ","og_type":"article","og_title":"Herrschaftszeiten - Zauner","og_description":"Ein Buch voller Geschichte &amp; s\u00fc\u00dfer Kultur: \u201eHerrschaftszeiten\u201c von Zauner nimmt Sie mit auf eine kulinarische Zeitreise. Jetzt bestellen!","og_url":"https:\/\/zauner.at\/cz\/product-2\/buch-herrschaftszeiten\/","og_site_name":"Zauner","article_publisher":"https:\/\/www.facebook.com\/p\/Konditorei-Kaffee-Zauner-Bad-Ischl-100057212599739\/","article_modified_time":"2026-02-02T07:12:45+00:00","og_image":[{"width":1080,"height":1080,"url":"https:\/\/zauner.at\/wp-content\/uploads\/2025\/01\/konditorei-zauner-produktbild_Herrschaftszeiten_2024.png","type":"image\/png"}],"twitter_card":"summary_large_image","twitter_misc":{"Odhadovan\u00e1 doba \u010dten\u00ed":"1 minuta"},"schema":{"@context":"https:\/\/schema.org","@graph":[{"@type":"WebPage","@id":"https:\/\/zauner.at\/produkt\/buch-herrschaftszeiten\/","url":"https:\/\/zauner.at\/produkt\/buch-herrschaftszeiten\/","name":"Herrschaftszeiten - Zauner","isPartOf":{"@id":"https:\/\/zauner.at\/#website"},"primaryImageOfPage":{"@id":"https:\/\/zauner.at\/produkt\/buch-herrschaftszeiten\/#primaryimage"},"image":{"@id":"https:\/\/zauner.at\/produkt\/buch-herrschaftszeiten\/#primaryimage"},"thumbnailUrl":"https:\/\/zauner.at\/wp-content\/uploads\/2025\/01\/konditorei-zauner-produktbild_Herrschaftszeiten_2024.png","datePublished":"2025-01-29T14:50:29+00:00","dateModified":"2026-02-02T07:12:45+00:00","description":"Ein Buch voller Geschichte &amp; s\u00fc\u00dfer Kultur: \u201eHerrschaftszeiten\u201c von Zauner nimmt Sie mit auf eine kulinarische Zeitreise. Jetzt bestellen!","breadcrumb":{"@id":"https:\/\/zauner.at\/produkt\/buch-herrschaftszeiten\/#breadcrumb"},"inLanguage":"cs","potentialAction":[{"@type":"ReadAction","target":["https:\/\/zauner.at\/produkt\/buch-herrschaftszeiten\/"]}]},{"@type":"ImageObject","inLanguage":"cs","@id":"https:\/\/zauner.at\/produkt\/buch-herrschaftszeiten\/#primaryimage","url":"https:\/\/zauner.at\/wp-content\/uploads\/2025\/01\/konditorei-zauner-produktbild_Herrschaftszeiten_2024.png","contentUrl":"https:\/\/zauner.at\/wp-content\/uploads\/2025\/01\/konditorei-zauner-produktbild_Herrschaftszeiten_2024.png","width":1080,"height":1080,"caption":"Produktbild von \"Herrschaftszeiten\"."},{"@type":"BreadcrumbList","@id":"https:\/\/zauner.at\/produkt\/buch-herrschaftszeiten\/#breadcrumb","itemListElement":[{"@type":"ListItem","position":1,"name":"Startseite","item":"https:\/\/zauner.at\/"},{"@type":"ListItem","position":2,"name":"Unser Onlineshop","item":"https:\/\/zauner.at\/shop\/"},{"@type":"ListItem","position":3,"name":"Herrschaftszeiten"}]},{"@type":"WebSite","@id":"https:\/\/zauner.at\/#website","url":"https:\/\/zauner.at\/","name":"Cukr\u00e1rna Zauner","description":"Cukrovinky","publisher":{"@id":"https:\/\/zauner.at\/#organization"},"potentialAction":[{"@type":"SearchAction","target":{"@type":"EntryPoint","urlTemplate":"https:\/\/zauner.at\/?s={search_term_string}"},"query-input":{"@type":"PropertyValueSpecification","valueRequired":true,"valueName":"search_term_string"}}],"inLanguage":"cs"},{"@type":"Organization","@id":"https:\/\/zauner.at\/#organization","name":"Cukr\u00e1rna Zauner","url":"https:\/\/zauner.at\/","logo":{"@type":"ImageObject","inLanguage":"cs","@id":"https:\/\/zauner.at\/#\/schema\/logo\/image\/","url":"https:\/\/zauner.at\/wp-content\/uploads\/2025\/02\/zauner-logo.png","contentUrl":"https:\/\/zauner.at\/wp-content\/uploads\/2025\/02\/zauner-logo.png","width":160,"height":142,"caption":"Konditorei Zauner"},"image":{"@id":"https:\/\/zauner.at\/#\/schema\/logo\/image\/"},"sameAs":["https:\/\/www.facebook.com\/p\/Konditorei-Kaffee-Zauner-Bad-Ischl-100057212599739\/","https:\/\/www.instagram.com\/zaunerkaffeekonditorei\/","https:\/\/at.linkedin.com\/company\/konditorei-kaffee-zauner?trk=public_profile_experience-group-header"]}]}},"_links":{"self":[{"href":"https:\/\/zauner.at\/cz\/wp-json\/wp\/v2\/product\/217057","targetHints":{"allow":["GET"]}}],"collection":[{"href":"https:\/\/zauner.at\/cz\/wp-json\/wp\/v2\/product"}],"about":[{"href":"https:\/\/zauner.at\/cz\/wp-json\/wp\/v2\/types\/product"}],"replies":[{"embeddable":true,"href":"https:\/\/zauner.at\/cz\/wp-json\/wp\/v2\/comments?post=217057"}],"wp:featuredmedia":[{"embeddable":true,"href":"https:\/\/zauner.at\/cz\/wp-json\/wp\/v2\/media\/217355"}],"wp:attachment":[{"href":"https:\/\/zauner.at\/cz\/wp-json\/wp\/v2\/media?parent=217057"}],"wp:term":[{"taxonomy":"product_brand","embeddable":true,"href":"https:\/\/zauner.at\/cz\/wp-json\/wp\/v2\/product_brand?post=217057"},{"taxonomy":"product_cat","embeddable":true,"href":"https:\/\/zauner.at\/cz\/wp-json\/wp\/v2\/product_cat?post=217057"},{"taxonomy":"product_tag","embeddable":true,"href":"https:\/\/zauner.at\/cz\/wp-json\/wp\/v2\/product_tag?post=217057"}],"curies":[{"name":"wp","href":"https:\/\/api.w.org\/{rel}","templated":true}]}}