{"id":215869,"date":"2024-03-07T13:14:01","date_gmt":"2024-03-07T12:14:01","guid":{"rendered":"https:\/\/zauner.at\/produkt\/der-suesse-zauner\/"},"modified":"2026-05-08T14:13:58","modified_gmt":"2026-05-08T12:13:58","slug":"der-suesse-zauner","status":"publish","type":"product","link":"https:\/\/zauner.at\/cz\/produkt\/der-suesse-zauner\/","title":{"rendered":"Der s\u00fc\u00dfe Zauner"},"content":{"rendered":"<p>In den L\u00e4ndern der Monarchie und dar\u00fcber hinaus war ein Sommer ohne Bad Ischl vergeudete Lebenszeit,\u00a0und eine Kur ohne K\u00fcr beim Zauner erst recht.<\/p>\n<p>W\u00e4hrend Salz den Grundstein f\u00fcr Ischls florierenden Kurbetrieb legte, vers\u00fc\u00dfte der Zucker, therapeutisch nicht minder wertvoll, den Kurg\u00e4sten das gesunde Leben. G\u00e4ste gab es in jenen\u00a0Jahren mehr denn je: Ischl erlebte die glanzvollste Epoche seiner Geschichte. Denn mit Kaiser \u2013 Franz Joseph hatte seiner Sisi hier den Heiratsantrag gemacht \u2013, Kur und Konditor hielten\u00a0auch bekannte K\u00fcnstler, Literaten und Komponisten Einzug. Alfred Komarek l\u00e4sst diese kulturelle und gesellschaftliche Bl\u00fctezeit wieder aufleben, eng verwoben\u00a0mit der Entstehungsgeschichte der Konditorei Zauner.<\/p>\n<p>Mit Texten und Anekdoten \u00fcber Ischl von Nikolaus Lenau, Karl Kraus, Adalbert Stifter und anderen mehr \u2013\u00a0und 21 sommerlichen Rezepten von Josef Zauner f\u00fcr Kaffee und Dessert, inklusive des legend\u00e4ren Schratt-Gugelhupfs.<\/p>","protected":false},"excerpt":{"rendered":"<p>Das neueste Backbuch aus dem Hause Zauner ist ab sofort erh\u00e4ltlich! S\u00fc\u00dfer kann Sommerfrische nicht sein.<\/p>","protected":false},"featured_media":212123,"comment_status":"closed","ping_status":"closed","template":"","meta":{"_acf_changed":false},"product_brand":[],"product_cat":[107,108],"product_tag":[725,827,829,830,899,122,900,331,901,718,719,721,722],"class_list":{"0":"post-215869","1":"product","2":"type-product","3":"status-publish","4":"has-post-thumbnail","6":"product_cat-geschenke-gutscheine","7":"product_cat-buecher","8":"product_tag-rezepte","9":"product_tag-mehlspeisenbuch","10":"product_tag-oesterreichische-mehlspeisen","11":"product_tag-servustv","12":"product_tag-alfred-komarek","13":"product_tag-konditorei-zauner","14":"product_tag-backtradition","15":"product_tag-kuk","16":"product_tag-kochrezepte","17":"product_tag-backbuch","18":"product_tag-josef-zauner","19":"product_tag-kochbuch","20":"product_tag-mehlspeisen","22":"first","23":"instock","24":"taxable","25":"shipping-taxable","26":"purchasable","27":"product-type-simple"},"acf":[],"yoast_head":"<!-- This site is optimized with the Yoast SEO plugin v27.5 - https:\/\/yoast.com\/product\/yoast-seo-wordpress\/ -->\n<title>Der s\u00fc\u00dfe Zauner - Zauner<\/title>\n<meta name=\"description\" content=\"Der s\u00fc\u00dfe Zauner \u2013 Ein Buch voller Geschichten, Tradition &amp; s\u00fc\u00dfer K\u00f6stlichkeiten. Jetzt bestellen &amp; in die Welt der Konditorei eintauchen!\" \/>\n<meta name=\"robots\" content=\"index, follow, max-snippet:-1, max-image-preview:large, max-video-preview:-1\" \/>\n<link rel=\"canonical\" href=\"https:\/\/zauner.at\/cz\/product-2\/der-suesse-zauner\/\" \/>\n<meta property=\"og:locale\" content=\"cs_CZ\" \/>\n<meta property=\"og:type\" content=\"article\" \/>\n<meta property=\"og:title\" content=\"Der s\u00fc\u00dfe Zauner - Zauner\" \/>\n<meta property=\"og:description\" content=\"Der s\u00fc\u00dfe Zauner \u2013 Ein Buch voller Geschichten, Tradition &amp; s\u00fc\u00dfer K\u00f6stlichkeiten. Jetzt bestellen &amp; in die Welt der Konditorei eintauchen!\" \/>\n<meta property=\"og:url\" content=\"https:\/\/zauner.at\/cz\/product-2\/der-suesse-zauner\/\" \/>\n<meta property=\"og:site_name\" content=\"Zauner\" \/>\n<meta property=\"article:publisher\" content=\"https:\/\/www.facebook.com\/p\/Konditorei-Kaffee-Zauner-Bad-Ischl-100057212599739\/\" \/>\n<meta property=\"article:modified_time\" content=\"2026-05-08T12:13:58+00:00\" \/>\n<meta property=\"og:image\" content=\"https:\/\/zauner.at\/wp-content\/uploads\/2024\/09\/Der-suesse-Zauner.jpg\" \/>\n\t<meta property=\"og:image:width\" content=\"2499\" \/>\n\t<meta property=\"og:image:height\" content=\"2499\" \/>\n\t<meta property=\"og:image:type\" content=\"image\/jpeg\" \/>\n<meta name=\"twitter:card\" content=\"summary_large_image\" \/>\n<meta name=\"twitter:label1\" content=\"Odhadovan\u00e1 doba \u010dten\u00ed\" \/>\n\t<meta name=\"twitter:data1\" content=\"1 minuta\" \/>\n<script type=\"application\/ld+json\" class=\"yoast-schema-graph\">{\"@context\":\"https:\\\/\\\/schema.org\",\"@graph\":[{\"@type\":\"WebPage\",\"@id\":\"https:\\\/\\\/zauner.at\\\/produkt\\\/der-suesse-zauner\\\/\",\"url\":\"https:\\\/\\\/zauner.at\\\/produkt\\\/der-suesse-zauner\\\/\",\"name\":\"Der s\u00fc\u00dfe Zauner - Zauner\",\"isPartOf\":{\"@id\":\"https:\\\/\\\/zauner.at\\\/#website\"},\"primaryImageOfPage\":{\"@id\":\"https:\\\/\\\/zauner.at\\\/produkt\\\/der-suesse-zauner\\\/#primaryimage\"},\"image\":{\"@id\":\"https:\\\/\\\/zauner.at\\\/produkt\\\/der-suesse-zauner\\\/#primaryimage\"},\"thumbnailUrl\":\"https:\\\/\\\/zauner.at\\\/wp-content\\\/uploads\\\/2024\\\/09\\\/Der-suesse-Zauner.jpg\",\"datePublished\":\"2024-03-07T12:14:01+00:00\",\"dateModified\":\"2026-05-08T12:13:58+00:00\",\"description\":\"Der s\u00fc\u00dfe Zauner \u2013 Ein Buch voller Geschichten, Tradition &amp; s\u00fc\u00dfer K\u00f6stlichkeiten. Jetzt bestellen &amp; in die Welt der Konditorei eintauchen!\",\"breadcrumb\":{\"@id\":\"https:\\\/\\\/zauner.at\\\/produkt\\\/der-suesse-zauner\\\/#breadcrumb\"},\"inLanguage\":\"cs\",\"potentialAction\":[{\"@type\":\"ReadAction\",\"target\":[\"https:\\\/\\\/zauner.at\\\/produkt\\\/der-suesse-zauner\\\/\"]}]},{\"@type\":\"ImageObject\",\"inLanguage\":\"cs\",\"@id\":\"https:\\\/\\\/zauner.at\\\/produkt\\\/der-suesse-zauner\\\/#primaryimage\",\"url\":\"https:\\\/\\\/zauner.at\\\/wp-content\\\/uploads\\\/2024\\\/09\\\/Der-suesse-Zauner.jpg\",\"contentUrl\":\"https:\\\/\\\/zauner.at\\\/wp-content\\\/uploads\\\/2024\\\/09\\\/Der-suesse-Zauner.jpg\",\"width\":2499,\"height\":2499,\"caption\":\"Der s\u00fc\u00dfe Zauner\"},{\"@type\":\"BreadcrumbList\",\"@id\":\"https:\\\/\\\/zauner.at\\\/produkt\\\/der-suesse-zauner\\\/#breadcrumb\",\"itemListElement\":[{\"@type\":\"ListItem\",\"position\":1,\"name\":\"Startseite\",\"item\":\"https:\\\/\\\/zauner.at\\\/\"},{\"@type\":\"ListItem\",\"position\":2,\"name\":\"Unser Onlineshop\",\"item\":\"https:\\\/\\\/zauner.at\\\/shop\\\/\"},{\"@type\":\"ListItem\",\"position\":3,\"name\":\"Der s\u00fc\u00dfe Zauner\"}]},{\"@type\":\"WebSite\",\"@id\":\"https:\\\/\\\/zauner.at\\\/#website\",\"url\":\"https:\\\/\\\/zauner.at\\\/\",\"name\":\"Konditorei Zauner\",\"description\":\"Konditorei\",\"publisher\":{\"@id\":\"https:\\\/\\\/zauner.at\\\/#organization\"},\"potentialAction\":[{\"@type\":\"SearchAction\",\"target\":{\"@type\":\"EntryPoint\",\"urlTemplate\":\"https:\\\/\\\/zauner.at\\\/?s={search_term_string}\"},\"query-input\":{\"@type\":\"PropertyValueSpecification\",\"valueRequired\":true,\"valueName\":\"search_term_string\"}}],\"inLanguage\":\"cs\"},{\"@type\":\"Organization\",\"@id\":\"https:\\\/\\\/zauner.at\\\/#organization\",\"name\":\"Konditorei Zauner\",\"url\":\"https:\\\/\\\/zauner.at\\\/\",\"logo\":{\"@type\":\"ImageObject\",\"inLanguage\":\"cs\",\"@id\":\"https:\\\/\\\/zauner.at\\\/#\\\/schema\\\/logo\\\/image\\\/\",\"url\":\"https:\\\/\\\/zauner.at\\\/wp-content\\\/uploads\\\/2025\\\/02\\\/zauner-logo.png\",\"contentUrl\":\"https:\\\/\\\/zauner.at\\\/wp-content\\\/uploads\\\/2025\\\/02\\\/zauner-logo.png\",\"width\":160,\"height\":142,\"caption\":\"Konditorei Zauner\"},\"image\":{\"@id\":\"https:\\\/\\\/zauner.at\\\/#\\\/schema\\\/logo\\\/image\\\/\"},\"sameAs\":[\"https:\\\/\\\/www.facebook.com\\\/p\\\/Konditorei-Kaffee-Zauner-Bad-Ischl-100057212599739\\\/\",\"https:\\\/\\\/www.instagram.com\\\/zaunerkaffeekonditorei\\\/\",\"https:\\\/\\\/at.linkedin.com\\\/company\\\/konditorei-kaffee-zauner?trk=public_profile_experience-group-header\"]}]}<\/script>\n<!-- \/ Yoast SEO plugin. -->","yoast_head_json":{"title":"Der s\u00fc\u00dfe Zauner - Zauner","description":"Der s\u00fc\u00dfe Zauner \u2013 Ein Buch voller Geschichten, Tradition &amp; s\u00fc\u00dfer K\u00f6stlichkeiten. Jetzt bestellen &amp; in die Welt der Konditorei eintauchen!","robots":{"index":"index","follow":"follow","max-snippet":"max-snippet:-1","max-image-preview":"max-image-preview:large","max-video-preview":"max-video-preview:-1"},"canonical":"https:\/\/zauner.at\/cz\/product-2\/der-suesse-zauner\/","og_locale":"cs_CZ","og_type":"article","og_title":"Der s\u00fc\u00dfe Zauner - Zauner","og_description":"Der s\u00fc\u00dfe Zauner \u2013 Ein Buch voller Geschichten, Tradition &amp; s\u00fc\u00dfer K\u00f6stlichkeiten. Jetzt bestellen &amp; in die Welt der Konditorei eintauchen!","og_url":"https:\/\/zauner.at\/cz\/product-2\/der-suesse-zauner\/","og_site_name":"Zauner","article_publisher":"https:\/\/www.facebook.com\/p\/Konditorei-Kaffee-Zauner-Bad-Ischl-100057212599739\/","article_modified_time":"2026-05-08T12:13:58+00:00","og_image":[{"width":2499,"height":2499,"url":"https:\/\/zauner.at\/wp-content\/uploads\/2024\/09\/Der-suesse-Zauner.jpg","type":"image\/jpeg"}],"twitter_card":"summary_large_image","twitter_misc":{"Odhadovan\u00e1 doba \u010dten\u00ed":"1 minuta"},"schema":{"@context":"https:\/\/schema.org","@graph":[{"@type":"WebPage","@id":"https:\/\/zauner.at\/produkt\/der-suesse-zauner\/","url":"https:\/\/zauner.at\/produkt\/der-suesse-zauner\/","name":"Der s\u00fc\u00dfe Zauner - Zauner","isPartOf":{"@id":"https:\/\/zauner.at\/#website"},"primaryImageOfPage":{"@id":"https:\/\/zauner.at\/produkt\/der-suesse-zauner\/#primaryimage"},"image":{"@id":"https:\/\/zauner.at\/produkt\/der-suesse-zauner\/#primaryimage"},"thumbnailUrl":"https:\/\/zauner.at\/wp-content\/uploads\/2024\/09\/Der-suesse-Zauner.jpg","datePublished":"2024-03-07T12:14:01+00:00","dateModified":"2026-05-08T12:13:58+00:00","description":"Der s\u00fc\u00dfe Zauner \u2013 Ein Buch voller Geschichten, Tradition &amp; s\u00fc\u00dfer K\u00f6stlichkeiten. Jetzt bestellen &amp; in die Welt der Konditorei eintauchen!","breadcrumb":{"@id":"https:\/\/zauner.at\/produkt\/der-suesse-zauner\/#breadcrumb"},"inLanguage":"cs","potentialAction":[{"@type":"ReadAction","target":["https:\/\/zauner.at\/produkt\/der-suesse-zauner\/"]}]},{"@type":"ImageObject","inLanguage":"cs","@id":"https:\/\/zauner.at\/produkt\/der-suesse-zauner\/#primaryimage","url":"https:\/\/zauner.at\/wp-content\/uploads\/2024\/09\/Der-suesse-Zauner.jpg","contentUrl":"https:\/\/zauner.at\/wp-content\/uploads\/2024\/09\/Der-suesse-Zauner.jpg","width":2499,"height":2499,"caption":"Der s\u00fc\u00dfe Zauner"},{"@type":"BreadcrumbList","@id":"https:\/\/zauner.at\/produkt\/der-suesse-zauner\/#breadcrumb","itemListElement":[{"@type":"ListItem","position":1,"name":"Startseite","item":"https:\/\/zauner.at\/"},{"@type":"ListItem","position":2,"name":"Unser Onlineshop","item":"https:\/\/zauner.at\/shop\/"},{"@type":"ListItem","position":3,"name":"Der s\u00fc\u00dfe Zauner"}]},{"@type":"WebSite","@id":"https:\/\/zauner.at\/#website","url":"https:\/\/zauner.at\/","name":"Cukr\u00e1rna Zauner","description":"Cukrovinky","publisher":{"@id":"https:\/\/zauner.at\/#organization"},"potentialAction":[{"@type":"SearchAction","target":{"@type":"EntryPoint","urlTemplate":"https:\/\/zauner.at\/?s={search_term_string}"},"query-input":{"@type":"PropertyValueSpecification","valueRequired":true,"valueName":"search_term_string"}}],"inLanguage":"cs"},{"@type":"Organization","@id":"https:\/\/zauner.at\/#organization","name":"Cukr\u00e1rna Zauner","url":"https:\/\/zauner.at\/","logo":{"@type":"ImageObject","inLanguage":"cs","@id":"https:\/\/zauner.at\/#\/schema\/logo\/image\/","url":"https:\/\/zauner.at\/wp-content\/uploads\/2025\/02\/zauner-logo.png","contentUrl":"https:\/\/zauner.at\/wp-content\/uploads\/2025\/02\/zauner-logo.png","width":160,"height":142,"caption":"Konditorei Zauner"},"image":{"@id":"https:\/\/zauner.at\/#\/schema\/logo\/image\/"},"sameAs":["https:\/\/www.facebook.com\/p\/Konditorei-Kaffee-Zauner-Bad-Ischl-100057212599739\/","https:\/\/www.instagram.com\/zaunerkaffeekonditorei\/","https:\/\/at.linkedin.com\/company\/konditorei-kaffee-zauner?trk=public_profile_experience-group-header"]}]}},"_links":{"self":[{"href":"https:\/\/zauner.at\/cz\/wp-json\/wp\/v2\/product\/215869","targetHints":{"allow":["GET"]}}],"collection":[{"href":"https:\/\/zauner.at\/cz\/wp-json\/wp\/v2\/product"}],"about":[{"href":"https:\/\/zauner.at\/cz\/wp-json\/wp\/v2\/types\/product"}],"replies":[{"embeddable":true,"href":"https:\/\/zauner.at\/cz\/wp-json\/wp\/v2\/comments?post=215869"}],"wp:featuredmedia":[{"embeddable":true,"href":"https:\/\/zauner.at\/cz\/wp-json\/wp\/v2\/media\/212123"}],"wp:attachment":[{"href":"https:\/\/zauner.at\/cz\/wp-json\/wp\/v2\/media?parent=215869"}],"wp:term":[{"taxonomy":"product_brand","embeddable":true,"href":"https:\/\/zauner.at\/cz\/wp-json\/wp\/v2\/product_brand?post=215869"},{"taxonomy":"product_cat","embeddable":true,"href":"https:\/\/zauner.at\/cz\/wp-json\/wp\/v2\/product_cat?post=215869"},{"taxonomy":"product_tag","embeddable":true,"href":"https:\/\/zauner.at\/cz\/wp-json\/wp\/v2\/product_tag?post=215869"}],"curies":[{"name":"wp","href":"https:\/\/api.w.org\/{rel}","templated":true}]}}