{"id":215201,"date":"2021-11-16T13:54:09","date_gmt":"2021-11-16T12:54:09","guid":{"rendered":"https:\/\/zauner.at\/produkt\/geschenkpackung-weihnachten-eierlikoer-zaunerstollenlikoer-pralinen\/"},"modified":"2026-05-16T16:09:32","modified_gmt":"2026-05-16T14:09:32","slug":"velikonocni-darkova-krabicka-s-pralinkami-ze-sampanskeho","status":"publish","type":"product","link":"https:\/\/zauner.at\/cz\/produkt\/geschenkpackung-ostern-champagner-pralinen\/","title":{"rendered":"Kulat\u00e1 d\u00e1rkov\u00e1 krabi\u010dka, exkluzivn\u00ed"},"content":{"rendered":"<p>Exkluzivn\u00ed d\u00e1rkov\u00fd bal\u00ed\u010dek Zauner s ru\u010dn\u011b vyr\u00e1b\u011bn\u00fdmi cukrovinkami Zauner a lahv\u00ed \u0161ampa\u0148sk\u00e9ho<\/p>\n<p><strong>Z da\u0148ov\u00fdch d\u016fvod\u016f je tato polo\u017eka k dispozici pouze pro zasl\u00e1n\u00ed v r\u00e1mci Rakouska!<\/strong><!--more--><\/p>\n<p><a href=\"\/cz\/?page_id=216591\">Prohl\u00e9dn\u011bte si na\u0161i nab\u00eddku cukrovinek zde!<\/a><\/p>\n<p>Cukrovinky lze skladovat a\u017e dva m\u011bs\u00edce.<\/p>\n<p>Alergeny: Lepek (A), Vejce (C), S\u00f3ja (F), Ml\u00e9ko (G), O\u0159echy (H)<\/p>","protected":false},"excerpt":{"rendered":"<p>Pe\u010dliv\u011b vybran\u00e9 speciality od Zauneru<\/p>","protected":false},"featured_media":219200,"comment_status":"open","ping_status":"closed","template":"","meta":{"_acf_changed":false},"product_brand":[],"product_cat":[264,113,115],"product_tag":[122,126,127,293,430,448,118,119,120],"class_list":{"0":"post-215201","1":"product","2":"type-product","3":"status-publish","4":"has-post-thumbnail","6":"product_cat-weihnachtsconfiserie","7":"product_cat-spezielle-anlaesse","8":"product_cat-weihnachten","9":"product_tag-konditorei-zauner","10":"product_tag-pralinen","11":"product_tag-schokolade","12":"product_tag-champagner","13":"product_tag-advent","14":"product_tag-alkohol","15":"product_tag-bad-ischl","16":"product_tag-dessert","17":"product_tag-geschenk","19":"first","20":"outofstock","21":"taxable","22":"shipping-taxable","23":"purchasable","24":"product-type-variable"},"acf":[],"yoast_head":"<!-- This site is optimized with the Yoast SEO plugin v27.5 - https:\/\/yoast.com\/product\/yoast-seo-wordpress\/ -->\n<title>Geschenkkarton rund exklusiv - Zauner<\/title>\n<meta name=\"description\" content=\"Die ideale Weihnachtsgeschenkbox von Zauner: Edle Pralinen, feiner Eierlik\u00f6r &amp; Zaunerstollenlik\u00f6r f\u00fcr puren Genuss!\" \/>\n<meta name=\"robots\" content=\"index, follow, max-snippet:-1, max-image-preview:large, max-video-preview:-1\" \/>\n<link rel=\"canonical\" href=\"https:\/\/zauner.at\/cz\/product-2\/velikonocni-darkova-krabicka-s-pralinkami-ze-sampanskeho\/\" \/>\n<meta property=\"og:locale\" content=\"cs_CZ\" \/>\n<meta property=\"og:type\" content=\"article\" \/>\n<meta property=\"og:title\" content=\"Geschenkkarton rund exklusiv - Zauner\" \/>\n<meta property=\"og:description\" content=\"Die ideale Weihnachtsgeschenkbox von Zauner: Edle Pralinen, feiner Eierlik\u00f6r &amp; Zaunerstollenlik\u00f6r f\u00fcr puren Genuss!\" \/>\n<meta property=\"og:url\" content=\"https:\/\/zauner.at\/cz\/product-2\/velikonocni-darkova-krabicka-s-pralinkami-ze-sampanskeho\/\" \/>\n<meta property=\"og:site_name\" content=\"Zauner\" \/>\n<meta property=\"article:publisher\" content=\"https:\/\/www.facebook.com\/p\/Konditorei-Kaffee-Zauner-Bad-Ischl-100057212599739\/\" \/>\n<meta property=\"article:modified_time\" content=\"2026-05-16T14:09:32+00:00\" \/>\n<meta property=\"og:image\" content=\"https:\/\/zauner.at\/wp-content\/uploads\/2021\/11\/Geschenkkarton-rund-exklusiv-beige-offen-scaled.jpg\" \/>\n\t<meta property=\"og:image:width\" content=\"2560\" \/>\n\t<meta property=\"og:image:height\" content=\"2560\" \/>\n\t<meta property=\"og:image:type\" content=\"image\/jpeg\" \/>\n<meta name=\"twitter:card\" content=\"summary_large_image\" \/>\n<script type=\"application\/ld+json\" class=\"yoast-schema-graph\">{\"@context\":\"https:\\\/\\\/schema.org\",\"@graph\":[{\"@type\":\"WebPage\",\"@id\":\"https:\\\/\\\/zauner.at\\\/produkt\\\/geschenkpackung-ostern-champagner-pralinen\\\/\",\"url\":\"https:\\\/\\\/zauner.at\\\/produkt\\\/geschenkpackung-ostern-champagner-pralinen\\\/\",\"name\":\"Geschenkkarton rund exklusiv - Zauner\",\"isPartOf\":{\"@id\":\"https:\\\/\\\/zauner.at\\\/#website\"},\"primaryImageOfPage\":{\"@id\":\"https:\\\/\\\/zauner.at\\\/produkt\\\/geschenkpackung-ostern-champagner-pralinen\\\/#primaryimage\"},\"image\":{\"@id\":\"https:\\\/\\\/zauner.at\\\/produkt\\\/geschenkpackung-ostern-champagner-pralinen\\\/#primaryimage\"},\"thumbnailUrl\":\"https:\\\/\\\/zauner.at\\\/wp-content\\\/uploads\\\/2021\\\/11\\\/Geschenkkarton-rund-exklusiv-beige-offen-scaled.jpg\",\"datePublished\":\"2021-11-16T12:54:09+00:00\",\"dateModified\":\"2026-05-16T14:09:32+00:00\",\"description\":\"Die ideale Weihnachtsgeschenkbox von Zauner: Edle Pralinen, feiner Eierlik\u00f6r & Zaunerstollenlik\u00f6r f\u00fcr puren Genuss!\",\"breadcrumb\":{\"@id\":\"https:\\\/\\\/zauner.at\\\/produkt\\\/geschenkpackung-ostern-champagner-pralinen\\\/#breadcrumb\"},\"inLanguage\":\"cs\",\"potentialAction\":[{\"@type\":\"ReadAction\",\"target\":[\"https:\\\/\\\/zauner.at\\\/produkt\\\/geschenkpackung-ostern-champagner-pralinen\\\/\"]}]},{\"@type\":\"ImageObject\",\"inLanguage\":\"cs\",\"@id\":\"https:\\\/\\\/zauner.at\\\/produkt\\\/geschenkpackung-ostern-champagner-pralinen\\\/#primaryimage\",\"url\":\"https:\\\/\\\/zauner.at\\\/wp-content\\\/uploads\\\/2021\\\/11\\\/Geschenkkarton-rund-exklusiv-beige-offen-scaled.jpg\",\"contentUrl\":\"https:\\\/\\\/zauner.at\\\/wp-content\\\/uploads\\\/2021\\\/11\\\/Geschenkkarton-rund-exklusiv-beige-offen-scaled.jpg\",\"width\":2560,\"height\":2560},{\"@type\":\"BreadcrumbList\",\"@id\":\"https:\\\/\\\/zauner.at\\\/produkt\\\/geschenkpackung-ostern-champagner-pralinen\\\/#breadcrumb\",\"itemListElement\":[{\"@type\":\"ListItem\",\"position\":1,\"name\":\"Startseite\",\"item\":\"https:\\\/\\\/zauner.at\\\/\"},{\"@type\":\"ListItem\",\"position\":2,\"name\":\"Unser Onlineshop\",\"item\":\"https:\\\/\\\/zauner.at\\\/shop\\\/\"},{\"@type\":\"ListItem\",\"position\":3,\"name\":\"Geschenkkarton rund exklusiv\"}]},{\"@type\":\"WebSite\",\"@id\":\"https:\\\/\\\/zauner.at\\\/#website\",\"url\":\"https:\\\/\\\/zauner.at\\\/\",\"name\":\"Konditorei Zauner\",\"description\":\"Konditorei\",\"publisher\":{\"@id\":\"https:\\\/\\\/zauner.at\\\/#organization\"},\"potentialAction\":[{\"@type\":\"SearchAction\",\"target\":{\"@type\":\"EntryPoint\",\"urlTemplate\":\"https:\\\/\\\/zauner.at\\\/?s={search_term_string}\"},\"query-input\":{\"@type\":\"PropertyValueSpecification\",\"valueRequired\":true,\"valueName\":\"search_term_string\"}}],\"inLanguage\":\"cs\"},{\"@type\":\"Organization\",\"@id\":\"https:\\\/\\\/zauner.at\\\/#organization\",\"name\":\"Konditorei Zauner\",\"url\":\"https:\\\/\\\/zauner.at\\\/\",\"logo\":{\"@type\":\"ImageObject\",\"inLanguage\":\"cs\",\"@id\":\"https:\\\/\\\/zauner.at\\\/#\\\/schema\\\/logo\\\/image\\\/\",\"url\":\"https:\\\/\\\/zauner.at\\\/wp-content\\\/uploads\\\/2025\\\/02\\\/zauner-logo.png\",\"contentUrl\":\"https:\\\/\\\/zauner.at\\\/wp-content\\\/uploads\\\/2025\\\/02\\\/zauner-logo.png\",\"width\":160,\"height\":142,\"caption\":\"Konditorei Zauner\"},\"image\":{\"@id\":\"https:\\\/\\\/zauner.at\\\/#\\\/schema\\\/logo\\\/image\\\/\"},\"sameAs\":[\"https:\\\/\\\/www.facebook.com\\\/p\\\/Konditorei-Kaffee-Zauner-Bad-Ischl-100057212599739\\\/\",\"https:\\\/\\\/www.instagram.com\\\/zaunerkaffeekonditorei\\\/\",\"https:\\\/\\\/at.linkedin.com\\\/company\\\/konditorei-kaffee-zauner?trk=public_profile_experience-group-header\"]}]}<\/script>\n<!-- \/ Yoast SEO plugin. -->","yoast_head_json":{"title":"Exkluzivn\u00ed kulat\u00e1 d\u00e1rkov\u00e1 krabi\u010dka - Zauner","description":"Ide\u00e1ln\u00ed v\u00e1no\u010dn\u00ed d\u00e1rkov\u00e1 krabi\u010dka od Zauneru: Vynikaj\u00edc\u00ed \u010dokol\u00e1dy, jemn\u00fd vaje\u010dn\u00fd lik\u00e9r a lik\u00e9r Zaunerstollen pro \u010dist\u00fd po\u017eitek!","robots":{"index":"index","follow":"follow","max-snippet":"max-snippet:-1","max-image-preview":"max-image-preview:large","max-video-preview":"max-video-preview:-1"},"canonical":"https:\/\/zauner.at\/cz\/product-2\/velikonocni-darkova-krabicka-s-pralinkami-ze-sampanskeho\/","og_locale":"cs_CZ","og_type":"article","og_title":"Geschenkkarton rund exklusiv - Zauner","og_description":"Die ideale Weihnachtsgeschenkbox von Zauner: Edle Pralinen, feiner Eierlik\u00f6r & Zaunerstollenlik\u00f6r f\u00fcr puren Genuss!","og_url":"https:\/\/zauner.at\/cz\/product-2\/velikonocni-darkova-krabicka-s-pralinkami-ze-sampanskeho\/","og_site_name":"Zauner","article_publisher":"https:\/\/www.facebook.com\/p\/Konditorei-Kaffee-Zauner-Bad-Ischl-100057212599739\/","article_modified_time":"2026-05-16T14:09:32+00:00","og_image":[{"width":2560,"height":2560,"url":"https:\/\/zauner.at\/wp-content\/uploads\/2021\/11\/Geschenkkarton-rund-exklusiv-beige-offen-scaled.jpg","type":"image\/jpeg"}],"twitter_card":"summary_large_image","schema":{"@context":"https:\/\/schema.org","@graph":[{"@type":"WebPage","@id":"https:\/\/zauner.at\/produkt\/geschenkpackung-ostern-champagner-pralinen\/","url":"https:\/\/zauner.at\/produkt\/geschenkpackung-ostern-champagner-pralinen\/","name":"Exkluzivn\u00ed kulat\u00e1 d\u00e1rkov\u00e1 krabi\u010dka - Zauner","isPartOf":{"@id":"https:\/\/zauner.at\/#website"},"primaryImageOfPage":{"@id":"https:\/\/zauner.at\/produkt\/geschenkpackung-ostern-champagner-pralinen\/#primaryimage"},"image":{"@id":"https:\/\/zauner.at\/produkt\/geschenkpackung-ostern-champagner-pralinen\/#primaryimage"},"thumbnailUrl":"https:\/\/zauner.at\/wp-content\/uploads\/2021\/11\/Geschenkkarton-rund-exklusiv-beige-offen-scaled.jpg","datePublished":"2021-11-16T12:54:09+00:00","dateModified":"2026-05-16T14:09:32+00:00","description":"Ide\u00e1ln\u00ed v\u00e1no\u010dn\u00ed d\u00e1rkov\u00e1 krabi\u010dka od Zauneru: Vynikaj\u00edc\u00ed \u010dokol\u00e1dy, jemn\u00fd vaje\u010dn\u00fd lik\u00e9r a lik\u00e9r Zaunerstollen pro \u010dist\u00fd po\u017eitek!","breadcrumb":{"@id":"https:\/\/zauner.at\/produkt\/geschenkpackung-ostern-champagner-pralinen\/#breadcrumb"},"inLanguage":"cs","potentialAction":[{"@type":"ReadAction","target":["https:\/\/zauner.at\/produkt\/geschenkpackung-ostern-champagner-pralinen\/"]}]},{"@type":"ImageObject","inLanguage":"cs","@id":"https:\/\/zauner.at\/produkt\/geschenkpackung-ostern-champagner-pralinen\/#primaryimage","url":"https:\/\/zauner.at\/wp-content\/uploads\/2021\/11\/Geschenkkarton-rund-exklusiv-beige-offen-scaled.jpg","contentUrl":"https:\/\/zauner.at\/wp-content\/uploads\/2021\/11\/Geschenkkarton-rund-exklusiv-beige-offen-scaled.jpg","width":2560,"height":2560},{"@type":"BreadcrumbList","@id":"https:\/\/zauner.at\/produkt\/geschenkpackung-ostern-champagner-pralinen\/#breadcrumb","itemListElement":[{"@type":"ListItem","position":1,"name":"Startseite","item":"https:\/\/zauner.at\/"},{"@type":"ListItem","position":2,"name":"Unser Onlineshop","item":"https:\/\/zauner.at\/shop\/"},{"@type":"ListItem","position":3,"name":"Geschenkkarton rund exklusiv"}]},{"@type":"WebSite","@id":"https:\/\/zauner.at\/#website","url":"https:\/\/zauner.at\/","name":"Cukr\u00e1rna Zauner","description":"Cukrovinky","publisher":{"@id":"https:\/\/zauner.at\/#organization"},"potentialAction":[{"@type":"SearchAction","target":{"@type":"EntryPoint","urlTemplate":"https:\/\/zauner.at\/?s={search_term_string}"},"query-input":{"@type":"PropertyValueSpecification","valueRequired":true,"valueName":"search_term_string"}}],"inLanguage":"cs"},{"@type":"Organization","@id":"https:\/\/zauner.at\/#organization","name":"Cukr\u00e1rna Zauner","url":"https:\/\/zauner.at\/","logo":{"@type":"ImageObject","inLanguage":"cs","@id":"https:\/\/zauner.at\/#\/schema\/logo\/image\/","url":"https:\/\/zauner.at\/wp-content\/uploads\/2025\/02\/zauner-logo.png","contentUrl":"https:\/\/zauner.at\/wp-content\/uploads\/2025\/02\/zauner-logo.png","width":160,"height":142,"caption":"Konditorei Zauner"},"image":{"@id":"https:\/\/zauner.at\/#\/schema\/logo\/image\/"},"sameAs":["https:\/\/www.facebook.com\/p\/Konditorei-Kaffee-Zauner-Bad-Ischl-100057212599739\/","https:\/\/www.instagram.com\/zaunerkaffeekonditorei\/","https:\/\/at.linkedin.com\/company\/konditorei-kaffee-zauner?trk=public_profile_experience-group-header"]}]}},"_links":{"self":[{"href":"https:\/\/zauner.at\/cz\/wp-json\/wp\/v2\/product\/215201","targetHints":{"allow":["GET"]}}],"collection":[{"href":"https:\/\/zauner.at\/cz\/wp-json\/wp\/v2\/product"}],"about":[{"href":"https:\/\/zauner.at\/cz\/wp-json\/wp\/v2\/types\/product"}],"replies":[{"embeddable":true,"href":"https:\/\/zauner.at\/cz\/wp-json\/wp\/v2\/comments?post=215201"}],"wp:featuredmedia":[{"embeddable":true,"href":"https:\/\/zauner.at\/cz\/wp-json\/wp\/v2\/media\/219200"}],"wp:attachment":[{"href":"https:\/\/zauner.at\/cz\/wp-json\/wp\/v2\/media?parent=215201"}],"wp:term":[{"taxonomy":"product_brand","embeddable":true,"href":"https:\/\/zauner.at\/cz\/wp-json\/wp\/v2\/product_brand?post=215201"},{"taxonomy":"product_cat","embeddable":true,"href":"https:\/\/zauner.at\/cz\/wp-json\/wp\/v2\/product_cat?post=215201"},{"taxonomy":"product_tag","embeddable":true,"href":"https:\/\/zauner.at\/cz\/wp-json\/wp\/v2\/product_tag?post=215201"}],"curies":[{"name":"wp","href":"https:\/\/api.w.org\/{rel}","templated":true}]}}