{"id":214906,"date":"2021-01-18T12:47:49","date_gmt":"2021-01-18T11:47:49","guid":{"rendered":"https:\/\/zauner.at\/produkt\/zauner-oblatentorte-fruehlingsmotiv\/"},"modified":"2026-05-11T12:14:15","modified_gmt":"2026-05-11T10:14:15","slug":"oplatkovy-dort-zauner-jarni-motiv","status":"publish","type":"product","link":"https:\/\/zauner.at\/cz\/produkt\/zauner-oblatentorte-fruehlingsmotiv\/","title":{"rendered":"Kr\u00e9mov\u00fd \u010dokol\u00e1dov\u00fd lan\u00fd\u017eov\u00fd dort s kv\u011btinovou v\u00fdzdobou"},"content":{"rendered":"<p>Sacher dort pln\u011bn\u00fd jemnou pa\u0159\u00ed\u017eskou smetanou, polit\u00fd ml\u00e9\u010dnou \u010dokol\u00e1dou.<\/p>\n<p>Ka\u017ed\u00fd dort je individu\u00e1ln\u011b zdoben ru\u010dn\u011b sb\u00edran\u00fdmi, lisovan\u00fdmi jedl\u00fdmi kv\u011btinami z Nizozemska.<\/p>\n<p>K okam\u017eit\u00e9 konzumaci!<\/p>\n<p>Alergeny: Lepek (A), Vejce (C), S\u00f3ja (F), Ml\u00e9ko (G), O\u0159echy (H)<\/p>","protected":false},"excerpt":{"rendered":"<p>Kr\u00e9mov\u00fd \u010dokol\u00e1dov\u00fd lan\u00fd\u017eov\u00fd dort s kv\u011btinovou v\u00fdzdobou<\/p>\n<p>Pr\u016fm\u011br 15 cm, cca 450 g<\/p>","protected":false},"featured_media":230359,"comment_status":"open","ping_status":"closed","template":"","meta":{"_acf_changed":false},"product_brand":[],"product_cat":[95,96],"product_tag":[118,2922,120,2923,122,2924,127,2925,143,152,154,315,710,711,2921],"class_list":{"0":"post-214906","1":"product","2":"type-product","3":"status-publish","4":"has-post-thumbnail","6":"product_cat-kleintorten","7":"product_cat-torten-backwaren","8":"product_tag-bad-ischl","9":"product_tag-gepresste-blumen","10":"product_tag-geschenk","11":"product_tag-chremechocolat-trueffeltorte","12":"product_tag-konditorei-zauner","13":"product_tag-zauner-torte","14":"product_tag-schokolade","15":"product_tag-blumendekor","16":"product_tag-zauner-bad-ischl","17":"product_tag-torte","18":"product_tag-zauner","19":"product_tag-kuchen","20":"product_tag-sachermasse","21":"product_tag-sachertorte","22":"product_tag-essbare-blumen","24":"first","25":"instock","26":"taxable","27":"shipping-taxable","28":"purchasable","29":"product-type-simple"},"acf":[],"yoast_head":"<!-- This site is optimized with the Yoast SEO plugin v27.5 - https:\/\/yoast.com\/product\/yoast-seo-wordpress\/ -->\n<title>Cremechocolat Tr\u00fcffel Torte mit Blumendekor<\/title>\n<meta name=\"description\" content=\"Leicht, knusprig &amp; unwiderstehlich: Die Zauner Oblatentorte mit Fr\u00fchlingsmotiv \u2013 jetzt bestellen &amp; den s\u00fc\u00dfen Genuss erleben!\" \/>\n<meta name=\"robots\" content=\"index, follow, max-snippet:-1, max-image-preview:large, max-video-preview:-1\" \/>\n<link rel=\"canonical\" href=\"https:\/\/zauner.at\/cz\/product-2\/oplatkovy-dort-zauner-jarni-motiv\/\" \/>\n<meta property=\"og:locale\" content=\"cs_CZ\" \/>\n<meta property=\"og:type\" content=\"article\" \/>\n<meta property=\"og:title\" content=\"Cremechocolat Tr\u00fcffel Torte mit Blumendekor\" \/>\n<meta property=\"og:description\" content=\"Leicht, knusprig &amp; unwiderstehlich: Die Zauner Oblatentorte mit Fr\u00fchlingsmotiv \u2013 jetzt bestellen &amp; den s\u00fc\u00dfen Genuss erleben!\" \/>\n<meta property=\"og:url\" content=\"https:\/\/zauner.at\/cz\/product-2\/oplatkovy-dort-zauner-jarni-motiv\/\" \/>\n<meta property=\"og:site_name\" content=\"Zauner\" \/>\n<meta property=\"article:publisher\" content=\"https:\/\/www.facebook.com\/p\/Konditorei-Kaffee-Zauner-Bad-Ischl-100057212599739\/\" \/>\n<meta property=\"article:modified_time\" content=\"2026-05-11T10:14:15+00:00\" \/>\n<meta property=\"og:image\" content=\"https:\/\/zauner.at\/wp-content\/uploads\/2021\/01\/Trueffeltorte-Oblatentorte-floral.png\" \/>\n\t<meta property=\"og:image:width\" content=\"1254\" \/>\n\t<meta property=\"og:image:height\" content=\"1254\" \/>\n\t<meta property=\"og:image:type\" content=\"image\/png\" \/>\n<meta name=\"twitter:card\" content=\"summary_large_image\" \/>\n<meta name=\"twitter:label1\" content=\"Odhadovan\u00e1 doba \u010dten\u00ed\" \/>\n\t<meta name=\"twitter:data1\" content=\"1 minuta\" \/>\n<script type=\"application\/ld+json\" class=\"yoast-schema-graph\">{\"@context\":\"https:\\\/\\\/schema.org\",\"@graph\":[{\"@type\":\"WebPage\",\"@id\":\"https:\\\/\\\/zauner.at\\\/produkt\\\/zauner-oblatentorte-fruehlingsmotiv\\\/\",\"url\":\"https:\\\/\\\/zauner.at\\\/produkt\\\/zauner-oblatentorte-fruehlingsmotiv\\\/\",\"name\":\"Cremechocolat Tr\u00fcffel Torte mit Blumendekor\",\"isPartOf\":{\"@id\":\"https:\\\/\\\/zauner.at\\\/#website\"},\"primaryImageOfPage\":{\"@id\":\"https:\\\/\\\/zauner.at\\\/produkt\\\/zauner-oblatentorte-fruehlingsmotiv\\\/#primaryimage\"},\"image\":{\"@id\":\"https:\\\/\\\/zauner.at\\\/produkt\\\/zauner-oblatentorte-fruehlingsmotiv\\\/#primaryimage\"},\"thumbnailUrl\":\"https:\\\/\\\/zauner.at\\\/wp-content\\\/uploads\\\/2021\\\/01\\\/Trueffeltorte-Oblatentorte-floral.png\",\"datePublished\":\"2021-01-18T11:47:49+00:00\",\"dateModified\":\"2026-05-11T10:14:15+00:00\",\"description\":\"Leicht, knusprig & unwiderstehlich: Die Zauner Oblatentorte mit Fr\u00fchlingsmotiv \u2013 jetzt bestellen & den s\u00fc\u00dfen Genuss erleben!\",\"breadcrumb\":{\"@id\":\"https:\\\/\\\/zauner.at\\\/produkt\\\/zauner-oblatentorte-fruehlingsmotiv\\\/#breadcrumb\"},\"inLanguage\":\"cs\",\"potentialAction\":[{\"@type\":\"ReadAction\",\"target\":[\"https:\\\/\\\/zauner.at\\\/produkt\\\/zauner-oblatentorte-fruehlingsmotiv\\\/\"]}]},{\"@type\":\"ImageObject\",\"inLanguage\":\"cs\",\"@id\":\"https:\\\/\\\/zauner.at\\\/produkt\\\/zauner-oblatentorte-fruehlingsmotiv\\\/#primaryimage\",\"url\":\"https:\\\/\\\/zauner.at\\\/wp-content\\\/uploads\\\/2021\\\/01\\\/Trueffeltorte-Oblatentorte-floral.png\",\"contentUrl\":\"https:\\\/\\\/zauner.at\\\/wp-content\\\/uploads\\\/2021\\\/01\\\/Trueffeltorte-Oblatentorte-floral.png\",\"width\":1254,\"height\":1254},{\"@type\":\"BreadcrumbList\",\"@id\":\"https:\\\/\\\/zauner.at\\\/produkt\\\/zauner-oblatentorte-fruehlingsmotiv\\\/#breadcrumb\",\"itemListElement\":[{\"@type\":\"ListItem\",\"position\":1,\"name\":\"Startseite\",\"item\":\"https:\\\/\\\/zauner.at\\\/\"},{\"@type\":\"ListItem\",\"position\":2,\"name\":\"Unser Onlineshop\",\"item\":\"https:\\\/\\\/zauner.at\\\/shop\\\/\"},{\"@type\":\"ListItem\",\"position\":3,\"name\":\"Cremechocolat Tr\u00fcffel Torte mit Blumendekor\"}]},{\"@type\":\"WebSite\",\"@id\":\"https:\\\/\\\/zauner.at\\\/#website\",\"url\":\"https:\\\/\\\/zauner.at\\\/\",\"name\":\"Konditorei Zauner\",\"description\":\"Konditorei\",\"publisher\":{\"@id\":\"https:\\\/\\\/zauner.at\\\/#organization\"},\"potentialAction\":[{\"@type\":\"SearchAction\",\"target\":{\"@type\":\"EntryPoint\",\"urlTemplate\":\"https:\\\/\\\/zauner.at\\\/?s={search_term_string}\"},\"query-input\":{\"@type\":\"PropertyValueSpecification\",\"valueRequired\":true,\"valueName\":\"search_term_string\"}}],\"inLanguage\":\"cs\"},{\"@type\":\"Organization\",\"@id\":\"https:\\\/\\\/zauner.at\\\/#organization\",\"name\":\"Konditorei Zauner\",\"url\":\"https:\\\/\\\/zauner.at\\\/\",\"logo\":{\"@type\":\"ImageObject\",\"inLanguage\":\"cs\",\"@id\":\"https:\\\/\\\/zauner.at\\\/#\\\/schema\\\/logo\\\/image\\\/\",\"url\":\"https:\\\/\\\/zauner.at\\\/wp-content\\\/uploads\\\/2025\\\/02\\\/zauner-logo.png\",\"contentUrl\":\"https:\\\/\\\/zauner.at\\\/wp-content\\\/uploads\\\/2025\\\/02\\\/zauner-logo.png\",\"width\":160,\"height\":142,\"caption\":\"Konditorei Zauner\"},\"image\":{\"@id\":\"https:\\\/\\\/zauner.at\\\/#\\\/schema\\\/logo\\\/image\\\/\"},\"sameAs\":[\"https:\\\/\\\/www.facebook.com\\\/p\\\/Konditorei-Kaffee-Zauner-Bad-Ischl-100057212599739\\\/\",\"https:\\\/\\\/www.instagram.com\\\/zaunerkaffeekonditorei\\\/\",\"https:\\\/\\\/at.linkedin.com\\\/company\\\/konditorei-kaffee-zauner?trk=public_profile_experience-group-header\"]}]}<\/script>\n<!-- \/ Yoast SEO plugin. -->","yoast_head_json":{"title":"Kr\u00e9mov\u00fd \u010dokol\u00e1dov\u00fd lan\u00fd\u017eov\u00fd dort s kv\u011btinovou v\u00fdzdobou","description":"Lehk\u00fd, k\u0159upav\u00fd a neodolateln\u00fd: Oplatkov\u00fd dort Zauner s jarn\u00edm motivem \u2013 objednejte si hned a za\u017eijte sladkou pochoutku!","robots":{"index":"index","follow":"follow","max-snippet":"max-snippet:-1","max-image-preview":"max-image-preview:large","max-video-preview":"max-video-preview:-1"},"canonical":"https:\/\/zauner.at\/cz\/product-2\/oplatkovy-dort-zauner-jarni-motiv\/","og_locale":"cs_CZ","og_type":"article","og_title":"Cremechocolat Tr\u00fcffel Torte mit Blumendekor","og_description":"Leicht, knusprig & unwiderstehlich: Die Zauner Oblatentorte mit Fr\u00fchlingsmotiv \u2013 jetzt bestellen & den s\u00fc\u00dfen Genuss erleben!","og_url":"https:\/\/zauner.at\/cz\/product-2\/oplatkovy-dort-zauner-jarni-motiv\/","og_site_name":"Zauner","article_publisher":"https:\/\/www.facebook.com\/p\/Konditorei-Kaffee-Zauner-Bad-Ischl-100057212599739\/","article_modified_time":"2026-05-11T10:14:15+00:00","og_image":[{"width":1254,"height":1254,"url":"https:\/\/zauner.at\/wp-content\/uploads\/2021\/01\/Trueffeltorte-Oblatentorte-floral.png","type":"image\/png"}],"twitter_card":"summary_large_image","twitter_misc":{"Odhadovan\u00e1 doba \u010dten\u00ed":"1 minuta"},"schema":{"@context":"https:\/\/schema.org","@graph":[{"@type":"WebPage","@id":"https:\/\/zauner.at\/produkt\/zauner-oblatentorte-fruehlingsmotiv\/","url":"https:\/\/zauner.at\/produkt\/zauner-oblatentorte-fruehlingsmotiv\/","name":"Kr\u00e9mov\u00fd \u010dokol\u00e1dov\u00fd lan\u00fd\u017eov\u00fd dort s kv\u011btinovou v\u00fdzdobou","isPartOf":{"@id":"https:\/\/zauner.at\/#website"},"primaryImageOfPage":{"@id":"https:\/\/zauner.at\/produkt\/zauner-oblatentorte-fruehlingsmotiv\/#primaryimage"},"image":{"@id":"https:\/\/zauner.at\/produkt\/zauner-oblatentorte-fruehlingsmotiv\/#primaryimage"},"thumbnailUrl":"https:\/\/zauner.at\/wp-content\/uploads\/2021\/01\/Trueffeltorte-Oblatentorte-floral.png","datePublished":"2021-01-18T11:47:49+00:00","dateModified":"2026-05-11T10:14:15+00:00","description":"Lehk\u00fd, k\u0159upav\u00fd a neodolateln\u00fd: Oplatkov\u00fd dort Zauner s jarn\u00edm motivem \u2013 objednejte si hned a za\u017eijte sladkou pochoutku!","breadcrumb":{"@id":"https:\/\/zauner.at\/produkt\/zauner-oblatentorte-fruehlingsmotiv\/#breadcrumb"},"inLanguage":"cs","potentialAction":[{"@type":"ReadAction","target":["https:\/\/zauner.at\/produkt\/zauner-oblatentorte-fruehlingsmotiv\/"]}]},{"@type":"ImageObject","inLanguage":"cs","@id":"https:\/\/zauner.at\/produkt\/zauner-oblatentorte-fruehlingsmotiv\/#primaryimage","url":"https:\/\/zauner.at\/wp-content\/uploads\/2021\/01\/Trueffeltorte-Oblatentorte-floral.png","contentUrl":"https:\/\/zauner.at\/wp-content\/uploads\/2021\/01\/Trueffeltorte-Oblatentorte-floral.png","width":1254,"height":1254},{"@type":"BreadcrumbList","@id":"https:\/\/zauner.at\/produkt\/zauner-oblatentorte-fruehlingsmotiv\/#breadcrumb","itemListElement":[{"@type":"ListItem","position":1,"name":"Startseite","item":"https:\/\/zauner.at\/"},{"@type":"ListItem","position":2,"name":"Unser Onlineshop","item":"https:\/\/zauner.at\/shop\/"},{"@type":"ListItem","position":3,"name":"Cremechocolat Tr\u00fcffel Torte mit Blumendekor"}]},{"@type":"WebSite","@id":"https:\/\/zauner.at\/#website","url":"https:\/\/zauner.at\/","name":"Cukr\u00e1rna Zauner","description":"Cukrovinky","publisher":{"@id":"https:\/\/zauner.at\/#organization"},"potentialAction":[{"@type":"SearchAction","target":{"@type":"EntryPoint","urlTemplate":"https:\/\/zauner.at\/?s={search_term_string}"},"query-input":{"@type":"PropertyValueSpecification","valueRequired":true,"valueName":"search_term_string"}}],"inLanguage":"cs"},{"@type":"Organization","@id":"https:\/\/zauner.at\/#organization","name":"Cukr\u00e1rna Zauner","url":"https:\/\/zauner.at\/","logo":{"@type":"ImageObject","inLanguage":"cs","@id":"https:\/\/zauner.at\/#\/schema\/logo\/image\/","url":"https:\/\/zauner.at\/wp-content\/uploads\/2025\/02\/zauner-logo.png","contentUrl":"https:\/\/zauner.at\/wp-content\/uploads\/2025\/02\/zauner-logo.png","width":160,"height":142,"caption":"Konditorei Zauner"},"image":{"@id":"https:\/\/zauner.at\/#\/schema\/logo\/image\/"},"sameAs":["https:\/\/www.facebook.com\/p\/Konditorei-Kaffee-Zauner-Bad-Ischl-100057212599739\/","https:\/\/www.instagram.com\/zaunerkaffeekonditorei\/","https:\/\/at.linkedin.com\/company\/konditorei-kaffee-zauner?trk=public_profile_experience-group-header"]}]}},"_links":{"self":[{"href":"https:\/\/zauner.at\/cz\/wp-json\/wp\/v2\/product\/214906","targetHints":{"allow":["GET"]}}],"collection":[{"href":"https:\/\/zauner.at\/cz\/wp-json\/wp\/v2\/product"}],"about":[{"href":"https:\/\/zauner.at\/cz\/wp-json\/wp\/v2\/types\/product"}],"replies":[{"embeddable":true,"href":"https:\/\/zauner.at\/cz\/wp-json\/wp\/v2\/comments?post=214906"}],"wp:featuredmedia":[{"embeddable":true,"href":"https:\/\/zauner.at\/cz\/wp-json\/wp\/v2\/media\/230359"}],"wp:attachment":[{"href":"https:\/\/zauner.at\/cz\/wp-json\/wp\/v2\/media?parent=214906"}],"wp:term":[{"taxonomy":"product_brand","embeddable":true,"href":"https:\/\/zauner.at\/cz\/wp-json\/wp\/v2\/product_brand?post=214906"},{"taxonomy":"product_cat","embeddable":true,"href":"https:\/\/zauner.at\/cz\/wp-json\/wp\/v2\/product_cat?post=214906"},{"taxonomy":"product_tag","embeddable":true,"href":"https:\/\/zauner.at\/cz\/wp-json\/wp\/v2\/product_tag?post=214906"}],"curies":[{"name":"wp","href":"https:\/\/api.w.org\/{rel}","templated":true}]}}