{"id":214785,"date":"2020-11-20T12:49:09","date_gmt":"2020-11-20T11:49:09","guid":{"rendered":"https:\/\/zauner.at\/produkt\/mandelspitzen\/"},"modified":"2026-02-02T08:17:26","modified_gmt":"2026-02-02T07:17:26","slug":"mandelspitzen","status":"publish","type":"product","link":"https:\/\/zauner.at\/cz\/produkt\/mandelspitzen\/","title":{"rendered":"Tipy mandl\u00ed"},"content":{"rendered":"<p>K dispozici v r\u016fzn\u00fdch velikostech.<\/p>\n<p>Trvanlivost a\u017e dva m\u011bs\u00edce.<\/p>\n<p>Allergene: Gluten (A), Ei (C), N\u00fcsse (H)<\/p>","protected":false},"excerpt":{"rendered":"<p>Knusprige Windb\u00e4ckerei mit Mandeln<\/p>","protected":false},"featured_media":214786,"comment_status":"open","ping_status":"closed","template":"","meta":{"_acf_changed":false},"product_brand":[],"product_cat":[113,115,263],"product_tag":[165,118,284,120,373,122,398,125,431,129,457,143,476,477],"class_list":{"0":"post-214785","1":"product","2":"type-product","3":"status-publish","4":"has-post-thumbnail","6":"product_cat-spezielle-anlaesse","7":"product_cat-weihnachten","8":"product_cat-weihnachtsbaeckerei","9":"product_tag-kekse","10":"product_tag-bad-ischl","11":"product_tag-kaffeegebaeck","12":"product_tag-geschenk","13":"product_tag-mandeln","14":"product_tag-konditorei-zauner","15":"product_tag-weihnachtskekse","16":"product_tag-pastry","17":"product_tag-weihnachten","18":"product_tag-tradition","19":"product_tag-weihnachtsgeschenk","20":"product_tag-zauner-bad-ischl","21":"product_tag-mandelspitzen","22":"product_tag-windgebaeck","24":"first","25":"outofstock","26":"taxable","27":"shipping-taxable","28":"purchasable","29":"product-type-variable"},"acf":[],"yoast_head":"<!-- This site is optimized with the Yoast SEO plugin v27.5 - https:\/\/yoast.com\/product\/yoast-seo-wordpress\/ -->\n<title>Zauner Mandelspitzen \u27a4 Knusprig &amp; schokoladig!<\/title>\n<meta name=\"description\" content=\"Knusprige Zauner Mandelspitzen mit feinen Mandeln &amp; edler Schokolade \u2013 perfekt f\u00fcr Genie\u00dfer! Jetzt online bestellen &amp; probieren!\" \/>\n<meta name=\"robots\" content=\"index, follow, max-snippet:-1, max-image-preview:large, max-video-preview:-1\" \/>\n<link rel=\"canonical\" href=\"https:\/\/zauner.at\/cz\/product-2\/mandelspitzen\/\" \/>\n<meta property=\"og:locale\" content=\"cs_CZ\" \/>\n<meta property=\"og:type\" content=\"article\" \/>\n<meta property=\"og:title\" content=\"Zauner Mandelspitzen \u27a4 Knusprig &amp; schokoladig!\" \/>\n<meta property=\"og:description\" content=\"Knusprige Zauner Mandelspitzen mit feinen Mandeln &amp; edler Schokolade \u2013 perfekt f\u00fcr Genie\u00dfer! Jetzt online bestellen &amp; probieren!\" \/>\n<meta property=\"og:url\" content=\"https:\/\/zauner.at\/cz\/product-2\/mandelspitzen\/\" \/>\n<meta property=\"og:site_name\" content=\"Zauner\" \/>\n<meta property=\"article:publisher\" content=\"https:\/\/www.facebook.com\/p\/Konditorei-Kaffee-Zauner-Bad-Ischl-100057212599739\/\" \/>\n<meta property=\"article:modified_time\" content=\"2026-02-02T07:17:26+00:00\" \/>\n<meta property=\"og:image\" content=\"https:\/\/zauner.at\/wp-content\/uploads\/2024\/09\/Mandelspitzen-scaled-1.jpg\" \/>\n\t<meta property=\"og:image:width\" content=\"1920\" \/>\n\t<meta property=\"og:image:height\" content=\"2560\" \/>\n\t<meta property=\"og:image:type\" content=\"image\/jpeg\" \/>\n<meta name=\"twitter:card\" content=\"summary_large_image\" \/>\n<script type=\"application\/ld+json\" class=\"yoast-schema-graph\">{\"@context\":\"https:\\\/\\\/schema.org\",\"@graph\":[{\"@type\":\"WebPage\",\"@id\":\"https:\\\/\\\/zauner.at\\\/produkt\\\/mandelspitzen\\\/\",\"url\":\"https:\\\/\\\/zauner.at\\\/produkt\\\/mandelspitzen\\\/\",\"name\":\"Zauner Mandelspitzen \u27a4 Knusprig & schokoladig!\",\"isPartOf\":{\"@id\":\"https:\\\/\\\/zauner.at\\\/#website\"},\"primaryImageOfPage\":{\"@id\":\"https:\\\/\\\/zauner.at\\\/produkt\\\/mandelspitzen\\\/#primaryimage\"},\"image\":{\"@id\":\"https:\\\/\\\/zauner.at\\\/produkt\\\/mandelspitzen\\\/#primaryimage\"},\"thumbnailUrl\":\"https:\\\/\\\/zauner.at\\\/wp-content\\\/uploads\\\/2024\\\/09\\\/Mandelspitzen-scaled-1.jpg\",\"datePublished\":\"2020-11-20T11:49:09+00:00\",\"dateModified\":\"2026-02-02T07:17:26+00:00\",\"description\":\"Knusprige Zauner Mandelspitzen mit feinen Mandeln & edler Schokolade \u2013 perfekt f\u00fcr Genie\u00dfer! Jetzt online bestellen & probieren!\",\"breadcrumb\":{\"@id\":\"https:\\\/\\\/zauner.at\\\/produkt\\\/mandelspitzen\\\/#breadcrumb\"},\"inLanguage\":\"cs\",\"potentialAction\":[{\"@type\":\"ReadAction\",\"target\":[\"https:\\\/\\\/zauner.at\\\/produkt\\\/mandelspitzen\\\/\"]}]},{\"@type\":\"ImageObject\",\"inLanguage\":\"cs\",\"@id\":\"https:\\\/\\\/zauner.at\\\/produkt\\\/mandelspitzen\\\/#primaryimage\",\"url\":\"https:\\\/\\\/zauner.at\\\/wp-content\\\/uploads\\\/2024\\\/09\\\/Mandelspitzen-scaled-1.jpg\",\"contentUrl\":\"https:\\\/\\\/zauner.at\\\/wp-content\\\/uploads\\\/2024\\\/09\\\/Mandelspitzen-scaled-1.jpg\",\"width\":1920,\"height\":2560},{\"@type\":\"BreadcrumbList\",\"@id\":\"https:\\\/\\\/zauner.at\\\/produkt\\\/mandelspitzen\\\/#breadcrumb\",\"itemListElement\":[{\"@type\":\"ListItem\",\"position\":1,\"name\":\"Startseite\",\"item\":\"https:\\\/\\\/zauner.at\\\/\"},{\"@type\":\"ListItem\",\"position\":2,\"name\":\"Unser Onlineshop\",\"item\":\"https:\\\/\\\/zauner.at\\\/shop\\\/\"},{\"@type\":\"ListItem\",\"position\":3,\"name\":\"Mandelspitzen\"}]},{\"@type\":\"WebSite\",\"@id\":\"https:\\\/\\\/zauner.at\\\/#website\",\"url\":\"https:\\\/\\\/zauner.at\\\/\",\"name\":\"Konditorei Zauner\",\"description\":\"Konditorei\",\"publisher\":{\"@id\":\"https:\\\/\\\/zauner.at\\\/#organization\"},\"potentialAction\":[{\"@type\":\"SearchAction\",\"target\":{\"@type\":\"EntryPoint\",\"urlTemplate\":\"https:\\\/\\\/zauner.at\\\/?s={search_term_string}\"},\"query-input\":{\"@type\":\"PropertyValueSpecification\",\"valueRequired\":true,\"valueName\":\"search_term_string\"}}],\"inLanguage\":\"cs\"},{\"@type\":\"Organization\",\"@id\":\"https:\\\/\\\/zauner.at\\\/#organization\",\"name\":\"Konditorei Zauner\",\"url\":\"https:\\\/\\\/zauner.at\\\/\",\"logo\":{\"@type\":\"ImageObject\",\"inLanguage\":\"cs\",\"@id\":\"https:\\\/\\\/zauner.at\\\/#\\\/schema\\\/logo\\\/image\\\/\",\"url\":\"https:\\\/\\\/zauner.at\\\/wp-content\\\/uploads\\\/2025\\\/02\\\/zauner-logo.png\",\"contentUrl\":\"https:\\\/\\\/zauner.at\\\/wp-content\\\/uploads\\\/2025\\\/02\\\/zauner-logo.png\",\"width\":160,\"height\":142,\"caption\":\"Konditorei Zauner\"},\"image\":{\"@id\":\"https:\\\/\\\/zauner.at\\\/#\\\/schema\\\/logo\\\/image\\\/\"},\"sameAs\":[\"https:\\\/\\\/www.facebook.com\\\/p\\\/Konditorei-Kaffee-Zauner-Bad-Ischl-100057212599739\\\/\",\"https:\\\/\\\/www.instagram.com\\\/zaunerkaffeekonditorei\\\/\",\"https:\\\/\\\/at.linkedin.com\\\/company\\\/konditorei-kaffee-zauner?trk=public_profile_experience-group-header\"]}]}<\/script>\n<!-- \/ Yoast SEO plugin. -->","yoast_head_json":{"title":"Zauner Mandelspitzen \u27a4 Knusprig & schokoladig!","description":"Knusprige Zauner Mandelspitzen mit feinen Mandeln & edler Schokolade \u2013 perfekt f\u00fcr Genie\u00dfer! Jetzt online bestellen & probieren!","robots":{"index":"index","follow":"follow","max-snippet":"max-snippet:-1","max-image-preview":"max-image-preview:large","max-video-preview":"max-video-preview:-1"},"canonical":"https:\/\/zauner.at\/cz\/product-2\/mandelspitzen\/","og_locale":"cs_CZ","og_type":"article","og_title":"Zauner Mandelspitzen \u27a4 Knusprig & schokoladig!","og_description":"Knusprige Zauner Mandelspitzen mit feinen Mandeln & edler Schokolade \u2013 perfekt f\u00fcr Genie\u00dfer! Jetzt online bestellen & probieren!","og_url":"https:\/\/zauner.at\/cz\/product-2\/mandelspitzen\/","og_site_name":"Zauner","article_publisher":"https:\/\/www.facebook.com\/p\/Konditorei-Kaffee-Zauner-Bad-Ischl-100057212599739\/","article_modified_time":"2026-02-02T07:17:26+00:00","og_image":[{"width":1920,"height":2560,"url":"https:\/\/zauner.at\/wp-content\/uploads\/2024\/09\/Mandelspitzen-scaled-1.jpg","type":"image\/jpeg"}],"twitter_card":"summary_large_image","schema":{"@context":"https:\/\/schema.org","@graph":[{"@type":"WebPage","@id":"https:\/\/zauner.at\/produkt\/mandelspitzen\/","url":"https:\/\/zauner.at\/produkt\/mandelspitzen\/","name":"Zauner Mandelspitzen \u27a4 Knusprig & schokoladig!","isPartOf":{"@id":"https:\/\/zauner.at\/#website"},"primaryImageOfPage":{"@id":"https:\/\/zauner.at\/produkt\/mandelspitzen\/#primaryimage"},"image":{"@id":"https:\/\/zauner.at\/produkt\/mandelspitzen\/#primaryimage"},"thumbnailUrl":"https:\/\/zauner.at\/wp-content\/uploads\/2024\/09\/Mandelspitzen-scaled-1.jpg","datePublished":"2020-11-20T11:49:09+00:00","dateModified":"2026-02-02T07:17:26+00:00","description":"Knusprige Zauner Mandelspitzen mit feinen Mandeln & edler Schokolade \u2013 perfekt f\u00fcr Genie\u00dfer! Jetzt online bestellen & probieren!","breadcrumb":{"@id":"https:\/\/zauner.at\/produkt\/mandelspitzen\/#breadcrumb"},"inLanguage":"cs","potentialAction":[{"@type":"ReadAction","target":["https:\/\/zauner.at\/produkt\/mandelspitzen\/"]}]},{"@type":"ImageObject","inLanguage":"cs","@id":"https:\/\/zauner.at\/produkt\/mandelspitzen\/#primaryimage","url":"https:\/\/zauner.at\/wp-content\/uploads\/2024\/09\/Mandelspitzen-scaled-1.jpg","contentUrl":"https:\/\/zauner.at\/wp-content\/uploads\/2024\/09\/Mandelspitzen-scaled-1.jpg","width":1920,"height":2560},{"@type":"BreadcrumbList","@id":"https:\/\/zauner.at\/produkt\/mandelspitzen\/#breadcrumb","itemListElement":[{"@type":"ListItem","position":1,"name":"Startseite","item":"https:\/\/zauner.at\/"},{"@type":"ListItem","position":2,"name":"Unser Onlineshop","item":"https:\/\/zauner.at\/shop\/"},{"@type":"ListItem","position":3,"name":"Mandelspitzen"}]},{"@type":"WebSite","@id":"https:\/\/zauner.at\/#website","url":"https:\/\/zauner.at\/","name":"Cukr\u00e1rna Zauner","description":"Cukrovinky","publisher":{"@id":"https:\/\/zauner.at\/#organization"},"potentialAction":[{"@type":"SearchAction","target":{"@type":"EntryPoint","urlTemplate":"https:\/\/zauner.at\/?s={search_term_string}"},"query-input":{"@type":"PropertyValueSpecification","valueRequired":true,"valueName":"search_term_string"}}],"inLanguage":"cs"},{"@type":"Organization","@id":"https:\/\/zauner.at\/#organization","name":"Cukr\u00e1rna Zauner","url":"https:\/\/zauner.at\/","logo":{"@type":"ImageObject","inLanguage":"cs","@id":"https:\/\/zauner.at\/#\/schema\/logo\/image\/","url":"https:\/\/zauner.at\/wp-content\/uploads\/2025\/02\/zauner-logo.png","contentUrl":"https:\/\/zauner.at\/wp-content\/uploads\/2025\/02\/zauner-logo.png","width":160,"height":142,"caption":"Konditorei Zauner"},"image":{"@id":"https:\/\/zauner.at\/#\/schema\/logo\/image\/"},"sameAs":["https:\/\/www.facebook.com\/p\/Konditorei-Kaffee-Zauner-Bad-Ischl-100057212599739\/","https:\/\/www.instagram.com\/zaunerkaffeekonditorei\/","https:\/\/at.linkedin.com\/company\/konditorei-kaffee-zauner?trk=public_profile_experience-group-header"]}]}},"_links":{"self":[{"href":"https:\/\/zauner.at\/cz\/wp-json\/wp\/v2\/product\/214785","targetHints":{"allow":["GET"]}}],"collection":[{"href":"https:\/\/zauner.at\/cz\/wp-json\/wp\/v2\/product"}],"about":[{"href":"https:\/\/zauner.at\/cz\/wp-json\/wp\/v2\/types\/product"}],"replies":[{"embeddable":true,"href":"https:\/\/zauner.at\/cz\/wp-json\/wp\/v2\/comments?post=214785"}],"wp:featuredmedia":[{"embeddable":true,"href":"https:\/\/zauner.at\/cz\/wp-json\/wp\/v2\/media\/214786"}],"wp:attachment":[{"href":"https:\/\/zauner.at\/cz\/wp-json\/wp\/v2\/media?parent=214785"}],"wp:term":[{"taxonomy":"product_brand","embeddable":true,"href":"https:\/\/zauner.at\/cz\/wp-json\/wp\/v2\/product_brand?post=214785"},{"taxonomy":"product_cat","embeddable":true,"href":"https:\/\/zauner.at\/cz\/wp-json\/wp\/v2\/product_cat?post=214785"},{"taxonomy":"product_tag","embeddable":true,"href":"https:\/\/zauner.at\/cz\/wp-json\/wp\/v2\/product_tag?post=214785"}],"curies":[{"name":"wp","href":"https:\/\/api.w.org\/{rel}","templated":true}]}}