{"id":213905,"date":"2011-10-10T09:36:34","date_gmt":"2011-10-10T07:36:34","guid":{"rendered":"https:\/\/zauner.at\/produkt\/pralinen\/"},"modified":"2026-05-13T09:13:56","modified_gmt":"2026-05-13T07:13:56","slug":"cokolady","status":"publish","type":"product","link":"https:\/\/zauner.at\/cz\/produkt\/pralinen\/","title":{"rendered":"\u010dokol\u00e1dy"},"content":{"rendered":"<p>Miniaturn\u00ed mistrovsk\u00e1 d\u00edla nejvy\u0161\u0161\u00ed kvality. Ka\u017ed\u00fd z na\u0161ich mistr\u016f cukr\u00e1\u0159\u016f m\u00e1 sv\u00e9 vlastn\u00ed tajemstv\u00ed, jak kombinovat vybran\u00e9 ingredience do jedine\u010dn\u00fdch a vynikaj\u00edc\u00edch lah\u016fdek.<\/p>\n<p><a href=\"https:\/\/zauner.at\/cz\/trueffel-und-pralinen-vom-zauner\/\">Prohl\u00e9dn\u011bte si na\u0161i nab\u00eddku cukrovinek zde!<\/a><\/p>\n<p>K dispozici v r\u016fzn\u00fdch velikostech.<\/p>\n<p>Trvanlivost a\u017e dva m\u011bs\u00edce.<\/p>\n<p>Alergeny: Lepek (A), Vejce (C), S\u00f3ja (F), Ml\u00e9ko (G), O\u0159echy (H)<\/p>","protected":false},"excerpt":{"rendered":"<p>Pralinky Zauner se tradi\u010dn\u011b ru\u010dn\u011b vyr\u00e1b\u011bj\u00ed s n\u00e1pln\u00ed z lan\u00fd\u017e\u016f, nug\u00e1tu, fond\u00e1nu, lik\u00e9ru a marcip\u00e1nu a jsou jednotliv\u011b m\u00edchan\u00e9.<\/p>\n<p>&nbsp;<\/p>","protected":false},"featured_media":211545,"comment_status":"open","ping_status":"closed","template":"","meta":{"_acf_changed":false},"product_brand":[],"product_cat":[102,100],"product_tag":[627,120,122,126,127,130,143,294,427,434,505],"class_list":{"0":"post-213905","1":"product","2":"type-product","3":"status-publish","4":"has-post-thumbnail","6":"product_cat-pralinen-konfekt","7":"product_cat-pralinen-confiserie","8":"product_tag-handgefertigte-pralinen","9":"product_tag-geschenk","10":"product_tag-konditorei-zauner","11":"product_tag-pralinen","12":"product_tag-schokolade","13":"product_tag-trueffel","14":"product_tag-zauner-bad-ischl","15":"product_tag-confiserie","16":"product_tag-konditorei-zauner-bad-ischl","17":"product_tag-trueffelkugeln","18":"product_tag-trueffelkugel","20":"first","21":"instock","22":"taxable","23":"shipping-taxable","24":"purchasable","25":"product-type-variable"},"acf":[],"yoast_head":"<!-- This site is optimized with the Yoast SEO plugin v27.5 - https:\/\/yoast.com\/product\/yoast-seo-wordpress\/ -->\n<title>Pralinen - Zauner<\/title>\n<meta name=\"robots\" content=\"index, follow, max-snippet:-1, max-image-preview:large, max-video-preview:-1\" \/>\n<link rel=\"canonical\" href=\"https:\/\/zauner.at\/cz\/product-2\/cokolady\/\" \/>\n<meta property=\"og:locale\" content=\"cs_CZ\" \/>\n<meta property=\"og:type\" content=\"article\" \/>\n<meta property=\"og:title\" content=\"Pralinen - Zauner\" \/>\n<meta property=\"og:url\" content=\"https:\/\/zauner.at\/cz\/product-2\/cokolady\/\" \/>\n<meta property=\"og:site_name\" content=\"Zauner\" \/>\n<meta property=\"article:publisher\" content=\"https:\/\/www.facebook.com\/p\/Konditorei-Kaffee-Zauner-Bad-Ischl-100057212599739\/\" \/>\n<meta property=\"article:modified_time\" content=\"2026-05-13T07:13:56+00:00\" \/>\n<meta property=\"og:image\" content=\"https:\/\/zauner.at\/wp-content\/uploads\/2024\/09\/Pralinen2-3.jpg\" \/>\n\t<meta property=\"og:image:width\" content=\"1600\" \/>\n\t<meta property=\"og:image:height\" content=\"1600\" \/>\n\t<meta property=\"og:image:type\" content=\"image\/jpeg\" \/>\n<meta name=\"twitter:card\" content=\"summary_large_image\" \/>\n<script type=\"application\/ld+json\" class=\"yoast-schema-graph\">{\"@context\":\"https:\\\/\\\/schema.org\",\"@graph\":[{\"@type\":\"WebPage\",\"@id\":\"https:\\\/\\\/zauner.at\\\/produkt\\\/pralinen\\\/\",\"url\":\"https:\\\/\\\/zauner.at\\\/produkt\\\/pralinen\\\/\",\"name\":\"Pralinen - Zauner\",\"isPartOf\":{\"@id\":\"https:\\\/\\\/zauner.at\\\/#website\"},\"primaryImageOfPage\":{\"@id\":\"https:\\\/\\\/zauner.at\\\/produkt\\\/pralinen\\\/#primaryimage\"},\"image\":{\"@id\":\"https:\\\/\\\/zauner.at\\\/produkt\\\/pralinen\\\/#primaryimage\"},\"thumbnailUrl\":\"https:\\\/\\\/zauner.at\\\/wp-content\\\/uploads\\\/2024\\\/09\\\/Pralinen2-3.jpg\",\"datePublished\":\"2011-10-10T07:36:34+00:00\",\"dateModified\":\"2026-05-13T07:13:56+00:00\",\"breadcrumb\":{\"@id\":\"https:\\\/\\\/zauner.at\\\/produkt\\\/pralinen\\\/#breadcrumb\"},\"inLanguage\":\"cs\",\"potentialAction\":[{\"@type\":\"ReadAction\",\"target\":[\"https:\\\/\\\/zauner.at\\\/produkt\\\/pralinen\\\/\"]}]},{\"@type\":\"ImageObject\",\"inLanguage\":\"cs\",\"@id\":\"https:\\\/\\\/zauner.at\\\/produkt\\\/pralinen\\\/#primaryimage\",\"url\":\"https:\\\/\\\/zauner.at\\\/wp-content\\\/uploads\\\/2024\\\/09\\\/Pralinen2-3.jpg\",\"contentUrl\":\"https:\\\/\\\/zauner.at\\\/wp-content\\\/uploads\\\/2024\\\/09\\\/Pralinen2-3.jpg\",\"width\":1600,\"height\":1600,\"caption\":\"Pralinen traditioneller Handarbeit mit Tr\u00fcffel-\"},{\"@type\":\"BreadcrumbList\",\"@id\":\"https:\\\/\\\/zauner.at\\\/produkt\\\/pralinen\\\/#breadcrumb\",\"itemListElement\":[{\"@type\":\"ListItem\",\"position\":1,\"name\":\"Startseite\",\"item\":\"https:\\\/\\\/zauner.at\\\/\"},{\"@type\":\"ListItem\",\"position\":2,\"name\":\"Unser Onlineshop\",\"item\":\"https:\\\/\\\/zauner.at\\\/shop\\\/\"},{\"@type\":\"ListItem\",\"position\":3,\"name\":\"Pralinen\"}]},{\"@type\":\"WebSite\",\"@id\":\"https:\\\/\\\/zauner.at\\\/#website\",\"url\":\"https:\\\/\\\/zauner.at\\\/\",\"name\":\"Konditorei Zauner\",\"description\":\"Konditorei\",\"publisher\":{\"@id\":\"https:\\\/\\\/zauner.at\\\/#organization\"},\"potentialAction\":[{\"@type\":\"SearchAction\",\"target\":{\"@type\":\"EntryPoint\",\"urlTemplate\":\"https:\\\/\\\/zauner.at\\\/?s={search_term_string}\"},\"query-input\":{\"@type\":\"PropertyValueSpecification\",\"valueRequired\":true,\"valueName\":\"search_term_string\"}}],\"inLanguage\":\"cs\"},{\"@type\":\"Organization\",\"@id\":\"https:\\\/\\\/zauner.at\\\/#organization\",\"name\":\"Konditorei Zauner\",\"url\":\"https:\\\/\\\/zauner.at\\\/\",\"logo\":{\"@type\":\"ImageObject\",\"inLanguage\":\"cs\",\"@id\":\"https:\\\/\\\/zauner.at\\\/#\\\/schema\\\/logo\\\/image\\\/\",\"url\":\"https:\\\/\\\/zauner.at\\\/wp-content\\\/uploads\\\/2025\\\/02\\\/zauner-logo.png\",\"contentUrl\":\"https:\\\/\\\/zauner.at\\\/wp-content\\\/uploads\\\/2025\\\/02\\\/zauner-logo.png\",\"width\":160,\"height\":142,\"caption\":\"Konditorei Zauner\"},\"image\":{\"@id\":\"https:\\\/\\\/zauner.at\\\/#\\\/schema\\\/logo\\\/image\\\/\"},\"sameAs\":[\"https:\\\/\\\/www.facebook.com\\\/p\\\/Konditorei-Kaffee-Zauner-Bad-Ischl-100057212599739\\\/\",\"https:\\\/\\\/www.instagram.com\\\/zaunerkaffeekonditorei\\\/\",\"https:\\\/\\\/at.linkedin.com\\\/company\\\/konditorei-kaffee-zauner?trk=public_profile_experience-group-header\"]}]}<\/script>\n<!-- \/ Yoast SEO plugin. -->","yoast_head_json":{"title":"\u010cokol\u00e1dy - Zauner","robots":{"index":"index","follow":"follow","max-snippet":"max-snippet:-1","max-image-preview":"max-image-preview:large","max-video-preview":"max-video-preview:-1"},"canonical":"https:\/\/zauner.at\/cz\/product-2\/cokolady\/","og_locale":"cs_CZ","og_type":"article","og_title":"Pralinen - Zauner","og_url":"https:\/\/zauner.at\/cz\/product-2\/cokolady\/","og_site_name":"Zauner","article_publisher":"https:\/\/www.facebook.com\/p\/Konditorei-Kaffee-Zauner-Bad-Ischl-100057212599739\/","article_modified_time":"2026-05-13T07:13:56+00:00","og_image":[{"width":1600,"height":1600,"url":"https:\/\/zauner.at\/wp-content\/uploads\/2024\/09\/Pralinen2-3.jpg","type":"image\/jpeg"}],"twitter_card":"summary_large_image","schema":{"@context":"https:\/\/schema.org","@graph":[{"@type":"WebPage","@id":"https:\/\/zauner.at\/produkt\/pralinen\/","url":"https:\/\/zauner.at\/produkt\/pralinen\/","name":"\u010cokol\u00e1dy - Zauner","isPartOf":{"@id":"https:\/\/zauner.at\/#website"},"primaryImageOfPage":{"@id":"https:\/\/zauner.at\/produkt\/pralinen\/#primaryimage"},"image":{"@id":"https:\/\/zauner.at\/produkt\/pralinen\/#primaryimage"},"thumbnailUrl":"https:\/\/zauner.at\/wp-content\/uploads\/2024\/09\/Pralinen2-3.jpg","datePublished":"2011-10-10T07:36:34+00:00","dateModified":"2026-05-13T07:13:56+00:00","breadcrumb":{"@id":"https:\/\/zauner.at\/produkt\/pralinen\/#breadcrumb"},"inLanguage":"cs","potentialAction":[{"@type":"ReadAction","target":["https:\/\/zauner.at\/produkt\/pralinen\/"]}]},{"@type":"ImageObject","inLanguage":"cs","@id":"https:\/\/zauner.at\/produkt\/pralinen\/#primaryimage","url":"https:\/\/zauner.at\/wp-content\/uploads\/2024\/09\/Pralinen2-3.jpg","contentUrl":"https:\/\/zauner.at\/wp-content\/uploads\/2024\/09\/Pralinen2-3.jpg","width":1600,"height":1600,"caption":"Pralinen traditioneller Handarbeit mit Tr\u00fcffel-"},{"@type":"BreadcrumbList","@id":"https:\/\/zauner.at\/produkt\/pralinen\/#breadcrumb","itemListElement":[{"@type":"ListItem","position":1,"name":"Startseite","item":"https:\/\/zauner.at\/"},{"@type":"ListItem","position":2,"name":"Unser Onlineshop","item":"https:\/\/zauner.at\/shop\/"},{"@type":"ListItem","position":3,"name":"Pralinen"}]},{"@type":"WebSite","@id":"https:\/\/zauner.at\/#website","url":"https:\/\/zauner.at\/","name":"Cukr\u00e1rna Zauner","description":"Cukrovinky","publisher":{"@id":"https:\/\/zauner.at\/#organization"},"potentialAction":[{"@type":"SearchAction","target":{"@type":"EntryPoint","urlTemplate":"https:\/\/zauner.at\/?s={search_term_string}"},"query-input":{"@type":"PropertyValueSpecification","valueRequired":true,"valueName":"search_term_string"}}],"inLanguage":"cs"},{"@type":"Organization","@id":"https:\/\/zauner.at\/#organization","name":"Cukr\u00e1rna Zauner","url":"https:\/\/zauner.at\/","logo":{"@type":"ImageObject","inLanguage":"cs","@id":"https:\/\/zauner.at\/#\/schema\/logo\/image\/","url":"https:\/\/zauner.at\/wp-content\/uploads\/2025\/02\/zauner-logo.png","contentUrl":"https:\/\/zauner.at\/wp-content\/uploads\/2025\/02\/zauner-logo.png","width":160,"height":142,"caption":"Konditorei Zauner"},"image":{"@id":"https:\/\/zauner.at\/#\/schema\/logo\/image\/"},"sameAs":["https:\/\/www.facebook.com\/p\/Konditorei-Kaffee-Zauner-Bad-Ischl-100057212599739\/","https:\/\/www.instagram.com\/zaunerkaffeekonditorei\/","https:\/\/at.linkedin.com\/company\/konditorei-kaffee-zauner?trk=public_profile_experience-group-header"]}]}},"_links":{"self":[{"href":"https:\/\/zauner.at\/cz\/wp-json\/wp\/v2\/product\/213905","targetHints":{"allow":["GET"]}}],"collection":[{"href":"https:\/\/zauner.at\/cz\/wp-json\/wp\/v2\/product"}],"about":[{"href":"https:\/\/zauner.at\/cz\/wp-json\/wp\/v2\/types\/product"}],"replies":[{"embeddable":true,"href":"https:\/\/zauner.at\/cz\/wp-json\/wp\/v2\/comments?post=213905"}],"wp:featuredmedia":[{"embeddable":true,"href":"https:\/\/zauner.at\/cz\/wp-json\/wp\/v2\/media\/211545"}],"wp:attachment":[{"href":"https:\/\/zauner.at\/cz\/wp-json\/wp\/v2\/media?parent=213905"}],"wp:term":[{"taxonomy":"product_brand","embeddable":true,"href":"https:\/\/zauner.at\/cz\/wp-json\/wp\/v2\/product_brand?post=213905"},{"taxonomy":"product_cat","embeddable":true,"href":"https:\/\/zauner.at\/cz\/wp-json\/wp\/v2\/product_cat?post=213905"},{"taxonomy":"product_tag","embeddable":true,"href":"https:\/\/zauner.at\/cz\/wp-json\/wp\/v2\/product_tag?post=213905"}],"curies":[{"name":"wp","href":"https:\/\/api.w.org\/{rel}","templated":true}]}}