{"id":213726,"date":"2011-07-19T08:44:56","date_gmt":"2011-07-19T06:44:56","guid":{"rendered":"https:\/\/zauner.at\/produkt\/zauner-torte-cremechocolat-truffel-15cm-durchmesser\/"},"modified":"2026-05-11T12:14:13","modified_gmt":"2026-05-11T10:14:13","slug":"zauneruv-dort-kremovy-cokoladovy-lanyz-prumer-15-cm","status":"publish","type":"product","link":"https:\/\/zauner.at\/cz\/produkt\/zauner-torte-cremechocolat-truffel-15cm-durchmesser\/","title":{"rendered":"Kr\u00e9mov\u00fd \u010dokol\u00e1dov\u00fd lan\u00fd\u017eov\u00fd dort"},"content":{"rendered":"<p>V dokonal\u00e9 harmonii se vytv\u00e1\u0159\u00ed pohodln\u00fd sv\u011bt stylov\u00e9ho pot\u011b\u0161en\u00ed.<\/p>\n<p>Pro v\u0161echny, kte\u0159\u00ed r\u00e1di oslavuj\u00ed i tu nejmen\u0161\u00ed ud\u00e1lost ve velk\u00e9m stylu.<\/p>\n<p>K okam\u017eit\u00e9 konzumaci!<\/p>\n<p>Alergeny: Lepek (A), Vejce (C), S\u00f3ja (F), Ml\u00e9ko (G), O\u0159echy (H)<\/p>","protected":false},"excerpt":{"rendered":"<p>Sacher dort pln\u011bn\u00fd jemn\u00fdm pa\u0159\u00ed\u017esk\u00fdm kr\u00e9mem, pota\u017een\u00fd marcip\u00e1nem a ml\u00e9\u010dnou \u010dokol\u00e1dou, o pr\u016fm\u011bru 15 cm, cca 450 g<\/p>","protected":false},"featured_media":217637,"comment_status":"open","ping_status":"closed","template":"","meta":{"_acf_changed":false},"product_brand":[],"product_cat":[95,96],"product_tag":[130,152,153,273,274,275,276,122],"class_list":{"0":"post-213726","1":"product","2":"type-product","3":"status-publish","4":"has-post-thumbnail","6":"product_cat-kleintorten","7":"product_cat-torten-backwaren","8":"product_tag-trueffel","9":"product_tag-torte","10":"product_tag-versandtorte","11":"product_tag-kleintorte","12":"product_tag-schokoladencreme","13":"product_tag-tortenpraesent","14":"product_tag-trueffeltorte","15":"product_tag-konditorei-zauner","17":"first","18":"instock","19":"taxable","20":"shipping-taxable","21":"purchasable","22":"product-type-simple"},"acf":[],"yoast_head":"<!-- This site is optimized with the Yoast SEO plugin v27.5 - https:\/\/yoast.com\/product\/yoast-seo-wordpress\/ -->\n<title>Cremechocolat Tr\u00fcffel Torte<\/title>\n<meta name=\"description\" content=\"Die Zauner Cremechocolat Tr\u00fcffel-Torte \u2013 zart, cremig &amp; schokoladig. Jetzt bestellen &amp; pure Konditorenkunst genie\u00dfen!\" \/>\n<meta name=\"robots\" content=\"index, follow, max-snippet:-1, max-image-preview:large, max-video-preview:-1\" \/>\n<link rel=\"canonical\" href=\"https:\/\/zauner.at\/cz\/product-2\/zauneruv-dort-kremovy-cokoladovy-lanyz-prumer-15-cm\/\" \/>\n<meta property=\"og:locale\" content=\"cs_CZ\" \/>\n<meta property=\"og:type\" content=\"article\" \/>\n<meta property=\"og:title\" content=\"Cremechocolat Tr\u00fcffel Torte\" \/>\n<meta property=\"og:description\" content=\"Die Zauner Cremechocolat Tr\u00fcffel-Torte \u2013 zart, cremig &amp; schokoladig. Jetzt bestellen &amp; pure Konditorenkunst genie\u00dfen!\" \/>\n<meta property=\"og:url\" content=\"https:\/\/zauner.at\/cz\/product-2\/zauneruv-dort-kremovy-cokoladovy-lanyz-prumer-15-cm\/\" \/>\n<meta property=\"og:site_name\" content=\"Zauner\" \/>\n<meta property=\"article:publisher\" content=\"https:\/\/www.facebook.com\/p\/Konditorei-Kaffee-Zauner-Bad-Ischl-100057212599739\/\" \/>\n<meta property=\"article:modified_time\" content=\"2026-05-11T10:14:13+00:00\" \/>\n<meta property=\"og:image\" content=\"https:\/\/zauner.at\/wp-content\/uploads\/2025\/02\/konditorei-zauner-produkt-torten-backwaren-kleintorte-cremechocolat-trueffel-torte-1200x1200-1.jpg\" \/>\n\t<meta property=\"og:image:width\" content=\"1200\" \/>\n\t<meta property=\"og:image:height\" content=\"1200\" \/>\n\t<meta property=\"og:image:type\" content=\"image\/jpeg\" \/>\n<meta name=\"twitter:card\" content=\"summary_large_image\" \/>\n<script type=\"application\/ld+json\" class=\"yoast-schema-graph\">{\"@context\":\"https:\\\/\\\/schema.org\",\"@graph\":[{\"@type\":\"WebPage\",\"@id\":\"https:\\\/\\\/zauner.at\\\/produkt\\\/zauner-torte-cremechocolat-truffel-15cm-durchmesser\\\/\",\"url\":\"https:\\\/\\\/zauner.at\\\/produkt\\\/zauner-torte-cremechocolat-truffel-15cm-durchmesser\\\/\",\"name\":\"Cremechocolat Tr\u00fcffel Torte\",\"isPartOf\":{\"@id\":\"https:\\\/\\\/zauner.at\\\/#website\"},\"primaryImageOfPage\":{\"@id\":\"https:\\\/\\\/zauner.at\\\/produkt\\\/zauner-torte-cremechocolat-truffel-15cm-durchmesser\\\/#primaryimage\"},\"image\":{\"@id\":\"https:\\\/\\\/zauner.at\\\/produkt\\\/zauner-torte-cremechocolat-truffel-15cm-durchmesser\\\/#primaryimage\"},\"thumbnailUrl\":\"https:\\\/\\\/zauner.at\\\/wp-content\\\/uploads\\\/2025\\\/02\\\/konditorei-zauner-produkt-torten-backwaren-kleintorte-cremechocolat-trueffel-torte-1200x1200-1.jpg\",\"datePublished\":\"2011-07-19T06:44:56+00:00\",\"dateModified\":\"2026-05-11T10:14:13+00:00\",\"description\":\"Die Zauner Cremechocolat Tr\u00fcffel-Torte \u2013 zart, cremig & schokoladig. Jetzt bestellen & pure Konditorenkunst genie\u00dfen!\",\"breadcrumb\":{\"@id\":\"https:\\\/\\\/zauner.at\\\/produkt\\\/zauner-torte-cremechocolat-truffel-15cm-durchmesser\\\/#breadcrumb\"},\"inLanguage\":\"cs\",\"potentialAction\":[{\"@type\":\"ReadAction\",\"target\":[\"https:\\\/\\\/zauner.at\\\/produkt\\\/zauner-torte-cremechocolat-truffel-15cm-durchmesser\\\/\"]}]},{\"@type\":\"ImageObject\",\"inLanguage\":\"cs\",\"@id\":\"https:\\\/\\\/zauner.at\\\/produkt\\\/zauner-torte-cremechocolat-truffel-15cm-durchmesser\\\/#primaryimage\",\"url\":\"https:\\\/\\\/zauner.at\\\/wp-content\\\/uploads\\\/2025\\\/02\\\/konditorei-zauner-produkt-torten-backwaren-kleintorte-cremechocolat-trueffel-torte-1200x1200-1.jpg\",\"contentUrl\":\"https:\\\/\\\/zauner.at\\\/wp-content\\\/uploads\\\/2025\\\/02\\\/konditorei-zauner-produkt-torten-backwaren-kleintorte-cremechocolat-trueffel-torte-1200x1200-1.jpg\",\"width\":1200,\"height\":1200,\"caption\":\"Zauner Cremechocolat-Tr\u00fcffeltorte im Geschenkkarton\"},{\"@type\":\"BreadcrumbList\",\"@id\":\"https:\\\/\\\/zauner.at\\\/produkt\\\/zauner-torte-cremechocolat-truffel-15cm-durchmesser\\\/#breadcrumb\",\"itemListElement\":[{\"@type\":\"ListItem\",\"position\":1,\"name\":\"Startseite\",\"item\":\"https:\\\/\\\/zauner.at\\\/\"},{\"@type\":\"ListItem\",\"position\":2,\"name\":\"Unser Onlineshop\",\"item\":\"https:\\\/\\\/zauner.at\\\/shop\\\/\"},{\"@type\":\"ListItem\",\"position\":3,\"name\":\"Cremechocolat Tr\u00fcffel Torte\"}]},{\"@type\":\"WebSite\",\"@id\":\"https:\\\/\\\/zauner.at\\\/#website\",\"url\":\"https:\\\/\\\/zauner.at\\\/\",\"name\":\"Konditorei Zauner\",\"description\":\"Konditorei\",\"publisher\":{\"@id\":\"https:\\\/\\\/zauner.at\\\/#organization\"},\"potentialAction\":[{\"@type\":\"SearchAction\",\"target\":{\"@type\":\"EntryPoint\",\"urlTemplate\":\"https:\\\/\\\/zauner.at\\\/?s={search_term_string}\"},\"query-input\":{\"@type\":\"PropertyValueSpecification\",\"valueRequired\":true,\"valueName\":\"search_term_string\"}}],\"inLanguage\":\"cs\"},{\"@type\":\"Organization\",\"@id\":\"https:\\\/\\\/zauner.at\\\/#organization\",\"name\":\"Konditorei Zauner\",\"url\":\"https:\\\/\\\/zauner.at\\\/\",\"logo\":{\"@type\":\"ImageObject\",\"inLanguage\":\"cs\",\"@id\":\"https:\\\/\\\/zauner.at\\\/#\\\/schema\\\/logo\\\/image\\\/\",\"url\":\"https:\\\/\\\/zauner.at\\\/wp-content\\\/uploads\\\/2025\\\/02\\\/zauner-logo.png\",\"contentUrl\":\"https:\\\/\\\/zauner.at\\\/wp-content\\\/uploads\\\/2025\\\/02\\\/zauner-logo.png\",\"width\":160,\"height\":142,\"caption\":\"Konditorei Zauner\"},\"image\":{\"@id\":\"https:\\\/\\\/zauner.at\\\/#\\\/schema\\\/logo\\\/image\\\/\"},\"sameAs\":[\"https:\\\/\\\/www.facebook.com\\\/p\\\/Konditorei-Kaffee-Zauner-Bad-Ischl-100057212599739\\\/\",\"https:\\\/\\\/www.instagram.com\\\/zaunerkaffeekonditorei\\\/\",\"https:\\\/\\\/at.linkedin.com\\\/company\\\/konditorei-kaffee-zauner?trk=public_profile_experience-group-header\"]}]}<\/script>\n<!-- \/ Yoast SEO plugin. -->","yoast_head_json":{"title":"Kr\u00e9mov\u00fd \u010dokol\u00e1dov\u00fd lan\u00fd\u017eov\u00fd dort","description":"Zauner Cremechocolat Truffle Cake \u2013 jemn\u00fd, kr\u00e9mov\u00fd a \u010dokol\u00e1dov\u00fd. Objednejte si nyn\u00ed a u\u017eijte si \u010dist\u00e9 cukr\u00e1\u0159sk\u00e9 um\u011bn\u00ed!","robots":{"index":"index","follow":"follow","max-snippet":"max-snippet:-1","max-image-preview":"max-image-preview:large","max-video-preview":"max-video-preview:-1"},"canonical":"https:\/\/zauner.at\/cz\/product-2\/zauneruv-dort-kremovy-cokoladovy-lanyz-prumer-15-cm\/","og_locale":"cs_CZ","og_type":"article","og_title":"Cremechocolat Tr\u00fcffel Torte","og_description":"Die Zauner Cremechocolat Tr\u00fcffel-Torte \u2013 zart, cremig & schokoladig. Jetzt bestellen & pure Konditorenkunst genie\u00dfen!","og_url":"https:\/\/zauner.at\/cz\/product-2\/zauneruv-dort-kremovy-cokoladovy-lanyz-prumer-15-cm\/","og_site_name":"Zauner","article_publisher":"https:\/\/www.facebook.com\/p\/Konditorei-Kaffee-Zauner-Bad-Ischl-100057212599739\/","article_modified_time":"2026-05-11T10:14:13+00:00","og_image":[{"width":1200,"height":1200,"url":"https:\/\/zauner.at\/wp-content\/uploads\/2025\/02\/konditorei-zauner-produkt-torten-backwaren-kleintorte-cremechocolat-trueffel-torte-1200x1200-1.jpg","type":"image\/jpeg"}],"twitter_card":"summary_large_image","schema":{"@context":"https:\/\/schema.org","@graph":[{"@type":"WebPage","@id":"https:\/\/zauner.at\/produkt\/zauner-torte-cremechocolat-truffel-15cm-durchmesser\/","url":"https:\/\/zauner.at\/produkt\/zauner-torte-cremechocolat-truffel-15cm-durchmesser\/","name":"Kr\u00e9mov\u00fd \u010dokol\u00e1dov\u00fd lan\u00fd\u017eov\u00fd dort","isPartOf":{"@id":"https:\/\/zauner.at\/#website"},"primaryImageOfPage":{"@id":"https:\/\/zauner.at\/produkt\/zauner-torte-cremechocolat-truffel-15cm-durchmesser\/#primaryimage"},"image":{"@id":"https:\/\/zauner.at\/produkt\/zauner-torte-cremechocolat-truffel-15cm-durchmesser\/#primaryimage"},"thumbnailUrl":"https:\/\/zauner.at\/wp-content\/uploads\/2025\/02\/konditorei-zauner-produkt-torten-backwaren-kleintorte-cremechocolat-trueffel-torte-1200x1200-1.jpg","datePublished":"2011-07-19T06:44:56+00:00","dateModified":"2026-05-11T10:14:13+00:00","description":"Zauner Cremechocolat Truffle Cake \u2013 jemn\u00fd, kr\u00e9mov\u00fd a \u010dokol\u00e1dov\u00fd. Objednejte si nyn\u00ed a u\u017eijte si \u010dist\u00e9 cukr\u00e1\u0159sk\u00e9 um\u011bn\u00ed!","breadcrumb":{"@id":"https:\/\/zauner.at\/produkt\/zauner-torte-cremechocolat-truffel-15cm-durchmesser\/#breadcrumb"},"inLanguage":"cs","potentialAction":[{"@type":"ReadAction","target":["https:\/\/zauner.at\/produkt\/zauner-torte-cremechocolat-truffel-15cm-durchmesser\/"]}]},{"@type":"ImageObject","inLanguage":"cs","@id":"https:\/\/zauner.at\/produkt\/zauner-torte-cremechocolat-truffel-15cm-durchmesser\/#primaryimage","url":"https:\/\/zauner.at\/wp-content\/uploads\/2025\/02\/konditorei-zauner-produkt-torten-backwaren-kleintorte-cremechocolat-trueffel-torte-1200x1200-1.jpg","contentUrl":"https:\/\/zauner.at\/wp-content\/uploads\/2025\/02\/konditorei-zauner-produkt-torten-backwaren-kleintorte-cremechocolat-trueffel-torte-1200x1200-1.jpg","width":1200,"height":1200,"caption":"Zauner Cremechocolat-Tr\u00fcffeltorte im Geschenkkarton"},{"@type":"BreadcrumbList","@id":"https:\/\/zauner.at\/produkt\/zauner-torte-cremechocolat-truffel-15cm-durchmesser\/#breadcrumb","itemListElement":[{"@type":"ListItem","position":1,"name":"Startseite","item":"https:\/\/zauner.at\/"},{"@type":"ListItem","position":2,"name":"Unser Onlineshop","item":"https:\/\/zauner.at\/shop\/"},{"@type":"ListItem","position":3,"name":"Cremechocolat Tr\u00fcffel Torte"}]},{"@type":"WebSite","@id":"https:\/\/zauner.at\/#website","url":"https:\/\/zauner.at\/","name":"Cukr\u00e1rna Zauner","description":"Cukrovinky","publisher":{"@id":"https:\/\/zauner.at\/#organization"},"potentialAction":[{"@type":"SearchAction","target":{"@type":"EntryPoint","urlTemplate":"https:\/\/zauner.at\/?s={search_term_string}"},"query-input":{"@type":"PropertyValueSpecification","valueRequired":true,"valueName":"search_term_string"}}],"inLanguage":"cs"},{"@type":"Organization","@id":"https:\/\/zauner.at\/#organization","name":"Cukr\u00e1rna Zauner","url":"https:\/\/zauner.at\/","logo":{"@type":"ImageObject","inLanguage":"cs","@id":"https:\/\/zauner.at\/#\/schema\/logo\/image\/","url":"https:\/\/zauner.at\/wp-content\/uploads\/2025\/02\/zauner-logo.png","contentUrl":"https:\/\/zauner.at\/wp-content\/uploads\/2025\/02\/zauner-logo.png","width":160,"height":142,"caption":"Konditorei Zauner"},"image":{"@id":"https:\/\/zauner.at\/#\/schema\/logo\/image\/"},"sameAs":["https:\/\/www.facebook.com\/p\/Konditorei-Kaffee-Zauner-Bad-Ischl-100057212599739\/","https:\/\/www.instagram.com\/zaunerkaffeekonditorei\/","https:\/\/at.linkedin.com\/company\/konditorei-kaffee-zauner?trk=public_profile_experience-group-header"]}]}},"_links":{"self":[{"href":"https:\/\/zauner.at\/cz\/wp-json\/wp\/v2\/product\/213726","targetHints":{"allow":["GET"]}}],"collection":[{"href":"https:\/\/zauner.at\/cz\/wp-json\/wp\/v2\/product"}],"about":[{"href":"https:\/\/zauner.at\/cz\/wp-json\/wp\/v2\/types\/product"}],"replies":[{"embeddable":true,"href":"https:\/\/zauner.at\/cz\/wp-json\/wp\/v2\/comments?post=213726"}],"wp:featuredmedia":[{"embeddable":true,"href":"https:\/\/zauner.at\/cz\/wp-json\/wp\/v2\/media\/217637"}],"wp:attachment":[{"href":"https:\/\/zauner.at\/cz\/wp-json\/wp\/v2\/media?parent=213726"}],"wp:term":[{"taxonomy":"product_brand","embeddable":true,"href":"https:\/\/zauner.at\/cz\/wp-json\/wp\/v2\/product_brand?post=213726"},{"taxonomy":"product_cat","embeddable":true,"href":"https:\/\/zauner.at\/cz\/wp-json\/wp\/v2\/product_cat?post=213726"},{"taxonomy":"product_tag","embeddable":true,"href":"https:\/\/zauner.at\/cz\/wp-json\/wp\/v2\/product_tag?post=213726"}],"curies":[{"name":"wp","href":"https:\/\/api.w.org\/{rel}","templated":true}]}}