{"id":3,"date":"2024-06-11T14:42:54","date_gmt":"2024-06-11T12:42:54","guid":{"rendered":"https:\/\/zauner.at\/?page_id=3"},"modified":"2025-03-07T13:07:55","modified_gmt":"2025-03-07T12:07:55","slug":"datenschutzerklaerung","status":"publish","type":"page","link":"https:\/\/zauner.at\/cz\/datenschutzerklaerung\/","title":{"rendered":"Datenschutzerkl\u00e4rung"},"content":{"rendered":"<p><strong>Erkl\u00e4rung zur Informationspflicht (Datenschutzerkl\u00e4rung)<\/strong><\/p>\n<p>Der Schutz Ihrer pers\u00f6nlichen Daten ist uns ein besonderes Anliegen. Wir verarbeiten Ihre Daten daher ausschlie\u00dflich auf Grundlage der gesetzlichen Bestimmungen (DSGVO, TKG). In diesen Datenschutzinformationen informieren wir Sie \u00fcber die wichtigsten Aspekte der Datenverarbeitung im Rahmen unserer Website.<br \/>\n<br \/>\n<strong>Kontakt mit uns<\/strong><\/p>\n<p>Wenn Sie per Formular auf der Website oder per E-Mail\u00a0Kontakt mit uns aufnehmen, werden Ihre angegebenen Daten zwecks Bearbeitung der Anfrage und f\u00fcr den Fall von Anschlussfragen 6 Monate bei uns gespeichert. Diese Daten geben wir nicht weiter.<br \/>\n<br \/>\n<strong>Datenspeicherung<\/strong><\/p>\n<p>Wir weisen darauf hin, dass zum Zweck des einfacheren Einkaufsvorganges und zur sp\u00e4teren Vertragsabwicklung vom Webshop-Betreiber, MIKAS ISP Werbe GmbH, Stettnerstrasse 20, 5301 Eugendorf \u2013 \u00d6sterreich, im Rahmen von Log-Daten die IP-Adresse des Webseitenbesuchers gespeichert werden, ebenso wie technische Informationen \u2013 diese Daten werden nur bei Verdacht auf Missbrauch analysiert. Technische Betreuung des Onlineshops ist die Firma Adprico GmbH, Fischachstra\u00dfe 36, AT-5101 Bergheim bei Salzburg.<\/p>\n<p>Die von Ihnen bereit gestellten Daten sind zur Vertragserf\u00fcllung, zur Ausf\u00fchrung der von Ihnen angeforderten Bestellungen erforderlich. Ohne diese Daten k\u00f6nnen wir den Vertrag mit Ihnen nicht abschlie\u00dfen.<\/p>\n<p>Eine Daten\u00fcbermittlung an Dritte erfolgt nicht, mit Ausnahme der \u00dcbermittlung der Kreditkartendaten an die abwickelnden Bankinstitute sowie PAYONE GmbH, Lyoner Stra\u00dfe 15, DE-60528 Frankfurt am Main, zum Zwecke der Abbuchung des Einkaufspreises, Adressangabe an das von uns beauftragte Transportunternehmen\/Versandunternehmen zur Zustellung der Ware, an unseren Steuerberater zur Erf\u00fcllung unserer steuerrechtlichen Verpflichtungen sowie an Google Inc. (1600 Amphitheatre Parkway, Mountain View, CA 94043, USA; \u201eGoogle\u201c) zur Nutzung von \u201cGoogle AdWords\u201d, \u201cGoogle Conversion-Tracking\u201d und \u201cGoogle Analytics\u201d.<\/p>\n<p>Nach Abbruch des Einkaufsvorganges werden die bei uns gespeicherten Daten gel\u00f6scht. Im Falle eines Vertragsabschlusses werden s\u00e4mtliche Daten aus dem Vertragsverh\u00e4ltnis bis zum Ablauf der steuerrechtlichen Aufbewahrungsfrist (7 Jahre) gespeichert.<br \/>\nDie Daten Name, Anschrift, gekaufte Waren und Kaufdatum werden dar\u00fcber hinaus gehend bis zum Ablauf der Produkthaftung (10 Jahre) gespeichert.\u00a0 Die Datenverarbeitung erfolgt auf Basis der gesetzlichen Bestimmungen des \u00a7 96 Abs 3 TKG sowie des Art 6 Abs 1 lit a (Einwilligung) und\/oder lit b (notwendig zur Vertragserf\u00fcllung) der DSGVO.<br \/>\n<br \/>\n<strong>Cookies<\/strong><\/p>\n<p>Unsere Website verwendet so genannte Cookies. Dabei handelt es sich um kleine Textdateien, die mit Hilfe des Browsers auf Ihrem Endger\u00e4t abgelegt werden. Sie richten keinen Schaden an. Wir nutzen Cookies dazu, unser Angebot nutzerfreundlich zu gestalten. Einige Cookies bleiben auf Ihrem Endger\u00e4t gespeichert, bis Sie diese l\u00f6schen. Sie erm\u00f6glichen es uns, Ihren Browser beim n\u00e4chsten Besuch wiederzuerkennen. Wenn Sie dies nicht w\u00fcnschen, so k\u00f6nnen Sie Ihren Browser so einrichten, dass er Sie \u00fcber das Setzen von Cookies informiert und Sie dies nur im Einzelfall erlauben. Bei der Deaktivierung von Cookies kann die Funktionalit\u00e4t unserer Website eingeschr\u00e4nkt sein.<br \/>\n<br \/>\n<strong>Wir nutzen das Online-Werbeprogramm \u201eGoogle AdWords\u201c und im Rahmen von Google AdWords das Conversion-Tracking.<\/strong><\/p>\n<p>Das Google Conversion-Tracking ist ein Analysedienst der Google Inc. (1600 Amphitheatre Parkway, Mountain View, CA 94043, USA; \u201eGoogle\u201c). Wenn Sie auf eine von Google geschaltete Anzeige klicken, wird ein Cookie f\u00fcr das Conversion-Tracking auf Ihrem Rechner abgelegt. Diese Cookies verlieren nach 30 Tagen ihre G\u00fcltigkeit, enthalten keine personenbezogenen Daten und dienen somit nicht der pers\u00f6nlichen Identifizierung. Wenn Sie bestimmte Internetseiten unserer Website besuchen und das Cookie noch nicht abgelaufen ist, k\u00f6nnen Google und wir erkennen, dass Sie auf die Anzeige geklickt haben und zu dieser Seite weitergeleitet wurden. Jeder Google AdWords-Kunde erh\u00e4lt ein anderes Cookie. Somit besteht keine M\u00f6glichkeit, dass Cookies \u00fcber die Websites von AdWords-Kunden nachverfolgt werden k\u00f6nnen. Die Informationen, die mit Hilfe des Conversion-Cookies eingeholten werden, dienen dazu, Conversion-Statistiken f\u00fcr AdWords-Kunden zu erstellen, die sich f\u00fcr Conversion-Tracking entschieden haben. Hierbei erfahren die Kunden die Gesamtanzahl der Nutzer, die auf ihre Anzeige geklickt haben und zu einer mit einem Conversion-Tracking-Tag versehenen Seite weitergeleitet wurden. Sie erhalten jedoch keine Informationen, mit denen sich Nutzer pers\u00f6nlich identifizieren lassen. Wenn Sie nicht am Tracking teilnehmen m\u00f6chten, k\u00f6nnen Sie dieser Nutzung widersprechen, indem Sie die Installation der Cookies durch eine entsprechende Einstellung Ihrer Browser Software verhindern (Deaktivierungsm\u00f6glichkeit). Sie werden sodann nicht in die Conversion-Tracking Statistiken aufgenommen.<br \/>\n<br \/>\n<strong>Verwendung von Google Analytics<\/strong><\/p>\n<p>Diese Website benutzt Google Analytics, einen Webanalysedienst der Google Inc. (\u201eGoogle\u201c). Die durch den Google-Cookie erzeugten Informationen \u00fcber Ihre Benutzung dieser Website werden in der Regel an einen Server von Google in den USA \u00fcbertragen und dort gespeichert. Im Falle der Aktivierung der IP-Anonymisierung auf dieser Webseite, wird Ihre IP-Adresse von Google jedoch innerhalb von Mitgliedstaaten der Europ\u00e4ischen Union oder in anderen Vertragsstaaten des Abkommens \u00fcber den Europ\u00e4ischen Wirtschaftsraum zuvor gek\u00fcrzt. Nur in Ausnahmef\u00e4llen wird die volle IP-Adresse an einen Server von Google in den USA \u00fcbertragen und dort gek\u00fcrzt. Im Auftrag des Betreibers dieser Website wird Google diese Informationen benutzen, um Ihre Nutzung der Website auszuwerten, um Reports \u00fcber die Websiteaktivit\u00e4ten zusammenzustellen und um weitere mit der Websitenutzung und der Internetnutzung verbundene Dienstleistungen gegen\u00fcber dem Websitebetreiber zu erbringen. Die im Rahmen von Google Analytics von Ihrem Browser \u00fcbermittelte IP-Adresse wird nicht mit anderen Daten von Google zusammengef\u00fchrt. Sie k\u00f6nnen die Speicherung der Cookies durch eine entsprechende Einstellung Ihrer Browser-Software verhindern; wir weisen Sie jedoch darauf hin, dass Sie in diesem Fall gegebenenfalls nicht s\u00e4mtliche Funktionen dieser Website vollumf\u00e4nglich werden nutzen k\u00f6nnen.<\/p>\n<p>Sie k\u00f6nnen dar\u00fcber hinaus die Erfassung der durch das Cookie erzeugten und auf Ihre Nutzung der Website bezogenen Daten (inkl. Ihrer IP-Adresse) an Google sowie die Verarbeitung dieser Daten durch Google verhindern, indem sie das unter dem folgenden Link verf\u00fcgbare Browser-Plugin herunterladen und installieren https:\/\/tools.google.com\/dlpage\/gaoptout?hl=de.<\/p>\n<p>N\u00e4here Informationen zu Nutzungsbedingungen und Datenschutz finden Sie unter den\u00a0<a href=\"https:\/\/www.google.com\/analytics\/terms\/de.html\">Google Analytics Bedingungen<\/a>\u00a0bzw. unter der\u00a0<a href=\"https:\/\/www.google.com\/intl\/de\/policies\/privacy\/index.html\">Google Analytics \u00dcbersicht<\/a>. Wir weisen Sie darauf hin, dass auf dieser Webseite Google Analytics um den Code \u201egat._anonymizeIp();\u201c erweitert wurde, um eine anonymisierte Erfassung von IP-Adressen (sog. IP-Masking) zu gew\u00e4hrleisten.<br \/>\n<br \/>\n<strong>Ihre Rechte<\/strong><\/p>\n<p>Ihnen stehen grunds\u00e4tzlich die Rechte auf Auskunft, Berichtigung, L\u00f6schung, Einschr\u00e4nkung, Daten\u00fcbertragbarkeit, Widerruf und Widerspruch zu. Wenn Sie glauben, dass die Verarbeitung Ihrer Daten gegen das Datenschutzrecht verst\u00f6\u00dft oder Ihre datenschutzrechtlichen Anspr\u00fcche sonst in einer Weise verletzt worden sind, k\u00f6nnen Sie sich bei der Aufsichtsbeh\u00f6rde beschweren. In \u00d6sterreich ist dies die Datenschutzbeh\u00f6rde.<br \/>\n<br \/>\n<strong>Sie erreichen uns unter folgenden Kontaktdaten:<\/strong><br \/>\n<br \/>\nKonditorei-Kaffee Zauner GmbH<br \/>\nKonditorei-Kaffee Zauner GmbH &amp; Co KG,<br \/>\nAT-4820 Bad Ischl, Pfarrgasse 7<br \/>\n<br \/>\nTel.: +43 (0)6132-23310-0<br \/>\nE-Mail: info@zauner.at<br \/>\nwww.zauner.at<br \/>\n<br \/>\nStand: September 2024<\/p>\n<p>&nbsp;<\/p>","protected":false},"excerpt":{"rendered":"<p>Erkl\u00e4rung zur Informationspflicht (Datenschutzerkl\u00e4rung) Der Schutz Ihrer pers\u00f6nlichen Daten ist uns ein besonderes Anliegen. Wir verarbeiten Ihre Daten daher ausschlie\u00dflich auf Grundlage der gesetzlichen Bestimmungen (DSGVO, TKG). In diesen Datenschutzinformationen informieren wir Sie \u00fcber die wichtigsten Aspekte der Datenverarbeitung im Rahmen unserer Website. Kontakt mit uns Wenn Sie per Formular auf der Website oder per [&hellip;]<\/p>\n","protected":false},"author":1,"featured_media":0,"parent":0,"menu_order":92,"comment_status":"closed","ping_status":"closed","template":"","meta":{"_acf_changed":false,"footnotes":""},"class_list":["post-3","page","type-page","status-publish","hentry"],"acf":[],"yoast_head":"<!-- This site is optimized with the Yoast SEO plugin v27.5 - https:\/\/yoast.com\/product\/yoast-seo-wordpress\/ -->\n<title>Datenschutzerkl\u00e4rung - Zauner<\/title>\n<meta name=\"description\" content=\"Zauner sch\u00fctzt Ihre pers\u00f6nlichen Daten gem\u00e4\u00df DSGVO. Erfahren Sie hier alles \u00fcber unsere Datenschutzrichtlinien!\" \/>\n<meta name=\"robots\" content=\"index, follow, max-snippet:-1, max-image-preview:large, max-video-preview:-1\" \/>\n<link rel=\"canonical\" href=\"https:\/\/zauner.at\/cz\/datenschutzerklaerung\/\" \/>\n<meta property=\"og:locale\" content=\"cs_CZ\" \/>\n<meta property=\"og:type\" content=\"article\" \/>\n<meta property=\"og:title\" content=\"Datenschutzerkl\u00e4rung - Zauner\" \/>\n<meta property=\"og:description\" content=\"Zauner sch\u00fctzt Ihre pers\u00f6nlichen Daten gem\u00e4\u00df DSGVO. Erfahren Sie hier alles \u00fcber unsere Datenschutzrichtlinien!\" \/>\n<meta property=\"og:url\" content=\"https:\/\/zauner.at\/cz\/datenschutzerklaerung\/\" \/>\n<meta property=\"og:site_name\" content=\"Zauner\" \/>\n<meta property=\"article:publisher\" content=\"https:\/\/www.facebook.com\/p\/Konditorei-Kaffee-Zauner-Bad-Ischl-100057212599739\/\" \/>\n<meta property=\"article:modified_time\" content=\"2025-03-07T12:07:55+00:00\" \/>\n<meta property=\"og:image\" content=\"https:\/\/zauner.at\/wp-content\/uploads\/2025\/01\/zauner-konditorei-cafe-hero-28424693_1591881217516353_6705677175667134588_o_web-890x590-1.jpg\" \/>\n\t<meta property=\"og:image:width\" content=\"890\" \/>\n\t<meta property=\"og:image:height\" content=\"591\" \/>\n\t<meta property=\"og:image:type\" content=\"image\/jpeg\" \/>\n<meta name=\"twitter:card\" content=\"summary_large_image\" \/>\n<meta name=\"twitter:label1\" content=\"Est. reading time\" \/>\n\t<meta name=\"twitter:data1\" content=\"5 minut\" \/>\n<script type=\"application\/ld+json\" class=\"yoast-schema-graph\">{\"@context\":\"https:\\\/\\\/schema.org\",\"@graph\":[{\"@type\":\"Article\",\"@id\":\"https:\\\/\\\/zauner.at\\\/datenschutzerklaerung\\\/#article\",\"isPartOf\":{\"@id\":\"https:\\\/\\\/zauner.at\\\/datenschutzerklaerung\\\/\"},\"author\":{\"name\":\"icke\",\"@id\":\"https:\\\/\\\/zauner.at\\\/#\\\/schema\\\/person\\\/abbd7252a835235acd956facea714425\"},\"headline\":\"Datenschutzerkl\u00e4rung\",\"datePublished\":\"2024-06-11T12:42:54+00:00\",\"dateModified\":\"2025-03-07T12:07:55+00:00\",\"mainEntityOfPage\":{\"@id\":\"https:\\\/\\\/zauner.at\\\/datenschutzerklaerung\\\/\"},\"wordCount\":1072,\"publisher\":{\"@id\":\"https:\\\/\\\/zauner.at\\\/#organization\"},\"inLanguage\":\"cs\"},{\"@type\":\"WebPage\",\"@id\":\"https:\\\/\\\/zauner.at\\\/datenschutzerklaerung\\\/\",\"url\":\"https:\\\/\\\/zauner.at\\\/datenschutzerklaerung\\\/\",\"name\":\"Datenschutzerkl\u00e4rung - Zauner\",\"isPartOf\":{\"@id\":\"https:\\\/\\\/zauner.at\\\/#website\"},\"datePublished\":\"2024-06-11T12:42:54+00:00\",\"dateModified\":\"2025-03-07T12:07:55+00:00\",\"description\":\"Zauner sch\u00fctzt Ihre pers\u00f6nlichen Daten gem\u00e4\u00df DSGVO. Erfahren Sie hier alles \u00fcber unsere Datenschutzrichtlinien!\",\"breadcrumb\":{\"@id\":\"https:\\\/\\\/zauner.at\\\/datenschutzerklaerung\\\/#breadcrumb\"},\"inLanguage\":\"cs\",\"potentialAction\":[{\"@type\":\"ReadAction\",\"target\":[\"https:\\\/\\\/zauner.at\\\/datenschutzerklaerung\\\/\"]}]},{\"@type\":\"BreadcrumbList\",\"@id\":\"https:\\\/\\\/zauner.at\\\/datenschutzerklaerung\\\/#breadcrumb\",\"itemListElement\":[{\"@type\":\"ListItem\",\"position\":1,\"name\":\"Startseite\",\"item\":\"https:\\\/\\\/zauner.at\\\/\"},{\"@type\":\"ListItem\",\"position\":2,\"name\":\"Datenschutzerkl\u00e4rung\"}]},{\"@type\":\"WebSite\",\"@id\":\"https:\\\/\\\/zauner.at\\\/#website\",\"url\":\"https:\\\/\\\/zauner.at\\\/\",\"name\":\"Konditorei Zauner\",\"description\":\"Konditorei\",\"publisher\":{\"@id\":\"https:\\\/\\\/zauner.at\\\/#organization\"},\"potentialAction\":[{\"@type\":\"SearchAction\",\"target\":{\"@type\":\"EntryPoint\",\"urlTemplate\":\"https:\\\/\\\/zauner.at\\\/?s={search_term_string}\"},\"query-input\":{\"@type\":\"PropertyValueSpecification\",\"valueRequired\":true,\"valueName\":\"search_term_string\"}}],\"inLanguage\":\"cs\"},{\"@type\":\"Organization\",\"@id\":\"https:\\\/\\\/zauner.at\\\/#organization\",\"name\":\"Konditorei Zauner\",\"url\":\"https:\\\/\\\/zauner.at\\\/\",\"logo\":{\"@type\":\"ImageObject\",\"inLanguage\":\"cs\",\"@id\":\"https:\\\/\\\/zauner.at\\\/#\\\/schema\\\/logo\\\/image\\\/\",\"url\":\"https:\\\/\\\/zauner.at\\\/wp-content\\\/uploads\\\/2025\\\/02\\\/zauner-logo.png\",\"contentUrl\":\"https:\\\/\\\/zauner.at\\\/wp-content\\\/uploads\\\/2025\\\/02\\\/zauner-logo.png\",\"width\":160,\"height\":142,\"caption\":\"Konditorei Zauner\"},\"image\":{\"@id\":\"https:\\\/\\\/zauner.at\\\/#\\\/schema\\\/logo\\\/image\\\/\"},\"sameAs\":[\"https:\\\/\\\/www.facebook.com\\\/p\\\/Konditorei-Kaffee-Zauner-Bad-Ischl-100057212599739\\\/\",\"https:\\\/\\\/www.instagram.com\\\/zaunerkaffeekonditorei\\\/\",\"https:\\\/\\\/at.linkedin.com\\\/company\\\/konditorei-kaffee-zauner?trk=public_profile_experience-group-header\"]},{\"@type\":\"Person\",\"@id\":\"https:\\\/\\\/zauner.at\\\/#\\\/schema\\\/person\\\/abbd7252a835235acd956facea714425\",\"name\":\"icke\",\"sameAs\":[\"https:\\\/\\\/example.com\"],\"url\":\"https:\\\/\\\/zauner.at\\\/cz\\\/author\\\/johndoe\\\/\"}]}<\/script>\n<!-- \/ Yoast SEO plugin. -->","yoast_head_json":{"title":"Datenschutzerkl\u00e4rung - Zauner","description":"Zauner sch\u00fctzt Ihre pers\u00f6nlichen Daten gem\u00e4\u00df DSGVO. Erfahren Sie hier alles \u00fcber unsere Datenschutzrichtlinien!","robots":{"index":"index","follow":"follow","max-snippet":"max-snippet:-1","max-image-preview":"max-image-preview:large","max-video-preview":"max-video-preview:-1"},"canonical":"https:\/\/zauner.at\/cz\/datenschutzerklaerung\/","og_locale":"cs_CZ","og_type":"article","og_title":"Datenschutzerkl\u00e4rung - Zauner","og_description":"Zauner sch\u00fctzt Ihre pers\u00f6nlichen Daten gem\u00e4\u00df DSGVO. Erfahren Sie hier alles \u00fcber unsere Datenschutzrichtlinien!","og_url":"https:\/\/zauner.at\/cz\/datenschutzerklaerung\/","og_site_name":"Zauner","article_publisher":"https:\/\/www.facebook.com\/p\/Konditorei-Kaffee-Zauner-Bad-Ischl-100057212599739\/","article_modified_time":"2025-03-07T12:07:55+00:00","og_image":[{"width":890,"height":591,"url":"https:\/\/zauner.at\/wp-content\/uploads\/2025\/01\/zauner-konditorei-cafe-hero-28424693_1591881217516353_6705677175667134588_o_web-890x590-1.jpg","type":"image\/jpeg"}],"twitter_card":"summary_large_image","twitter_misc":{"Est. reading time":"5 minut"},"schema":{"@context":"https:\/\/schema.org","@graph":[{"@type":"Article","@id":"https:\/\/zauner.at\/datenschutzerklaerung\/#article","isPartOf":{"@id":"https:\/\/zauner.at\/datenschutzerklaerung\/"},"author":{"name":"icke","@id":"https:\/\/zauner.at\/#\/schema\/person\/abbd7252a835235acd956facea714425"},"headline":"Datenschutzerkl\u00e4rung","datePublished":"2024-06-11T12:42:54+00:00","dateModified":"2025-03-07T12:07:55+00:00","mainEntityOfPage":{"@id":"https:\/\/zauner.at\/datenschutzerklaerung\/"},"wordCount":1072,"publisher":{"@id":"https:\/\/zauner.at\/#organization"},"inLanguage":"cs"},{"@type":"WebPage","@id":"https:\/\/zauner.at\/datenschutzerklaerung\/","url":"https:\/\/zauner.at\/datenschutzerklaerung\/","name":"Datenschutzerkl\u00e4rung - Zauner","isPartOf":{"@id":"https:\/\/zauner.at\/#website"},"datePublished":"2024-06-11T12:42:54+00:00","dateModified":"2025-03-07T12:07:55+00:00","description":"Zauner sch\u00fctzt Ihre pers\u00f6nlichen Daten gem\u00e4\u00df DSGVO. Erfahren Sie hier alles \u00fcber unsere Datenschutzrichtlinien!","breadcrumb":{"@id":"https:\/\/zauner.at\/datenschutzerklaerung\/#breadcrumb"},"inLanguage":"cs","potentialAction":[{"@type":"ReadAction","target":["https:\/\/zauner.at\/datenschutzerklaerung\/"]}]},{"@type":"BreadcrumbList","@id":"https:\/\/zauner.at\/datenschutzerklaerung\/#breadcrumb","itemListElement":[{"@type":"ListItem","position":1,"name":"Startseite","item":"https:\/\/zauner.at\/"},{"@type":"ListItem","position":2,"name":"Datenschutzerkl\u00e4rung"}]},{"@type":"WebSite","@id":"https:\/\/zauner.at\/#website","url":"https:\/\/zauner.at\/","name":"Cukr\u00e1rna Zauner","description":"Cukrovinky","publisher":{"@id":"https:\/\/zauner.at\/#organization"},"potentialAction":[{"@type":"SearchAction","target":{"@type":"EntryPoint","urlTemplate":"https:\/\/zauner.at\/?s={search_term_string}"},"query-input":{"@type":"PropertyValueSpecification","valueRequired":true,"valueName":"search_term_string"}}],"inLanguage":"cs"},{"@type":"Organization","@id":"https:\/\/zauner.at\/#organization","name":"Cukr\u00e1rna Zauner","url":"https:\/\/zauner.at\/","logo":{"@type":"ImageObject","inLanguage":"cs","@id":"https:\/\/zauner.at\/#\/schema\/logo\/image\/","url":"https:\/\/zauner.at\/wp-content\/uploads\/2025\/02\/zauner-logo.png","contentUrl":"https:\/\/zauner.at\/wp-content\/uploads\/2025\/02\/zauner-logo.png","width":160,"height":142,"caption":"Konditorei Zauner"},"image":{"@id":"https:\/\/zauner.at\/#\/schema\/logo\/image\/"},"sameAs":["https:\/\/www.facebook.com\/p\/Konditorei-Kaffee-Zauner-Bad-Ischl-100057212599739\/","https:\/\/www.instagram.com\/zaunerkaffeekonditorei\/","https:\/\/at.linkedin.com\/company\/konditorei-kaffee-zauner?trk=public_profile_experience-group-header"]},{"@type":"Person","@id":"https:\/\/zauner.at\/#\/schema\/person\/abbd7252a835235acd956facea714425","name":"m\u011b","sameAs":["https:\/\/example.com"],"url":"https:\/\/zauner.at\/cz\/author\/johndoe\/"}]}},"_links":{"self":[{"href":"https:\/\/zauner.at\/cz\/wp-json\/wp\/v2\/pages\/3","targetHints":{"allow":["GET"]}}],"collection":[{"href":"https:\/\/zauner.at\/cz\/wp-json\/wp\/v2\/pages"}],"about":[{"href":"https:\/\/zauner.at\/cz\/wp-json\/wp\/v2\/types\/page"}],"author":[{"embeddable":true,"href":"https:\/\/zauner.at\/cz\/wp-json\/wp\/v2\/users\/1"}],"replies":[{"embeddable":true,"href":"https:\/\/zauner.at\/cz\/wp-json\/wp\/v2\/comments?post=3"}],"version-history":[{"count":7,"href":"https:\/\/zauner.at\/cz\/wp-json\/wp\/v2\/pages\/3\/revisions"}],"predecessor-version":[{"id":218901,"href":"https:\/\/zauner.at\/cz\/wp-json\/wp\/v2\/pages\/3\/revisions\/218901"}],"wp:attachment":[{"href":"https:\/\/zauner.at\/cz\/wp-json\/wp\/v2\/media?parent=3"}],"curies":[{"name":"wp","href":"https:\/\/api.w.org\/{rel}","templated":true}]}}