{"id":140,"date":"2024-06-11T22:53:59","date_gmt":"2024-06-11T20:53:59","guid":{"rendered":"https:\/\/zauner.at\/impressum\/"},"modified":"2025-03-12T08:52:24","modified_gmt":"2025-03-12T07:52:24","slug":"impressum","status":"publish","type":"page","link":"https:\/\/zauner.at\/cz\/impressum\/","title":{"rendered":"otisk"},"content":{"rendered":"<h1>otisk<\/h1>\n<p>&nbsp;<br \/>\n&nbsp;<\/p>\n<h2>Cukr\u00e1rna Zauner<\/h2>\n<p>&nbsp;<\/p>\n<p>Pfarrgasse 7<br \/>\nAT-4820 Bad Ischl<br \/>\nRakousko<\/p>\n<p>&nbsp;<\/p>\n<p>Bestellb\u00fcro: +43 6132 23310-15<br \/>\nGesch\u00e4ft\/Caf\u00e9: +43 6132 23310-20<br \/>\nFax: +43 6132 23310-30<\/p>\n<p>&nbsp;<\/p>\n<p>Web: <a href=\"https:\/\/zauner.at\/cz\/\" target=\"_blank\" rel=\"noopener noreferrer\">www.zauner.at<\/a><br \/>\nMail: <a href=\"mailto:info@zauner.at\">info@zauner.at<\/a><\/p>\n<p>&nbsp;<br \/>\n&nbsp;<\/p>\n<h2>Konditorei-Kaffee Zauner GesmbH &amp; Co KG<\/h2>\n<p>&nbsp;<\/p>\n<p>(Kaffeehaus- und Restaurantbetrieb)<\/p>\n<p>&nbsp;<\/p>\n<p>Firmenbuchnummer: 25556h<br \/>\nFirmenbuchgericht: Landesgericht Wels<br \/>\nUID-Nummer: ATU52600305<br \/>\nDVR-Nr.: 0895547<br \/>\nGesch\u00e4ftsf\u00fchrer: Philipp Zauner<br \/>\n&nbsp;<br \/>\n&nbsp;<\/p>\n<h2>Konditorei-Kaffee Zauner GesmbH<\/h2>\n<p>&nbsp;<\/p>\n<p>(Onlineshop)<br \/>\n&nbsp;<br \/>\nFirmenbuchnummer: 138741g<br \/>\nFirmenbuchgericht: Landesgericht Wels<br \/>\nUID-Nummer: ATU41795303<br \/>\nDVR-Nr.: 0895539<br \/>\nGesch\u00e4ftsf\u00fchrer: Philipp Zauner<\/p>\n<p>&nbsp;<\/p>\n<p>Fachgruppe Konditoren und Gastronomie der Wirtschaftskammer \u00d6sterreich<\/p>\n<p>&nbsp;<br \/>\n&nbsp;<\/p>\n<h2>Lebensmittelinformation<\/h2>\n<p>&nbsp;<br \/>\nWir produzieren und versenden frisch nach Auftrag. Die Waren sind nicht vorverpackt im Sinne der EU-LebensmittelinformationsVO 1169\/2011.<br \/>\n&nbsp;<br \/>\nUnser Verkaufspersonal informiert Sie gerne gem\u00e4\u00df der \u00f6sterr. AllergeninformationsVO.<\/p>\n<p>&nbsp;<br \/>\n&nbsp;<\/p>\n<h2>Fotos &#8211; Copyrights<\/h2>\n<p>&nbsp;<\/p>\n<ul style=\"padding-left: 20px; \">\n<li>Zauner<\/li>\n<li>\n<a href=\"https:\/\/www.fotohofer.at\/HOFER\/carolineparzer\/home\" target=\"_blank\" rel=\"noopener noreferrer\">Foto Hofer<\/a><\/li>\n<li>\n<a href=\"https:\/\/www.artpaper-photo.at\/\" target=\"_blank\" rel=\"noopener noreferrer\">Stadler Wolfgang<\/a><\/li>\n<li>\n<a href=\"https:\/\/www.buero36.at\" target=\"_blank\" rel=\"noopener noreferrer\">B\u00fcro 36\u00a0<\/a><\/li>\n<li>\n<a href=\"https:\/\/www.oberoesterreich-tourismus.at\/\" target=\"_blank\" rel=\"noopener noreferrer\"> Ober\u00f6sterreich Tourismus GmbH \/ Gellner\u00a0<\/a><\/li>\n<li>\n<a href=\"https:\/\/www.oberoesterreich-tourismus.at\/\" target=\"_blank\" rel=\"noopener noreferrer\"> Ober\u00f6sterreich Tourismus GmbH \/ Kerschbaumer\u00a0<\/a><\/li>\n<li>\nHoermandinger<\/li>\n<li>\n<a href=\"https:\/\/www.matthiasheschl.com\/ \" target=\"_blank\" rel=\"noopener noreferrer\"> Heschl\u00a0<\/a><\/li>\n<li>\nKressl<\/li>\n<li>\n<a href=\"https:\/\/stock.adobe.com\" target=\"_blank\" rel=\"noopener noreferrer\"> stock.adobe.com\u00a0<\/a><\/li>\n<li>\nLeitner<\/li>\n<li>\n<a href=\"https:\/\/berlinfive.com\/ \" target=\"_blank\" rel=\"noopener noreferrer\"> BerlinFive GmbH\u00a0<\/a><\/li>\n<li>\nRiedmann<\/li>\n<li>\nThomas Apolt<\/li>\n<li>\n<a href=\"https:\/\/www.adprico.at\/ \" target=\"_blank\" rel=\"noopener noreferrer\"> Adprico <\/a><\/li>\n<\/ul>\n<p>&nbsp;<br \/>\n&nbsp;<\/p>\n<h2> Gestaltung, Konzept, Website mit Onlineshop <\/h2>\n<p>&nbsp;<br \/>\n<a href=\"https:\/\/www.adprico.at\/\" target=\"_blank\" rel=\"noopener noreferrer\"> adprico.at<\/a>, Adprico <\/b><\/p>\n<p>&nbsp;<\/p>","protected":false},"excerpt":{"rendered":"<p>Impressum &nbsp; &nbsp; Konditorei Zauner &nbsp; Pfarrgasse 7 AT-4820 Bad Ischl \u00d6sterreich &nbsp; Bestellb\u00fcro: +43 6132 23310-15 Gesch\u00e4ft\/Caf\u00e9: +43 6132 23310-20 Fax: +43 6132 23310-30 &nbsp; Web: www.zauner.at Mail: info@zauner.at &nbsp; &nbsp; Konditorei-Kaffee Zauner GesmbH &amp; Co KG &nbsp; (Kaffeehaus- und Restaurantbetrieb) &nbsp; Firmenbuchnummer: 25556h Firmenbuchgericht: Landesgericht Wels UID-Nummer: ATU52600305 DVR-Nr.: 0895547 Gesch\u00e4ftsf\u00fchrer: Philipp Zauner [&hellip;]<\/p>\n","protected":false},"author":1,"featured_media":0,"parent":0,"menu_order":91,"comment_status":"closed","ping_status":"closed","template":"","meta":{"_acf_changed":false,"footnotes":""},"class_list":["post-140","page","type-page","status-publish","hentry"],"acf":[],"yoast_head":"<!-- This site is optimized with the Yoast SEO plugin v27.5 - https:\/\/yoast.com\/product\/yoast-seo-wordpress\/ -->\n<title>Zauner Impressum \u27a4 Alle Infos auf einen Blick<\/title>\n<meta name=\"description\" content=\"Zauner Impressum: Erfahren Sie hier alles \u00fcber unser Unternehmen, Kontaktinformationen und rechtliche Hinweise.\" \/>\n<meta name=\"robots\" content=\"index, follow, max-snippet:-1, max-image-preview:large, max-video-preview:-1\" \/>\n<link rel=\"canonical\" href=\"https:\/\/zauner.at\/cz\/impressum\/\" \/>\n<meta property=\"og:locale\" content=\"cs_CZ\" \/>\n<meta property=\"og:type\" content=\"article\" \/>\n<meta property=\"og:title\" content=\"Zauner Impressum \u27a4 Alle Infos auf einen Blick\" \/>\n<meta property=\"og:description\" content=\"Zauner Impressum: Erfahren Sie hier alles \u00fcber unser Unternehmen, Kontaktinformationen und rechtliche Hinweise.\" \/>\n<meta property=\"og:url\" content=\"https:\/\/zauner.at\/cz\/impressum\/\" \/>\n<meta property=\"og:site_name\" content=\"Zauner\" \/>\n<meta property=\"article:publisher\" content=\"https:\/\/www.facebook.com\/p\/Konditorei-Kaffee-Zauner-Bad-Ischl-100057212599739\/\" \/>\n<meta property=\"article:modified_time\" content=\"2025-03-12T07:52:24+00:00\" \/>\n<meta property=\"og:image\" content=\"https:\/\/zauner.at\/wp-content\/uploads\/2025\/01\/zauner-konditorei-cafe-hero-28424693_1591881217516353_6705677175667134588_o_web-890x590-1.jpg\" \/>\n\t<meta property=\"og:image:width\" content=\"890\" \/>\n\t<meta property=\"og:image:height\" content=\"591\" \/>\n\t<meta property=\"og:image:type\" content=\"image\/jpeg\" \/>\n<meta name=\"twitter:card\" content=\"summary_large_image\" \/>\n<meta name=\"twitter:label1\" content=\"Odhadovan\u00e1 doba \u010dten\u00ed\" \/>\n\t<meta name=\"twitter:data1\" content=\"1 minuta\" \/>\n<script type=\"application\/ld+json\" class=\"yoast-schema-graph\">{\"@context\":\"https:\\\/\\\/schema.org\",\"@graph\":[{\"@type\":\"Article\",\"@id\":\"https:\\\/\\\/zauner.at\\\/impressum\\\/#article\",\"isPartOf\":{\"@id\":\"https:\\\/\\\/zauner.at\\\/impressum\\\/\"},\"author\":{\"name\":\"icke\",\"@id\":\"https:\\\/\\\/zauner.at\\\/#\\\/schema\\\/person\\\/abbd7252a835235acd956facea714425\"},\"headline\":\"Impressum\",\"datePublished\":\"2024-06-11T20:53:59+00:00\",\"dateModified\":\"2025-03-12T07:52:24+00:00\",\"mainEntityOfPage\":{\"@id\":\"https:\\\/\\\/zauner.at\\\/impressum\\\/\"},\"wordCount\":164,\"publisher\":{\"@id\":\"https:\\\/\\\/zauner.at\\\/#organization\"},\"inLanguage\":\"cs\"},{\"@type\":\"WebPage\",\"@id\":\"https:\\\/\\\/zauner.at\\\/impressum\\\/\",\"url\":\"https:\\\/\\\/zauner.at\\\/impressum\\\/\",\"name\":\"Zauner Impressum \u27a4 Alle Infos auf einen Blick\",\"isPartOf\":{\"@id\":\"https:\\\/\\\/zauner.at\\\/#website\"},\"datePublished\":\"2024-06-11T20:53:59+00:00\",\"dateModified\":\"2025-03-12T07:52:24+00:00\",\"description\":\"Zauner Impressum: Erfahren Sie hier alles \u00fcber unser Unternehmen, Kontaktinformationen und rechtliche Hinweise.\",\"breadcrumb\":{\"@id\":\"https:\\\/\\\/zauner.at\\\/impressum\\\/#breadcrumb\"},\"inLanguage\":\"cs\",\"potentialAction\":[{\"@type\":\"ReadAction\",\"target\":[\"https:\\\/\\\/zauner.at\\\/impressum\\\/\"]}]},{\"@type\":\"BreadcrumbList\",\"@id\":\"https:\\\/\\\/zauner.at\\\/impressum\\\/#breadcrumb\",\"itemListElement\":[{\"@type\":\"ListItem\",\"position\":1,\"name\":\"Startseite\",\"item\":\"https:\\\/\\\/zauner.at\\\/\"},{\"@type\":\"ListItem\",\"position\":2,\"name\":\"Impressum\"}]},{\"@type\":\"WebSite\",\"@id\":\"https:\\\/\\\/zauner.at\\\/#website\",\"url\":\"https:\\\/\\\/zauner.at\\\/\",\"name\":\"Konditorei Zauner\",\"description\":\"Konditorei\",\"publisher\":{\"@id\":\"https:\\\/\\\/zauner.at\\\/#organization\"},\"potentialAction\":[{\"@type\":\"SearchAction\",\"target\":{\"@type\":\"EntryPoint\",\"urlTemplate\":\"https:\\\/\\\/zauner.at\\\/?s={search_term_string}\"},\"query-input\":{\"@type\":\"PropertyValueSpecification\",\"valueRequired\":true,\"valueName\":\"search_term_string\"}}],\"inLanguage\":\"cs\"},{\"@type\":\"Organization\",\"@id\":\"https:\\\/\\\/zauner.at\\\/#organization\",\"name\":\"Konditorei Zauner\",\"url\":\"https:\\\/\\\/zauner.at\\\/\",\"logo\":{\"@type\":\"ImageObject\",\"inLanguage\":\"cs\",\"@id\":\"https:\\\/\\\/zauner.at\\\/#\\\/schema\\\/logo\\\/image\\\/\",\"url\":\"https:\\\/\\\/zauner.at\\\/wp-content\\\/uploads\\\/2025\\\/02\\\/zauner-logo.png\",\"contentUrl\":\"https:\\\/\\\/zauner.at\\\/wp-content\\\/uploads\\\/2025\\\/02\\\/zauner-logo.png\",\"width\":160,\"height\":142,\"caption\":\"Konditorei Zauner\"},\"image\":{\"@id\":\"https:\\\/\\\/zauner.at\\\/#\\\/schema\\\/logo\\\/image\\\/\"},\"sameAs\":[\"https:\\\/\\\/www.facebook.com\\\/p\\\/Konditorei-Kaffee-Zauner-Bad-Ischl-100057212599739\\\/\",\"https:\\\/\\\/www.instagram.com\\\/zaunerkaffeekonditorei\\\/\",\"https:\\\/\\\/at.linkedin.com\\\/company\\\/konditorei-kaffee-zauner?trk=public_profile_experience-group-header\"]},{\"@type\":\"Person\",\"@id\":\"https:\\\/\\\/zauner.at\\\/#\\\/schema\\\/person\\\/abbd7252a835235acd956facea714425\",\"name\":\"icke\",\"sameAs\":[\"https:\\\/\\\/example.com\"],\"url\":\"https:\\\/\\\/zauner.at\\\/cz\\\/author\\\/johndoe\\\/\"}]}<\/script>\n<!-- \/ Yoast SEO plugin. -->","yoast_head_json":{"title":"Zauner Impressum \u27a4 Alle Infos auf einen Blick","description":"Zauner Impressum: Erfahren Sie hier alles \u00fcber unser Unternehmen, Kontaktinformationen und rechtliche Hinweise.","robots":{"index":"index","follow":"follow","max-snippet":"max-snippet:-1","max-image-preview":"max-image-preview:large","max-video-preview":"max-video-preview:-1"},"canonical":"https:\/\/zauner.at\/cz\/impressum\/","og_locale":"cs_CZ","og_type":"article","og_title":"Zauner Impressum \u27a4 Alle Infos auf einen Blick","og_description":"Zauner Impressum: Erfahren Sie hier alles \u00fcber unser Unternehmen, Kontaktinformationen und rechtliche Hinweise.","og_url":"https:\/\/zauner.at\/cz\/impressum\/","og_site_name":"Zauner","article_publisher":"https:\/\/www.facebook.com\/p\/Konditorei-Kaffee-Zauner-Bad-Ischl-100057212599739\/","article_modified_time":"2025-03-12T07:52:24+00:00","og_image":[{"width":890,"height":591,"url":"https:\/\/zauner.at\/wp-content\/uploads\/2025\/01\/zauner-konditorei-cafe-hero-28424693_1591881217516353_6705677175667134588_o_web-890x590-1.jpg","type":"image\/jpeg"}],"twitter_card":"summary_large_image","twitter_misc":{"Odhadovan\u00e1 doba \u010dten\u00ed":"1 minuta"},"schema":{"@context":"https:\/\/schema.org","@graph":[{"@type":"Article","@id":"https:\/\/zauner.at\/impressum\/#article","isPartOf":{"@id":"https:\/\/zauner.at\/impressum\/"},"author":{"name":"icke","@id":"https:\/\/zauner.at\/#\/schema\/person\/abbd7252a835235acd956facea714425"},"headline":"Impressum","datePublished":"2024-06-11T20:53:59+00:00","dateModified":"2025-03-12T07:52:24+00:00","mainEntityOfPage":{"@id":"https:\/\/zauner.at\/impressum\/"},"wordCount":164,"publisher":{"@id":"https:\/\/zauner.at\/#organization"},"inLanguage":"cs"},{"@type":"WebPage","@id":"https:\/\/zauner.at\/impressum\/","url":"https:\/\/zauner.at\/impressum\/","name":"Zauner Impressum \u27a4 Alle Infos auf einen Blick","isPartOf":{"@id":"https:\/\/zauner.at\/#website"},"datePublished":"2024-06-11T20:53:59+00:00","dateModified":"2025-03-12T07:52:24+00:00","description":"Zauner Impressum: Erfahren Sie hier alles \u00fcber unser Unternehmen, Kontaktinformationen und rechtliche Hinweise.","breadcrumb":{"@id":"https:\/\/zauner.at\/impressum\/#breadcrumb"},"inLanguage":"cs","potentialAction":[{"@type":"ReadAction","target":["https:\/\/zauner.at\/impressum\/"]}]},{"@type":"BreadcrumbList","@id":"https:\/\/zauner.at\/impressum\/#breadcrumb","itemListElement":[{"@type":"ListItem","position":1,"name":"Startseite","item":"https:\/\/zauner.at\/"},{"@type":"ListItem","position":2,"name":"Impressum"}]},{"@type":"WebSite","@id":"https:\/\/zauner.at\/#website","url":"https:\/\/zauner.at\/","name":"Cukr\u00e1rna Zauner","description":"Cukrovinky","publisher":{"@id":"https:\/\/zauner.at\/#organization"},"potentialAction":[{"@type":"SearchAction","target":{"@type":"EntryPoint","urlTemplate":"https:\/\/zauner.at\/?s={search_term_string}"},"query-input":{"@type":"PropertyValueSpecification","valueRequired":true,"valueName":"search_term_string"}}],"inLanguage":"cs"},{"@type":"Organization","@id":"https:\/\/zauner.at\/#organization","name":"Cukr\u00e1rna Zauner","url":"https:\/\/zauner.at\/","logo":{"@type":"ImageObject","inLanguage":"cs","@id":"https:\/\/zauner.at\/#\/schema\/logo\/image\/","url":"https:\/\/zauner.at\/wp-content\/uploads\/2025\/02\/zauner-logo.png","contentUrl":"https:\/\/zauner.at\/wp-content\/uploads\/2025\/02\/zauner-logo.png","width":160,"height":142,"caption":"Konditorei Zauner"},"image":{"@id":"https:\/\/zauner.at\/#\/schema\/logo\/image\/"},"sameAs":["https:\/\/www.facebook.com\/p\/Konditorei-Kaffee-Zauner-Bad-Ischl-100057212599739\/","https:\/\/www.instagram.com\/zaunerkaffeekonditorei\/","https:\/\/at.linkedin.com\/company\/konditorei-kaffee-zauner?trk=public_profile_experience-group-header"]},{"@type":"Person","@id":"https:\/\/zauner.at\/#\/schema\/person\/abbd7252a835235acd956facea714425","name":"m\u011b","sameAs":["https:\/\/example.com"],"url":"https:\/\/zauner.at\/cz\/author\/johndoe\/"}]}},"_links":{"self":[{"href":"https:\/\/zauner.at\/cz\/wp-json\/wp\/v2\/pages\/140","targetHints":{"allow":["GET"]}}],"collection":[{"href":"https:\/\/zauner.at\/cz\/wp-json\/wp\/v2\/pages"}],"about":[{"href":"https:\/\/zauner.at\/cz\/wp-json\/wp\/v2\/types\/page"}],"author":[{"embeddable":true,"href":"https:\/\/zauner.at\/cz\/wp-json\/wp\/v2\/users\/1"}],"replies":[{"embeddable":true,"href":"https:\/\/zauner.at\/cz\/wp-json\/wp\/v2\/comments?post=140"}],"version-history":[{"count":22,"href":"https:\/\/zauner.at\/cz\/wp-json\/wp\/v2\/pages\/140\/revisions"}],"predecessor-version":[{"id":219000,"href":"https:\/\/zauner.at\/cz\/wp-json\/wp\/v2\/pages\/140\/revisions\/219000"}],"wp:attachment":[{"href":"https:\/\/zauner.at\/cz\/wp-json\/wp\/v2\/media?parent=140"}],"curies":[{"name":"wp","href":"https:\/\/api.w.org\/{rel}","templated":true}]}}